{"id":1857,"date":"2021-03-07T19:26:42","date_gmt":"2021-03-07T18:26:42","guid":{"rendered":"https:\/\/agora.xtec.cat\/ieselpalau\/?page_id=1857"},"modified":"2026-01-27T18:50:38","modified_gmt":"2026-01-27T17:50:38","slug":"titols","status":"publish","type":"page","link":"https:\/\/agora.xtec.cat\/ieselpalau\/secretaria\/titols\/","title":{"rendered":"T\u00edtols no universitaris"},"content":{"rendered":"<h3><strong>T\u00edtols anteriors al curs 2016-2017<\/strong><\/h3>\n<table style=\"border-collapse: collapse; width: 100%; height: 478px;\">\n<tbody>\n<tr style=\"height: 32px;\">\n<td style=\"width: 100%; height: 32px;\"><strong>Sol\u00b7licitud t\u00edtol<\/strong><\/td>\n<\/tr>\n<tr style=\"height: 198px;\">\n<td style=\"width: 100%; height: 198px;\">L\u2019alumnat que vulgui demanar un t\u00edtol ha d&#8217;omplir el document de sol\u00b7licitud i adjuntar una c\u00f2pia del DNI i enviar-ho al correu electr\u00f2nic de <a href=\"secretaria@institutelpalau.com\">secretaria<\/a><\/p>\n<p><a href=\"https:\/\/agora.xtec.cat\/ieselpalau\/wp-content\/uploads\/usu1081\/2021\/03\/3_1-Sol\u00b7licitud-t\u00edtol.pdf\" target=\"_blank\" rel=\"noopener noreferrer\">Full de sol\u00b7licitud del T\u00edtol<\/a><\/p>\n<p>Nosaltres us enviarem el resguard per anar a pagar a La Caixa i una vegada fet el pagament haureu de passar per la secretaria del centre per tal de que el validem i li posem el segell. \u00c9s IMPORTANT que passeu per la secretaria un cop pagat, sin\u00f3 no es podr\u00e0 finalitzar el tr\u00e0mit de sol\u00b7licitud.<\/p>\n<p>Pels alumnes de l\u2019ESO aquest tr\u00e0mit es gratu\u00eft (excepte els que demanin un duplicat).<\/td>\n<\/tr>\n<tr style=\"height: 32px;\">\n<td style=\"width: 100%; height: 32px;\"><strong>Recollida del T\u00edtol<\/strong><\/td>\n<\/tr>\n<tr style=\"height: 216px;\">\n<td style=\"width: 100%; height: 216px;\">Quan l\u2019alumnat rebi la notificaci\u00f3 per recollir el t\u00edtol s&#8217;ha de presentar a la secretaria del centre amb el resguard del t\u00edtol i el seu DNI\/NIE.<\/p>\n<p>En el cas que no pugui recollir-lo personalment, podr\u00e0 autoritzar a una altra persona, la qual, haur\u00e0 de presentar la seg\u00fcent documentaci\u00f3:<\/p>\n<p>&#8211; Fotoc\u00f2pia del DNI del sol\u00b7licitant del t\u00edtol.<\/p>\n<p>&#8211; Fotoc\u00f2pia del DNI de la persona autoritzada.<\/p>\n<p>&#8211; <a href=\"https:\/\/agora.xtec.cat\/ieselpalau\/wp-content\/uploads\/usu1081\/2021\/03\/3_2-Autoritzacio-per-recollir-un-titol.pdf\" target=\"_blank\" rel=\"noopener noreferrer\">Full de autoritzaci\u00f3 per recollir un t\u00edtol<\/a><\/td>\n<\/tr>\n<\/tbody>\n<\/table>\n<p>&nbsp;<\/p>\n<h3><strong>T\u00edtols a partir del curs 2016-2017 cap endavant<\/strong><\/h3>\n<table style=\"border-collapse: collapse; width: 100%;\">\n<tbody>\n<tr style=\"height: 32px;\">\n<td style=\"width: 100%; height: 32px;\"><strong>Sol\u00b7licitud t\u00edtol<\/strong><\/td>\n<\/tr>\n<tr>\n<td style=\"width: 100%;\">L\u2019alumnat que vulgui demanar un t\u00edtol ha de realitzar el tr\u00e0mit online per a la Sol\u00b7licitud de t\u00edtols a partir del curs 2016-2017:<\/p>\n<ul>\n<li><a href=\"https:\/\/tramits.gencat.cat\/ca\/tramits\/tramits-temes\/titols-academics-no-universitaris\">Enlla\u00e7 tr\u00e0mit online<\/a>.<\/li>\n<\/ul>\n<\/td>\n<\/tr>\n<tr>\n<td style=\"width: 100%;\"><strong>Requisits<\/strong><\/td>\n<\/tr>\n<tr>\n<td style=\"width: 100%;\"><span style=\"color: #000000;\">Tenir dret a l&#8217;expedici\u00f3 d&#8217;un dels t\u00edtols especificats, o tenir-ne un d&#8217;expedit, obtingut en un centre educatiu de Catalunya, ja sigui de forma presencial, a dist\u00e0ncia o a trav\u00e9s d&#8217;una prova lliure.<\/span><\/p>\n<p><span style=\"color: #000000;\">Important:<\/span><\/p>\n<ul>\n<li><span style=\"color: #000000;\">Si has finalitzat el batxillerat abans del curs 2016-2017, haur\u00e0s d&#8217;adre\u00e7ar-te al centre on vas finalitzar l&#8217;ensenyament.<\/span><\/li>\n<li><span style=\"color: #000000;\">Si el teu document d&#8217;identitat \u00e9s diferent al que tenies quan vas finalitzar els estudis, haur\u00e0s d&#8217;adre\u00e7ar-te al teu centre per tal que des de secretaria incorporin el teu nou document d&#8217;identitat al sistema. D&#8217;aquesta manera, quan accedeixis al tr\u00e0mit identificant-te amb el teu document d&#8217;identitat actual, podr\u00e0s visualitzar tot el que vas cursar amb el document d&#8217;identitat anterior.<\/span><\/li>\n<\/ul>\n<\/td>\n<\/tr>\n<\/tbody>\n<\/table>\n","protected":false},"excerpt":{"rendered":"<p>T\u00edtols anteriors al curs 2016-2017<\/p>\n<p>Sol\u00b7licitud t\u00edtol<\/p>\n<p>L\u2019alumnat que vulgui demanar un t\u00edtol ha d&#8217;omplir el document de sol\u00b7licitud i adjuntar una c\u00f2pia del DNI i enviar-ho al correu electr\u00f2nic de <a href=\"secretaria@institutelpalau.com\">secretaria<\/a><br \/>\n<a href=\"https:\/\/agora.xtec.cat\/ieselpalau\/wp-content\/uploads\/usu1081\/2021\/03\/3_1-Sol\u00b7licitud-t\u00edtol.pdf\" target=\"_blank\" rel=\"noopener noreferrer\">Full de sol\u00b7licitud del T\u00edtol<\/a><br \/>\nNosaltres us enviarem el resguard per anar&hellip;  <a href=\"https:\/\/agora.xtec.cat\/ieselpalau\/secretaria\/titols\/\" title=\"Read T\u00edtols no universitaris\">Llegeix m\u00e9s\u00bb<\/a><\/p>\n","protected":false},"author":1,"featured_media":0,"parent":1848,"menu_order":20,"comment_status":"closed","ping_status":"closed","template":"page-templates\/side-menu.php","meta":{"_bbp_topic_count":0,"_bbp_reply_count":0,"_bbp_total_topic_count":0,"_bbp_total_reply_count":0,"_bbp_voice_count":0,"_bbp_anonymous_reply_count":0,"_bbp_topic_count_hidden":0,"_bbp_reply_count_hidden":0,"_bbp_forum_subforum_count":0,"footnotes":""},"class_list":["post-1857","page","type-page","status-publish","hentry"],"post_mailing_queue_ids":[],"_links":{"self":[{"href":"https:\/\/agora.xtec.cat\/ieselpalau\/wp-json\/wp\/v2\/pages\/1857","targetHints":{"allow":["GET"]}}],"collection":[{"href":"https:\/\/agora.xtec.cat\/ieselpalau\/wp-json\/wp\/v2\/pages"}],"about":[{"href":"https:\/\/agora.xtec.cat\/ieselpalau\/wp-json\/wp\/v2\/types\/page"}],"author":[{"embeddable":true,"href":"https:\/\/agora.xtec.cat\/ieselpalau\/wp-json\/wp\/v2\/users\/1"}],"replies":[{"embeddable":true,"href":"https:\/\/agora.xtec.cat\/ieselpalau\/wp-json\/wp\/v2\/comments?post=1857"}],"version-history":[{"count":4,"href":"https:\/\/agora.xtec.cat\/ieselpalau\/wp-json\/wp\/v2\/pages\/1857\/revisions"}],"predecessor-version":[{"id":5355,"href":"https:\/\/agora.xtec.cat\/ieselpalau\/wp-json\/wp\/v2\/pages\/1857\/revisions\/5355"}],"up":[{"embeddable":true,"href":"https:\/\/agora.xtec.cat\/ieselpalau\/wp-json\/wp\/v2\/pages\/1848"}],"wp:attachment":[{"href":"https:\/\/agora.xtec.cat\/ieselpalau\/wp-json\/wp\/v2\/media?parent=1857"}],"curies":[{"name":"wp","href":"https:\/\/api.w.org\/{rel}","templated":true}]}}