{"id":1852,"date":"2021-03-07T18:41:56","date_gmt":"2021-03-07T17:41:56","guid":{"rendered":"https:\/\/agora.xtec.cat\/ieselpalau\/?page_id=1852"},"modified":"2021-03-07T18:41:56","modified_gmt":"2021-03-07T17:41:56","slug":"autoritzacions","status":"publish","type":"page","link":"https:\/\/agora.xtec.cat\/ieselpalau\/secretaria\/autoritzacions\/","title":{"rendered":"Autoritzacions"},"content":{"rendered":"<ul>\n<li><strong><em>Autoritzacions<\/em><\/strong><\/li>\n<\/ul>\n<p><a href=\"https:\/\/agora.xtec.cat\/ieselpalau\/wp-content\/uploads\/usu1081\/2021\/03\/2_1-Autoritzacio-Sortides-poble-ISO.pdf\" target=\"_blank\" rel=\"noopener noreferrer\">Autoritzacio Sortides<\/a><\/p>\n<p><a href=\"https:\/\/agora.xtec.cat\/ieselpalau\/wp-content\/uploads\/usu1081\/2021\/03\/2_2-Autoritzacio-Imatge-logo-ISO.pdf\" target=\"_blank\" rel=\"noopener noreferrer\">Autoritzacio Imatge<\/a><\/p>\n<p><a href=\"https:\/\/agora.xtec.cat\/ieselpalau\/wp-content\/uploads\/usu1081\/2021\/03\/2_3-Autoritzaci\u00f3-comunicaci\u00f3-amb-les-fam\u00edlies.pdf\" target=\"_blank\" rel=\"noopener noreferrer\">Autoritzaci\u00f3 comunicaci\u00f3 amb les fam\u00edlies<\/a><\/p>\n","protected":false},"excerpt":{"rendered":"<ul>\n<li>Autoritzacions<\/li>\n<\/ul>\n<p><a href=\"https:\/\/agora.xtec.cat\/ieselpalau\/wp-content\/uploads\/usu1081\/2021\/03\/2_1-Autoritzacio-Sortides-poble-ISO.pdf\" target=\"_blank\" rel=\"noopener noreferrer\">Autoritzacio Sortides<\/a><br \/>\n<a href=\"https:\/\/agora.xtec.cat\/ieselpalau\/wp-content\/uploads\/usu1081\/2021\/03\/2_2-Autoritzacio-Imatge-logo-ISO.pdf\" target=\"_blank\" rel=\"noopener noreferrer\">Autoritzacio Imatge<\/a><br \/>\n<a href=\"https:\/\/agora.xtec.cat\/ieselpalau\/wp-content\/uploads\/usu1081\/2021\/03\/2_3-Autoritzaci\u00f3-comunicaci\u00f3-amb-les-fam\u00edlies.pdf\" target=\"_blank\" rel=\"noopener noreferrer\">Autoritzaci\u00f3 comunicaci\u00f3 amb les fam\u00edlies<\/a><\/p>\n","protected":false},"author":1,"featured_media":0,"parent":1848,"menu_order":10,"comment_status":"closed","ping_status":"closed","template":"page-templates\/side-menu.php","meta":{"_bbp_topic_count":0,"_bbp_reply_count":0,"_bbp_total_topic_count":0,"_bbp_total_reply_count":0,"_bbp_voice_count":0,"_bbp_anonymous_reply_count":0,"_bbp_topic_count_hidden":0,"_bbp_reply_count_hidden":0,"_bbp_forum_subforum_count":0,"footnotes":""},"class_list":["post-1852","page","type-page","status-publish","hentry"],"post_mailing_queue_ids":[],"_links":{"self":[{"href":"https:\/\/agora.xtec.cat\/ieselpalau\/wp-json\/wp\/v2\/pages\/1852","targetHints":{"allow":["GET"]}}],"collection":[{"href":"https:\/\/agora.xtec.cat\/ieselpalau\/wp-json\/wp\/v2\/pages"}],"about":[{"href":"https:\/\/agora.xtec.cat\/ieselpalau\/wp-json\/wp\/v2\/types\/page"}],"author":[{"embeddable":true,"href":"https:\/\/agora.xtec.cat\/ieselpalau\/wp-json\/wp\/v2\/users\/1"}],"replies":[{"embeddable":true,"href":"https:\/\/agora.xtec.cat\/ieselpalau\/wp-json\/wp\/v2\/comments?post=1852"}],"version-history":[{"count":2,"href":"https:\/\/agora.xtec.cat\/ieselpalau\/wp-json\/wp\/v2\/pages\/1852\/revisions"}],"predecessor-version":[{"id":1854,"href":"https:\/\/agora.xtec.cat\/ieselpalau\/wp-json\/wp\/v2\/pages\/1852\/revisions\/1854"}],"up":[{"embeddable":true,"href":"https:\/\/agora.xtec.cat\/ieselpalau\/wp-json\/wp\/v2\/pages\/1848"}],"wp:attachment":[{"href":"https:\/\/agora.xtec.cat\/ieselpalau\/wp-json\/wp\/v2\/media?parent=1852"}],"curies":[{"name":"wp","href":"https:\/\/api.w.org\/{rel}","templated":true}]}}