{"id":81,"date":"2014-09-18T10:38:05","date_gmt":"2014-09-18T10:38:05","guid":{"rendered":"http:\/\/agora.xtec.cat\/ieselfoix\/?page_id=81"},"modified":"2025-12-05T20:54:33","modified_gmt":"2025-12-05T19:54:33","slug":"secretaria","status":"publish","type":"page","link":"https:\/\/agora.xtec.cat\/ieselfoix\/linstitut\/secretaria\/","title":{"rendered":"Secretaria"},"content":{"rendered":"<h5 style=\"text-align: justify;\">Institut El Foix<\/h5>\n<p>c\/ M\u00aa Aur\u00e8lia Capmany, 6-8<br \/>\n08730 Santa Margarida i els Monjos<br \/>\n93 898 33 60<br \/>\n<a href=\"mailto:a8053091@xtec.cat\">a8053091<span class=\"\"><span class=\"\">@xtec.ca<\/span><\/span>t<\/a><\/p>\n<h5 style=\"text-align: justify;\">Horari d&#8217;atenci\u00f3<\/h5>\n<p><strong>matins<\/strong>: de dilluns a divendres de 9h a 14h<br \/>\n<strong>tardes<\/strong>: dimarts i dimecres de 16h a 17h<\/p>\n<h5 style=\"text-align: justify;\">Consultes<\/h5>\n<ul>\n<li>Horari d&#8217;atenci\u00f3<\/li>\n<li>Tr\u00e0mits (sol\u00b7licitud de certificats,&#8230;)<\/li>\n<li>Preinscripci\u00f3 i Matr\u00edcula<\/li>\n<li>Documents (autoritzaci\u00f3 de sortides, \u00fas de serveis digitals, etc.)<\/li>\n<li>Beques i ajuts<\/li>\n<li>Proves d&#8217;acc\u00e9s als cicles formatius<\/li>\n<li>Etc.<\/li>\n<\/ul>\n","protected":false},"excerpt":{"rendered":"<p>Institut El Foix c\/ M\u00aa Aur\u00e8lia Capmany, 6-8 08730 Santa Margarida i els Monjos 93 898 33 60 a8053091@xtec.cat Horari d&#8217;atenci\u00f3 matins: de dilluns a divendres de 9h a 14h tardes: dimarts i dimecres de 16h a 17h Consultes Horari d&#8217;atenci\u00f3 Tr\u00e0mits (sol\u00b7licitud de certificats,&#8230;) Preinscripci\u00f3 i Matr\u00edcula Documents (autoritzaci\u00f3 de sortides, \u00fas de serveis [&hellip;]<\/p>\n","protected":false},"author":1,"featured_media":0,"parent":19,"menu_order":95,"comment_status":"closed","ping_status":"closed","template":"","meta":{"_bbp_topic_count":0,"_bbp_reply_count":0,"_bbp_total_topic_count":0,"_bbp_total_reply_count":0,"_bbp_voice_count":0,"_bbp_anonymous_reply_count":0,"_bbp_topic_count_hidden":0,"_bbp_reply_count_hidden":0,"_bbp_forum_subforum_count":0,"site-sidebar-layout":"default","site-content-layout":"","ast-site-content-layout":"default","site-content-style":"default","site-sidebar-style":"default","ast-global-header-display":"","ast-banner-title-visibility":"","ast-main-header-display":"","ast-hfb-above-header-display":"","ast-hfb-below-header-display":"","ast-hfb-mobile-header-display":"","site-post-title":"","ast-breadcrumbs-content":"","ast-featured-img":"","footer-sml-layout":"","theme-transparent-header-meta":"","adv-header-id-meta":"","stick-header-meta":"","header-above-stick-meta":"","header-main-stick-meta":"","header-below-stick-meta":"","astra-migrate-meta-layouts":"set","ast-page-background-enabled":"default","ast-page-background-meta":{"desktop":{"background-color":"var(--ast-global-color-4)","background-image":"","background-repeat":"repeat","background-position":"center center","background-size":"auto","background-attachment":"scroll","background-type":"","background-media":"","overlay-type":"","overlay-color":"","overlay-opacity":"","overlay-gradient":""},"tablet":{"background-color":"","background-image":"","background-repeat":"repeat","background-position":"center center","background-size":"auto","background-attachment":"scroll","background-type":"","background-media":"","overlay-type":"","overlay-color":"","overlay-opacity":"","overlay-gradient":""},"mobile":{"background-color":"","background-image":"","background-repeat":"repeat","background-position":"center center","background-size":"auto","background-attachment":"scroll","background-type":"","background-media":"","overlay-type":"","overlay-color":"","overlay-opacity":"","overlay-gradient":""}},"ast-content-background-meta":{"desktop":{"background-color":"var(--ast-global-color-5)","background-image":"","background-repeat":"repeat","background-position":"center center","background-size":"auto","background-attachment":"scroll","background-type":"","background-media":"","overlay-type":"","overlay-color":"","overlay-opacity":"","overlay-gradient":""},"tablet":{"background-color":"var(--ast-global-color-5)","background-image":"","background-repeat":"repeat","background-position":"center center","background-size":"auto","background-attachment":"scroll","background-type":"","background-media":"","overlay-type":"","overlay-color":"","overlay-opacity":"","overlay-gradient":""},"mobile":{"background-color":"var(--ast-global-color-5)","background-image":"","background-repeat":"repeat","background-position":"center center","background-size":"auto","background-attachment":"scroll","background-type":"","background-media":"","overlay-type":"","overlay-color":"","overlay-opacity":"","overlay-gradient":""}},"footnotes":""},"class_list":["post-81","page","type-page","status-publish","hentry"],"post_mailing_queue_ids":[],"_links":{"self":[{"href":"https:\/\/agora.xtec.cat\/ieselfoix\/wp-json\/wp\/v2\/pages\/81","targetHints":{"allow":["GET"]}}],"collection":[{"href":"https:\/\/agora.xtec.cat\/ieselfoix\/wp-json\/wp\/v2\/pages"}],"about":[{"href":"https:\/\/agora.xtec.cat\/ieselfoix\/wp-json\/wp\/v2\/types\/page"}],"author":[{"embeddable":true,"href":"https:\/\/agora.xtec.cat\/ieselfoix\/wp-json\/wp\/v2\/users\/1"}],"replies":[{"embeddable":true,"href":"https:\/\/agora.xtec.cat\/ieselfoix\/wp-json\/wp\/v2\/comments?post=81"}],"version-history":[{"count":6,"href":"https:\/\/agora.xtec.cat\/ieselfoix\/wp-json\/wp\/v2\/pages\/81\/revisions"}],"predecessor-version":[{"id":5809,"href":"https:\/\/agora.xtec.cat\/ieselfoix\/wp-json\/wp\/v2\/pages\/81\/revisions\/5809"}],"up":[{"embeddable":true,"href":"https:\/\/agora.xtec.cat\/ieselfoix\/wp-json\/wp\/v2\/pages\/19"}],"wp:attachment":[{"href":"https:\/\/agora.xtec.cat\/ieselfoix\/wp-json\/wp\/v2\/media?parent=81"}],"curies":[{"name":"wp","href":"https:\/\/api.w.org\/{rel}","templated":true}]}}