{"id":754,"date":"2018-05-26T14:00:30","date_gmt":"2018-05-26T12:00:30","guid":{"rendered":"http:\/\/agora.xtec.cat\/ieselfoix\/?page_id=754"},"modified":"2026-02-04T20:03:54","modified_gmt":"2026-02-04T19:03:54","slug":"llibres-de-text","status":"publish","type":"page","link":"https:\/\/agora.xtec.cat\/ieselfoix\/departaments\/llibres-de-text\/","title":{"rendered":"Llibres de text"},"content":{"rendered":"<h4><strong>Llibres i lectures obligat\u00f2ries. Curs 25 &#8211; 26<\/strong><\/h4>\n<p><span style=\"color: #444444;\"><span style=\"font-family: Calibri, sans-serif;\">Els llibres i lectures obligat\u00f2ries del proper curs es poden comprar a llibreries, internet o mitjan\u00e7ant l\u00b4empresa IDDINK:<\/span><\/span><\/p>\n<h4><strong>1r ESO (Ordinari &#8211; PIM &#8211; Suport)<\/strong><\/h4>\n<ul>\n<li>Ordinari<\/li>\n<\/ul>\n<p><iframe loading=\"lazy\" src=\"https:\/\/drive.google.com\/file\/d\/112RzFx1dSNbp8nByfh7Cv27xhveiZXG1\/preview\" width=\"640\" height=\"480\"><\/iframe><\/p>\n<ul>\n<li>PIM<\/li>\n<\/ul>\n<p><iframe loading=\"lazy\" src=\"https:\/\/drive.google.com\/file\/d\/1F6XWwy9XvWVd7Ndi8IkM67Sy9kE94j67\/preview\" width=\"640\" height=\"480\"><\/iframe><\/p>\n<ul>\n<li>Suport<\/li>\n<\/ul>\n<p><iframe loading=\"lazy\" src=\"https:\/\/drive.google.com\/file\/d\/1fAsrQA0DgfKWKtiCcFGVAxLIEdsBSdkN\/preview\" width=\"640\" height=\"480\"><\/iframe><\/p>\n<h4><strong>2n ESO (Ordinari &#8211; PIM &#8211; Suport)<\/strong><\/h4>\n<ul>\n<li>Ordinari<\/li>\n<\/ul>\n<p><iframe loading=\"lazy\" src=\"https:\/\/drive.google.com\/file\/d\/1H1jBFqnsmX5ZqvydLzaqymE4AQzWBaip\/preview\" width=\"640\" height=\"480\"><\/iframe><\/p>\n<ul>\n<li>PIM<\/li>\n<\/ul>\n<p><iframe loading=\"lazy\" src=\"https:\/\/drive.google.com\/file\/d\/1lYKmo-bmVQhiE6VmGTtxST9k_frTByzx\/preview\" width=\"640\" height=\"480\"><\/iframe><\/p>\n<ul>\n<li>Suport<\/li>\n<\/ul>\n<p><iframe loading=\"lazy\" src=\"https:\/\/drive.google.com\/file\/d\/19diyanRzZs_yz859AVOgSGv3hg24s1F4\/preview\" width=\"640\" height=\"480\"><\/iframe><\/p>\n<h4><strong>3r ESO (Ordinari &#8211; Projectes)<\/strong><\/h4>\n<ul>\n<li>Ordinari<\/li>\n<\/ul>\n<p><iframe loading=\"lazy\" src=\"https:\/\/drive.google.com\/file\/d\/1xx6yKa3fyyLayS0FXuVmXjxLfnPWuBSn\/preview\" width=\"640\" height=\"480\"><\/iframe><\/p>\n<ul>\n<li>Projectes<\/li>\n<\/ul>\n<p><iframe loading=\"lazy\" src=\"https:\/\/drive.google.com\/file\/d\/1XT_dhH0HdOaTZrQ15Ah_dM3bb0uoj09O\/preview\" width=\"640\" height=\"480\"><\/iframe><\/p>\n<h4><strong>4t ESO (Ordinari &#8211; FIL)<\/strong><\/h4>\n<ul>\n<li>Ordinari<\/li>\n<\/ul>\n<p><iframe loading=\"lazy\" src=\"https:\/\/drive.google.com\/file\/d\/14FPISDBNCLYzydIQgUTTeA8fTtcG1pSk\/preview\" width=\"640\" height=\"480\"><\/iframe><\/p>\n<ul>\n<li>FIL<\/li>\n<\/ul>\n<p><iframe loading=\"lazy\" src=\"https:\/\/drive.google.com\/file\/d\/1azSNsk7Lzwqr-OWf24hntSQw-bdUEVke\/preview\" width=\"640\" height=\"480\"><\/iframe><\/p>\n<h4><strong>Batxillerat<\/strong><\/h4>\n<ul>\n<li>1r Bat<\/li>\n<\/ul>\n<p><iframe loading=\"lazy\" src=\"https:\/\/drive.google.com\/file\/d\/1srRzcZ8A4Q43QcJ-B_Gsuwy2Qpgw0Y9Q\/preview\" width=\"640\" height=\"480\"><\/iframe><\/p>\n<ul>\n<li>2n Bat<\/li>\n<\/ul>\n<p><iframe loading=\"lazy\" src=\"https:\/\/drive.google.com\/file\/d\/1xiUB-pT_IXozX0GhukkkC_sGAItmvSkV\/preview\" width=\"640\" height=\"480\"><\/iframe><\/p>\n<ul>\n<li style=\"list-style-type: none;\">\n<ul>\n<li>\n<h4><a href=\"https:\/\/agora.xtec.cat\/ieselfoix\/serveis\/ecobooks-by-iddinkecobooks\/\"><strong>Sobre ecobooks by Iddink<\/strong><\/a><\/h4>\n<\/li>\n<\/ul>\n<\/li>\n<\/ul>\n","protected":false},"excerpt":{"rendered":"<p>Llibres i lectures obligat\u00f2ries. Curs 25 &#8211; 26 Els llibres i lectures obligat\u00f2ries del proper curs es poden comprar a llibreries, internet o mitjan\u00e7ant l\u00b4empresa IDDINK: 1r ESO (Ordinari &#8211; PIM &#8211; Suport) Ordinari PIM Suport 2n ESO (Ordinari &#8211; PIM &#8211; Suport) Ordinari PIM Suport 3r ESO (Ordinari &#8211; Projectes) Ordinari Projectes 4t ESO [&hellip;]<\/p>\n","protected":false},"author":5,"featured_media":0,"parent":492,"menu_order":30,"comment_status":"closed","ping_status":"closed","template":"","meta":{"_bbp_topic_count":0,"_bbp_reply_count":0,"_bbp_total_topic_count":0,"_bbp_total_reply_count":0,"_bbp_voice_count":0,"_bbp_anonymous_reply_count":0,"_bbp_topic_count_hidden":0,"_bbp_reply_count_hidden":0,"_bbp_forum_subforum_count":0,"site-sidebar-layout":"default","site-content-layout":"","ast-site-content-layout":"default","site-content-style":"default","site-sidebar-style":"default","ast-global-header-display":"","ast-banner-title-visibility":"","ast-main-header-display":"","ast-hfb-above-header-display":"","ast-hfb-below-header-display":"","ast-hfb-mobile-header-display":"","site-post-title":"","ast-breadcrumbs-content":"","ast-featured-img":"","footer-sml-layout":"","theme-transparent-header-meta":"","adv-header-id-meta":"","stick-header-meta":"","header-above-stick-meta":"","header-main-stick-meta":"","header-below-stick-meta":"","astra-migrate-meta-layouts":"set","ast-page-background-enabled":"default","ast-page-background-meta":{"desktop":{"background-color":"var(--ast-global-color-4)","background-image":"","background-repeat":"repeat","background-position":"center center","background-size":"auto","background-attachment":"scroll","background-type":"","background-media":"","overlay-type":"","overlay-color":"","overlay-opacity":"","overlay-gradient":""},"tablet":{"background-color":"","background-image":"","background-repeat":"repeat","background-position":"center center","background-size":"auto","background-attachment":"scroll","background-type":"","background-media":"","overlay-type":"","overlay-color":"","overlay-opacity":"","overlay-gradient":""},"mobile":{"background-color":"","background-image":"","background-repeat":"repeat","background-position":"center center","background-size":"auto","background-attachment":"scroll","background-type":"","background-media":"","overlay-type":"","overlay-color":"","overlay-opacity":"","overlay-gradient":""}},"ast-content-background-meta":{"desktop":{"background-color":"var(--ast-global-color-5)","background-image":"","background-repeat":"repeat","background-position":"center center","background-size":"auto","background-attachment":"scroll","background-type":"","background-media":"","overlay-type":"","overlay-color":"","overlay-opacity":"","overlay-gradient":""},"tablet":{"background-color":"var(--ast-global-color-5)","background-image":"","background-repeat":"repeat","background-position":"center center","background-size":"auto","background-attachment":"scroll","background-type":"","background-media":"","overlay-type":"","overlay-color":"","overlay-opacity":"","overlay-gradient":""},"mobile":{"background-color":"var(--ast-global-color-5)","background-image":"","background-repeat":"repeat","background-position":"center center","background-size":"auto","background-attachment":"scroll","background-type":"","background-media":"","overlay-type":"","overlay-color":"","overlay-opacity":"","overlay-gradient":""}},"footnotes":""},"class_list":["post-754","page","type-page","status-publish","hentry"],"post_mailing_queue_ids":[],"_links":{"self":[{"href":"https:\/\/agora.xtec.cat\/ieselfoix\/wp-json\/wp\/v2\/pages\/754","targetHints":{"allow":["GET"]}}],"collection":[{"href":"https:\/\/agora.xtec.cat\/ieselfoix\/wp-json\/wp\/v2\/pages"}],"about":[{"href":"https:\/\/agora.xtec.cat\/ieselfoix\/wp-json\/wp\/v2\/types\/page"}],"author":[{"embeddable":true,"href":"https:\/\/agora.xtec.cat\/ieselfoix\/wp-json\/wp\/v2\/users\/5"}],"replies":[{"embeddable":true,"href":"https:\/\/agora.xtec.cat\/ieselfoix\/wp-json\/wp\/v2\/comments?post=754"}],"version-history":[{"count":7,"href":"https:\/\/agora.xtec.cat\/ieselfoix\/wp-json\/wp\/v2\/pages\/754\/revisions"}],"predecessor-version":[{"id":6026,"href":"https:\/\/agora.xtec.cat\/ieselfoix\/wp-json\/wp\/v2\/pages\/754\/revisions\/6026"}],"up":[{"embeddable":true,"href":"https:\/\/agora.xtec.cat\/ieselfoix\/wp-json\/wp\/v2\/pages\/492"}],"wp:attachment":[{"href":"https:\/\/agora.xtec.cat\/ieselfoix\/wp-json\/wp\/v2\/media?parent=754"}],"curies":[{"name":"wp","href":"https:\/\/api.w.org\/{rel}","templated":true}]}}