{"id":6360,"date":"2026-04-10T10:22:06","date_gmt":"2026-04-10T08:22:06","guid":{"rendered":"https:\/\/agora.xtec.cat\/ieselfoix\/?page_id=6360"},"modified":"2026-04-15T14:05:08","modified_gmt":"2026-04-15T12:05:08","slug":"batxillerat-preinscipcio-i-matricula","status":"publish","type":"page","link":"https:\/\/agora.xtec.cat\/ieselfoix\/estudis\/batxillerat-preinscipcio-i-matricula\/","title":{"rendered":"Batxillerat: Preinscipci\u00f3 i matr\u00edcula"},"content":{"rendered":"\n<h2 class=\"wp-block-heading\"><strong>Curs 2026 &#8211; 2027<\/strong><\/h2>\n\n\n\n<p>Per una informaci\u00f3 m\u00e9s detallada us podeu adre\u00e7ar a les p\u00e0gines <a href=\"https:\/\/preinscripcio.gencat.cat\/ca\/estudis\/batxillerat\/inici\/\" data-type=\"link\" data-id=\"https:\/\/preinscripcio.gencat.cat\/ca\/estudis\/eso\/inici\/\" target=\"_blank\" rel=\"noreferrer noopener\">PREINSCRIPCI\u00d3<\/a> i <a href=\"https:\/\/mapaescolar.gencat.cat\/\" target=\"_blank\" rel=\"noreferrer noopener\">Mapa Escolar<\/a><\/p>\n\n\n\n<p><\/p>\n\n\n\n<h4 class=\"wp-block-heading\">El proc\u00e9s de preinscripci\u00f3 i matr\u00edcula:<\/h4>\n\n\n\n<div class=\"wp-block-getwid-table\"><table><thead><tr><th style=\"text-align:center;vertical-align:middle;background-color:#ffe7d4\">Fases de preinscripci\u00f3<\/th><th style=\"text-align:center;vertical-align:middle;background-color:#ffe7d4;border-color:#000\">Dates<\/th><th style=\"text-align:center;vertical-align:middle;background-color:#ffe7d4\">Dades<\/th><\/tr><\/thead><tbody><tr><td>Oferta provisional de places<\/td><td>8 d&#8217;abril<\/td><td style=\"background-color:#d8deba;color:var(--ast-global-color-4);border-color:#000\"><strong>Places:<\/strong><br>Batxillerat: 0 places<\/td><\/tr><tr><td>Termini de preinscripci\u00f3 (telem\u00e0tica):<\/td><td>9 al 16 abril<\/td><td>Seguir els tr\u00e0mits que s&#8217;indiquen <a href=\"https:\/\/preinscripcio.gencat.cat\/ca\/estudis\/batxillerat\/preinscriute\/sollicitud\/\" data-type=\"link\" data-id=\"https:\/\/preinscripcio.gencat.cat\/ca\/estudis\/eso\/preinscriute\/sollicitud\/\" target=\"_blank\" rel=\"noreferrer noopener\">Aqu\u00ed<\/a>.<\/td><\/tr><\/tbody><\/table><\/div>\n\n\n\n<p class=\"has-small-font-size\">&nbsp;<\/p>\n\n\n\n<h4 class=\"wp-block-heading\">Document amb la informaci\u00f3 per la preinscripci\u00f3:<\/h4>\n\n\n\n<div data-wp-interactive=\"core\/file\" class=\"wp-block-file\"><object data-wp-bind--hidden=\"!state.hasPdfPreview\" hidden class=\"wp-block-file__embed\" data=\"https:\/\/agora.xtec.cat\/ieselfoix\/wp-content\/uploads\/usu1158\/2026\/04\/Informacio-preinscripcio-BATX-2026-27.pdf\" type=\"application\/pdf\" style=\"width:100%;height:600px\" aria-label=\"Incrustaci\u00f3 del fitxer Informaci\u00f3 preinscripci\u00f3 BATX 2026-27.\"><\/object><a id=\"wp-block-file--media-21a04ec3-0286-4528-8e53-119951519a7f\" href=\"https:\/\/agora.xtec.cat\/ieselfoix\/wp-content\/uploads\/usu1158\/2026\/04\/Informacio-preinscripcio-BATX-2026-27.pdf\">Informaci\u00f3 preinscripci\u00f3 BATX 2026-27<\/a><a href=\"https:\/\/agora.xtec.cat\/ieselfoix\/wp-content\/uploads\/usu1158\/2026\/04\/Informacio-preinscripcio-BATX-2026-27.pdf\" class=\"wp-block-file__button wp-element-button\" download aria-describedby=\"wp-block-file--media-21a04ec3-0286-4528-8e53-119951519a7f\">Baixa<\/a><\/div>\n","protected":false},"excerpt":{"rendered":"<p>Curs 2026 &#8211; 2027 Per una informaci\u00f3 m\u00e9s detallada us podeu adre\u00e7ar a les p\u00e0gines PREINSCRIPCI\u00d3 i Mapa Escolar El proc\u00e9s de preinscripci\u00f3 i matr\u00edcula: &nbsp; Document amb la informaci\u00f3 per la preinscripci\u00f3:<\/p>\n","protected":false},"author":16,"featured_media":0,"parent":195,"menu_order":0,"comment_status":"closed","ping_status":"close","template":"","meta":{"_bbp_topic_count":0,"_bbp_reply_count":0,"_bbp_total_topic_count":0,"_bbp_total_reply_count":0,"_bbp_voice_count":0,"_bbp_anonymous_reply_count":0,"_bbp_topic_count_hidden":0,"_bbp_reply_count_hidden":0,"_bbp_forum_subforum_count":0,"site-sidebar-layout":"default","site-content-layout":"","ast-site-content-layout":"default","site-content-style":"default","site-sidebar-style":"default","ast-global-header-display":"","ast-banner-title-visibility":"","ast-main-header-display":"","ast-hfb-above-header-display":"","ast-hfb-below-header-display":"","ast-hfb-mobile-header-display":"","site-post-title":"","ast-breadcrumbs-content":"","ast-featured-img":"","footer-sml-layout":"","theme-transparent-header-meta":"","adv-header-id-meta":"","stick-header-meta":"","header-above-stick-meta":"","header-main-stick-meta":"","header-below-stick-meta":"","astra-migrate-meta-layouts":"set","ast-page-background-enabled":"default","ast-page-background-meta":{"desktop":{"background-color":"var(--ast-global-color-4)","background-image":"","background-repeat":"repeat","background-position":"center center","background-size":"auto","background-attachment":"scroll","background-type":"","background-media":"","overlay-type":"","overlay-color":"","overlay-opacity":"","overlay-gradient":""},"tablet":{"background-color":"","background-image":"","background-repeat":"repeat","background-position":"center center","background-size":"auto","background-attachment":"scroll","background-type":"","background-media":"","overlay-type":"","overlay-color":"","overlay-opacity":"","overlay-gradient":""},"mobile":{"background-color":"","background-image":"","background-repeat":"repeat","background-position":"center center","background-size":"auto","background-attachment":"scroll","background-type":"","background-media":"","overlay-type":"","overlay-color":"","overlay-opacity":"","overlay-gradient":""}},"ast-content-background-meta":{"desktop":{"background-color":"var(--ast-global-color-5)","background-image":"","background-repeat":"repeat","background-position":"center center","background-size":"auto","background-attachment":"scroll","background-type":"","background-media":"","overlay-type":"","overlay-color":"","overlay-opacity":"","overlay-gradient":""},"tablet":{"background-color":"var(--ast-global-color-5)","background-image":"","background-repeat":"repeat","background-position":"center center","background-size":"auto","background-attachment":"scroll","background-type":"","background-media":"","overlay-type":"","overlay-color":"","overlay-opacity":"","overlay-gradient":""},"mobile":{"background-color":"var(--ast-global-color-5)","background-image":"","background-repeat":"repeat","background-position":"center center","background-size":"auto","background-attachment":"scroll","background-type":"","background-media":"","overlay-type":"","overlay-color":"","overlay-opacity":"","overlay-gradient":""}},"footnotes":""},"class_list":["post-6360","page","type-page","status-publish","hentry"],"post_mailing_queue_ids":[],"_links":{"self":[{"href":"https:\/\/agora.xtec.cat\/ieselfoix\/wp-json\/wp\/v2\/pages\/6360","targetHints":{"allow":["GET"]}}],"collection":[{"href":"https:\/\/agora.xtec.cat\/ieselfoix\/wp-json\/wp\/v2\/pages"}],"about":[{"href":"https:\/\/agora.xtec.cat\/ieselfoix\/wp-json\/wp\/v2\/types\/page"}],"author":[{"embeddable":true,"href":"https:\/\/agora.xtec.cat\/ieselfoix\/wp-json\/wp\/v2\/users\/16"}],"replies":[{"embeddable":true,"href":"https:\/\/agora.xtec.cat\/ieselfoix\/wp-json\/wp\/v2\/comments?post=6360"}],"version-history":[{"count":6,"href":"https:\/\/agora.xtec.cat\/ieselfoix\/wp-json\/wp\/v2\/pages\/6360\/revisions"}],"predecessor-version":[{"id":6372,"href":"https:\/\/agora.xtec.cat\/ieselfoix\/wp-json\/wp\/v2\/pages\/6360\/revisions\/6372"}],"up":[{"embeddable":true,"href":"https:\/\/agora.xtec.cat\/ieselfoix\/wp-json\/wp\/v2\/pages\/195"}],"wp:attachment":[{"href":"https:\/\/agora.xtec.cat\/ieselfoix\/wp-json\/wp\/v2\/media?parent=6360"}],"curies":[{"name":"wp","href":"https:\/\/api.w.org\/{rel}","templated":true}]}}