{"id":6165,"date":"2026-03-04T13:30:40","date_gmt":"2026-03-04T12:30:40","guid":{"rendered":"https:\/\/agora.xtec.cat\/ieselfoix\/?page_id=6165"},"modified":"2026-03-16T13:53:17","modified_gmt":"2026-03-16T12:53:17","slug":"erasmus","status":"publish","type":"page","link":"https:\/\/agora.xtec.cat\/ieselfoix\/erasmus\/","title":{"rendered":"Erasmus+"},"content":{"rendered":"\n<div class=\"wp-block-media-text has-media-on-the-right is-stacked-on-mobile\" style=\"grid-template-columns:auto 21%\"><div class=\"wp-block-media-text__content\">\n\n<p>L\u2019Institut El Foix disposa d\u2019una <strong>acreditaci\u00f3 Erasmus+<\/strong> des del curs 2024-2025 i actualment est\u00e0 desenvolupant el <strong>projecte K121<\/strong> dins del marc de les mobilitats d\u2019Educaci\u00f3 Escolar. Aquest projecte refor\u00e7a l\u2019aposta del centre per la internacionalitzaci\u00f3 i per una educaci\u00f3 m\u00e9s inclusiva i equitativa.<\/p>\n\n\n<h3 class=\"wp-block-heading\">Objectius del projecte<\/h3>\n\n\n<ul class=\"wp-block-list\">\n\n<li><strong>Impulsar el projecte pluriling\u00fce del centre<\/strong> per afavorir la internacionalitzaci\u00f3, incrementar la participaci\u00f3 del professorat i promoure la inclusi\u00f3 i la reducci\u00f3 de desigualtats.<\/li>\n\n\n<li><strong>Implementar estrat\u00e8gies metodol\u00f2giques inclusives<\/strong> en situacions d\u2019aprenentatge i en projectes europeus, fomentant la participaci\u00f3 activa i l\u2019\u00e8xit educatiu de l\u2019alumnat m\u00e9s vulnerable.<\/li>\n\n\n<li><strong>Millorar la compet\u00e8ncia ling\u00fc\u00edstica<\/strong> de l\u2019alumnat i del professorat mitjan\u00e7ant experi\u00e8ncies d\u2019immersi\u00f3, garantint la igualtat d\u2019oportunitats i la cohesi\u00f3 educativa.<\/li>\n\n<\/ul>\n\n<\/div><figure class=\"wp-block-media-text__media\"><video controls autoplay loop muted src=\"https:\/\/agora.xtec.cat\/ieselfoix\/wp-content\/uploads\/usu1158\/2026\/03\/Saluda-Willy-Foix.mp4\"><\/video><\/figure><\/div>\n\n\n\n<div class=\"wp-block-media-text is-stacked-on-mobile\" style=\"grid-template-columns:15% auto\"><figure class=\"wp-block-media-text__media\"><img loading=\"lazy\" decoding=\"async\" width=\"200\" height=\"200\" src=\"https:\/\/agora.xtec.cat\/ieselfoix\/wp-content\/uploads\/usu1158\/2026\/01\/ActivitatsWillyFoixC.jpg\" alt=\"\" class=\"wp-image-5983 size-full\" srcset=\"https:\/\/agora.xtec.cat\/ieselfoix\/wp-content\/uploads\/usu1158\/2026\/01\/ActivitatsWillyFoixC.jpg 200w, https:\/\/agora.xtec.cat\/ieselfoix\/wp-content\/uploads\/usu1158\/2026\/01\/ActivitatsWillyFoixC-150x150.jpg 150w\" sizes=\"auto, (max-width: 200px) 100vw, 200px\" \/><\/figure><div class=\"wp-block-media-text__content\">\n<h3 class=\"wp-block-heading\">Identitat del projecte<\/h3>\n\n\n\n<p>L\u2019alumnat del centre ha escollit el <strong>logotip de Willy Foix<\/strong>, que simbolitza i dona identitat al projecte Erasmus+ del centre. Aquesta imatge refor\u00e7a el sentiment de pertinen\u00e7a i la dimensi\u00f3 europea de la nostra comunitat educativa.<\/p>\n<\/div><\/div>\n\n\n\n<h3 class=\"wp-block-heading\">Mobilitats i col\u00b7laboracions europees<\/h3>\n\n\n\n<div class=\"wp-block-media-text is-stacked-on-mobile\" style=\"grid-template-columns:21% auto\"><figure class=\"wp-block-media-text__media\"><video controls autoplay loop muted  src=\"https:\/\/agora.xtec.cat\/ieselfoix\/wp-content\/uploads\/usu1158\/2026\/03\/Margarida_Salutacio_Erasmus_.mp4\"><\/video><\/figure><div class=\"wp-block-media-text__content\">\n<p>Al llarg d\u2019aquest curs, l\u2019Institut El Foix participa en un projecte conjunt amb un centre educatiu d\u2019Holanda, amb qui ja s\u2019ha realitzat una <strong>mobilitat d\u2019alumnat<\/strong>. Paral\u00b7lelament, el professorat est\u00e0 duent a terme <strong>mobilitats de job shadowing<\/strong> a Holanda i a B\u00e8lgica, ampliant la xarxa de col\u00b7laboraci\u00f3 i enriquint la pr\u00e0ctica docent.<\/p>\n\n\n\n<p>El centre tamb\u00e9 ha tingut l\u2019oportunitat d\u2019<strong>acollir una mobilitat de llarga durada<\/strong>, una experi\u00e8ncia que ha aportat un gran valor pedag\u00f2gic i cultural a tota la comunitat educativa. A final de curs, el professorat participar\u00e0 en <strong>formacions espec\u00edfiques<\/strong> per continuar avan\u00e7ant en la millora metodol\u00f2gica i en la internacionalitzaci\u00f3 del centre.<\/p>\n\n\n\n<p>L\u2019Institut El Foix continua treballant amb entusiasme per consolidar una educaci\u00f3 oberta al m\u00f3n, inclusiva i transformadora.<\/p>\n<\/div><\/div>\n\n\n\n<hr class=\"wp-block-separator has-alpha-channel-opacity\"\/>\n\n\n\n<div class=\"wp-block-group is-nowrap is-layout-flex wp-container-core-group-is-layout-1 wp-block-group-is-layout-flex\">\n<p class=\"has-small-font-size\">Finan\u00e7at per la Uni\u00f3 Europea. Les opinions i els punts de vista expressats nom\u00e9s comprometen el seu autor(s) i no reflecteixen necess\u00e0riament els de la Uni\u00f3 Europea o els de l&#8217;Ag\u00e8ncia Executiva Europea d&#8217;Educaci\u00f3 i Cultura (EACEA). Ni la Uni\u00f3 Europea ni l&#8217;EACEA en poden ser considerats responsables.<\/p>\n<\/div>\n","protected":false},"excerpt":{"rendered":"<p>Identitat del projecte L\u2019alumnat del centre ha escollit el logotip de Willy Foix, que simbolitza i dona identitat al projecte Erasmus+ del centre. Aquesta imatge refor\u00e7a el sentiment de pertinen\u00e7a i la dimensi\u00f3 europea de la nostra comunitat educativa. Mobilitats i col\u00b7laboracions europees Al llarg d\u2019aquest curs, l\u2019Institut El Foix participa en un projecte conjunt [&hellip;]<\/p>\n","protected":false},"author":16,"featured_media":0,"parent":0,"menu_order":0,"comment_status":"closed","ping_status":"close","template":"","meta":{"_bbp_topic_count":0,"_bbp_reply_count":0,"_bbp_total_topic_count":0,"_bbp_total_reply_count":0,"_bbp_voice_count":0,"_bbp_anonymous_reply_count":0,"_bbp_topic_count_hidden":0,"_bbp_reply_count_hidden":0,"_bbp_forum_subforum_count":0,"site-sidebar-layout":"left-sidebar","site-content-layout":"","ast-site-content-layout":"default","site-content-style":"default","site-sidebar-style":"default","ast-global-header-display":"","ast-banner-title-visibility":"","ast-main-header-display":"","ast-hfb-above-header-display":"","ast-hfb-below-header-display":"","ast-hfb-mobile-header-display":"","site-post-title":"","ast-breadcrumbs-content":"","ast-featured-img":"","footer-sml-layout":"","theme-transparent-header-meta":"","adv-header-id-meta":"","stick-header-meta":"","header-above-stick-meta":"","header-main-stick-meta":"","header-below-stick-meta":"","astra-migrate-meta-layouts":"set","ast-page-background-enabled":"default","ast-page-background-meta":{"desktop":{"background-color":"var(--ast-global-color-4)","background-image":"","background-repeat":"repeat","background-position":"center center","background-size":"auto","background-attachment":"scroll","background-type":"","background-media":"","overlay-type":"","overlay-color":"","overlay-opacity":"","overlay-gradient":""},"tablet":{"background-color":"","background-image":"","background-repeat":"repeat","background-position":"center center","background-size":"auto","background-attachment":"scroll","background-type":"","background-media":"","overlay-type":"","overlay-color":"","overlay-opacity":"","overlay-gradient":""},"mobile":{"background-color":"","background-image":"","background-repeat":"repeat","background-position":"center center","background-size":"auto","background-attachment":"scroll","background-type":"","background-media":"","overlay-type":"","overlay-color":"","overlay-opacity":"","overlay-gradient":""}},"ast-content-background-meta":{"desktop":{"background-color":"var(--ast-global-color-5)","background-image":"","background-repeat":"repeat","background-position":"center center","background-size":"auto","background-attachment":"scroll","background-type":"","background-media":"","overlay-type":"","overlay-color":"","overlay-opacity":"","overlay-gradient":""},"tablet":{"background-color":"var(--ast-global-color-5)","background-image":"","background-repeat":"repeat","background-position":"center center","background-size":"auto","background-attachment":"scroll","background-type":"","background-media":"","overlay-type":"","overlay-color":"","overlay-opacity":"","overlay-gradient":""},"mobile":{"background-color":"var(--ast-global-color-5)","background-image":"","background-repeat":"repeat","background-position":"center center","background-size":"auto","background-attachment":"scroll","background-type":"","background-media":"","overlay-type":"","overlay-color":"","overlay-opacity":"","overlay-gradient":""}},"footnotes":""},"class_list":["post-6165","page","type-page","status-publish","hentry"],"post_mailing_queue_ids":[],"_links":{"self":[{"href":"https:\/\/agora.xtec.cat\/ieselfoix\/wp-json\/wp\/v2\/pages\/6165","targetHints":{"allow":["GET"]}}],"collection":[{"href":"https:\/\/agora.xtec.cat\/ieselfoix\/wp-json\/wp\/v2\/pages"}],"about":[{"href":"https:\/\/agora.xtec.cat\/ieselfoix\/wp-json\/wp\/v2\/types\/page"}],"author":[{"embeddable":true,"href":"https:\/\/agora.xtec.cat\/ieselfoix\/wp-json\/wp\/v2\/users\/16"}],"replies":[{"embeddable":true,"href":"https:\/\/agora.xtec.cat\/ieselfoix\/wp-json\/wp\/v2\/comments?post=6165"}],"version-history":[{"count":6,"href":"https:\/\/agora.xtec.cat\/ieselfoix\/wp-json\/wp\/v2\/pages\/6165\/revisions"}],"predecessor-version":[{"id":6266,"href":"https:\/\/agora.xtec.cat\/ieselfoix\/wp-json\/wp\/v2\/pages\/6165\/revisions\/6266"}],"wp:attachment":[{"href":"https:\/\/agora.xtec.cat\/ieselfoix\/wp-json\/wp\/v2\/media?parent=6165"}],"curies":[{"name":"wp","href":"https:\/\/api.w.org\/{rel}","templated":true}]}}