{"id":57,"date":"2014-09-17T17:01:07","date_gmt":"2014-09-17T17:01:07","guid":{"rendered":"http:\/\/agora.xtec.cat\/ieselfoix\/?page_id=57"},"modified":"2025-12-01T14:20:00","modified_gmt":"2025-12-01T13:20:00","slug":"projectes","status":"publish","type":"page","link":"https:\/\/agora.xtec.cat\/ieselfoix\/linstitut\/projectes\/","title":{"rendered":"Projectes"},"content":{"rendered":"\n<h3 class=\"wp-block-heading\"><strong><strong style=\"font-size: 1.4375em;\">PROJECTE DE SALUT<\/strong><\/strong><\/h3>\n\n\n\n<p>Aquest projecte neix amb la idea d\u2019agrupar tots els temes relacionats amb la salut a l\u2019escola sota una mateixa coordinaci\u00f3.<\/p>\n\n\n\n<p>Els principals objectius d\u2019aquest curs s\u00f3n:<br>&#8211; Elaborar un protocol d\u2019actuaci\u00f3 davant un accident o malaltia escolar.<br>&#8211; Crear un arxiu de seguiment de tots alumnes que pateixen una patologia tenint present la pauta d\u2019actuaci\u00f3 en cada cas.<br>&#8211; Posar en coneixement a tot el professor quin alumnes poden tenir una patologia i com han d\u2019actuar.<br>&#8211; Controlar la caducitat dels medicaments que gestiona el centre.<br>&#8211; Millorar els lligams entre l\u2019espai de salut i la coordinadora de salut.<br>&#8211; Reduir el consum de productes prefabricats a la cantina.<br>&#8211; Afavorir l\u2019esmorzar saludable com a base d\u2019un bon inici del dia.<\/p>\n\n\n\n<p>&nbsp;<\/p>\n\n\n\n<h3 class=\"wp-block-heading\"><strong><strong style=\"font-size: 1.4375em;\">PROJECTE PLURILING\u00dcE<\/strong><\/strong><\/h3>\n\n\n\n<p>L\u00b4institut ha fomentat el pluriling\u00fcisme en els darrers anys participant en el projecte GEP i hem realitzat projectes amb la col\u00b7laboraci\u00f3 d\u00b4auxiliars de conversa en angl\u00e8s i alemany. Actualment el pluriling\u00fcisme \u00e9s present al nostre centre com a eina cabdal per desenvolupar un treball competencial a les aules i per fer dels nostres alumnes ciutadans del segle XXI. Es porten a terme diverses actuacions, com ara:<\/p>\n\n\n\n<p>&#8211; Per tal de millorar les compet\u00e8ncies de les dimensions de la comunicaci\u00f3 oral i escrita en lleng\u00fces estrangeres, es treballen continguts de diverses \u00e0rees en les lleng\u00fces de l\u00b4institut (catal\u00e0, castell\u00e0, angl\u00e8s i alemany).<br>&#8211; Arran del projecte <strong>GEP<\/strong> (grup experimental pluriling\u00fce), l\u00b4angl\u00e8s ha estat introdu\u00eft en activitats i projectes de Ci\u00e8ncies a 3r d\u00b4ESO i Matem\u00e0tiques a 4t d\u00b4ESO, la qual cosa promou les compet\u00e8ncies de la dimensi\u00f3 lectora i de la comunicaci\u00f3 oral.<br>&#8211; Els nostres alumnes de 1r d\u00b4ESO participen en un contacontes en angl\u00e8s a escoles de prim\u00e0ria i en projectes col\u00b7laboratius en llengua anglesa amb altres instituts de Catalunya a 2n d\u00b4ESO, per tal de fomentar l\u00b4\u00fas de l\u00b4angl\u00e8s d\u00b4una manera significativa i motivadora.<br>&#8211; Un altre projecte de centre \u00e9s la <strong>ECW<\/strong> (English Culture Week) on tot l\u00b4institut s\u00b4implica per anar m\u00e9s enll\u00e0 de la llengua i descobrir la cultura que envolta els pa\u00efsos de parla anglesa, des de cuinar receptes fins a actuacions musicals o teatrals i xerrades molt engrescadores.<br>&#8211; El curs 2018-19 el nostre centre participa en el <strong>programa experimental de certificaci\u00f3 de lleng\u00fces estrangeres<\/strong>. Acompanyem els nostres alumnes amb el suport de les EOI en el progr\u00e9s del rendiment acad\u00e8mic en les lleng\u00fces estrangeres i la millora de les transpar\u00e8ncia de les compet\u00e8ncies adquirides.<br><span lang=\"CA\"><span lang=\"CA\"><span lang=\"CA\">&#8211; Els <b>intercanvis<\/b>, amb Anglaterra i Holanda a 3r d\u00b4ESO,&nbsp; i amb Alemanya a BATX, afavoreixen l\u00b4aprenentatge significatiu de les lleng\u00fces estrangeres del centre tot realitzant projectes interdisciplinaris.<\/span><\/span><\/span><\/p>\n\n\n\n<p>&nbsp;<\/p>\n\n\n\n<h3 class=\"wp-block-heading\"><strong><strong><strong><strong style=\"font-size: 1.4375em;\">ERASMUS +<\/strong><\/strong><\/strong><\/strong><\/h3>\n\n\n\n<p>L\u2019Institut El Foix forma part del <strong>programa Erasmus+<\/strong>, gestionat a l\u2019Estat espanyol pel <strong>SEPIE (Servei Espanyol per a la Internacionalitzaci\u00f3 de l\u2019Educaci\u00f3)<\/strong>. Aquesta inclusi\u00f3 suposa una oportunitat \u00fanica per a l\u2019alumnat i el professorat, ja que permet obrir les portes a Europa i establir vincles amb altres centres educatius.<\/p>\n\n\n\n<h4 class=\"wp-block-heading\">Qu\u00e8 significa per al nostre centre?<\/h4>\n\n\n\n<ul class=\"wp-block-list\">\n<li><strong>Mobilitat internacional<\/strong>: l\u2019alumnat pot participar en estades formatives i culturals a altres pa\u00efsos europeus, enriquint la seva experi\u00e8ncia personal i acad\u00e8mica.<\/li>\n\n\n\n<li><strong>Intercanvi de bones pr\u00e0ctiques<\/strong>: el professorat t\u00e9 l\u2019oportunitat de compartir metodologies, innovacions pedag\u00f2giques i projectes amb professionals d\u2019altres sistemes educatius.<\/li>\n\n\n\n<li><strong>Creixement personal i professional<\/strong>: es fomenta l\u2019autonomia, la responsabilitat, la compet\u00e8ncia ling\u00fc\u00edstica i la capacitat d\u2019adaptaci\u00f3 en entorns multiculturals.<\/li>\n\n\n\n<li><strong>Identitat europea<\/strong>: formar part d\u2019Erasmus+ refor\u00e7a la consci\u00e8ncia de ciutadania europea i els valors de cooperaci\u00f3, respecte i diversitat.<\/li>\n<\/ul>\n\n\n\n<h5 class=\"wp-block-heading\">Comprom\u00eds del centre<\/h5>\n\n\n\n<p>La participaci\u00f3 en Erasmus+ i SEPIE reflecteix el comprom\u00eds de l\u2019Institut El Foix amb una <strong>educaci\u00f3 oberta, innovadora i internacional<\/strong>, que prepara l\u2019alumnat per als reptes globals del futur.<\/p>\n\n\n\n<p>Durant el curs 2021-2022 ens vam estrenar com a centre formador en el programa ERASMUS+, conjuntament amb quatre centres m\u00e9s del territori catal\u00e0. A partir del curs 2025-26 tenim una acreditaci\u00f3 que ens permet internacionalitzar el nostre centre des de una perspectiva inclusiva i sostenible mitjan\u00e7ant mobilitats d\u00b4alumnes i professors a instituts europeus i formacions per a professors.<br><p style=\"text-align: justify;\">Us enllacem <a href=\"https:\/\/projectes.xtec.cat\/centresformadors\/general\/erasmus-sessions-de-coordinacio-de-lequip-impulsor-del-micro-consorci-de-centres-formadors\/\">l&#8217;entrada<\/a> a la p\u00e0gina de centres formadors en la qual vam tractar la difusi\u00f3 d&#8217;aquest projecte.<br>Si voleu saber-ne m\u00e9s, tamb\u00e9 us afegim <a href=\"http:\/\/xtec.gencat.cat\/ca\/projectes\/plurilinguisme\/programes\/internacionals\/erasmusplus\/\">m\u00e9s informaci\u00f3<\/a> d&#8217;aquest programa. Esperem treure&#8217;n profit tota la comunitat educativa. Aviat tindrem m\u00e9s not\u00edcies.<\/p><br><figure><img loading=\"lazy\" decoding=\"async\" width=\"125\" height=\"85\" class=\"alignnone wp-image-2184\" src=\"https:\/\/agora.xtec.cat\/ieselfoix\/wp-content\/uploads\/usu1158\/2022\/02\/logo_etwinning2019.jpg\" alt=\"\" srcset=\"https:\/\/agora.xtec.cat\/ieselfoix\/wp-content\/uploads\/usu1158\/2022\/02\/logo_etwinning2019.jpg 820w, https:\/\/agora.xtec.cat\/ieselfoix\/wp-content\/uploads\/usu1158\/2022\/02\/logo_etwinning2019-300x205.jpg 300w, https:\/\/agora.xtec.cat\/ieselfoix\/wp-content\/uploads\/usu1158\/2022\/02\/logo_etwinning2019-768x524.jpg 768w\" sizes=\"auto, (max-width: 125px) 100vw, 125px\" \/><a href=\"https:\/\/agora.xtec.cat\/ieselfoix\/wp-content\/uploads\/usu1158\/2022\/02\/eleyenda.png\"><img loading=\"lazy\" decoding=\"async\" width=\"275\" height=\"82\" class=\"alignnone wp-image-2185\" src=\"https:\/\/agora.xtec.cat\/ieselfoix\/wp-content\/uploads\/usu1158\/2022\/02\/eleyenda.png\" alt=\"\" srcset=\"https:\/\/agora.xtec.cat\/ieselfoix\/wp-content\/uploads\/usu1158\/2022\/02\/eleyenda.png 500w, https:\/\/agora.xtec.cat\/ieselfoix\/wp-content\/uploads\/usu1158\/2022\/02\/eleyenda-300x90.png 300w\" sizes=\"auto, (max-width: 275px) 100vw, 275px\" \/><\/a><strong><strong><strong style=\"font-size: 1.4375em;\"><a href=\"https:\/\/agora.xtec.cat\/ieselfoix\/wp-content\/uploads\/usu1158\/2022\/02\/logo_etwinning2019.jpg\"> \u00a0 \u00a0 <\/a><\/strong><\/strong><\/strong><\/figure><br><\/p>\n\n\n\n<figure class=\"wp-block-embed is-type-wp-embed is-provider-centres-formadors wp-block-embed-centres-formadors\"><div class=\"wp-block-embed__wrapper\">\n<blockquote class=\"wp-embedded-content\" data-secret=\"IkEBLVu8SE\"><a href=\"https:\/\/projectes.xtec.cat\/centresformadors\/general\/erasmus-sessions-de-coordinacio-de-lequip-impulsor-del-micro-consorci-de-centres-formadors\/\">ERASMUS+ Sessions de Coordinaci\u00f3 de l&#8217;Equip Impulsor del Micro Consorci de Centres Formadors<\/a><\/blockquote><iframe loading=\"lazy\" class=\"wp-embedded-content\" sandbox=\"allow-scripts\" security=\"restricted\" style=\"position: absolute; visibility: hidden;\" title=\"&#8220;ERASMUS+ Sessions de Coordinaci\u00f3 de l&#8217;Equip Impulsor del Micro Consorci de Centres Formadors&#8221; &#8212; centres formadors\" src=\"https:\/\/projectes.xtec.cat\/centresformadors\/general\/erasmus-sessions-de-coordinacio-de-lequip-impulsor-del-micro-consorci-de-centres-formadors\/embed\/#?secret=Um9JOef4nz#?secret=IkEBLVu8SE\" data-secret=\"IkEBLVu8SE\" width=\"500\" height=\"282\" frameborder=\"0\" marginwidth=\"0\" marginheight=\"0\" scrolling=\"no\"><\/iframe>\n<\/div><\/figure>\n\n\n\n<p><strong>Gener<\/strong><br>Com ja sabeu, <span style=\"color: #000000;\"><span style=\"font-family: Calibri, sans-serif;\">el nostre institut participa en&nbsp;un projecte Erasmus+ KA120 subvencionat per la Uni\u00f3 Europea amb l\u2019objectiu de la millora dels centres educatius que hi participen i de l\u2019aprenentatge de l\u2019alumnat.<\/span><\/span><\/p>\n\n\n\n<p><span style=\"color: #000000;\"><span style=\"font-family: Calibri, sans-serif;\">Tots els centres del projecte participen en la creaci\u00f3 d\u00b4un logo. El nostre logo ha de representar all\u00f2 que implica l&#8217;ess\u00e8ncia de formar part de l\u00b4Erasmus +KA120, un punt de partida per mostrar la internacionalitzaci\u00f3 del nostre centre i per millorar la qualitat educativa.<\/span><\/span><\/p>\n\n\n\n<p><span style=\"color: #000000;\"><span style=\"font-family: Calibri, sans-serif;\">Aqu\u00ed teniu les <a href=\"https:\/\/drive.google.com\/file\/d\/1Sr0-xzvK07KM6aXWxpv37KWzyKRJE8xi\/view\">bases<\/a> per a participar en el concurs del logo, \u00e0nims artistes!<\/span><\/span><\/p>\n\n\n\n<p><strong>Febrer<br><\/strong>El nostre alumnat de 2n i 4t d\u00b4ESO ha fet unes activitats abans d\u2019endinsar-se en el concurs del disseny d\u2019un logotip pel projecte CETE+. Ara ja saben que El Foix participa en un programa d\u00b4innovaci\u00f3 Erasmus+ i que tenim aquesta oportunitat perqu\u00e8 tots som Europa. Properament sabrem m\u00e9s dels finalistes del logotip\u2026<\/p>\n\n\n\n<figure class=\"wp-block-image\"><a href=\"https:\/\/agora.xtec.cat\/ieselfoix\/wp-content\/uploads\/usu1158\/2022\/02\/EUROPE-PROJECT-scaled.jpg\"><img loading=\"lazy\" decoding=\"async\" width=\"1024\" height=\"874\" src=\"https:\/\/agora.xtec.cat\/ieselfoix\/wp-content\/uploads\/usu1158\/2022\/02\/EUROPE-PROJECT-1024x874.jpg\" alt=\"\" class=\"wp-image-2206\" srcset=\"https:\/\/agora.xtec.cat\/ieselfoix\/wp-content\/uploads\/usu1158\/2022\/02\/EUROPE-PROJECT-1024x874.jpg 1024w, https:\/\/agora.xtec.cat\/ieselfoix\/wp-content\/uploads\/usu1158\/2022\/02\/EUROPE-PROJECT-300x256.jpg 300w, https:\/\/agora.xtec.cat\/ieselfoix\/wp-content\/uploads\/usu1158\/2022\/02\/EUROPE-PROJECT-768x656.jpg 768w, https:\/\/agora.xtec.cat\/ieselfoix\/wp-content\/uploads\/usu1158\/2022\/02\/EUROPE-PROJECT-1536x1311.jpg 1536w, https:\/\/agora.xtec.cat\/ieselfoix\/wp-content\/uploads\/usu1158\/2022\/02\/EUROPE-PROJECT-2048x1748.jpg 2048w\" sizes=\"auto, (max-width: 1024px) 100vw, 1024px\" \/><\/a><\/figure>\n\n\n\n<p><\/p>\n\n\n\n<p>Es publiquen els criteris per a seleccionar les persones que participaran a les mobilitats dels curs 2021-22. Properament us concretarem dates.<\/p>\n\n\n\n<p><iframe loading=\"lazy\" src=\"https:\/\/drive.google.com\/file\/d\/1C8fckBP9LBLDCLmXaZ-JqLAFzfiiyMhN\/preview\" width=\"640\" height=\"480\"><\/iframe><\/p>\n","protected":false},"excerpt":{"rendered":"<p>PROJECTE DE SALUT Aquest projecte neix amb la idea d\u2019agrupar tots els temes relacionats amb la salut a l\u2019escola sota una mateixa coordinaci\u00f3. Els principals objectius d\u2019aquest curs s\u00f3n:&#8211; Elaborar un protocol d\u2019actuaci\u00f3 davant un accident o malaltia escolar.&#8211; Crear un arxiu de seguiment de tots alumnes que pateixen una patologia tenint present la pauta [&hellip;]<\/p>\n","protected":false},"author":1,"featured_media":0,"parent":19,"menu_order":55,"comment_status":"closed","ping_status":"closed","template":"","meta":{"_bbp_topic_count":0,"_bbp_reply_count":0,"_bbp_total_topic_count":0,"_bbp_total_reply_count":0,"_bbp_voice_count":0,"_bbp_anonymous_reply_count":0,"_bbp_topic_count_hidden":0,"_bbp_reply_count_hidden":0,"_bbp_forum_subforum_count":0,"site-sidebar-layout":"default","site-content-layout":"","ast-site-content-layout":"default","site-content-style":"default","site-sidebar-style":"default","ast-global-header-display":"","ast-banner-title-visibility":"","ast-main-header-display":"","ast-hfb-above-header-display":"","ast-hfb-below-header-display":"","ast-hfb-mobile-header-display":"","site-post-title":"","ast-breadcrumbs-content":"","ast-featured-img":"","footer-sml-layout":"","theme-transparent-header-meta":"","adv-header-id-meta":"","stick-header-meta":"","header-above-stick-meta":"","header-main-stick-meta":"","header-below-stick-meta":"","astra-migrate-meta-layouts":"set","ast-page-background-enabled":"default","ast-page-background-meta":{"desktop":{"background-color":"var(--ast-global-color-4)","background-image":"","background-repeat":"repeat","background-position":"center center","background-size":"auto","background-attachment":"scroll","background-type":"","background-media":"","overlay-type":"","overlay-color":"","overlay-opacity":"","overlay-gradient":""},"tablet":{"background-color":"","background-image":"","background-repeat":"repeat","background-position":"center center","background-size":"auto","background-attachment":"scroll","background-type":"","background-media":"","overlay-type":"","overlay-color":"","overlay-opacity":"","overlay-gradient":""},"mobile":{"background-color":"","background-image":"","background-repeat":"repeat","background-position":"center center","background-size":"auto","background-attachment":"scroll","background-type":"","background-media":"","overlay-type":"","overlay-color":"","overlay-opacity":"","overlay-gradient":""}},"ast-content-background-meta":{"desktop":{"background-color":"var(--ast-global-color-5)","background-image":"","background-repeat":"repeat","background-position":"center center","background-size":"auto","background-attachment":"scroll","background-type":"","background-media":"","overlay-type":"","overlay-color":"","overlay-opacity":"","overlay-gradient":""},"tablet":{"background-color":"var(--ast-global-color-5)","background-image":"","background-repeat":"repeat","background-position":"center center","background-size":"auto","background-attachment":"scroll","background-type":"","background-media":"","overlay-type":"","overlay-color":"","overlay-opacity":"","overlay-gradient":""},"mobile":{"background-color":"var(--ast-global-color-5)","background-image":"","background-repeat":"repeat","background-position":"center center","background-size":"auto","background-attachment":"scroll","background-type":"","background-media":"","overlay-type":"","overlay-color":"","overlay-opacity":"","overlay-gradient":""}},"footnotes":""},"class_list":["post-57","page","type-page","status-publish","hentry"],"post_mailing_queue_ids":[],"_links":{"self":[{"href":"https:\/\/agora.xtec.cat\/ieselfoix\/wp-json\/wp\/v2\/pages\/57","targetHints":{"allow":["GET"]}}],"collection":[{"href":"https:\/\/agora.xtec.cat\/ieselfoix\/wp-json\/wp\/v2\/pages"}],"about":[{"href":"https:\/\/agora.xtec.cat\/ieselfoix\/wp-json\/wp\/v2\/types\/page"}],"author":[{"embeddable":true,"href":"https:\/\/agora.xtec.cat\/ieselfoix\/wp-json\/wp\/v2\/users\/1"}],"replies":[{"embeddable":true,"href":"https:\/\/agora.xtec.cat\/ieselfoix\/wp-json\/wp\/v2\/comments?post=57"}],"version-history":[{"count":6,"href":"https:\/\/agora.xtec.cat\/ieselfoix\/wp-json\/wp\/v2\/pages\/57\/revisions"}],"predecessor-version":[{"id":5610,"href":"https:\/\/agora.xtec.cat\/ieselfoix\/wp-json\/wp\/v2\/pages\/57\/revisions\/5610"}],"up":[{"embeddable":true,"href":"https:\/\/agora.xtec.cat\/ieselfoix\/wp-json\/wp\/v2\/pages\/19"}],"wp:attachment":[{"href":"https:\/\/agora.xtec.cat\/ieselfoix\/wp-json\/wp\/v2\/media?parent=57"}],"curies":[{"name":"wp","href":"https:\/\/api.w.org\/{rel}","templated":true}]}}