{"id":5463,"date":"2025-11-27T10:06:00","date_gmt":"2025-11-27T09:06:00","guid":{"rendered":"https:\/\/agora.xtec.cat\/ieselfoix\/?page_id=5463"},"modified":"2025-11-28T14:33:11","modified_gmt":"2025-11-28T13:33:11","slug":"normes-xii-annex-iii-us-dels-ordinadors-dels-alumnes","status":"publish","type":"page","link":"https:\/\/agora.xtec.cat\/ieselfoix\/documents-de-centre\/normes-xii-annex-iii-us-dels-ordinadors-dels-alumnes\/","title":{"rendered":"Normes: XII. ANNEX III &#8211; \u00das dels ordinadors dels alumnes"},"content":{"rendered":"\n<h2 class=\"wp-block-heading\">XII ANNEX III<\/h2>\n\n\n\n<h4 class=\"wp-block-heading\">NORMES D\u2019\u00daS DELS ORDINADORS PORT\u00c0TILS PER ALS ALUMNES (PROJECTE EDUCAT 1X1)<\/h4>\n\n\n\n<ul class=\"wp-block-list\">\n<li>El teu ordinador \u00e9s una eina per al treball i l\u2019aprenentatge. \u00c9s d\u2019\u00fas individual i intransferible i, per aix\u00f2, cal que el puguis identificar f\u00e0cilment posant el teu nom i cognoms.<\/li>\n\n\n\n<li>\u00c9s molt important que duguis l\u2019ordinador amb la bateria totalment carregada cada mat\u00ed. Per un cas d\u2019emerg\u00e8ncia, cal que duguis el carregador.<\/li>\n\n\n\n<li>Tu i la teva fam\u00edlia heu de tenir cura, en tot moment, de mantenir l\u2019ordinador en les condicions \u00f2ptimes per al seu \u00fas. A casa, cal que posis a carregar la bateria. Un cop carregada, cal que treguis la bateria de l\u2019ordinador si has de seguir treballant connectat al corrent el\u00e8ctric. D\u2019aquest manera tindr\u00e0s la bateria carregada per a l\u2019endem\u00e0 i n\u2019evitar\u00e0s el desgast innecessari.<\/li>\n\n\n\n<li>\u00c9s obligatori dur l\u2019ordinador cada dia. No portar-lo suposar\u00e0 una falta de material. En cas que tinguis problemes t\u00e8cnics, caldr\u00e0 que duguis un justificant signat pel servei de manteniment (o pels teus pares si no has pogut acudir al servei t\u00e8cnic) i el presentis al teu tutor (o, en abs\u00e8ncia d\u2019aquest, a algun membre de l\u2019Equip directiu). D\u2019aquesta manera el centre et podr\u00e0 cedir provisionalment un ordinador disponible de reserva per poder treballar a les classes encara que no te\u2019l podr\u00e0s endur a casa.<\/li>\n\n\n\n<li>Cal que duguis un pendrive per poder fer c\u00f2pia de seguretat de la feina di\u00e0ria. Tamb\u00e9 has de dur uns auriculars que haur\u00e0s d\u2019utilitzar quan el professorat t\u2019ho indiqui. L\u2019\u00fas del ratol\u00ed \u00e9s opcional.<\/li>\n\n\n\n<li>A la classe, cal que esperis sempre les indicacions del professorat a l\u2019hora d\u2019utilitzar l\u2019ordinador. Nom\u00e9s podr\u00e0s utilizar aquells programes que el professorat t\u2019indiqui. Est\u00e0 absolutament prohibit fer \u00fas de la webcam si el professorat no t\u2019indica el contrari.<\/li>\n\n\n\n<li>L\u2019institut et recomana que no instal\u00b7lis en el teu ordinador programes diferents al programari inicial o al que t\u2019hagi indicat el professorat. Est\u00e0 absolutament prohibit i ser\u00e1 motiu de sanci\u00f3 tenir instal\u00b7lats a l\u2019ordinador programes de descarrega d\u2019arxius (Emule, Torrent, Ares\u2026), donat que generen problemes de connectivitat al centre.<\/li>\n\n\n\n<li>No has de fer \u00fas de l\u2019ordinador en els canvis de classe, als passadissos, a les hores d\u2019esbarjo i a l\u2019hora del menjador. Tampoc te\u2019l pots endur a la biblioteca del centre. Els alumnes que no us quedeu al menjador, us l\u2019heu d\u2019endur cap a casa.<\/li>\n\n\n\n<li>En els canvis de classe, t\u2019has de fer responsable del teu ordinador. Caldr\u00e0 que te l\u2019enduguis sempre que hagis de fer un canvi d\u2019aula.<\/li>\n\n\n\n<li>A l\u2019hora d\u2019Educaci\u00f3 F\u00edsica, s\u2019habilitaran unes taquilles al gimn\u00e0s on podr\u00e0s guardar el teu ordinador. Els alumnes que us quedeu al menjador, tamb\u00e9 podreu deixar el port\u00e0til en aquestes mateixes taquilles.<\/li>\n\n\n\n<li>Si trobes a faltar el teu ordinador, cal que n\u2019informis immediatament al professorat o a algun membre de l\u2019Equip directiu.<\/li>\n\n\n\n<li>En relaci\u00f3 als possibles desperfectes ocasionats per algun alumne\/a en l\u2019ordinador d\u2019un altre, l\u2019institut es regir\u00e0 per la normativa interna vigent:\n<ul class=\"wp-block-list\">\n<li><strong>Els\/les alumnes que intencionadament o per neglig\u00e8ncia causin danys a les instal\u00b7lacions del centre docent o al seu material o el sostreguin estan obligats a reparar el dany o a restituir el que hagin sostret.<\/strong><\/li>\n<\/ul>\n<\/li>\n\n\n\n<li>En acabar les teves classes, cal que t\u2019enduguis l\u2019ordinador a casa teva cada dia.<\/li>\n<\/ul>\n\n\n\n<div class=\"wp-block-columns is-layout-flex wp-container-core-columns-is-layout-1 wp-block-columns-is-layout-flex\">\n<div class=\"wp-block-column is-layout-flow wp-block-column-is-layout-flow\">\n<p>\u25c0<a href=\"https:\/\/agora.xtec.cat\/ieselfoix\/documents-de-centre\/normes-xii-annex-ii-carta-de-compromis-educatiu\/\" data-type=\"page\" data-id=\"5453\">Normes: XII. Annex II \u2013 Carta de Comprom\u00eds educatiu<\/a><\/p>\n<\/div>\n\n\n\n<div class=\"wp-block-column is-layout-flow wp-block-column-is-layout-flow\">\n<p class=\"has-text-align-right\"><a href=\"https:\/\/agora.xtec.cat\/ieselfoix\/documents-de-centre\/normes-xii-annex-iv-protocol-per-consum-de-drogues\/\" data-type=\"page\" data-id=\"5478\">Normes: XII. Annex IV \u2013 Protocol per consum de drogues<\/a>\u25b6<\/p>\n<\/div>\n<\/div>\n","protected":false},"excerpt":{"rendered":"<p>XII ANNEX III NORMES D\u2019\u00daS DELS ORDINADORS PORT\u00c0TILS PER ALS ALUMNES (PROJECTE EDUCAT 1X1) \u25c0Normes: XII. Annex II \u2013 Carta de Comprom\u00eds educatiu Normes: XII. Annex IV \u2013 Protocol per consum de drogues\u25b6<\/p>\n","protected":false},"author":16,"featured_media":0,"parent":2920,"menu_order":14,"comment_status":"closed","ping_status":"close","template":"","meta":{"_bbp_topic_count":0,"_bbp_reply_count":0,"_bbp_total_topic_count":0,"_bbp_total_reply_count":0,"_bbp_voice_count":0,"_bbp_anonymous_reply_count":0,"_bbp_topic_count_hidden":0,"_bbp_reply_count_hidden":0,"_bbp_forum_subforum_count":0,"site-sidebar-layout":"default","site-content-layout":"","ast-site-content-layout":"default","site-content-style":"default","site-sidebar-style":"default","ast-global-header-display":"","ast-banner-title-visibility":"","ast-main-header-display":"","ast-hfb-above-header-display":"","ast-hfb-below-header-display":"","ast-hfb-mobile-header-display":"","site-post-title":"","ast-breadcrumbs-content":"","ast-featured-img":"","footer-sml-layout":"","theme-transparent-header-meta":"","adv-header-id-meta":"","stick-header-meta":"","header-above-stick-meta":"","header-main-stick-meta":"","header-below-stick-meta":"","astra-migrate-meta-layouts":"set","ast-page-background-enabled":"default","ast-page-background-meta":{"desktop":{"background-color":"var(--ast-global-color-4)","background-image":"","background-repeat":"repeat","background-position":"center center","background-size":"auto","background-attachment":"scroll","background-type":"","background-media":"","overlay-type":"","overlay-color":"","overlay-opacity":"","overlay-gradient":""},"tablet":{"background-color":"","background-image":"","background-repeat":"repeat","background-position":"center center","background-size":"auto","background-attachment":"scroll","background-type":"","background-media":"","overlay-type":"","overlay-color":"","overlay-opacity":"","overlay-gradient":""},"mobile":{"background-color":"","background-image":"","background-repeat":"repeat","background-position":"center center","background-size":"auto","background-attachment":"scroll","background-type":"","background-media":"","overlay-type":"","overlay-color":"","overlay-opacity":"","overlay-gradient":""}},"ast-content-background-meta":{"desktop":{"background-color":"var(--ast-global-color-5)","background-image":"","background-repeat":"repeat","background-position":"center center","background-size":"auto","background-attachment":"scroll","background-type":"","background-media":"","overlay-type":"","overlay-color":"","overlay-opacity":"","overlay-gradient":""},"tablet":{"background-color":"var(--ast-global-color-5)","background-image":"","background-repeat":"repeat","background-position":"center center","background-size":"auto","background-attachment":"scroll","background-type":"","background-media":"","overlay-type":"","overlay-color":"","overlay-opacity":"","overlay-gradient":""},"mobile":{"background-color":"var(--ast-global-color-5)","background-image":"","background-repeat":"repeat","background-position":"center center","background-size":"auto","background-attachment":"scroll","background-type":"","background-media":"","overlay-type":"","overlay-color":"","overlay-opacity":"","overlay-gradient":""}},"footnotes":""},"class_list":["post-5463","page","type-page","status-publish","hentry"],"post_mailing_queue_ids":[],"_links":{"self":[{"href":"https:\/\/agora.xtec.cat\/ieselfoix\/wp-json\/wp\/v2\/pages\/5463","targetHints":{"allow":["GET"]}}],"collection":[{"href":"https:\/\/agora.xtec.cat\/ieselfoix\/wp-json\/wp\/v2\/pages"}],"about":[{"href":"https:\/\/agora.xtec.cat\/ieselfoix\/wp-json\/wp\/v2\/types\/page"}],"author":[{"embeddable":true,"href":"https:\/\/agora.xtec.cat\/ieselfoix\/wp-json\/wp\/v2\/users\/16"}],"replies":[{"embeddable":true,"href":"https:\/\/agora.xtec.cat\/ieselfoix\/wp-json\/wp\/v2\/comments?post=5463"}],"version-history":[{"count":5,"href":"https:\/\/agora.xtec.cat\/ieselfoix\/wp-json\/wp\/v2\/pages\/5463\/revisions"}],"predecessor-version":[{"id":5518,"href":"https:\/\/agora.xtec.cat\/ieselfoix\/wp-json\/wp\/v2\/pages\/5463\/revisions\/5518"}],"up":[{"embeddable":true,"href":"https:\/\/agora.xtec.cat\/ieselfoix\/wp-json\/wp\/v2\/pages\/2920"}],"wp:attachment":[{"href":"https:\/\/agora.xtec.cat\/ieselfoix\/wp-json\/wp\/v2\/media?parent=5463"}],"curies":[{"name":"wp","href":"https:\/\/api.w.org\/{rel}","templated":true}]}}