{"id":5259,"date":"2025-11-25T09:56:02","date_gmt":"2025-11-25T08:56:02","guid":{"rendered":"https:\/\/agora.xtec.cat\/ieselfoix\/?page_id=5259"},"modified":"2025-11-26T12:10:59","modified_gmt":"2025-11-26T11:10:59","slug":"normes-x-personal-no-docent","status":"publish","type":"page","link":"https:\/\/agora.xtec.cat\/ieselfoix\/documents-de-centre\/normes-x-personal-no-docent\/","title":{"rendered":"Normes: X. Personal no docent"},"content":{"rendered":"\n<p class=\"has-text-align-right\"><em>Article 130<\/em><\/p>\n\n\n\n<p>Article 130.<\/p>\n\n\n\n<blockquote class=\"wp-block-quote is-layout-flow wp-block-quote-is-layout-flow\">\n<p>Correspon al funcionariat contractat o de carrera dels diversos Cossos Generals de l&#8217;Administraci\u00f3 Civil l&#8217;exercici de les seg\u00fcents activitats:<\/p>\n\n\n\n<ol class=\"wp-block-list\">\n<li>Cos Auxiliar:<br>Els\/les funcionaris\/es del Cos Auxiliar realitzaran les tasques de mecanografia, correspond\u00e8ncia, c\u00e0lcul senzill, m\u00e0quines (d&#8217;escriure, fax, ordinadors) i d&#8217;altres similars que li puguin \u00e9sser encomanades pel\/per la Secretari\/a del Centre i pel\/la Director\/a del Centre.<\/li>\n\n\n\n<li>Cos Subaltern:<br>El funcionariat del Cos Subaltern realitzar\u00e0 les tasques seg\u00fcents:\n<ul class=\"wp-block-list\" style=\"list-style-type:lower-alpha\">\n\n<li>Cust\u00f2dia de l&#8217;equipament, instal\u00b7lacions i locals i de les claus de les diferents depend\u00e8ncies.<\/li>\n\n\n<li>Control de l&#8217;entrada del Centre (porteria) i recepci\u00f3 de persones alienes, trucades telef\u00f2niques, enc\u00e0rrecs, etc.<\/li>\n\n\n<li>Atenci\u00f3 i cura dels alumnes.<\/li>\n\n\n<li>Prestar, si s&#8217;escau, serveis adients a llurs funcions a la Biblioteca, tallers o an\u00e0legs, i al manteniment del centre.<\/li>\n\n\n<li>Rebre i distribuir correspond\u00e8ncia, d&#8217;acord amb les instruccions del\/la Secretari\/a.<\/li>\n\n\n<li>Rebre i distribuir documents i objectes propis de l&#8217;activitat administrativa del Centre.<\/li>\n\n\n<li>Maneig de m\u00e0quines (fotocopiadora ). En el 1r cas s&#8217;anotar\u00e0 l&#8217;\u00e0rea i en el 2n es cobrar\u00e0 l&#8217;import que estableix la direcci\u00f3 del centre.<\/li>\n\n\n<li>Realitzar els enc\u00e0rrecs relacionats amb llurs funcions que li encomani el Director, fora i dins del Centre.<\/li>\n\n\n<li>Trasllat de mobles i equipament.<\/li>\n\n\n<li>Obrir i tancar el Centre a les hores convingudes.<\/li>\n\n\n<li>D&#8217;altres tasques similars que, per ra\u00f3 del servei se li puguin encomanar (com per exemple la cura, tant de la posada en funcionament de l&#8217;enllumenat o la calefacci\u00f3, com la seva desconnexi\u00f3).<\/li>\n\n<\/ul>\n<\/li>\n<\/ol>\n<\/blockquote>\n\n\n\n<div class=\"wp-block-columns is-layout-flex wp-container-core-columns-is-layout-1 wp-block-columns-is-layout-flex\">\n<div class=\"wp-block-column is-layout-flow wp-block-column-is-layout-flow\">\n<p>\u25c0<a href=\"https:\/\/agora.xtec.cat\/ieselfoix\/documents-de-centre\/normes-ix-els-les-alumnes\/\" data-type=\"page\" data-id=\"5170\">Normes: IX. Els\/Les alumnes<\/a><\/p>\n<\/div>\n\n\n\n<div class=\"wp-block-column is-layout-flow wp-block-column-is-layout-flow\">\n<p class=\"has-text-align-right\"><a href=\"https:\/\/agora.xtec.cat\/ieselfoix\/documents-de-centre\/normes-xi-normativa-propia\/\" data-type=\"page\" data-id=\"5263\">Normes: XI. Normativa pr\u00f2pia<\/a>\u25b6<\/p>\n<\/div>\n<\/div>\n","protected":false},"excerpt":{"rendered":"<p>Article 130 Article 130. \u25c0Normes: IX. Els\/Les alumnes Normes: XI. Normativa pr\u00f2pia\u25b6<\/p>\n","protected":false},"author":16,"featured_media":0,"parent":2920,"menu_order":10,"comment_status":"closed","ping_status":"close","template":"","meta":{"_bbp_topic_count":0,"_bbp_reply_count":0,"_bbp_total_topic_count":0,"_bbp_total_reply_count":0,"_bbp_voice_count":0,"_bbp_anonymous_reply_count":0,"_bbp_topic_count_hidden":0,"_bbp_reply_count_hidden":0,"_bbp_forum_subforum_count":0,"site-sidebar-layout":"default","site-content-layout":"","ast-site-content-layout":"default","site-content-style":"default","site-sidebar-style":"default","ast-global-header-display":"","ast-banner-title-visibility":"","ast-main-header-display":"","ast-hfb-above-header-display":"","ast-hfb-below-header-display":"","ast-hfb-mobile-header-display":"","site-post-title":"","ast-breadcrumbs-content":"","ast-featured-img":"","footer-sml-layout":"","theme-transparent-header-meta":"","adv-header-id-meta":"","stick-header-meta":"","header-above-stick-meta":"","header-main-stick-meta":"","header-below-stick-meta":"","astra-migrate-meta-layouts":"set","ast-page-background-enabled":"default","ast-page-background-meta":{"desktop":{"background-color":"var(--ast-global-color-4)","background-image":"","background-repeat":"repeat","background-position":"center center","background-size":"auto","background-attachment":"scroll","background-type":"","background-media":"","overlay-type":"","overlay-color":"","overlay-opacity":"","overlay-gradient":""},"tablet":{"background-color":"","background-image":"","background-repeat":"repeat","background-position":"center center","background-size":"auto","background-attachment":"scroll","background-type":"","background-media":"","overlay-type":"","overlay-color":"","overlay-opacity":"","overlay-gradient":""},"mobile":{"background-color":"","background-image":"","background-repeat":"repeat","background-position":"center center","background-size":"auto","background-attachment":"scroll","background-type":"","background-media":"","overlay-type":"","overlay-color":"","overlay-opacity":"","overlay-gradient":""}},"ast-content-background-meta":{"desktop":{"background-color":"var(--ast-global-color-5)","background-image":"","background-repeat":"repeat","background-position":"center center","background-size":"auto","background-attachment":"scroll","background-type":"","background-media":"","overlay-type":"","overlay-color":"","overlay-opacity":"","overlay-gradient":""},"tablet":{"background-color":"var(--ast-global-color-5)","background-image":"","background-repeat":"repeat","background-position":"center center","background-size":"auto","background-attachment":"scroll","background-type":"","background-media":"","overlay-type":"","overlay-color":"","overlay-opacity":"","overlay-gradient":""},"mobile":{"background-color":"var(--ast-global-color-5)","background-image":"","background-repeat":"repeat","background-position":"center center","background-size":"auto","background-attachment":"scroll","background-type":"","background-media":"","overlay-type":"","overlay-color":"","overlay-opacity":"","overlay-gradient":""}},"footnotes":""},"class_list":["post-5259","page","type-page","status-publish","hentry"],"post_mailing_queue_ids":[],"_links":{"self":[{"href":"https:\/\/agora.xtec.cat\/ieselfoix\/wp-json\/wp\/v2\/pages\/5259","targetHints":{"allow":["GET"]}}],"collection":[{"href":"https:\/\/agora.xtec.cat\/ieselfoix\/wp-json\/wp\/v2\/pages"}],"about":[{"href":"https:\/\/agora.xtec.cat\/ieselfoix\/wp-json\/wp\/v2\/types\/page"}],"author":[{"embeddable":true,"href":"https:\/\/agora.xtec.cat\/ieselfoix\/wp-json\/wp\/v2\/users\/16"}],"replies":[{"embeddable":true,"href":"https:\/\/agora.xtec.cat\/ieselfoix\/wp-json\/wp\/v2\/comments?post=5259"}],"version-history":[{"count":5,"href":"https:\/\/agora.xtec.cat\/ieselfoix\/wp-json\/wp\/v2\/pages\/5259\/revisions"}],"predecessor-version":[{"id":5360,"href":"https:\/\/agora.xtec.cat\/ieselfoix\/wp-json\/wp\/v2\/pages\/5259\/revisions\/5360"}],"up":[{"embeddable":true,"href":"https:\/\/agora.xtec.cat\/ieselfoix\/wp-json\/wp\/v2\/pages\/2920"}],"wp:attachment":[{"href":"https:\/\/agora.xtec.cat\/ieselfoix\/wp-json\/wp\/v2\/media?parent=5259"}],"curies":[{"name":"wp","href":"https:\/\/api.w.org\/{rel}","templated":true}]}}