{"id":5164,"date":"2025-11-25T09:56:02","date_gmt":"2025-11-25T08:56:02","guid":{"rendered":"https:\/\/agora.xtec.cat\/ieselfoix\/?page_id=5164"},"modified":"2025-11-26T12:08:59","modified_gmt":"2025-11-26T11:08:59","slug":"normes-viii-el-professorat","status":"publish","type":"page","link":"https:\/\/agora.xtec.cat\/ieselfoix\/documents-de-centre\/normes-viii-el-professorat\/","title":{"rendered":"Normes: VIII. El professorat"},"content":{"rendered":"\n<p class=\"has-text-align-right\"><em>Articles 69-82<\/em><\/p>\n\n\n\n<div class=\"wp-block-getwid-accordion has-icon-left\" data-active-element=\"none\">\n<div class=\"wp-block-getwid-accordion__header-wrapper\"><span class=\"wp-block-getwid-accordion__header\"><a href=\"#\"><span class=\"wp-block-getwid-accordion__header-title\">El professorat<\/span><span class=\"wp-block-getwid-accordion__icon is-active\"><i class=\"fas fa-plus\"><\/i><\/span><span class=\"wp-block-getwid-accordion__icon is-passive\"><i class=\"fas fa-minus\"><\/i><\/span><\/a><\/span><\/div><div class=\"wp-block-getwid-accordion__content-wrapper\"><div class=\"wp-block-getwid-accordion__content\">\n<p>Article 69.<\/p>\n\n\n\n<blockquote class=\"wp-block-quote is-layout-flow wp-block-quote-is-layout-flow\">\n<p>El professorat de l\u2019institut el formen totes aquelles persones que, degudament nomenades per l\u2019administraci\u00f3 educativa al centre, imparteixen les mat\u00e8ries curriculars i s&#8217;encarreguen de la formaci\u00f3 i educaci\u00f3 dels alumnes.<\/p>\n<\/blockquote>\n\n\n\n<p>Article 70.<\/p>\n\n\n\n<blockquote class=\"wp-block-quote is-layout-flow wp-block-quote-is-layout-flow\">\n<p>El\/la professor\/a t\u00e9 l&#8217;obligaci\u00f3 d&#8217;impartir les classes a totes les hores lectives amb un m\u00e0xim de professionalitat, per tal d&#8217;assolir la formaci\u00f3 t\u00e8cnica i humana de l&#8217;alumne\/a.<\/p>\n<\/blockquote>\n\n\n\n<p>Article 71.<\/p>\n\n\n\n<blockquote class=\"wp-block-quote is-layout-flow wp-block-quote-is-layout-flow\">\n<p>Controlar\u00e0 l&#8217;assist\u00e8ncia de l&#8217;alumnat abans de comen\u00e7ar la classe i anotar\u00e0 els retards dels alumnes.<\/p>\n<\/blockquote>\n\n\n\n<p>Article 72.<\/p>\n\n\n\n<blockquote class=\"wp-block-quote is-layout-flow wp-block-quote-is-layout-flow\">\n<p>El\/la professor\/a ha d&#8217;arribar a l&#8217;hora a classe i quedar-s&#8217;hi fins a l&#8217;hora marcada pel final de la classe que coincidir\u00e0 amb el senyal ac\u00fastic. Procurar\u00e0 no allargar excessivament les seves classes i\/o ex\u00e0mens a fi de no alterar el normal desenvolupament de les classes.<\/p>\n<\/blockquote>\n\n\n\n<p>Article 73.<\/p>\n\n\n\n<blockquote class=\"wp-block-quote is-layout-flow wp-block-quote-is-layout-flow\">\n<p>Els\/les professors\/es estan obligats\/des a complir l&#8217;horari de classes i altres activitats d&#8217;horari fix; estan obligats\/des tamb\u00e9 a assistir als claustres, a les reunions de coordinaci\u00f3, de departaments i de nivells, i a les derivades de la seva condici\u00f3 de tutor\/a o del c\u00e0rrec que ocupen. S\u00f3n tamb\u00e9 d&#8217;assist\u00e8ncia obligat\u00f2ria les altres reunions degudament convocades pel\/ per la director\/a i pels membres de l&#8217;equip directiu en l&#8217;exercici del seu c\u00e0rrec.<\/p>\n<\/blockquote>\n<\/div><\/div>\n\n\n\n<div class=\"wp-block-getwid-accordion__header-wrapper\"><span class=\"wp-block-getwid-accordion__header\"><a href=\"#\"><span class=\"wp-block-getwid-accordion__header-title\">VIII.1 Abs\u00e8ncies del professorat<\/span><span class=\"wp-block-getwid-accordion__icon is-active\"><i class=\"fas fa-plus\"><\/i><\/span><span class=\"wp-block-getwid-accordion__icon is-passive\"><i class=\"fas fa-minus\"><\/i><\/span><\/a><\/span><\/div><div class=\"wp-block-getwid-accordion__content-wrapper\"><div class=\"wp-block-getwid-accordion__content\">\n<h3 class=\"wp-block-heading\">VIII.1 ABS\u00c8NCIES DEL PROFESSORAT<\/h3>\n\n\n\n<p>Article 74.<\/p>\n\n\n\n<blockquote class=\"wp-block-quote is-layout-flow wp-block-quote-is-layout-flow\">\n<p>Les faltes d&#8217;assist\u00e8ncia del professorat s&#8217;han de justificar al\/la director\/a.<\/p>\n<\/blockquote>\n\n\n\n<p>Article 75.<\/p>\n\n\n\n<blockquote class=\"wp-block-quote is-layout-flow wp-block-quote-is-layout-flow\">\n<p>Cada mes s&#8217;haur\u00e0 de fer p\u00fablica a la Sala de Professors una relaci\u00f3 de tots els\/les professors\/res del Centre amb les faltes d&#8217;assist\u00e8ncia corresponents al mes anterior, on hi constin els motius, els quals s&#8217;agruparan en: llic\u00e8ncia, malaltia, perm\u00eds, for\u00e7a major, dret de vaga i sense justificar. Constar\u00e0 tamb\u00e9 en aquesta relaci\u00f3 la suma acumulada, per cada professor\/a, de les faltes corresponents als mesos anteriors.<\/p>\n<\/blockquote>\n\n\n\n<p>Article 76.<\/p>\n\n\n\n<blockquote class=\"wp-block-quote is-layout-flow wp-block-quote-is-layout-flow\">\n<p>En el termini establert per la normativa el\/la Director\/a enviar\u00e0 a la Delegaci\u00f3 Territorial la relaci\u00f3 dels professors amb faltes d&#8217;assist\u00e8ncia justificades i sense justificar. En aquesta relaci\u00f3, s&#8217;hi adjuntar\u00e0 c\u00f2pia de la comunicaci\u00f3 de la falta i de les possible al\u00b7legacions de l&#8217;\/la interessat\/da.<\/p>\n<\/blockquote>\n\n\n\n<p>Article 77.<\/p>\n\n\n\n<blockquote class=\"wp-block-quote is-layout-flow wp-block-quote-is-layout-flow\">\n<p>Quan un professor conegui anticipadament que ha de faltar a alguna classe deixar\u00e0 feina al Cap d\u2019Estudis, i aquest la far\u00e0 arribar al professor de gu\u00e0rdia per als alumnes de la classe corresponent.<br>En tot cas, el departament tindr\u00e0 preparada feina de tipus gen\u00e8ric per a casos en qu\u00e8 el professor no pugui, per causes excepcionals, deixar feina per al professor de gu\u00e0rdia.<\/p>\n<\/blockquote>\n<\/div><\/div>\n\n\n\n<div class=\"wp-block-getwid-accordion__header-wrapper\"><span class=\"wp-block-getwid-accordion__header\"><a href=\"#\"><span class=\"wp-block-getwid-accordion__header-title\">VIII.2 Gu\u00e0rdies<\/span><span class=\"wp-block-getwid-accordion__icon is-active\"><i class=\"fas fa-plus\"><\/i><\/span><span class=\"wp-block-getwid-accordion__icon is-passive\"><i class=\"fas fa-minus\"><\/i><\/span><\/a><\/span><\/div><div class=\"wp-block-getwid-accordion__content-wrapper\"><div class=\"wp-block-getwid-accordion__content\">\n<h4 class=\"wp-block-heading\">VIII.2 GU\u00c0RDIES<\/h4>\n\n\n\n<p>Article 78.<\/p>\n\n\n\n<blockquote class=\"wp-block-quote is-layout-flow wp-block-quote-is-layout-flow\">\n<ol class=\"wp-block-list\">\n<li>Hi haur\u00e0 almenys un\/a professor\/a de gu\u00e0rdia per cada una de les hores de classe.<\/li>\n\n\n\n<li>Les seves funcions s\u00f3n:\n<ul class=\"wp-block-list\">\n<li>Responsabilitzar-se que es puguin desenvolupar les tasques docents.<\/li>\n\n\n\n<li>Registrar en els fulls de gu\u00e0rdia les incid\u00e8ncies de l&#8217;hora (expulsions d&#8217;alumnes, abs\u00e8ncies de professors, etc.).<\/li>\n\n\n\n<li>Rec\u00f3rrer el Centre per veure si hi ha alumnes que estiguin sense professor\/a.<\/li>\n\n\n\n<li>Fer-se c\u00e0rrec dels\/les alumnes sense professor\/a a l&#8217;aula i facilitar el material deixat pel professor absent.<\/li>\n<\/ul>\n<\/li>\n<\/ol>\n<\/blockquote>\n\n\n\n<p>Article 79.<\/p>\n\n\n\n<blockquote class=\"wp-block-quote is-layout-flow wp-block-quote-is-layout-flow\">\n<p>Quan un curs estigui desat\u00e8s per abs\u00e8ncia del\/la professor\/a, el\/la delegat\/da avisar\u00e0 el\/la professor\/a de gu\u00e0rdia, el\/la qual atendr\u00e0 la classe d&#8217;acord amb l&#8217;article corresponent d&#8217;aquestes normes. Si les condicions de la gu\u00e0rdia ho permeten, el\/la professor\/a de gu\u00e0rdia es quedar\u00e0 amb els\/les alumnes mentre espera el\/la professor\/a de la mat\u00e8ria.<\/p>\n<\/blockquote>\n\n\n\n<p>Article 80.<\/p>\n\n\n\n<blockquote class=\"wp-block-quote is-layout-flow wp-block-quote-is-layout-flow\">\n<p>Hi haur\u00e0 un m\u00ednim de tres professors de gu\u00e0rdia de pati a les hores d\u2019esbarjo dels alumnes. Aquests professors seran al pati mentre duri el temps d&#8217;esbarjo i procuraran que no hi hagi cap tipus d\u2019incident.<\/p>\n<\/blockquote>\n\n\n\n<p>Article 81.<\/p>\n\n\n\n<blockquote class=\"wp-block-quote is-layout-flow wp-block-quote-is-layout-flow\">\n<p>Quan un o m\u00e9s grups marxin d&#8217;excursi\u00f3, els professors que quedin al centre (i que tindrien classe amb aquests grups) s\u00f3n els responsables de cobrir les possibles hores de classe que els professors acompanyants produeixin. Si no es produeix cap hora a cobrir o hi ha m\u00e9s professors que hores, aquests professors es constitueixen en professors de gu\u00e0rdia. En \u00faltim cas, les baixes les cobriran els professors de gu\u00e0rdia ordin\u00e0ria.<\/p>\n<\/blockquote>\n<\/div><\/div>\n\n\n\n<div class=\"wp-block-getwid-accordion__header-wrapper\"><span class=\"wp-block-getwid-accordion__header\"><a href=\"#\"><span class=\"wp-block-getwid-accordion__header-title\">VIII.3 DRETS DEL PROFESSORAT<\/span><span class=\"wp-block-getwid-accordion__icon is-active\"><i class=\"fas fa-plus\"><\/i><\/span><span class=\"wp-block-getwid-accordion__icon is-passive\"><i class=\"fas fa-minus\"><\/i><\/span><\/a><\/span><\/div><div class=\"wp-block-getwid-accordion__content-wrapper\"><div class=\"wp-block-getwid-accordion__content\">\n<h4 class=\"wp-block-heading\">VIII.3 Drets del professorat<\/h4>\n\n\n\n<p>Article 82.<\/p>\n\n\n\n<blockquote class=\"wp-block-quote is-layout-flow wp-block-quote-is-layout-flow\">\n<p>Els drets del professorat s\u00f3n:<\/p>\n\n\n\n<ul class=\"wp-block-list\">\n<li>Els reconeguts amb car\u00e0cter general per als funcionaris i personal laboral docent en funci\u00f3 de la seva pr\u00f2pia situaci\u00f3 contractual.<\/li>\n\n\n\n<li>Respecte a la seva dignitat personal i professional.<\/li>\n\n\n\n<li>Autonomia, dins el seu curs o \u00e0rea, per decidir el m\u00e8tode a emprar, a fi d&#8217;assolir els objectius de la programaci\u00f3 general del centre i del seu projecte educatiu, sense detriment del treball coordinat a nivell de curs, cicle i conjunt de centre escolar.<\/li>\n\n\n\n<li>Ser informat de la gesti\u00f3 del centre per mitj\u00e0 del claustre de professors o pels seus representants als \u00f2rgans col\u00b7legiats.<\/li>\n\n\n\n<li>Assistir amb veu i vot a totes les reunions de Claustre, nivell o departament que li pertoquen, com tamb\u00e9 a les dels altres \u00f2rgans del centre que li corresponguin.<\/li>\n\n\n\n<li>Presentar la seva candidatura a qualsevol \u00f2rgan del centre.<\/li>\n\n\n\n<li>Participar en la gesti\u00f3 del centre.<\/li>\n<\/ul>\n<\/blockquote>\n<\/div><\/div>\n<\/div>\n\n\n\n<div class=\"wp-block-columns is-layout-flex wp-container-core-columns-is-layout-1 wp-block-columns-is-layout-flex\">\n<div class=\"wp-block-column is-layout-flow wp-block-column-is-layout-flow\">\n<p>\u25c0<a href=\"https:\/\/agora.xtec.cat\/ieselfoix\/documents-de-centre\/normes-vii-pares-i-mares\/\" data-type=\"page\" data-id=\"5161\">Normes: VII. Pares i Mares<\/a><\/p>\n<\/div>\n\n\n\n<div class=\"wp-block-column is-layout-flow wp-block-column-is-layout-flow\">\n<p class=\"has-text-align-right\"><a href=\"https:\/\/agora.xtec.cat\/ieselfoix\/documents-de-centre\/normes-ix-els-les-alumnes\/\" data-type=\"page\" data-id=\"5170\">Normes: IX. Els\/Les alumnes<\/a>\u25b6<\/p>\n<\/div>\n<\/div>\n","protected":false},"excerpt":{"rendered":"<p>Articles 69-82 \u25c0Normes: VII. Pares i Mares Normes: IX. Els\/Les alumnes\u25b6<\/p>\n","protected":false},"author":16,"featured_media":0,"parent":2920,"menu_order":8,"comment_status":"closed","ping_status":"close","template":"","meta":{"_bbp_topic_count":0,"_bbp_reply_count":0,"_bbp_total_topic_count":0,"_bbp_total_reply_count":0,"_bbp_voice_count":0,"_bbp_anonymous_reply_count":0,"_bbp_topic_count_hidden":0,"_bbp_reply_count_hidden":0,"_bbp_forum_subforum_count":0,"site-sidebar-layout":"default","site-content-layout":"","ast-site-content-layout":"default","site-content-style":"default","site-sidebar-style":"default","ast-global-header-display":"","ast-banner-title-visibility":"","ast-main-header-display":"","ast-hfb-above-header-display":"","ast-hfb-below-header-display":"","ast-hfb-mobile-header-display":"","site-post-title":"","ast-breadcrumbs-content":"","ast-featured-img":"","footer-sml-layout":"","theme-transparent-header-meta":"","adv-header-id-meta":"","stick-header-meta":"","header-above-stick-meta":"","header-main-stick-meta":"","header-below-stick-meta":"","astra-migrate-meta-layouts":"set","ast-page-background-enabled":"default","ast-page-background-meta":{"desktop":{"background-color":"var(--ast-global-color-4)","background-image":"","background-repeat":"repeat","background-position":"center center","background-size":"auto","background-attachment":"scroll","background-type":"","background-media":"","overlay-type":"","overlay-color":"","overlay-opacity":"","overlay-gradient":""},"tablet":{"background-color":"","background-image":"","background-repeat":"repeat","background-position":"center center","background-size":"auto","background-attachment":"scroll","background-type":"","background-media":"","overlay-type":"","overlay-color":"","overlay-opacity":"","overlay-gradient":""},"mobile":{"background-color":"","background-image":"","background-repeat":"repeat","background-position":"center center","background-size":"auto","background-attachment":"scroll","background-type":"","background-media":"","overlay-type":"","overlay-color":"","overlay-opacity":"","overlay-gradient":""}},"ast-content-background-meta":{"desktop":{"background-color":"var(--ast-global-color-5)","background-image":"","background-repeat":"repeat","background-position":"center center","background-size":"auto","background-attachment":"scroll","background-type":"","background-media":"","overlay-type":"","overlay-color":"","overlay-opacity":"","overlay-gradient":""},"tablet":{"background-color":"var(--ast-global-color-5)","background-image":"","background-repeat":"repeat","background-position":"center center","background-size":"auto","background-attachment":"scroll","background-type":"","background-media":"","overlay-type":"","overlay-color":"","overlay-opacity":"","overlay-gradient":""},"mobile":{"background-color":"var(--ast-global-color-5)","background-image":"","background-repeat":"repeat","background-position":"center center","background-size":"auto","background-attachment":"scroll","background-type":"","background-media":"","overlay-type":"","overlay-color":"","overlay-opacity":"","overlay-gradient":""}},"footnotes":""},"class_list":["post-5164","page","type-page","status-publish","hentry"],"post_mailing_queue_ids":[],"_links":{"self":[{"href":"https:\/\/agora.xtec.cat\/ieselfoix\/wp-json\/wp\/v2\/pages\/5164","targetHints":{"allow":["GET"]}}],"collection":[{"href":"https:\/\/agora.xtec.cat\/ieselfoix\/wp-json\/wp\/v2\/pages"}],"about":[{"href":"https:\/\/agora.xtec.cat\/ieselfoix\/wp-json\/wp\/v2\/types\/page"}],"author":[{"embeddable":true,"href":"https:\/\/agora.xtec.cat\/ieselfoix\/wp-json\/wp\/v2\/users\/16"}],"replies":[{"embeddable":true,"href":"https:\/\/agora.xtec.cat\/ieselfoix\/wp-json\/wp\/v2\/comments?post=5164"}],"version-history":[{"count":6,"href":"https:\/\/agora.xtec.cat\/ieselfoix\/wp-json\/wp\/v2\/pages\/5164\/revisions"}],"predecessor-version":[{"id":5358,"href":"https:\/\/agora.xtec.cat\/ieselfoix\/wp-json\/wp\/v2\/pages\/5164\/revisions\/5358"}],"up":[{"embeddable":true,"href":"https:\/\/agora.xtec.cat\/ieselfoix\/wp-json\/wp\/v2\/pages\/2920"}],"wp:attachment":[{"href":"https:\/\/agora.xtec.cat\/ieselfoix\/wp-json\/wp\/v2\/media?parent=5164"}],"curies":[{"name":"wp","href":"https:\/\/api.w.org\/{rel}","templated":true}]}}