{"id":5156,"date":"2025-11-25T09:56:02","date_gmt":"2025-11-25T08:56:02","guid":{"rendered":"https:\/\/agora.xtec.cat\/ieselfoix\/?page_id=5156"},"modified":"2025-11-26T11:26:26","modified_gmt":"2025-11-26T10:26:26","slug":"normes-vi-activitats-periescolars","status":"publish","type":"page","link":"https:\/\/agora.xtec.cat\/ieselfoix\/documents-de-centre\/normes-vi-activitats-periescolars\/","title":{"rendered":"Normes: VI. Activitats Periescolars"},"content":{"rendered":"\n<p class=\"has-text-align-right\"><em>Articles <\/em>57-66<\/p>\n\n\n\n<p>Article 57.<\/p>\n\n\n\n<blockquote class=\"wp-block-quote is-layout-flow wp-block-quote-is-layout-flow\">\n<p>Es consideren Activitats Periescolars aquelles que surten del marc habitual de l&#8217;hora de classe mat\u00e8ria\/aula o espai. Es poden diferenciar en:<\/p>\n\n\n\n<ul class=\"wp-block-list\">\n<li><strong>a) <\/strong>D&#8217;un dia o menys de durada\n<ul class=\"wp-block-list\">\n<li><strong>a.1)<\/strong> Programada per l&#8217;\u00e0rea de coneixement per\u00f2 abastant un horari major de l&#8217;hora\/classe. Pot ser realitzada en el propi Centre o fora d&#8217;aquest.<\/li>\n\n\n\n<li><strong>a.2 ) <\/strong>De car\u00e0cter convivencial i organitzades pel tutor o un altre professor com a element cohesionador del grup d\u2019alumnes.<\/li>\n<\/ul>\n<\/li>\n\n\n\n<li><strong>b)<\/strong> De m\u00e9s d&#8217;un dia de durada\n<ul class=\"wp-block-list\">\n<li><strong>b.1)<\/strong> De car\u00e0cter acad\u00e8mic, organitzades des d&#8217;un departament o mat\u00e8ria.<\/li>\n\n\n\n<li><strong>b.2)<\/strong> De viatge final de cicle o etapa.<\/li>\n<\/ul>\n<\/li>\n<\/ul>\n\n\n\n<p>En tots els casos, les activitats que es realitzin fora del Centre necessitaran l&#8217;autoritzaci\u00f3 del\/la Director\/a del Centre i hauran de respectar les normes establertes en el &#8220;Document de viatges&#8221; (annex I d\u2019aquestes normes).<br>Totes aquestes activitats estaran coordinades pel\/la coordinador\/a d&#8217;activitats i serveis escolars, els\/les coordinadors\/es de cicle i els\/les tutors\/es.<\/p>\n<\/blockquote>\n\n\n\n<p>Article 58.<\/p>\n\n\n\n<blockquote class=\"wp-block-quote is-layout-flow wp-block-quote-is-layout-flow\">\n<p>El Consell Escolar aprovar\u00e0, en iniciar-se el curs acad\u00e8mic, o amb antelaci\u00f3 d&#8217;un trimestre, el programa d&#8217;activitats periescolars de m\u00e9s d&#8217;un dia de durada, i de forma gen\u00e8rica totes aquelles programades des dels departaments o tutories que representin despla\u00e7aments exteriors al Centre i de durada inferior a un dia. Aquestes seran autoritzades pel\/per la Director\/a, el\/la qual informar\u00e0 al Consell Escolar en la primera reuni\u00f3 d&#8217;aquest.<\/p>\n<\/blockquote>\n\n\n\n<p>Article 59.<\/p>\n\n\n\n<blockquote class=\"wp-block-quote is-layout-flow wp-block-quote-is-layout-flow\">\n<p>Les activitats que afectin tot el Centre seran comunicades a Inspecci\u00f3 amb la deguda antelaci\u00f3.<\/p>\n<\/blockquote>\n\n\n\n<p>Article 60.<\/p>\n\n\n\n<blockquote class=\"wp-block-quote is-layout-flow wp-block-quote-is-layout-flow\">\n<p>Les activitats periescolars organitzades pels departaments o mat\u00e8ries i cr\u00e8dits dins del marc de la programaci\u00f3 oficial de la mat\u00e8ria i com a complement o ampliaci\u00f3 d\u2019aquesta, tindran car\u00e0cter obligatori per a l&#8217;alumnat.<br>Els\/les alumnes que per qualsevol motiu no puguin assistir a una activitat obligat\u00f2ria fora del Centre hauran de complir el seu horari lectiu en les depend\u00e8ncies del Centre.<\/p>\n<\/blockquote>\n\n\n\n<p>Article 61.<\/p>\n\n\n\n<blockquote class=\"wp-block-quote is-layout-flow wp-block-quote-is-layout-flow\">\n<p>L&#8217;horari d&#8217;activitats periescolars programades ser\u00e0 de compliment obligatori pel professorat.<\/p>\n<\/blockquote>\n\n\n\n<p>Article 62.<\/p>\n\n\n\n<blockquote class=\"wp-block-quote is-layout-flow wp-block-quote-is-layout-flow\">\n<p>L\u2019abs\u00e8ncia a classe d&#8217;un\/a professor\/a que es troba realitzant activitats fora del Centre ser\u00e0 coberta b\u00e0sicament pels professors que quedin sense classe.<\/p>\n<\/blockquote>\n\n\n\n<p>Article 63.<\/p>\n\n\n\n<blockquote class=\"wp-block-quote is-layout-flow wp-block-quote-is-layout-flow\">\n<p>Tota sortida fora del Centre ha de ser autoritzada pels pares o tutors dels alumnes que siguin menors d&#8217;edat. Cas que no hi hagi autoritzaci\u00f3, la direcci\u00f3 decidir\u00e0 en cada cas qu\u00e8 cal que facin els alumnes afectats.<br>Per tal que es pugui realitzar una sortida periescolar general del Centre o d&#8217;un nivell o grup determinat, caldr\u00e0 que hi vagi el 50% de l&#8217;alumnat afectat, o excepcionalment, un altre percentatge que l\u2019Equip Directiu consideri acceptable, depenent dels trets de la promoci\u00f3.<\/p>\n<\/blockquote>\n\n\n\n<p>Article 64.<\/p>\n\n\n\n<blockquote class=\"wp-block-quote is-layout-flow wp-block-quote-is-layout-flow\">\n<p>En les activitats que es realitzin fora de l&#8217;espai del Centre ser\u00e0 obligat\u00f2ria l&#8217;assist\u00e8ncia d&#8217;un\/a professor\/a acompanyant per cada 20 alumnes i fracci\u00f3 que participin en l&#8217;activitat, amb un m\u00ednim de dos professors.<\/p>\n<\/blockquote>\n\n\n\n<p>Article 65.<\/p>\n\n\n\n<blockquote class=\"wp-block-quote is-layout-flow wp-block-quote-is-layout-flow\">\n<p>El viatge fi de cicle o d&#8217;etapa ser\u00e0 organitzat pel Centre mitjan\u00e7ant els\/les tutors\/es, els\/les Coordinadors\/es de cicle i el\/la coordinador\/a d&#8217;activitats i serveis escolars, segons el que s\u2019hagi acordat a la Programaci\u00f3 General Anual i sempre respectant el que marca el &#8220;Document de Viatges&#8221; (annex I d\u2019aquestes normes) del Centre.<\/p>\n<\/blockquote>\n\n\n\n<p>Article 66.<\/p>\n\n\n\n<blockquote class=\"wp-block-quote is-layout-flow wp-block-quote-is-layout-flow\">\n<p>Tots aquells alumnes als quals se\u2019ls hagi obert un expedient disciplinari durant els tres mesos anteriors a la realitzaci\u00f3 d\u2019una sortida d\u2019aquest tipus no podran participar-hi. A m\u00e9s, l&#8217;equip docent podr\u00e0 decidir la no participaci\u00f3 d&#8217;algun alumne en qualsevol tipus de sortida per q\u00fcestions disciplin\u00e0ries, sense perjudici del que la normativa general prescriu al respecte.<\/p>\n<\/blockquote>\n\n\n\n<div class=\"wp-block-columns is-layout-flex wp-container-core-columns-is-layout-1 wp-block-columns-is-layout-flex\">\n<div class=\"wp-block-column is-layout-flow wp-block-column-is-layout-flow\">\n<p>\u25c0<a href=\"https:\/\/agora.xtec.cat\/ieselfoix\/documents-de-centre\/normes-iv-atencio-a-la-diversitat\/\" data-type=\"page\" data-id=\"5151\">Normes: IV. Atenci\u00f3 a la diversitat<\/a><\/p>\n<\/div>\n\n\n\n<div class=\"wp-block-column is-layout-flow wp-block-column-is-layout-flow\">\n<p class=\"has-text-align-right\"><a href=\"https:\/\/agora.xtec.cat\/ieselfoix\/documents-de-centre\/normes-vii-pares-i-mares\/\" data-type=\"page\" data-id=\"5161\">Normes: VII. Pares i Mares<\/a>\u25b6<\/p>\n<\/div>\n<\/div>\n","protected":false},"excerpt":{"rendered":"<p>Articles 57-66 Article 57. Article 58. El Consell Escolar aprovar\u00e0, en iniciar-se el curs acad\u00e8mic, o amb antelaci\u00f3 d&#8217;un trimestre, el programa d&#8217;activitats periescolars de m\u00e9s d&#8217;un dia de durada, i de forma gen\u00e8rica totes aquelles programades des dels departaments o tutories que representin despla\u00e7aments exteriors al Centre i de durada inferior a un dia. [&hellip;]<\/p>\n","protected":false},"author":16,"featured_media":0,"parent":2920,"menu_order":6,"comment_status":"closed","ping_status":"close","template":"","meta":{"_bbp_topic_count":0,"_bbp_reply_count":0,"_bbp_total_topic_count":0,"_bbp_total_reply_count":0,"_bbp_voice_count":0,"_bbp_anonymous_reply_count":0,"_bbp_topic_count_hidden":0,"_bbp_reply_count_hidden":0,"_bbp_forum_subforum_count":0,"site-sidebar-layout":"default","site-content-layout":"","ast-site-content-layout":"default","site-content-style":"default","site-sidebar-style":"default","ast-global-header-display":"","ast-banner-title-visibility":"","ast-main-header-display":"","ast-hfb-above-header-display":"","ast-hfb-below-header-display":"","ast-hfb-mobile-header-display":"","site-post-title":"","ast-breadcrumbs-content":"","ast-featured-img":"","footer-sml-layout":"","theme-transparent-header-meta":"","adv-header-id-meta":"","stick-header-meta":"","header-above-stick-meta":"","header-main-stick-meta":"","header-below-stick-meta":"","astra-migrate-meta-layouts":"set","ast-page-background-enabled":"default","ast-page-background-meta":{"desktop":{"background-color":"var(--ast-global-color-4)","background-image":"","background-repeat":"repeat","background-position":"center center","background-size":"auto","background-attachment":"scroll","background-type":"","background-media":"","overlay-type":"","overlay-color":"","overlay-opacity":"","overlay-gradient":""},"tablet":{"background-color":"","background-image":"","background-repeat":"repeat","background-position":"center center","background-size":"auto","background-attachment":"scroll","background-type":"","background-media":"","overlay-type":"","overlay-color":"","overlay-opacity":"","overlay-gradient":""},"mobile":{"background-color":"","background-image":"","background-repeat":"repeat","background-position":"center center","background-size":"auto","background-attachment":"scroll","background-type":"","background-media":"","overlay-type":"","overlay-color":"","overlay-opacity":"","overlay-gradient":""}},"ast-content-background-meta":{"desktop":{"background-color":"var(--ast-global-color-5)","background-image":"","background-repeat":"repeat","background-position":"center center","background-size":"auto","background-attachment":"scroll","background-type":"","background-media":"","overlay-type":"","overlay-color":"","overlay-opacity":"","overlay-gradient":""},"tablet":{"background-color":"var(--ast-global-color-5)","background-image":"","background-repeat":"repeat","background-position":"center center","background-size":"auto","background-attachment":"scroll","background-type":"","background-media":"","overlay-type":"","overlay-color":"","overlay-opacity":"","overlay-gradient":""},"mobile":{"background-color":"var(--ast-global-color-5)","background-image":"","background-repeat":"repeat","background-position":"center center","background-size":"auto","background-attachment":"scroll","background-type":"","background-media":"","overlay-type":"","overlay-color":"","overlay-opacity":"","overlay-gradient":""}},"footnotes":""},"class_list":["post-5156","page","type-page","status-publish","hentry"],"post_mailing_queue_ids":[],"_links":{"self":[{"href":"https:\/\/agora.xtec.cat\/ieselfoix\/wp-json\/wp\/v2\/pages\/5156","targetHints":{"allow":["GET"]}}],"collection":[{"href":"https:\/\/agora.xtec.cat\/ieselfoix\/wp-json\/wp\/v2\/pages"}],"about":[{"href":"https:\/\/agora.xtec.cat\/ieselfoix\/wp-json\/wp\/v2\/types\/page"}],"author":[{"embeddable":true,"href":"https:\/\/agora.xtec.cat\/ieselfoix\/wp-json\/wp\/v2\/users\/16"}],"replies":[{"embeddable":true,"href":"https:\/\/agora.xtec.cat\/ieselfoix\/wp-json\/wp\/v2\/comments?post=5156"}],"version-history":[{"count":5,"href":"https:\/\/agora.xtec.cat\/ieselfoix\/wp-json\/wp\/v2\/pages\/5156\/revisions"}],"predecessor-version":[{"id":5356,"href":"https:\/\/agora.xtec.cat\/ieselfoix\/wp-json\/wp\/v2\/pages\/5156\/revisions\/5356"}],"up":[{"embeddable":true,"href":"https:\/\/agora.xtec.cat\/ieselfoix\/wp-json\/wp\/v2\/pages\/2920"}],"wp:attachment":[{"href":"https:\/\/agora.xtec.cat\/ieselfoix\/wp-json\/wp\/v2\/media?parent=5156"}],"curies":[{"name":"wp","href":"https:\/\/api.w.org\/{rel}","templated":true}]}}