{"id":5024,"date":"2025-11-20T17:48:23","date_gmt":"2025-11-20T16:48:23","guid":{"rendered":"https:\/\/agora.xtec.cat\/ieselfoix\/?page_id=5024"},"modified":"2025-11-27T08:24:34","modified_gmt":"2025-11-27T07:24:34","slug":"el-nostre-logo","status":"publish","type":"page","link":"https:\/\/agora.xtec.cat\/ieselfoix\/el-nostre-logo\/","title":{"rendered":"El nostre logo"},"content":{"rendered":"\n<figure class=\"wp-block-video\"><video autoplay loop muted preload=\"auto\" src=\"https:\/\/agora.xtec.cat\/ieselfoix\/wp-content\/uploads\/usu1158\/2025\/11\/Transformar-logo-El-Foix-800.mp4\" playsinline><\/video><\/figure>\n\n\n\n<h5 class=\"wp-block-heading\">Una met\u00e0fora de creixement i vida<\/h5>\n\n\n\n<p>Com el riu Foix recorre les nostres contrades portant vida a cada rac\u00f3 que toca, aix\u00ed l&#8217;Institut el Foix vol ser aquella aigua clara i fresca que nodreix el creixement dels nostres joves.<\/p>\n\n\n\n<p>El riu no s&#8217;atura mai: flueix constant, gener\u00f3s, tena\u00e7. Rega les terres, alimenta les arrels, i fa que els arbres creixin forts i segurs cap al cel. De la mateixa manera, l&#8217;Institut ofereix cada dia el coneixement i l&#8217;acompanyament necessaris perqu\u00e8 cada alumne trobi el seu cam\u00ed, enforteixi les seves arrels i s&#8217;aixequi amb confian\u00e7a cap al futur.<\/p>\n\n\n\n<div class=\"wp-block-media-text has-media-on-the-right is-stacked-on-mobile\" style=\"grid-template-columns:auto 25%\"><div class=\"wp-block-media-text__content\">\n<p>L&#8217;arbre del nostre logotip no \u00e9s nom\u00e9s un s\u00edmbol: \u00e9s una promessa. Cada branca representa una possibilitat, cada fulla un somni, cada fruit una esperan\u00e7a feta realitat. Com els arbres que creixen vora el riu, els nostres estudiants es nodreixin de sabers, valors i experi\u00e8ncies que els faran cr\u00e9ixer sans, forts i ben formats.<\/p>\n\n\n\n<p>Els colors verds i terrosos ens parlen de natura, de proximitat, d&#8217;arrels ben fermes a la terra que ens veu n\u00e9ixer. El tra\u00e7 sinu\u00f3s del riu ens recorda que el cam\u00ed de l&#8217;aprenentatge no \u00e9s recte, sin\u00f3 ple de corbes, descobertes i aventures. I en cada revolt, l&#8217;Institut hi \u00e9s present: acompanyant, guiant, aportant aquella aigua clara i nova que cada generaci\u00f3 necessita.<\/p>\n\n\n\n<p>Perqu\u00e8 aix\u00ed com el Foix ha estat des de temps immemorials la font de vida de la nostra comarca, l&#8217;Institut vol ser la font de coneixement, valors i oportunitats per al jovent de Santa Margarida i els Monjos i de totes les contrades ve\u00efnes.<\/p>\n<\/div><figure class=\"wp-block-media-text__media\"><img loading=\"lazy\" decoding=\"async\" width=\"774\" height=\"927\" src=\"https:\/\/agora.xtec.cat\/ieselfoix\/wp-content\/uploads\/usu1158\/2025\/11\/Projecte-Educatiu.png\" alt=\"\" class=\"wp-image-4847 size-full\" srcset=\"https:\/\/agora.xtec.cat\/ieselfoix\/wp-content\/uploads\/usu1158\/2025\/11\/Projecte-Educatiu.png 774w, https:\/\/agora.xtec.cat\/ieselfoix\/wp-content\/uploads\/usu1158\/2025\/11\/Projecte-Educatiu-250x300.png 250w, https:\/\/agora.xtec.cat\/ieselfoix\/wp-content\/uploads\/usu1158\/2025\/11\/Projecte-Educatiu-768x920.png 768w\" sizes=\"auto, (max-width: 774px) 100vw, 774px\" \/><\/figure><\/div>\n\n\n\n<p class=\"has-ast-global-color-0-color has-text-color has-link-color has-large-font-size wp-elements-21f5601cdb8a0d01147d17fcac68442a\">Som riu. Som arbre. Som creixement. Som futur.<\/p>\n\n\n\n<p><\/p>\n","protected":false},"excerpt":{"rendered":"<p>Una met\u00e0fora de creixement i vida Com el riu Foix recorre les nostres contrades portant vida a cada rac\u00f3 que toca, aix\u00ed l&#8217;Institut el Foix vol ser aquella aigua clara i fresca que nodreix el creixement dels nostres joves. El riu no s&#8217;atura mai: flueix constant, gener\u00f3s, tena\u00e7. Rega les terres, alimenta les arrels, i [&hellip;]<\/p>\n","protected":false},"author":16,"featured_media":0,"parent":0,"menu_order":0,"comment_status":"closed","ping_status":"close","template":"","meta":{"_bbp_topic_count":0,"_bbp_reply_count":0,"_bbp_total_topic_count":0,"_bbp_total_reply_count":0,"_bbp_voice_count":0,"_bbp_anonymous_reply_count":0,"_bbp_topic_count_hidden":0,"_bbp_reply_count_hidden":0,"_bbp_forum_subforum_count":0,"site-sidebar-layout":"default","site-content-layout":"","ast-site-content-layout":"default","site-content-style":"default","site-sidebar-style":"default","ast-global-header-display":"","ast-banner-title-visibility":"","ast-main-header-display":"","ast-hfb-above-header-display":"","ast-hfb-below-header-display":"","ast-hfb-mobile-header-display":"","site-post-title":"","ast-breadcrumbs-content":"","ast-featured-img":"","footer-sml-layout":"","theme-transparent-header-meta":"","adv-header-id-meta":"","stick-header-meta":"","header-above-stick-meta":"","header-main-stick-meta":"","header-below-stick-meta":"","astra-migrate-meta-layouts":"set","ast-page-background-enabled":"default","ast-page-background-meta":{"desktop":{"background-color":"var(--ast-global-color-4)","background-image":"","background-repeat":"repeat","background-position":"center center","background-size":"auto","background-attachment":"scroll","background-type":"","background-media":"","overlay-type":"","overlay-color":"","overlay-opacity":"","overlay-gradient":""},"tablet":{"background-color":"","background-image":"","background-repeat":"repeat","background-position":"center center","background-size":"auto","background-attachment":"scroll","background-type":"","background-media":"","overlay-type":"","overlay-color":"","overlay-opacity":"","overlay-gradient":""},"mobile":{"background-color":"","background-image":"","background-repeat":"repeat","background-position":"center center","background-size":"auto","background-attachment":"scroll","background-type":"","background-media":"","overlay-type":"","overlay-color":"","overlay-opacity":"","overlay-gradient":""}},"ast-content-background-meta":{"desktop":{"background-color":"var(--ast-global-color-5)","background-image":"","background-repeat":"repeat","background-position":"center center","background-size":"auto","background-attachment":"scroll","background-type":"","background-media":"","overlay-type":"","overlay-color":"","overlay-opacity":"","overlay-gradient":""},"tablet":{"background-color":"var(--ast-global-color-5)","background-image":"","background-repeat":"repeat","background-position":"center center","background-size":"auto","background-attachment":"scroll","background-type":"","background-media":"","overlay-type":"","overlay-color":"","overlay-opacity":"","overlay-gradient":""},"mobile":{"background-color":"var(--ast-global-color-5)","background-image":"","background-repeat":"repeat","background-position":"center center","background-size":"auto","background-attachment":"scroll","background-type":"","background-media":"","overlay-type":"","overlay-color":"","overlay-opacity":"","overlay-gradient":""}},"footnotes":""},"class_list":["post-5024","page","type-page","status-publish","hentry"],"post_mailing_queue_ids":[],"_links":{"self":[{"href":"https:\/\/agora.xtec.cat\/ieselfoix\/wp-json\/wp\/v2\/pages\/5024","targetHints":{"allow":["GET"]}}],"collection":[{"href":"https:\/\/agora.xtec.cat\/ieselfoix\/wp-json\/wp\/v2\/pages"}],"about":[{"href":"https:\/\/agora.xtec.cat\/ieselfoix\/wp-json\/wp\/v2\/types\/page"}],"author":[{"embeddable":true,"href":"https:\/\/agora.xtec.cat\/ieselfoix\/wp-json\/wp\/v2\/users\/16"}],"replies":[{"embeddable":true,"href":"https:\/\/agora.xtec.cat\/ieselfoix\/wp-json\/wp\/v2\/comments?post=5024"}],"version-history":[{"count":6,"href":"https:\/\/agora.xtec.cat\/ieselfoix\/wp-json\/wp\/v2\/pages\/5024\/revisions"}],"predecessor-version":[{"id":5440,"href":"https:\/\/agora.xtec.cat\/ieselfoix\/wp-json\/wp\/v2\/pages\/5024\/revisions\/5440"}],"wp:attachment":[{"href":"https:\/\/agora.xtec.cat\/ieselfoix\/wp-json\/wp\/v2\/media?parent=5024"}],"curies":[{"name":"wp","href":"https:\/\/api.w.org\/{rel}","templated":true}]}}