{"id":468,"date":"2017-06-30T23:19:42","date_gmt":"2017-06-30T21:19:42","guid":{"rendered":"http:\/\/agora.xtec.cat\/ieselfoix\/?page_id=468"},"modified":"2025-10-07T13:31:26","modified_gmt":"2025-10-07T11:31:26","slug":"ampa","status":"publish","type":"page","link":"https:\/\/agora.xtec.cat\/ieselfoix\/ampa\/","title":{"rendered":"AMPA i AFA"},"content":{"rendered":"<h6 style=\"text-align: justify;\"><strong>El nostre objectiu \u00e9s participar i col\u00b7laborar amb la resta d\u2019estaments que componen la comunitat educativa,<br \/>\namb la finalitat d\u2019aconseguir un ensenyament p\u00fablic de qualitat en el nostre institut.<\/strong><strong>\u00a0<\/strong><\/h6>\n<p><strong><br \/>\nLes nostres funcions<\/strong><\/p>\n<ul>\n<li>Ajuda econ\u00f2mica per la millora d\u2019equipaments de l\u2019institut<\/li>\n<li>Col\u00b7laboraci\u00f3 i organitzaci\u00f3 d\u2019activitats extraescolars (teatre, angl\u00e8s)<\/li>\n<li>Ajuts econ\u00f2mics per a les fam\u00edlies membres de l\u2019AMPA : descomptes en extraescolars, subvenci\u00f3 d\u2019activitats educatives, avantatges econ\u00f2mics en comer\u00e7os locals, etc&#8230;<\/li>\n<li>Organitzaci\u00f3 de xerrades informatives sobre temes d\u2019inter\u00e8s.<\/li>\n<li>Representaci\u00f3 dels interessos de les fam\u00edlies en el consell escolar del centre.<\/li>\n<li>Ajuda econ\u00f2mica al servei de biblioteca.<\/li>\n<li>Participaci\u00f3 i col\u00b7laboraci\u00f3 en la Festa de l&#8217;Esport<\/li>\n<li>Col\u00b7laboraci\u00f3 econ\u00f2mica en les beques per als millors estudiants de 1r i 2n cicle d&#8217;ESO<\/li>\n<\/ul>\n<p><strong>Quotes<\/strong><\/p>\n<ul>\n<li>25 \u20ac per fam\u00edlia<\/li>\n<\/ul>\n<p><strong>Contacte amb l\u2019AMPA<\/strong><\/p>\n<ul>\n<li>Per correu : b\u00fastia de l\u2019AMPA, a l\u2019Institut<\/li>\n<li>Correu electr\u00f2nic : <a href=\"mailto:ampaieselfoix@gmail.com\">ampaieselfoix@gmail.com<\/a><\/li>\n<li>Reunions : el primer dimecres de mes, a la tarda<\/li>\n<\/ul>\n<p><strong><br \/>\nLa junta de l\u2019AMPA<\/strong><\/p>\n<p>&nbsp;<\/p>\n","protected":false},"excerpt":{"rendered":"<p>El nostre objectiu \u00e9s participar i col\u00b7laborar amb la resta d\u2019estaments que componen la comunitat educativa, amb la finalitat d\u2019aconseguir un ensenyament p\u00fablic de qualitat en el nostre institut.\u00a0 Les nostres funcions Ajuda econ\u00f2mica per la millora d\u2019equipaments de l\u2019institut Col\u00b7laboraci\u00f3 i organitzaci\u00f3 d\u2019activitats extraescolars (teatre, angl\u00e8s) Ajuts econ\u00f2mics per a les fam\u00edlies membres de [&hellip;]<\/p>\n","protected":false},"author":1,"featured_media":0,"parent":0,"menu_order":0,"comment_status":"closed","ping_status":"closed","template":"","meta":{"_bbp_topic_count":0,"_bbp_reply_count":0,"_bbp_total_topic_count":0,"_bbp_total_reply_count":0,"_bbp_voice_count":0,"_bbp_anonymous_reply_count":0,"_bbp_topic_count_hidden":0,"_bbp_reply_count_hidden":0,"_bbp_forum_subforum_count":0,"site-sidebar-layout":"default","site-content-layout":"","ast-site-content-layout":"","site-content-style":"default","site-sidebar-style":"default","ast-global-header-display":"","ast-banner-title-visibility":"","ast-main-header-display":"","ast-hfb-above-header-display":"","ast-hfb-below-header-display":"","ast-hfb-mobile-header-display":"","site-post-title":"","ast-breadcrumbs-content":"","ast-featured-img":"","footer-sml-layout":"","theme-transparent-header-meta":"","adv-header-id-meta":"","stick-header-meta":"","header-above-stick-meta":"","header-main-stick-meta":"","header-below-stick-meta":"","astra-migrate-meta-layouts":"default","ast-page-background-enabled":"default","ast-page-background-meta":{"desktop":{"background-color":"var(--ast-global-color-4)","background-image":"","background-repeat":"repeat","background-position":"center center","background-size":"auto","background-attachment":"scroll","background-type":"","background-media":"","overlay-type":"","overlay-color":"","overlay-opacity":"","overlay-gradient":""},"tablet":{"background-color":"","background-image":"","background-repeat":"repeat","background-position":"center center","background-size":"auto","background-attachment":"scroll","background-type":"","background-media":"","overlay-type":"","overlay-color":"","overlay-opacity":"","overlay-gradient":""},"mobile":{"background-color":"","background-image":"","background-repeat":"repeat","background-position":"center center","background-size":"auto","background-attachment":"scroll","background-type":"","background-media":"","overlay-type":"","overlay-color":"","overlay-opacity":"","overlay-gradient":""}},"ast-content-background-meta":{"desktop":{"background-color":"var(--ast-global-color-5)","background-image":"","background-repeat":"repeat","background-position":"center center","background-size":"auto","background-attachment":"scroll","background-type":"","background-media":"","overlay-type":"","overlay-color":"","overlay-opacity":"","overlay-gradient":""},"tablet":{"background-color":"var(--ast-global-color-5)","background-image":"","background-repeat":"repeat","background-position":"center center","background-size":"auto","background-attachment":"scroll","background-type":"","background-media":"","overlay-type":"","overlay-color":"","overlay-opacity":"","overlay-gradient":""},"mobile":{"background-color":"var(--ast-global-color-5)","background-image":"","background-repeat":"repeat","background-position":"center center","background-size":"auto","background-attachment":"scroll","background-type":"","background-media":"","overlay-type":"","overlay-color":"","overlay-opacity":"","overlay-gradient":""}},"footnotes":""},"class_list":["post-468","page","type-page","status-publish","hentry"],"post_mailing_queue_ids":[],"_links":{"self":[{"href":"https:\/\/agora.xtec.cat\/ieselfoix\/wp-json\/wp\/v2\/pages\/468","targetHints":{"allow":["GET"]}}],"collection":[{"href":"https:\/\/agora.xtec.cat\/ieselfoix\/wp-json\/wp\/v2\/pages"}],"about":[{"href":"https:\/\/agora.xtec.cat\/ieselfoix\/wp-json\/wp\/v2\/types\/page"}],"author":[{"embeddable":true,"href":"https:\/\/agora.xtec.cat\/ieselfoix\/wp-json\/wp\/v2\/users\/1"}],"replies":[{"embeddable":true,"href":"https:\/\/agora.xtec.cat\/ieselfoix\/wp-json\/wp\/v2\/comments?post=468"}],"version-history":[{"count":5,"href":"https:\/\/agora.xtec.cat\/ieselfoix\/wp-json\/wp\/v2\/pages\/468\/revisions"}],"predecessor-version":[{"id":4167,"href":"https:\/\/agora.xtec.cat\/ieselfoix\/wp-json\/wp\/v2\/pages\/468\/revisions\/4167"}],"wp:attachment":[{"href":"https:\/\/agora.xtec.cat\/ieselfoix\/wp-json\/wp\/v2\/media?parent=468"}],"curies":[{"name":"wp","href":"https:\/\/api.w.org\/{rel}","templated":true}]}}