{"id":3577,"date":"2024-09-12T12:59:05","date_gmt":"2024-09-12T10:59:05","guid":{"rendered":"https:\/\/agora.xtec.cat\/ieselfoix\/?page_id=3577"},"modified":"2025-07-10T10:45:38","modified_gmt":"2025-07-10T08:45:38","slug":"cfpm","status":"publish","type":"page","link":"https:\/\/agora.xtec.cat\/ieselfoix\/cfpm\/","title":{"rendered":"CFPM: Preinscripci\u00f3 i Matr\u00edcula"},"content":{"rendered":"<p><strong>CFPM &#8211; Cicles de formaci\u00f3 professional de grau mitj\u00e0<\/strong><\/p>\n<ul>\n<li>Llista de preinscrits<\/li>\n<\/ul>\n<p><iframe loading=\"lazy\" src=\"https:\/\/drive.google.com\/file\/d\/18t5IdrW3mG810bOZg-btEKUgOT-YP4jr\/preview\" width=\"640\" height=\"480\"><\/iframe><\/p>\n<ul>\n<li>Llista d&#8217;admesos 1a tanda<\/li>\n<\/ul>\n<p><iframe loading=\"lazy\" src=\"https:\/\/drive.google.com\/file\/d\/1rnwlvp6CdIfMLEQK4eg2aqxF6q5Ygdj7\/preview\" width=\"640\" height=\"480\"><\/iframe><\/p>\n<ul>\n<li>Informaci\u00f3 Preinscripci\u00f3 CFPM Curs 2025-2026<\/li>\n<\/ul>\n<p><iframe loading=\"lazy\" src=\"https:\/\/drive.google.com\/file\/d\/1AvKwswgidfcbSs0_2aJrhGVePlwpjwtI\/preview\" width=\"640\" height=\"480\"><\/iframe><\/p>\n<ul>\n<li><strong>Oferta places definitiva<\/strong><\/li>\n<\/ul>\n<p><iframe loading=\"lazy\" src=\"https:\/\/drive.google.com\/file\/d\/1LwIfr6ZkWsjZcjHIAus-fTV9YsUBoDz8\/preview\" width=\"640\" height=\"480\"><\/iframe><\/p>\n<ul>\n<li>Oferta Inicial<\/li>\n<\/ul>\n<p><iframe loading=\"lazy\" src=\"https:\/\/drive.google.com\/file\/d\/1y8CD5Vfpn4mIpW7SfVG14vdOODUO8eRV\/preview\" width=\"640\" height=\"480\"><\/iframe><\/p>\n<ul>\n<li>Llista del barem provisional<\/li>\n<\/ul>\n<p><iframe loading=\"lazy\" src=\"https:\/\/drive.google.com\/file\/d\/1_f7xiq8hf8CPAXDYGnb6Q4EMlh5xHNBT\/preview\" width=\"640\" height=\"480\"><\/iframe><\/p>\n<ul>\n<li>Llista barem amb reclamacions resoltes<\/li>\n<\/ul>\n<p><iframe loading=\"lazy\" src=\"https:\/\/drive.google.com\/file\/d\/12Hbb-oXSwoysTkgOJaJmQsN-DSKDl_JM\/preview\" width=\"640\" height=\"480\"><\/iframe><\/p>\n<ul>\n<li>Vacants<\/li>\n<li>Llistes de sol\u00b7licituds, assignacions&#8230;<\/li>\n<\/ul>\n<p>&nbsp;<\/p>\n","protected":false},"excerpt":{"rendered":"<p>CFPM &#8211; Cicles de formaci\u00f3 professional de grau mitj\u00e0 Llista de preinscrits Llista d&#8217;admesos 1a tanda Informaci\u00f3 Preinscripci\u00f3 CFPM Curs 2025-2026 Oferta places definitiva Oferta Inicial Llista del barem provisional Llista barem amb reclamacions resoltes Vacants Llistes de sol\u00b7licituds, assignacions&#8230; &nbsp;<\/p>\n","protected":false},"author":14,"featured_media":0,"parent":0,"menu_order":0,"comment_status":"closed","ping_status":"closed","template":"","meta":{"_bbp_topic_count":0,"_bbp_reply_count":0,"_bbp_total_topic_count":0,"_bbp_total_reply_count":0,"_bbp_voice_count":0,"_bbp_anonymous_reply_count":0,"_bbp_topic_count_hidden":0,"_bbp_reply_count_hidden":0,"_bbp_forum_subforum_count":0,"site-sidebar-layout":"default","site-content-layout":"","ast-site-content-layout":"","site-content-style":"default","site-sidebar-style":"default","ast-global-header-display":"","ast-banner-title-visibility":"","ast-main-header-display":"","ast-hfb-above-header-display":"","ast-hfb-below-header-display":"","ast-hfb-mobile-header-display":"","site-post-title":"","ast-breadcrumbs-content":"","ast-featured-img":"","footer-sml-layout":"","theme-transparent-header-meta":"","adv-header-id-meta":"","stick-header-meta":"","header-above-stick-meta":"","header-main-stick-meta":"","header-below-stick-meta":"","astra-migrate-meta-layouts":"default","ast-page-background-enabled":"default","ast-page-background-meta":{"desktop":{"background-color":"var(--ast-global-color-4)","background-image":"","background-repeat":"repeat","background-position":"center center","background-size":"auto","background-attachment":"scroll","background-type":"","background-media":"","overlay-type":"","overlay-color":"","overlay-opacity":"","overlay-gradient":""},"tablet":{"background-color":"","background-image":"","background-repeat":"repeat","background-position":"center center","background-size":"auto","background-attachment":"scroll","background-type":"","background-media":"","overlay-type":"","overlay-color":"","overlay-opacity":"","overlay-gradient":""},"mobile":{"background-color":"","background-image":"","background-repeat":"repeat","background-position":"center center","background-size":"auto","background-attachment":"scroll","background-type":"","background-media":"","overlay-type":"","overlay-color":"","overlay-opacity":"","overlay-gradient":""}},"ast-content-background-meta":{"desktop":{"background-color":"var(--ast-global-color-5)","background-image":"","background-repeat":"repeat","background-position":"center center","background-size":"auto","background-attachment":"scroll","background-type":"","background-media":"","overlay-type":"","overlay-color":"","overlay-opacity":"","overlay-gradient":""},"tablet":{"background-color":"var(--ast-global-color-5)","background-image":"","background-repeat":"repeat","background-position":"center center","background-size":"auto","background-attachment":"scroll","background-type":"","background-media":"","overlay-type":"","overlay-color":"","overlay-opacity":"","overlay-gradient":""},"mobile":{"background-color":"var(--ast-global-color-5)","background-image":"","background-repeat":"repeat","background-position":"center center","background-size":"auto","background-attachment":"scroll","background-type":"","background-media":"","overlay-type":"","overlay-color":"","overlay-opacity":"","overlay-gradient":""}},"footnotes":""},"class_list":["post-3577","page","type-page","status-publish","hentry"],"post_mailing_queue_ids":[],"_links":{"self":[{"href":"https:\/\/agora.xtec.cat\/ieselfoix\/wp-json\/wp\/v2\/pages\/3577","targetHints":{"allow":["GET"]}}],"collection":[{"href":"https:\/\/agora.xtec.cat\/ieselfoix\/wp-json\/wp\/v2\/pages"}],"about":[{"href":"https:\/\/agora.xtec.cat\/ieselfoix\/wp-json\/wp\/v2\/types\/page"}],"author":[{"embeddable":true,"href":"https:\/\/agora.xtec.cat\/ieselfoix\/wp-json\/wp\/v2\/users\/14"}],"replies":[{"embeddable":true,"href":"https:\/\/agora.xtec.cat\/ieselfoix\/wp-json\/wp\/v2\/comments?post=3577"}],"version-history":[{"count":7,"href":"https:\/\/agora.xtec.cat\/ieselfoix\/wp-json\/wp\/v2\/pages\/3577\/revisions"}],"predecessor-version":[{"id":3891,"href":"https:\/\/agora.xtec.cat\/ieselfoix\/wp-json\/wp\/v2\/pages\/3577\/revisions\/3891"}],"wp:attachment":[{"href":"https:\/\/agora.xtec.cat\/ieselfoix\/wp-json\/wp\/v2\/media?parent=3577"}],"curies":[{"name":"wp","href":"https:\/\/api.w.org\/{rel}","templated":true}]}}