{"id":3465,"date":"2024-05-15T15:48:09","date_gmt":"2024-05-15T13:48:09","guid":{"rendered":"https:\/\/agora.xtec.cat\/ieselfoix\/?page_id=3465"},"modified":"2024-05-15T15:49:49","modified_gmt":"2024-05-15T13:49:49","slug":"avaluacio","status":"publish","type":"page","link":"https:\/\/agora.xtec.cat\/ieselfoix\/estrategia-digital-de-centre-2\/estrategia\/avaluacio\/","title":{"rendered":"Avaluaci\u00f3"},"content":{"rendered":"<div class=\"flex flex-grow flex-col max-w-full\">\n<div class=\"min-h-[20px] text-message flex flex-col items-start whitespace-pre-wrap break-words [.text-message+&amp;]:mt-5 juice:w-full juice:items-end overflow-x-auto gap-3\" dir=\"auto\" data-message-author-role=\"assistant\" data-message-id=\"75d4744c-5177-4f39-8f63-87d8e78fd2dc\">\n<div class=\"markdown prose w-full break-words dark:prose-invert light\">\n<p><a href=\"https:\/\/agora.xtec.cat\/ieselfoix\/wp-content\/uploads\/usu1158\/2024\/05\/avaluacio.jpg\"><img loading=\"lazy\" decoding=\"async\" class=\"wp-image-3467 alignleft\" src=\"https:\/\/agora.xtec.cat\/ieselfoix\/wp-content\/uploads\/usu1158\/2024\/05\/avaluacio.jpg\" alt=\"\" width=\"291\" height=\"169\" srcset=\"https:\/\/agora.xtec.cat\/ieselfoix\/wp-content\/uploads\/usu1158\/2024\/05\/avaluacio.jpg 768w, https:\/\/agora.xtec.cat\/ieselfoix\/wp-content\/uploads\/usu1158\/2024\/05\/avaluacio-300x173.jpg 300w\" sizes=\"auto, (max-width: 291px) 100vw, 291px\" \/><\/a>L\u2019avaluaci\u00f3 del centre es realitzar\u00e0 de manera cont\u00ednua pels responsables dels indicadors dels diferents objectius i actuacions de l\u2019EDC.<\/p>\n<p>Al final del curs, durant la reuni\u00f3 de valoraci\u00f3, s\u2019analitzar\u00e0 el treball realitzat durant l\u2019any i l\u2019estat de l\u2019EDC al centre. Es revisaran els objectius i actuacions establerts per al curs, determinant-ne el grau d\u2019assoliment a partir dels indicadors plantejats. A partir d\u2019aquesta avaluaci\u00f3, es revisaran els objectius per al curs seg\u00fcent o, si cal, se n\u2019iniciaran de nous segons les necessitats detectades.<\/p>\n<\/div>\n<\/div>\n<\/div>\n<div class=\"mt-1 flex gap-3 empty:hidden juice:-ml-3\">\n<div class=\"-ml-1 mt-0 flex h-7 items-center justify-center gap-[2px] self-end text-gray-400 lg:justify-start lg:self-center visible\"><\/div>\n<\/div>\n","protected":false},"excerpt":{"rendered":"<p>L\u2019avaluaci\u00f3 del centre es realitzar\u00e0 de manera cont\u00ednua pels responsables dels indicadors dels diferents objectius i actuacions de l\u2019EDC. Al final del curs, durant la reuni\u00f3 de valoraci\u00f3, s\u2019analitzar\u00e0 el treball realitzat durant l\u2019any i l\u2019estat de l\u2019EDC al centre. Es revisaran els objectius i actuacions establerts per al curs, determinant-ne el grau d\u2019assoliment a [&hellip;]<\/p>\n","protected":false},"author":5,"featured_media":0,"parent":3442,"menu_order":3,"comment_status":"closed","ping_status":"closed","template":"page-templates\/side-menu.php","meta":{"_bbp_topic_count":0,"_bbp_reply_count":0,"_bbp_total_topic_count":0,"_bbp_total_reply_count":0,"_bbp_voice_count":0,"_bbp_anonymous_reply_count":0,"_bbp_topic_count_hidden":0,"_bbp_reply_count_hidden":0,"_bbp_forum_subforum_count":0,"site-sidebar-layout":"default","site-content-layout":"","ast-site-content-layout":"","site-content-style":"default","site-sidebar-style":"default","ast-global-header-display":"","ast-banner-title-visibility":"","ast-main-header-display":"","ast-hfb-above-header-display":"","ast-hfb-below-header-display":"","ast-hfb-mobile-header-display":"","site-post-title":"","ast-breadcrumbs-content":"","ast-featured-img":"","footer-sml-layout":"","theme-transparent-header-meta":"","adv-header-id-meta":"","stick-header-meta":"","header-above-stick-meta":"","header-main-stick-meta":"","header-below-stick-meta":"","astra-migrate-meta-layouts":"default","ast-page-background-enabled":"default","ast-page-background-meta":{"desktop":{"background-color":"var(--ast-global-color-4)","background-image":"","background-repeat":"repeat","background-position":"center center","background-size":"auto","background-attachment":"scroll","background-type":"","background-media":"","overlay-type":"","overlay-color":"","overlay-opacity":"","overlay-gradient":""},"tablet":{"background-color":"","background-image":"","background-repeat":"repeat","background-position":"center center","background-size":"auto","background-attachment":"scroll","background-type":"","background-media":"","overlay-type":"","overlay-color":"","overlay-opacity":"","overlay-gradient":""},"mobile":{"background-color":"","background-image":"","background-repeat":"repeat","background-position":"center center","background-size":"auto","background-attachment":"scroll","background-type":"","background-media":"","overlay-type":"","overlay-color":"","overlay-opacity":"","overlay-gradient":""}},"ast-content-background-meta":{"desktop":{"background-color":"var(--ast-global-color-5)","background-image":"","background-repeat":"repeat","background-position":"center center","background-size":"auto","background-attachment":"scroll","background-type":"","background-media":"","overlay-type":"","overlay-color":"","overlay-opacity":"","overlay-gradient":""},"tablet":{"background-color":"var(--ast-global-color-5)","background-image":"","background-repeat":"repeat","background-position":"center center","background-size":"auto","background-attachment":"scroll","background-type":"","background-media":"","overlay-type":"","overlay-color":"","overlay-opacity":"","overlay-gradient":""},"mobile":{"background-color":"var(--ast-global-color-5)","background-image":"","background-repeat":"repeat","background-position":"center center","background-size":"auto","background-attachment":"scroll","background-type":"","background-media":"","overlay-type":"","overlay-color":"","overlay-opacity":"","overlay-gradient":""}},"footnotes":""},"class_list":["post-3465","page","type-page","status-publish","hentry"],"post_mailing_queue_ids":[],"_links":{"self":[{"href":"https:\/\/agora.xtec.cat\/ieselfoix\/wp-json\/wp\/v2\/pages\/3465","targetHints":{"allow":["GET"]}}],"collection":[{"href":"https:\/\/agora.xtec.cat\/ieselfoix\/wp-json\/wp\/v2\/pages"}],"about":[{"href":"https:\/\/agora.xtec.cat\/ieselfoix\/wp-json\/wp\/v2\/types\/page"}],"author":[{"embeddable":true,"href":"https:\/\/agora.xtec.cat\/ieselfoix\/wp-json\/wp\/v2\/users\/5"}],"replies":[{"embeddable":true,"href":"https:\/\/agora.xtec.cat\/ieselfoix\/wp-json\/wp\/v2\/comments?post=3465"}],"version-history":[{"count":3,"href":"https:\/\/agora.xtec.cat\/ieselfoix\/wp-json\/wp\/v2\/pages\/3465\/revisions"}],"predecessor-version":[{"id":3469,"href":"https:\/\/agora.xtec.cat\/ieselfoix\/wp-json\/wp\/v2\/pages\/3465\/revisions\/3469"}],"up":[{"embeddable":true,"href":"https:\/\/agora.xtec.cat\/ieselfoix\/wp-json\/wp\/v2\/pages\/3442"}],"wp:attachment":[{"href":"https:\/\/agora.xtec.cat\/ieselfoix\/wp-json\/wp\/v2\/media?parent=3465"}],"curies":[{"name":"wp","href":"https:\/\/api.w.org\/{rel}","templated":true}]}}