{"id":3078,"date":"2023-11-07T12:10:12","date_gmt":"2023-11-07T11:10:12","guid":{"rendered":"https:\/\/agora.xtec.cat\/ieselfoix\/?page_id=3078"},"modified":"2025-10-07T13:31:43","modified_gmt":"2025-10-07T11:31:43","slug":"estrategia-digital-de-centre-2","status":"publish","type":"page","link":"https:\/\/agora.xtec.cat\/ieselfoix\/estrategia-digital-de-centre-2\/","title":{"rendered":"Estrat\u00e8gia Digital"},"content":{"rendered":"<p><a href=\"https:\/\/agora.xtec.cat\/ieselfoix\/wp-content\/uploads\/usu1158\/2023\/11\/edc.png\"><img loading=\"lazy\" decoding=\"async\" class=\"alignnone wp-image-3086 size-full\" src=\"https:\/\/agora.xtec.cat\/ieselfoix\/wp-content\/uploads\/usu1158\/2023\/11\/edc.png\" alt=\"\" width=\"1472\" height=\"175\" srcset=\"https:\/\/agora.xtec.cat\/ieselfoix\/wp-content\/uploads\/usu1158\/2023\/11\/edc.png 1472w, https:\/\/agora.xtec.cat\/ieselfoix\/wp-content\/uploads\/usu1158\/2023\/11\/edc-300x36.png 300w, https:\/\/agora.xtec.cat\/ieselfoix\/wp-content\/uploads\/usu1158\/2023\/11\/edc-1024x122.png 1024w, https:\/\/agora.xtec.cat\/ieselfoix\/wp-content\/uploads\/usu1158\/2023\/11\/edc-768x91.png 768w\" sizes=\"auto, (max-width: 1472px) 100vw, 1472px\" \/><\/a><\/p>\n<p style=\"text-align: justify;\">L\u2019Estrat\u00e8gia Digital de Centre (EDC) \u00e9s un document que recull totes les accions que es realitzen al centre, i les que es realitzaran a mitj\u00e0 termini, per aconseguir la m\u00e0xima compet\u00e8ncia digital de l\u2019alumnat, del professorat i del centre educatiu. T\u00e9 com a referent el <strong><a href=\"https:\/\/educacio.gencat.cat\/ca\/departament\/linies-estrategiques\/pla-educacio-digital\/\">Pla d\u2019educaci\u00f3 digital de Catalunya<\/a><\/strong>\u00a0(PEDC), on s\u2019indica la necessitat d\u2019assolir la fita d\u2019una societat digitalment competent, fent \u00e8mfasi en l\u2019equitat i tenint en compte l\u2019evoluci\u00f3 del context social i tecnol\u00f2gic.<\/p>\n<p><a href=\"https:\/\/agora.xtec.cat\/ieselfoix\/wp-content\/uploads\/usu1158\/2024\/05\/1_Que-es-lEDC_v3-1-1024x724-1.jpg\"><img loading=\"lazy\" decoding=\"async\" class=\"alignnone size-full wp-image-3443\" src=\"https:\/\/agora.xtec.cat\/ieselfoix\/wp-content\/uploads\/usu1158\/2024\/05\/1_Que-es-lEDC_v3-1-1024x724-1.jpg\" alt=\"\" width=\"1024\" height=\"724\" srcset=\"https:\/\/agora.xtec.cat\/ieselfoix\/wp-content\/uploads\/usu1158\/2024\/05\/1_Que-es-lEDC_v3-1-1024x724-1.jpg 1024w, https:\/\/agora.xtec.cat\/ieselfoix\/wp-content\/uploads\/usu1158\/2024\/05\/1_Que-es-lEDC_v3-1-1024x724-1-300x212.jpg 300w, https:\/\/agora.xtec.cat\/ieselfoix\/wp-content\/uploads\/usu1158\/2024\/05\/1_Que-es-lEDC_v3-1-1024x724-1-768x543.jpg 768w\" sizes=\"auto, (max-width: 1024px) 100vw, 1024px\" \/><\/a><\/p>\n<p>&nbsp;<\/p>\n<p style=\"text-align: center;\"><a class=\"button normal\" style=\"padding: 1em; font-weight: 400; margin: 0.1em; color: white !important; background-color: #ff5a26bf;\" href=\"https:\/\/agora.xtec.cat\/ieselfoix\/estrategia-digital-de-centre-2\/estrategia\/\" target=\"_blank\" rel=\"noopener noreferrer\">ESTRAT\u00c8GIA DIGITAL<\/a>\u00a0 \u00a0 \u00a0<a class=\"button normal\" style=\"padding: 1em; font-weight: 400; margin: 0.1em; color: white !important; background-color: #087eb6;\" href=\"https:\/\/agora.xtec.cat\/ieselfoix\/estrategia-digital-de-centre-2\/cultura-digital-2\/\" target=\"_blank\" rel=\"noopener noreferrer\">CULTURA DIGITAL<\/a><\/p>\n","protected":false},"excerpt":{"rendered":"<p>L\u2019Estrat\u00e8gia Digital de Centre (EDC) \u00e9s un document que recull totes les accions que es realitzen al centre, i les que es realitzaran a mitj\u00e0 termini, per aconseguir la m\u00e0xima compet\u00e8ncia digital de l\u2019alumnat, del professorat i del centre educatiu. T\u00e9 com a referent el Pla d\u2019educaci\u00f3 digital de Catalunya\u00a0(PEDC), on s\u2019indica la necessitat d\u2019assolir [&hellip;]<\/p>\n","protected":false},"author":11,"featured_media":0,"parent":0,"menu_order":0,"comment_status":"closed","ping_status":"closed","template":"","meta":{"_bbp_topic_count":0,"_bbp_reply_count":0,"_bbp_total_topic_count":0,"_bbp_total_reply_count":0,"_bbp_voice_count":0,"_bbp_anonymous_reply_count":0,"_bbp_topic_count_hidden":0,"_bbp_reply_count_hidden":0,"_bbp_forum_subforum_count":0,"site-sidebar-layout":"default","site-content-layout":"","ast-site-content-layout":"","site-content-style":"default","site-sidebar-style":"default","ast-global-header-display":"","ast-banner-title-visibility":"","ast-main-header-display":"","ast-hfb-above-header-display":"","ast-hfb-below-header-display":"","ast-hfb-mobile-header-display":"","site-post-title":"","ast-breadcrumbs-content":"","ast-featured-img":"","footer-sml-layout":"","theme-transparent-header-meta":"","adv-header-id-meta":"","stick-header-meta":"","header-above-stick-meta":"","header-main-stick-meta":"","header-below-stick-meta":"","astra-migrate-meta-layouts":"default","ast-page-background-enabled":"default","ast-page-background-meta":{"desktop":{"background-color":"var(--ast-global-color-4)","background-image":"","background-repeat":"repeat","background-position":"center center","background-size":"auto","background-attachment":"scroll","background-type":"","background-media":"","overlay-type":"","overlay-color":"","overlay-opacity":"","overlay-gradient":""},"tablet":{"background-color":"","background-image":"","background-repeat":"repeat","background-position":"center center","background-size":"auto","background-attachment":"scroll","background-type":"","background-media":"","overlay-type":"","overlay-color":"","overlay-opacity":"","overlay-gradient":""},"mobile":{"background-color":"","background-image":"","background-repeat":"repeat","background-position":"center center","background-size":"auto","background-attachment":"scroll","background-type":"","background-media":"","overlay-type":"","overlay-color":"","overlay-opacity":"","overlay-gradient":""}},"ast-content-background-meta":{"desktop":{"background-color":"var(--ast-global-color-5)","background-image":"","background-repeat":"repeat","background-position":"center center","background-size":"auto","background-attachment":"scroll","background-type":"","background-media":"","overlay-type":"","overlay-color":"","overlay-opacity":"","overlay-gradient":""},"tablet":{"background-color":"var(--ast-global-color-5)","background-image":"","background-repeat":"repeat","background-position":"center center","background-size":"auto","background-attachment":"scroll","background-type":"","background-media":"","overlay-type":"","overlay-color":"","overlay-opacity":"","overlay-gradient":""},"mobile":{"background-color":"var(--ast-global-color-5)","background-image":"","background-repeat":"repeat","background-position":"center center","background-size":"auto","background-attachment":"scroll","background-type":"","background-media":"","overlay-type":"","overlay-color":"","overlay-opacity":"","overlay-gradient":""}},"footnotes":""},"class_list":["post-3078","page","type-page","status-publish","hentry"],"post_mailing_queue_ids":[],"_links":{"self":[{"href":"https:\/\/agora.xtec.cat\/ieselfoix\/wp-json\/wp\/v2\/pages\/3078","targetHints":{"allow":["GET"]}}],"collection":[{"href":"https:\/\/agora.xtec.cat\/ieselfoix\/wp-json\/wp\/v2\/pages"}],"about":[{"href":"https:\/\/agora.xtec.cat\/ieselfoix\/wp-json\/wp\/v2\/types\/page"}],"author":[{"embeddable":true,"href":"https:\/\/agora.xtec.cat\/ieselfoix\/wp-json\/wp\/v2\/users\/11"}],"replies":[{"embeddable":true,"href":"https:\/\/agora.xtec.cat\/ieselfoix\/wp-json\/wp\/v2\/comments?post=3078"}],"version-history":[{"count":6,"href":"https:\/\/agora.xtec.cat\/ieselfoix\/wp-json\/wp\/v2\/pages\/3078\/revisions"}],"predecessor-version":[{"id":4168,"href":"https:\/\/agora.xtec.cat\/ieselfoix\/wp-json\/wp\/v2\/pages\/3078\/revisions\/4168"}],"wp:attachment":[{"href":"https:\/\/agora.xtec.cat\/ieselfoix\/wp-json\/wp\/v2\/media?parent=3078"}],"curies":[{"name":"wp","href":"https:\/\/api.w.org\/{rel}","templated":true}]}}