{"id":2920,"date":"2023-06-27T10:06:33","date_gmt":"2023-06-27T08:06:33","guid":{"rendered":"https:\/\/agora.xtec.cat\/ieselfoix\/?page_id=2920"},"modified":"2025-11-27T09:59:43","modified_gmt":"2025-11-27T08:59:43","slug":"documents-de-centre","status":"publish","type":"page","link":"https:\/\/agora.xtec.cat\/ieselfoix\/documents-de-centre\/","title":{"rendered":"Normes del centre"},"content":{"rendered":"\n<h2 class=\"wp-block-heading\">Normes d\u2019organitzaci\u00f3 i funcionament del Centre <strong><strong style=\"font-size: 1.4375em;\">(NOFC)<\/strong><\/strong><\/h2>\n\n\n\n<div class=\"wp-block-columns is-layout-flex wp-container-core-columns-is-layout-1 wp-block-columns-is-layout-flex\">\n<div class=\"wp-block-column is-layout-flow wp-block-column-is-layout-flow\" style=\"flex-basis:33.33%\"><ul class=\"wp-block-page-list has-medium-font-size\"><li class=\"wp-block-pages-list__item\"><a class=\"wp-block-pages-list__item__link\" href=\"https:\/\/agora.xtec.cat\/ieselfoix\/documents-de-centre\/normes-introduccio\/\">Normes: Introducci\u00f3<\/a><\/li><li class=\"wp-block-pages-list__item\"><a class=\"wp-block-pages-list__item__link\" href=\"https:\/\/agora.xtec.cat\/ieselfoix\/documents-de-centre\/normes-i-consideracions-generals\/\">Normes: I. Consideracions generals<\/a><\/li><li class=\"wp-block-pages-list__item\"><a class=\"wp-block-pages-list__item__link\" href=\"https:\/\/agora.xtec.cat\/ieselfoix\/documents-de-centre\/normes-ii-estructura-organitzativa\/\">Normes: II. Estructura organitzativa<\/a><\/li><li class=\"wp-block-pages-list__item\"><a class=\"wp-block-pages-list__item__link\" href=\"https:\/\/agora.xtec.cat\/ieselfoix\/documents-de-centre\/normes-iii-lavaluacio\/\">Normes: III. L&#8217;avaluaci\u00f3<\/a><\/li><li class=\"wp-block-pages-list__item\"><a class=\"wp-block-pages-list__item__link\" href=\"https:\/\/agora.xtec.cat\/ieselfoix\/documents-de-centre\/normes-iv-atencio-a-la-diversitat\/\">Normes: IV. Atenci\u00f3 a la diversitat<\/a><\/li><li class=\"wp-block-pages-list__item\"><a class=\"wp-block-pages-list__item__link\" href=\"https:\/\/agora.xtec.cat\/ieselfoix\/documents-de-centre\/normes-vi-activitats-periescolars\/\">Normes: VI. Activitats Periescolars<\/a><\/li><li class=\"wp-block-pages-list__item\"><a class=\"wp-block-pages-list__item__link\" href=\"https:\/\/agora.xtec.cat\/ieselfoix\/documents-de-centre\/normes-vii-pares-i-mares\/\">Normes: VII. Pares i Mares<\/a><\/li><li class=\"wp-block-pages-list__item\"><a class=\"wp-block-pages-list__item__link\" href=\"https:\/\/agora.xtec.cat\/ieselfoix\/documents-de-centre\/normes-viii-el-professorat\/\">Normes: VIII. El professorat<\/a><\/li><li class=\"wp-block-pages-list__item\"><a class=\"wp-block-pages-list__item__link\" href=\"https:\/\/agora.xtec.cat\/ieselfoix\/documents-de-centre\/normes-ix-els-les-alumnes\/\">Normes: IX. Els\/Les alumnes<\/a><\/li><li class=\"wp-block-pages-list__item\"><a class=\"wp-block-pages-list__item__link\" href=\"https:\/\/agora.xtec.cat\/ieselfoix\/documents-de-centre\/normes-x-personal-no-docent\/\">Normes: X. Personal no docent<\/a><\/li><li class=\"wp-block-pages-list__item\"><a class=\"wp-block-pages-list__item__link\" href=\"https:\/\/agora.xtec.cat\/ieselfoix\/documents-de-centre\/normes-xi-normativa-propia\/\">Normes: XI. Normativa pr\u00f2pia<\/a><\/li><li class=\"wp-block-pages-list__item\"><a class=\"wp-block-pages-list__item__link\" href=\"https:\/\/agora.xtec.cat\/ieselfoix\/documents-de-centre\/normes-xii-annex-i\/\">Normes: XII. Annex I &#8211; Viatges Escolars<\/a><\/li><li class=\"wp-block-pages-list__item\"><a class=\"wp-block-pages-list__item__link\" href=\"https:\/\/agora.xtec.cat\/ieselfoix\/documents-de-centre\/normes-xii-annex-ii-carta-de-compromis-educatiu\/\">Normes: XII. Annex II &#8211; Carta de Comprom\u00eds educatiu<\/a><\/li><li class=\"wp-block-pages-list__item\"><a class=\"wp-block-pages-list__item__link\" href=\"https:\/\/agora.xtec.cat\/ieselfoix\/documents-de-centre\/normes-xii-annex-iii-us-dels-ordinadors-dels-alumnes\/\">Normes: XII. ANNEX III &#8211; \u00das dels ordinadors dels alumnes<\/a><\/li><li class=\"wp-block-pages-list__item\"><a class=\"wp-block-pages-list__item__link\" href=\"https:\/\/agora.xtec.cat\/ieselfoix\/documents-de-centre\/normes-xii-annex-iv-protocol-per-consum-de-drogues\/\">Normes: XII. Annex IV &#8211; Protocol per consum de drogues<\/a><\/li><li class=\"wp-block-pages-list__item\"><a class=\"wp-block-pages-list__item__link\" href=\"https:\/\/agora.xtec.cat\/ieselfoix\/documents-de-centre\/normes-xii-annex-v-transport-escolar\/\">Normes: XII. Annex V &#8211; Transport Escolar<\/a><\/li><\/ul><\/div>\n\n\n\n<div class=\"wp-block-column is-layout-flow wp-block-column-is-layout-flow\" style=\"flex-basis:66.66%\">\n<p>L\u2019Institut \u00e9s un lloc on s\u2019apr\u00e8n i, sobretot, s\u2019hi conviu. La relaci\u00f3 i la proximitat entre alumnes, professors i personal no docent obliga a seguir unes normes b\u00e0siques. Per poder mantenir aquestes relacions no es permet portar auriculars ni aparells que facin soroll i molestin els altres.<\/p>\n\n\n\n<p>Pensa que la comunicaci\u00f3 entre les persones s&#8217;ha de fer amb la paraula i no amb el crit. Cal <strong><mark style=\"background-color:rgba(0, 0, 0, 0)\" class=\"has-inline-color has-ast-global-color-0-color\">moderar el to de veu<\/mark> <\/strong>a les hores de classe i als passadissos. Potser hi ha grups que encara fan classe. Tracta tothom amb respecte, tal com t\u2019agrada que et tractin a tu. Aquest respecte s\u2019ha de mantenir dins i fora de l\u2019Institut. Els conflictes que apareguin cal resoldre\u2019s amb el <strong><mark style=\"background-color:rgba(0, 0, 0, 0)\" class=\"has-inline-color has-ast-global-color-0-color\">di\u00e0leg, mai amb l\u2019insult o la viol\u00e8ncia<\/mark> <\/strong>f\u00edsica.<\/p>\n\n\n\n<p><strong><mark style=\"background-color:rgba(0, 0, 0, 0)\" class=\"has-inline-color has-ast-global-color-0-color\">Cal ser puntual<\/mark><\/strong>. Si algun alumne arriba fins a 5 minuts m\u00e9s tard, entrar\u00e0 a classe i el professor li posar\u00e0 el retard corresponent (3 retards de la mateixa mat\u00e8ria = 1 comunicat d\u2019incid\u00e8ncia).<\/p>\n\n\n\n<p>A l\u2019inici i al canvi de classes sonar\u00e0 un timbre. Al cap d\u2019uns instants comen\u00e7ar\u00e0 la classe, per tant, cal tenir el material a punt. Si has de canviar d&#8217;aula o anar al gimn\u00e0s, cal recollir el material el m\u00e9s aviat possible i sortir. <strong><mark style=\"background-color:rgba(0, 0, 0, 0)\" class=\"has-inline-color has-ast-global-color-0-color\">Les aules han de quedar tancades<\/mark><\/strong><mark style=\"background-color:rgba(0, 0, 0, 0)\" class=\"has-inline-color has-ast-global-color-0-color\"> <\/mark>a l\u2019hora d\u2019esbarjo i sempre que quedin buides. A l\u2019hora d\u2019Educaci\u00f3 F\u00edsica haur\u00e0s de desar el teu port\u00e0til, aix\u00ed com la resta de les teves pertinences a la taquilla del gimn\u00e0s.<\/p>\n\n\n\n<p>Aprofita les hores d\u2019esbarjo per anar al lavabo. Com a norma general <strong><mark style=\"background-color:rgba(0, 0, 0, 0)\" class=\"has-inline-color has-ast-global-color-0-color\">no \u00e9s perm\u00e8s d\u2019anar al lavabo a les hores de canvi de classe<\/mark><\/strong>.<\/p>\n\n\n\n<p><strong><mark style=\"background-color:rgba(0, 0, 0, 0)\" class=\"has-inline-color has-ast-global-color-0-color\">No s&#8217;ha de sortir al passad\u00eds si no heu de canviar de classe<\/mark><\/strong>, aquest \u00e9s per ser usat com a zona de pas.<\/p>\n\n\n\n<p>Per entrar i sortir de la zona de les aules heu d\u2019<strong><mark style=\"background-color:rgba(0, 0, 0, 0)\" class=\"has-inline-color has-ast-global-color-0-color\">utilitzar les escales principals<\/mark><\/strong>. Les escales d\u2019emerg\u00e8ncia, han de servir precisament per aix\u00f2, i per agilitzar el despla\u00e7ament del professorat. L\u2019ascensor \u00e9s d\u2019\u00fas exclusiu per a les persones que per algun motiu no puguin pujar les escales.<\/p>\n\n\n\n<p><strong><mark style=\"background-color:rgba(0, 0, 0, 0)\" class=\"has-inline-color has-ast-global-color-0-color\">Al final de la darrera classe<\/mark><\/strong> de cada dia us heu d&#8217;assegurar que tots els <strong><mark style=\"background-color:rgba(0, 0, 0, 0)\" class=\"has-inline-color has-ast-global-color-0-color\">llums estiguin apagats i les cadires damunt les taules<\/mark><\/strong>. Penseu que amb aquest costum evitem molta feina a les persones encarregades de la neteja.<\/p>\n\n\n\n<p>Totes les coses i espais de l&#8217;Institut estan al servei dels membres de la comunitat. El<strong> <\/strong><mark style=\"background-color:rgba(0, 0, 0, 0)\" class=\"has-inline-color has-ast-global-color-0-color\"><strong>respecte al material i a l\u2019edifici<\/strong> <\/mark>posa a prova la nostra capacitat de ser civilitzats. La primera cosa que cal fer per tenir un lloc net \u00e9s <strong><mark style=\"background-color:rgba(0, 0, 0, 0)\" class=\"has-inline-color has-ast-global-color-0-color\">no embrutar-lo<\/mark><\/strong> (terra, parets, taules, cadires, pati, etc.). I cal que estigui net per respecte a les persones que despr\u00e9s l&#8217;han d&#8217;utilitzar i a nosaltres mateixos.<\/p>\n\n\n\n<p>Pensem que l\u2019Institut \u00e9s nostre i l\u2019hem de tractar com tractem casa nostra.<strong> <mark style=\"background-color:rgba(0, 0, 0, 0)\" class=\"has-inline-color has-ast-global-color-0-color\">El material <\/mark><\/strong>d\u2019\u00fas com\u00fa (llibres de la biblioteca, jocs, material de laboratori, ordinadors, etc.) \u00e9s tamb\u00e9 nostre i <strong><mark style=\"background-color:rgba(0, 0, 0, 0)\" class=\"has-inline-color has-ast-global-color-0-color\">n\u2019hem de tenir cura<\/mark><\/strong> com tenim cura de les nostres coses. <\/p>\n\n\n\n<p>Les disposicions vigents i la salut de tots <strong><mark style=\"background-color:rgba(0, 0, 0, 0)\" class=\"has-inline-color has-ast-global-color-0-color\">prohibeixen fumar a l&#8217;interior i proximitats del centre, aix\u00ed com portar i consumir begudes alcoh\u00f2liques<\/mark>.<\/strong><\/p>\n<\/div>\n<\/div>\n\n\n\n<div class=\"wp-block-columns is-layout-flex wp-container-core-columns-is-layout-2 wp-block-columns-is-layout-flex\">\n<div class=\"wp-block-column is-layout-flow wp-block-column-is-layout-flow\">\n<p class=\"has-text-align-right\"><a href=\"https:\/\/agora.xtec.cat\/ieselfoix\/documents-de-centre\/normes-introduccio\/\" data-type=\"page\" data-id=\"5096\">Normes: Introducci\u00f3<\/a>\u25b6<\/p>\n<\/div>\n<\/div>\n","protected":false},"excerpt":{"rendered":"<p>Normes d\u2019organitzaci\u00f3 i funcionament del Centre (NOFC) L\u2019Institut \u00e9s un lloc on s\u2019apr\u00e8n i, sobretot, s\u2019hi conviu. La relaci\u00f3 i la proximitat entre alumnes, professors i personal no docent obliga a seguir unes normes b\u00e0siques. Per poder mantenir aquestes relacions no es permet portar auriculars ni aparells que facin soroll i molestin els altres. Pensa [&hellip;]<\/p>\n","protected":false},"author":11,"featured_media":0,"parent":0,"menu_order":0,"comment_status":"closed","ping_status":"closed","template":"","meta":{"_bbp_topic_count":0,"_bbp_reply_count":0,"_bbp_total_topic_count":0,"_bbp_total_reply_count":0,"_bbp_voice_count":0,"_bbp_anonymous_reply_count":0,"_bbp_topic_count_hidden":0,"_bbp_reply_count_hidden":0,"_bbp_forum_subforum_count":0,"site-sidebar-layout":"no-sidebar","site-content-layout":"","ast-site-content-layout":"default","site-content-style":"unboxed","site-sidebar-style":"default","ast-global-header-display":"","ast-banner-title-visibility":"","ast-main-header-display":"","ast-hfb-above-header-display":"","ast-hfb-below-header-display":"","ast-hfb-mobile-header-display":"","site-post-title":"","ast-breadcrumbs-content":"","ast-featured-img":"","footer-sml-layout":"","theme-transparent-header-meta":"","adv-header-id-meta":"","stick-header-meta":"","header-above-stick-meta":"","header-main-stick-meta":"","header-below-stick-meta":"","astra-migrate-meta-layouts":"set","ast-page-background-enabled":"default","ast-page-background-meta":{"desktop":{"background-color":"var(--ast-global-color-4)","background-image":"","background-repeat":"repeat","background-position":"center center","background-size":"auto","background-attachment":"scroll","background-type":"","background-media":"","overlay-type":"","overlay-color":"","overlay-opacity":"","overlay-gradient":""},"tablet":{"background-color":"","background-image":"","background-repeat":"repeat","background-position":"center center","background-size":"auto","background-attachment":"scroll","background-type":"","background-media":"","overlay-type":"","overlay-color":"","overlay-opacity":"","overlay-gradient":""},"mobile":{"background-color":"","background-image":"","background-repeat":"repeat","background-position":"center center","background-size":"auto","background-attachment":"scroll","background-type":"","background-media":"","overlay-type":"","overlay-color":"","overlay-opacity":"","overlay-gradient":""}},"ast-content-background-meta":{"desktop":{"background-color":"var(--ast-global-color-5)","background-image":"","background-repeat":"repeat","background-position":"center center","background-size":"auto","background-attachment":"scroll","background-type":"","background-media":"","overlay-type":"","overlay-color":"","overlay-opacity":"","overlay-gradient":""},"tablet":{"background-color":"var(--ast-global-color-5)","background-image":"","background-repeat":"repeat","background-position":"center center","background-size":"auto","background-attachment":"scroll","background-type":"","background-media":"","overlay-type":"","overlay-color":"","overlay-opacity":"","overlay-gradient":""},"mobile":{"background-color":"var(--ast-global-color-5)","background-image":"","background-repeat":"repeat","background-position":"center center","background-size":"auto","background-attachment":"scroll","background-type":"","background-media":"","overlay-type":"","overlay-color":"","overlay-opacity":"","overlay-gradient":""}},"footnotes":""},"class_list":["post-2920","page","type-page","status-publish","hentry"],"post_mailing_queue_ids":[],"_links":{"self":[{"href":"https:\/\/agora.xtec.cat\/ieselfoix\/wp-json\/wp\/v2\/pages\/2920","targetHints":{"allow":["GET"]}}],"collection":[{"href":"https:\/\/agora.xtec.cat\/ieselfoix\/wp-json\/wp\/v2\/pages"}],"about":[{"href":"https:\/\/agora.xtec.cat\/ieselfoix\/wp-json\/wp\/v2\/types\/page"}],"author":[{"embeddable":true,"href":"https:\/\/agora.xtec.cat\/ieselfoix\/wp-json\/wp\/v2\/users\/11"}],"replies":[{"embeddable":true,"href":"https:\/\/agora.xtec.cat\/ieselfoix\/wp-json\/wp\/v2\/comments?post=2920"}],"version-history":[{"count":6,"href":"https:\/\/agora.xtec.cat\/ieselfoix\/wp-json\/wp\/v2\/pages\/2920\/revisions"}],"predecessor-version":[{"id":5461,"href":"https:\/\/agora.xtec.cat\/ieselfoix\/wp-json\/wp\/v2\/pages\/2920\/revisions\/5461"}],"wp:attachment":[{"href":"https:\/\/agora.xtec.cat\/ieselfoix\/wp-json\/wp\/v2\/media?parent=2920"}],"curies":[{"name":"wp","href":"https:\/\/api.w.org\/{rel}","templated":true}]}}