{"id":2330,"date":"2022-04-20T21:53:40","date_gmt":"2022-04-20T19:53:40","guid":{"rendered":"https:\/\/agora.xtec.cat\/ieselfoix\/?page_id=2330"},"modified":"2025-07-22T10:23:20","modified_gmt":"2025-07-22T08:23:20","slug":"pfi-preinscripcio-i-matricula","status":"publish","type":"page","link":"https:\/\/agora.xtec.cat\/ieselfoix\/pfi-preinscripcio-i-matricula\/","title":{"rendered":"PFI: Preinscripci\u00f3 i matr\u00edcula"},"content":{"rendered":"<h4><strong>Curs 2025 &#8211; 2026:<\/strong><\/h4>\n<div><\/div>\n<ul>\n<li><strong>Preinscripci\u00f3 PFI<\/strong><\/li>\n<\/ul>\n<p><iframe loading=\"lazy\" src=\"https:\/\/drive.google.com\/file\/d\/1vDxcGHUVHeFugbfHCrhHIE-umc5qnnX7\/preview\" width=\"640\" height=\"480\"><\/iframe><\/p>\n<ul>\n<li><strong>Oferta Definitiva:<\/strong><\/li>\n<\/ul>\n<p><iframe loading=\"lazy\" src=\"https:\/\/drive.google.com\/file\/d\/1XhdMhTF0IPT4kC3Wli6FO_w6Hlgsf5cC\/preview\" width=\"640\" height=\"480\"><\/iframe><\/p>\n<ul>\n<li><strong>Barem provisional:<\/strong><\/li>\n<\/ul>\n<p><iframe loading=\"lazy\" src=\"https:\/\/drive.google.com\/file\/d\/1RK8MYHo6BEwZUQ-ezSJwjWxr00msDkvD\/preview\" width=\"640\" height=\"480\"><\/iframe><\/p>\n<ul>\n<li><strong>Barem definitiu:<\/strong><\/li>\n<\/ul>\n<p><iframe loading=\"lazy\" src=\"https:\/\/drive.google.com\/file\/d\/1VSm8l35LwfPXp1FLOdHYqHZQVia0gwLW\/preview\" width=\"640\" height=\"480\"><\/iframe><\/p>\n<ul>\n<li><strong><strong>Llista ordenada primera petici\u00f3:<\/strong><\/strong><\/li>\n<\/ul>\n<p><iframe loading=\"lazy\" src=\"https:\/\/drive.google.com\/file\/d\/1nzz3KdNe1Jdh88wdorVnQP9QL3yiuo4f\/preview\" width=\"640\" height=\"480\"><\/iframe><\/p>\n<ul>\n<li><strong><strong>Llistat preinscrits:<br \/>\n<\/strong><\/strong><\/li>\n<\/ul>\n<p><iframe loading=\"lazy\" src=\"https:\/\/drive.google.com\/file\/d\/1sc9TCJ_8cQMScvcEsHEOdkql0w342Uxz\/preview\" width=\"640\" height=\"480\"><\/iframe><\/p>\n<ul>\n<li><strong><strong>Llista d&#8217;admesos al centre:<\/strong><\/strong><\/li>\n<\/ul>\n<p><iframe loading=\"lazy\" src=\"https:\/\/drive.google.com\/file\/d\/12tGhDBYbkl-wYzkoNA-zom5iDbT1PMF_\/preview\" width=\"640\" height=\"480\"><\/iframe><\/p>\n<ul>\n<li><strong>Llista Admesos 2 tanda<\/strong><\/li>\n<\/ul>\n<p><iframe loading=\"lazy\" src=\"https:\/\/drive.google.com\/file\/d\/1WPa-5gIlRImomLWuDBBWwLEntJFn4G_T\/preview\" width=\"640\" height=\"480\"><\/iframe><\/p>\n<ul>\n<li><strong>Llista d&#8217;espera:<\/strong><\/li>\n<li><strong>Presentaci\u00f3 PFI:\u00a0<\/strong><\/li>\n<\/ul>\n<p><iframe loading=\"lazy\" src=\"https:\/\/drive.google.com\/file\/d\/19iV3FVFSL9Y9W4a7oiN_yzBlw8DwyGOo\/preview\" width=\"640\" height=\"480\"><\/iframe><\/p>\n<p><iframe loading=\"lazy\" src=\"https:\/\/drive.google.com\/file\/d\/1-GClGxX-wc-8ld6BEo7s8zQQIjV9jZjQ\/preview\" width=\"640\" height=\"480\"><\/iframe><\/p>\n<p><iframe loading=\"lazy\" src=\"https:\/\/drive.google.com\/file\/d\/1HtF8pUJ8vzpPU1IZqR9jxz5vZ0Ocjur_\/preview\" width=\"640\" height=\"480\"><\/iframe><\/p>\n<p><iframe loading=\"lazy\" src=\"https:\/\/drive.google.com\/file\/d\/1g-cmNn1HJm9uhj41NzqxqrHypfBLZ_Ww\/preview\" width=\"640\" height=\"480\"><\/iframe><\/p>\n<p><iframe loading=\"lazy\" src=\"https:\/\/drive.google.com\/file\/d\/1RqK4DVIgMGPQcG2ETBllq-R-OJYP55Ml\/preview\" width=\"640\" height=\"480\"><\/iframe><\/p>\n<ul>\n<li><strong>Jornada de Portes Obertes<\/strong><br \/>\n\ud83d\udcc5\u00a0<strong>Dia:<\/strong>\u00a025 d\u2019abril<br \/>\n\u23f0\u00a0<strong>Hora:<\/strong> De 10:00 a 13:00 h (A les 10:30 Reuni\u00f3 informativa)<br \/>\n\ud83d\udccd\u00a0<strong>Lloc:<\/strong>\u00a0Masia Mas Catarro (Avinguda Mas Catarro, sense n\u00famero, Els Monjos)<\/li>\n<\/ul>\n<h4><\/h4>\n","protected":false},"excerpt":{"rendered":"<p>Curs 2025 &#8211; 2026: Preinscripci\u00f3 PFI Oferta Definitiva: Barem provisional: Barem definitiu: Llista ordenada primera petici\u00f3: Llistat preinscrits: Llista d&#8217;admesos al centre: Llista Admesos 2 tanda Llista d&#8217;espera: Presentaci\u00f3 PFI:\u00a0 Jornada de Portes Obertes \ud83d\udcc5\u00a0Dia:\u00a025 d\u2019abril \u23f0\u00a0Hora: De 10:00 a 13:00 h (A les 10:30 Reuni\u00f3 informativa) \ud83d\udccd\u00a0Lloc:\u00a0Masia Mas Catarro (Avinguda Mas Catarro, sense n\u00famero, [&hellip;]<\/p>\n","protected":false},"author":11,"featured_media":0,"parent":0,"menu_order":0,"comment_status":"closed","ping_status":"closed","template":"","meta":{"_bbp_topic_count":0,"_bbp_reply_count":0,"_bbp_total_topic_count":0,"_bbp_total_reply_count":0,"_bbp_voice_count":0,"_bbp_anonymous_reply_count":0,"_bbp_topic_count_hidden":0,"_bbp_reply_count_hidden":0,"_bbp_forum_subforum_count":0,"site-sidebar-layout":"default","site-content-layout":"","ast-site-content-layout":"","site-content-style":"default","site-sidebar-style":"default","ast-global-header-display":"","ast-banner-title-visibility":"","ast-main-header-display":"","ast-hfb-above-header-display":"","ast-hfb-below-header-display":"","ast-hfb-mobile-header-display":"","site-post-title":"","ast-breadcrumbs-content":"","ast-featured-img":"","footer-sml-layout":"","theme-transparent-header-meta":"","adv-header-id-meta":"","stick-header-meta":"","header-above-stick-meta":"","header-main-stick-meta":"","header-below-stick-meta":"","astra-migrate-meta-layouts":"default","ast-page-background-enabled":"default","ast-page-background-meta":{"desktop":{"background-color":"var(--ast-global-color-4)","background-image":"","background-repeat":"repeat","background-position":"center center","background-size":"auto","background-attachment":"scroll","background-type":"","background-media":"","overlay-type":"","overlay-color":"","overlay-opacity":"","overlay-gradient":""},"tablet":{"background-color":"","background-image":"","background-repeat":"repeat","background-position":"center center","background-size":"auto","background-attachment":"scroll","background-type":"","background-media":"","overlay-type":"","overlay-color":"","overlay-opacity":"","overlay-gradient":""},"mobile":{"background-color":"","background-image":"","background-repeat":"repeat","background-position":"center center","background-size":"auto","background-attachment":"scroll","background-type":"","background-media":"","overlay-type":"","overlay-color":"","overlay-opacity":"","overlay-gradient":""}},"ast-content-background-meta":{"desktop":{"background-color":"var(--ast-global-color-5)","background-image":"","background-repeat":"repeat","background-position":"center center","background-size":"auto","background-attachment":"scroll","background-type":"","background-media":"","overlay-type":"","overlay-color":"","overlay-opacity":"","overlay-gradient":""},"tablet":{"background-color":"var(--ast-global-color-5)","background-image":"","background-repeat":"repeat","background-position":"center center","background-size":"auto","background-attachment":"scroll","background-type":"","background-media":"","overlay-type":"","overlay-color":"","overlay-opacity":"","overlay-gradient":""},"mobile":{"background-color":"var(--ast-global-color-5)","background-image":"","background-repeat":"repeat","background-position":"center center","background-size":"auto","background-attachment":"scroll","background-type":"","background-media":"","overlay-type":"","overlay-color":"","overlay-opacity":"","overlay-gradient":""}},"footnotes":""},"class_list":["post-2330","page","type-page","status-publish","hentry"],"post_mailing_queue_ids":[],"_links":{"self":[{"href":"https:\/\/agora.xtec.cat\/ieselfoix\/wp-json\/wp\/v2\/pages\/2330","targetHints":{"allow":["GET"]}}],"collection":[{"href":"https:\/\/agora.xtec.cat\/ieselfoix\/wp-json\/wp\/v2\/pages"}],"about":[{"href":"https:\/\/agora.xtec.cat\/ieselfoix\/wp-json\/wp\/v2\/types\/page"}],"author":[{"embeddable":true,"href":"https:\/\/agora.xtec.cat\/ieselfoix\/wp-json\/wp\/v2\/users\/11"}],"replies":[{"embeddable":true,"href":"https:\/\/agora.xtec.cat\/ieselfoix\/wp-json\/wp\/v2\/comments?post=2330"}],"version-history":[{"count":8,"href":"https:\/\/agora.xtec.cat\/ieselfoix\/wp-json\/wp\/v2\/pages\/2330\/revisions"}],"predecessor-version":[{"id":3892,"href":"https:\/\/agora.xtec.cat\/ieselfoix\/wp-json\/wp\/v2\/pages\/2330\/revisions\/3892"}],"wp:attachment":[{"href":"https:\/\/agora.xtec.cat\/ieselfoix\/wp-json\/wp\/v2\/media?parent=2330"}],"curies":[{"name":"wp","href":"https:\/\/api.w.org\/{rel}","templated":true}]}}