{"id":21,"date":"2014-09-17T16:14:14","date_gmt":"2014-09-17T16:14:14","guid":{"rendered":"http:\/\/agora.xtec.cat\/ieselfoix\/?page_id=21"},"modified":"2025-11-18T10:01:17","modified_gmt":"2025-11-18T09:01:17","slug":"on-som","status":"publish","type":"page","link":"https:\/\/agora.xtec.cat\/ieselfoix\/linstitut\/on-som\/","title":{"rendered":"Contacte"},"content":{"rendered":"\n<h5 class=\"wp-block-heading\"><strong>Institut El Foix<\/strong><br>Santa Margarida i els Monjos<\/h5>\n\n\n\n<h6 class=\"wp-block-heading\"><strong>Adre\u00e7a<\/strong><\/h6>\n\n\n\n<p>C\/ M\u00aa Aur\u00e8lia Capmany, 6-8<br>08730 Santa Margarida i els Monjos<\/p>\n\n\n\n<p><a style=\"text-decoration: none; color: #333;\" href=\"tel:+34123456789\">\ud83d\udcde +34 938 98 33 60<br><\/a><\/p>\n\n\n\n<p><\/p>\n\n\n\n<p class=\"has-text-align-left\"><iframe loading=\"lazy\" style=\"border: 0;\" src=\"https:\/\/www.google.com\/maps\/embed?pb=!1m17!1m12!1m3!1d3484.0637470304273!2d1.657134!3d41.322505!2m3!1f0!2f0!3f0!3m2!1i1024!2i768!4f13.1!3m2!1m1!2zNDHCsDE5JzIxLjAiTiAxwrAzOScyNS43IkU!5e1!3m2!1sca!2ses!4v1763456346735!5m2!1sca!2ses\" width=\"600\" height=\"450\" allowfullscreen=\"allowfullscreen\"><\/iframe><\/p>\n\n\n\n<h6 class=\"wp-block-heading\"><strong>Correu electr\u00f2nic de contacte<\/strong><\/h6>\n\n\n\n<p><span style=\"font-size: medium;\">B\u00fastia general: <a href=\"mailto:a8053091@xtec.cat\">a8053091<span class=\"\">@xtec.cat<\/span><\/a><\/span><\/p>\n\n\n\n<h6 class=\"wp-block-heading\"><strong>Horari<\/strong><\/h6>\n\n\n\n<p>De dilluns a divendres de 8.15 a 14.45<\/p>\n\n\n\n<h6 class=\"wp-block-heading\"><strong>Com arribar-hi<\/strong><\/h6>\n\n\n\n<p>Amb tren: estaci\u00f3 Sta. Margarida i els Monjos (Renfe &#8211; R4)<br>Amb bus: l\u00ednies L3 i L5<\/p>\n\n\n\n<h6 class=\"wp-block-heading\"><strong>Escoles adscrites a l&#8217;institut<\/strong><\/h6>\n\n\n\n<p>Escola Arrels (Santa Margarida i els Monjos)<br>Escola Dr. Samaranch i Fina (Santa Margarida i els Monjos)<br>Escola Sant Dom\u00e8nec (La R\u00e0pita)<br>Escola El Castellot (La M\u00fania)<br>Escola Montanyans (Sant Mar\u00e7al)<\/p>\n","protected":false},"excerpt":{"rendered":"<p>Institut El FoixSanta Margarida i els Monjos Adre\u00e7a C\/ M\u00aa Aur\u00e8lia Capmany, 6-808730 Santa Margarida i els Monjos \ud83d\udcde +34 938 98 33 60 Correu electr\u00f2nic de contacte B\u00fastia general: a8053091@xtec.cat Horari De dilluns a divendres de 8.15 a 14.45 Com arribar-hi Amb tren: estaci\u00f3 Sta. Margarida i els Monjos (Renfe &#8211; R4)Amb bus: l\u00ednies [&hellip;]<\/p>\n","protected":false},"author":1,"featured_media":0,"parent":19,"menu_order":87,"comment_status":"closed","ping_status":"closed","template":"","meta":{"_bbp_topic_count":0,"_bbp_reply_count":0,"_bbp_total_topic_count":0,"_bbp_total_reply_count":0,"_bbp_voice_count":0,"_bbp_anonymous_reply_count":0,"_bbp_topic_count_hidden":0,"_bbp_reply_count_hidden":0,"_bbp_forum_subforum_count":0,"site-sidebar-layout":"default","site-content-layout":"","ast-site-content-layout":"default","site-content-style":"default","site-sidebar-style":"default","ast-global-header-display":"","ast-banner-title-visibility":"","ast-main-header-display":"","ast-hfb-above-header-display":"","ast-hfb-below-header-display":"","ast-hfb-mobile-header-display":"","site-post-title":"","ast-breadcrumbs-content":"","ast-featured-img":"","footer-sml-layout":"","theme-transparent-header-meta":"","adv-header-id-meta":"","stick-header-meta":"","header-above-stick-meta":"","header-main-stick-meta":"","header-below-stick-meta":"","astra-migrate-meta-layouts":"set","ast-page-background-enabled":"default","ast-page-background-meta":{"desktop":{"background-color":"var(--ast-global-color-4)","background-image":"","background-repeat":"repeat","background-position":"center center","background-size":"auto","background-attachment":"scroll","background-type":"","background-media":"","overlay-type":"","overlay-color":"","overlay-opacity":"","overlay-gradient":""},"tablet":{"background-color":"","background-image":"","background-repeat":"repeat","background-position":"center center","background-size":"auto","background-attachment":"scroll","background-type":"","background-media":"","overlay-type":"","overlay-color":"","overlay-opacity":"","overlay-gradient":""},"mobile":{"background-color":"","background-image":"","background-repeat":"repeat","background-position":"center center","background-size":"auto","background-attachment":"scroll","background-type":"","background-media":"","overlay-type":"","overlay-color":"","overlay-opacity":"","overlay-gradient":""}},"ast-content-background-meta":{"desktop":{"background-color":"var(--ast-global-color-5)","background-image":"","background-repeat":"repeat","background-position":"center center","background-size":"auto","background-attachment":"scroll","background-type":"","background-media":"","overlay-type":"","overlay-color":"","overlay-opacity":"","overlay-gradient":""},"tablet":{"background-color":"var(--ast-global-color-5)","background-image":"","background-repeat":"repeat","background-position":"center center","background-size":"auto","background-attachment":"scroll","background-type":"","background-media":"","overlay-type":"","overlay-color":"","overlay-opacity":"","overlay-gradient":""},"mobile":{"background-color":"var(--ast-global-color-5)","background-image":"","background-repeat":"repeat","background-position":"center center","background-size":"auto","background-attachment":"scroll","background-type":"","background-media":"","overlay-type":"","overlay-color":"","overlay-opacity":"","overlay-gradient":""}},"footnotes":""},"class_list":["post-21","page","type-page","status-publish","hentry"],"post_mailing_queue_ids":[],"_links":{"self":[{"href":"https:\/\/agora.xtec.cat\/ieselfoix\/wp-json\/wp\/v2\/pages\/21","targetHints":{"allow":["GET"]}}],"collection":[{"href":"https:\/\/agora.xtec.cat\/ieselfoix\/wp-json\/wp\/v2\/pages"}],"about":[{"href":"https:\/\/agora.xtec.cat\/ieselfoix\/wp-json\/wp\/v2\/types\/page"}],"author":[{"embeddable":true,"href":"https:\/\/agora.xtec.cat\/ieselfoix\/wp-json\/wp\/v2\/users\/1"}],"replies":[{"embeddable":true,"href":"https:\/\/agora.xtec.cat\/ieselfoix\/wp-json\/wp\/v2\/comments?post=21"}],"version-history":[{"count":6,"href":"https:\/\/agora.xtec.cat\/ieselfoix\/wp-json\/wp\/v2\/pages\/21\/revisions"}],"predecessor-version":[{"id":4933,"href":"https:\/\/agora.xtec.cat\/ieselfoix\/wp-json\/wp\/v2\/pages\/21\/revisions\/4933"}],"up":[{"embeddable":true,"href":"https:\/\/agora.xtec.cat\/ieselfoix\/wp-json\/wp\/v2\/pages\/19"}],"wp:attachment":[{"href":"https:\/\/agora.xtec.cat\/ieselfoix\/wp-json\/wp\/v2\/media?parent=21"}],"curies":[{"name":"wp","href":"https:\/\/api.w.org\/{rel}","templated":true}]}}