{"id":19,"date":"2014-09-17T14:56:56","date_gmt":"2014-09-17T14:56:56","guid":{"rendered":"http:\/\/agora.xtec.cat\/ieselfoix\/?page_id=19"},"modified":"2025-12-08T18:33:07","modified_gmt":"2025-12-08T17:33:07","slug":"linstitut","status":"publish","type":"page","link":"https:\/\/agora.xtec.cat\/ieselfoix\/linstitut\/","title":{"rendered":"L&#8217;institut El Foix"},"content":{"rendered":"\n<div class=\"wp-block-media-text is-stacked-on-mobile\" style=\"margin-top:var(--wp--preset--spacing--50);margin-bottom:var(--wp--preset--spacing--50);padding-top:0;padding-right:0;padding-bottom:0;padding-left:0;grid-template-columns:23% auto\"><figure class=\"wp-block-media-text__media\"><img decoding=\"async\" src=\"https:\/\/agora.xtec.cat\/ieselfoix\/wp-content\/uploads\/usu1158\/2025\/10\/ElFoix.jpg\" alt=\"\"\/><\/figure><div class=\"wp-block-media-text__content\">\n<h5 class=\"wp-block-heading\">Benvinguts a l\u2019Institut El Foix<\/h5>\n\n\n\n<p>L\u2019Institut El Foix \u00e9s un centre educatiu p\u00fablic situat a <strong>Santa Margarida i els Monjos<\/strong>, al cor del Pened\u00e8s. Acollim joves de diverses poblacions com <strong>la R\u00e0pita<\/strong>, <strong>Cal Rubi\u00f3<\/strong>, <strong>La Bleda<\/strong> i altres nuclis propers. Som una comunitat educativa compromesa amb la formaci\u00f3 integral, la inclusi\u00f3 i la innovaci\u00f3 pedag\u00f2gica.<\/p>\n\n\n\n<div class=\"wp-block-group is-nowrap is-layout-flex wp-container-core-group-is-layout-1 wp-block-group-is-layout-flex\"><\/div>\n<\/div><\/div>\n\n\n\n<div class=\"wp-block-media-text has-media-on-the-right is-stacked-on-mobile is-vertically-aligned-top\" style=\"grid-template-columns:auto 23%\"><div class=\"wp-block-media-text__content\">\n<div class=\"wp-block-group is-nowrap is-layout-flex wp-container-core-group-is-layout-2 wp-block-group-is-layout-flex\"><\/div>\n\n\n\n<h5 class=\"wp-block-heading\">Un nom que ens connecta amb el territori<\/h5>\n\n\n\n<p>El nostre nom prov\u00e9 del <strong>riu Foix<\/strong>, que travessa el municipi i dona vida al paisatge natural que ens envolta. El riu \u00e9s s\u00edmbol de continu\u00eftat, arrelament i transformaci\u00f3, valors que tamb\u00e9 defineixen el nostre projecte educatiu.<\/p>\n<\/div><figure class=\"wp-block-media-text__media\"><img decoding=\"async\" src=\"https:\/\/agora.xtec.cat\/ieselfoix\/wp-content\/uploads\/usu1158\/2025\/10\/RiuElFoix.jpg\" alt=\"Riu Foix al seu pas pels Monjos\"\/><\/figure><\/div>\n\n\n\n<div class=\"wp-block-media-text is-stacked-on-mobile\" style=\"grid-template-columns:23% auto\"><figure class=\"wp-block-media-text__media\"><img decoding=\"async\" src=\"https:\/\/agora.xtec.cat\/ieselfoix\/wp-content\/uploads\/usu1158\/2022\/10\/image1-scaled.jpeg\" alt=\"Alumnes treballant a l'aula\"\/><\/figure><div class=\"wp-block-media-text__content\">\n<div class=\"wp-block-group is-nowrap is-layout-flex wp-container-core-group-is-layout-3 wp-block-group-is-layout-flex\">\n<h5 class=\"wp-block-heading\">Una traject\u00f2ria al servei de la comunitat<\/h5>\n<\/div>\n\n\n\n<p>Des de la seva creaci\u00f3, l\u2019Institut ha estat un referent per a les fam\u00edlies del municipi i les poblacions ve\u00efnes. Oferim <strong>ESO i Batxillerat<\/strong>, amb itineraris que preparen els alumnes per a la universitat, la formaci\u00f3 professional o el m\u00f3n laboral.<\/p>\n<\/div><\/div>\n\n\n\n<p><\/p>\n\n\n\n<div class=\"wp-block-media-text has-media-on-the-right is-stacked-on-mobile is-vertically-aligned-center\" style=\"grid-template-columns:auto 23%\"><div class=\"wp-block-media-text__content\">\n<div class=\"wp-block-group is-nowrap is-layout-flex wp-container-core-group-is-layout-4 wp-block-group-is-layout-flex\">\n<h5 class=\"wp-block-heading\">Un entorn social divers i din\u00e0mic<\/h5>\n<\/div>\n\n\n\n<p>Santa Margarida i els Monjos \u00e9s un municipi actiu, amb una gran vitalitat cultural i educativa. La seva proximitat a <strong>Vilafranca del Pened\u00e8s<\/strong> i altres nuclis com <strong>la R\u00e0pita<\/strong> crea una xarxa social rica i diversa que es reflecteix en el nostre alumnat.<\/p>\n<\/div><figure class=\"wp-block-media-text__media\"><img decoding=\"async\" src=\"https:\/\/agora.xtec.cat\/ieselfoix\/wp-content\/uploads\/usu1158\/2025\/10\/321-05-Santa-Margarida-i-els-Monjos-primavera.jpg\" alt=\"\"\/><\/figure><\/div>\n\n\n\n<div class=\"wp-block-media-text is-stacked-on-mobile\" style=\"grid-template-columns:23% auto\"><figure class=\"wp-block-media-text__media\"><img decoding=\"async\" src=\"https:\/\/agora.xtec.cat\/ieselfoix\/wp-content\/uploads\/usu1158\/2024\/01\/e17f06e7-e062-47de-9c36-73537c4b4eb1-768x1024.jpg\" alt=\"\"\/><\/figure><div class=\"wp-block-media-text__content\">\n<h5 class=\"wp-block-heading\">Compromesos amb el futur<\/h5>\n\n\n\n<p>Eduquem per al segle XXI: <strong>sostenibilitat<\/strong>, <strong>tecnologia<\/strong>, <strong>ciutadania global<\/strong> i <strong>valors democr\u00e0tics<\/strong>. Creiem en una educaci\u00f3 transformadora que dona eines per comprendre el m\u00f3n i actuar-hi amb responsabilitat.<\/p>\n<\/div><\/div>\n\n\n\n<div class=\"wp-block-media-text has-media-on-the-right is-stacked-on-mobile\" style=\"grid-template-columns:auto 46%\"><div class=\"wp-block-media-text__content\">\n<div class=\"wp-block-group is-nowrap is-layout-flex wp-container-core-group-is-layout-6 wp-block-group-is-layout-flex\">\n<div class=\"wp-block-group is-nowrap is-layout-flex wp-container-core-group-is-layout-5 wp-block-group-is-layout-flex\">\n<h5 class=\"wp-block-heading\">Un espai per cr\u00e9ixer i compartir<\/h5>\n<\/div>\n<\/div>\n\n\n\n<p>Disposem d\u2019instal\u00b7lacions modernes, espais oberts i equipaments digitals. El nostre equip docent treballa amb vocaci\u00f3, proximitat i esperit innovador, oferint un acompanyament personalitzat a cada alumne.<\/p>\n<\/div><figure class=\"wp-block-media-text__media\"><img decoding=\"async\" src=\"https:\/\/agora.xtec.cat\/ieselfoix\/wp-content\/uploads\/usu1158\/2017\/07\/mur1-e1701024562802.jpg\" alt=\"Projecte educatiu en acci\u00f3\"\/><\/figure><\/div>\n\n\n\n<p><\/p>\n","protected":false},"excerpt":{"rendered":"<p>Compromesos amb el futur Eduquem per al segle XXI: sostenibilitat, tecnologia, ciutadania global i valors democr\u00e0tics. Creiem en una educaci\u00f3 transformadora que dona eines per comprendre el m\u00f3n i actuar-hi amb responsabilitat.<\/p>\n","protected":false},"author":1,"featured_media":0,"parent":0,"menu_order":0,"comment_status":"closed","ping_status":"closed","template":"","meta":{"_bbp_topic_count":0,"_bbp_reply_count":0,"_bbp_total_topic_count":0,"_bbp_total_reply_count":0,"_bbp_voice_count":0,"_bbp_anonymous_reply_count":0,"_bbp_topic_count_hidden":0,"_bbp_reply_count_hidden":0,"_bbp_forum_subforum_count":0,"site-sidebar-layout":"default","site-content-layout":"","ast-site-content-layout":"default","site-content-style":"default","site-sidebar-style":"default","ast-global-header-display":"","ast-banner-title-visibility":"","ast-main-header-display":"","ast-hfb-above-header-display":"","ast-hfb-below-header-display":"","ast-hfb-mobile-header-display":"","site-post-title":"","ast-breadcrumbs-content":"","ast-featured-img":"","footer-sml-layout":"","theme-transparent-header-meta":"default","adv-header-id-meta":"","stick-header-meta":"","header-above-stick-meta":"","header-main-stick-meta":"","header-below-stick-meta":"","astra-migrate-meta-layouts":"set","ast-page-background-enabled":"default","ast-page-background-meta":{"desktop":{"background-color":"var(--ast-global-color-4)","background-image":"","background-repeat":"repeat","background-position":"center center","background-size":"auto","background-attachment":"scroll","background-type":"","background-media":"","overlay-type":"","overlay-color":"","overlay-opacity":"","overlay-gradient":""},"tablet":{"background-color":"","background-image":"","background-repeat":"repeat","background-position":"center center","background-size":"auto","background-attachment":"scroll","background-type":"","background-media":"","overlay-type":"","overlay-color":"","overlay-opacity":"","overlay-gradient":""},"mobile":{"background-color":"","background-image":"","background-repeat":"repeat","background-position":"center center","background-size":"auto","background-attachment":"scroll","background-type":"","background-media":"","overlay-type":"","overlay-color":"","overlay-opacity":"","overlay-gradient":""}},"ast-content-background-meta":{"desktop":{"background-color":"var(--ast-global-color-5)","background-image":"","background-repeat":"repeat","background-position":"center center","background-size":"auto","background-attachment":"scroll","background-type":"","background-media":"","overlay-type":"","overlay-color":"","overlay-opacity":"","overlay-gradient":""},"tablet":{"background-color":"var(--ast-global-color-5)","background-image":"","background-repeat":"repeat","background-position":"center center","background-size":"auto","background-attachment":"scroll","background-type":"","background-media":"","overlay-type":"","overlay-color":"","overlay-opacity":"","overlay-gradient":""},"mobile":{"background-color":"var(--ast-global-color-5)","background-image":"","background-repeat":"repeat","background-position":"center center","background-size":"auto","background-attachment":"scroll","background-type":"","background-media":"","overlay-type":"","overlay-color":"","overlay-opacity":"","overlay-gradient":""}},"footnotes":""},"class_list":["post-19","page","type-page","status-publish","hentry"],"post_mailing_queue_ids":[],"_links":{"self":[{"href":"https:\/\/agora.xtec.cat\/ieselfoix\/wp-json\/wp\/v2\/pages\/19","targetHints":{"allow":["GET"]}}],"collection":[{"href":"https:\/\/agora.xtec.cat\/ieselfoix\/wp-json\/wp\/v2\/pages"}],"about":[{"href":"https:\/\/agora.xtec.cat\/ieselfoix\/wp-json\/wp\/v2\/types\/page"}],"author":[{"embeddable":true,"href":"https:\/\/agora.xtec.cat\/ieselfoix\/wp-json\/wp\/v2\/users\/1"}],"replies":[{"embeddable":true,"href":"https:\/\/agora.xtec.cat\/ieselfoix\/wp-json\/wp\/v2\/comments?post=19"}],"version-history":[{"count":6,"href":"https:\/\/agora.xtec.cat\/ieselfoix\/wp-json\/wp\/v2\/pages\/19\/revisions"}],"predecessor-version":[{"id":5818,"href":"https:\/\/agora.xtec.cat\/ieselfoix\/wp-json\/wp\/v2\/pages\/19\/revisions\/5818"}],"wp:attachment":[{"href":"https:\/\/agora.xtec.cat\/ieselfoix\/wp-json\/wp\/v2\/media?parent=19"}],"curies":[{"name":"wp","href":"https:\/\/api.w.org\/{rel}","templated":true}]}}