{"id":1793,"date":"2021-02-25T12:50:28","date_gmt":"2021-02-25T11:50:28","guid":{"rendered":"http:\/\/agora.xtec.cat\/ieselfoix\/?page_id=1793"},"modified":"2025-10-07T10:06:20","modified_gmt":"2025-10-07T08:06:20","slug":"portes-obertes","status":"publish","type":"page","link":"https:\/\/agora.xtec.cat\/ieselfoix\/portes-obertes\/","title":{"rendered":"Portes Obertes"},"content":{"rendered":"<p><iframe loading=\"lazy\" src=\"https:\/\/drive.google.com\/file\/d\/1auXQ5yxQittJPofalSmaEul-wADldbGH\/preview\" width=\"640\" height=\"480\"><\/iframe><\/p>\n<p style=\"text-align: left;\"><span style=\"text-decoration: underline;\"><strong>El nostre centre<\/strong><\/span><\/p>\n<p><iframe loading=\"lazy\" src=\"https:\/\/player.vimeo.com\/video\/521934182?h=4a182052c4\" width=\"640\" height=\"360\" frameborder=\"0\" allowfullscreen=\"allowfullscreen\"><\/iframe><\/p>\n<p><span style=\"text-decoration: underline;\"><strong>Sobre les ci\u00e8ncies amb Science Bits:<\/strong><\/span><\/p>\n<p>Amb aquest v\u00eddeo podreu veure quin \u00e9s el m\u00e8tode de treball que seguim a l&#8217;Institut per treballar les ci\u00e8ncies naturals amb Science Bits.<\/p>\n<p><iframe loading=\"lazy\" src=\"\/\/www.youtube.com\/embed\/01qlEOCodWY?t=3s\" width=\"560\" height=\"314\" allowfullscreen=\"allowfullscreen\"><\/iframe><\/p>\n<p><span style=\"text-decoration: underline;\"><strong>Sobre les lleng\u00fces estrangeres:<\/strong><\/span><\/p>\n<p><iframe loading=\"lazy\" src=\"https:\/\/drive.google.com\/file\/d\/1WX2IlX-ipF5TBlMy9L0mzXEYqcFCWJXA\/preview\" width=\"640\" height=\"480\"><\/iframe><\/p>\n<p style=\"text-align: left;\"><span style=\"text-decoration: underline;\"><strong>\u00a0Teniu dubtes?<\/strong><\/span><\/p>\n<p>Si despr\u00e9s de veure els v\u00eddeos encara t&#8217;han quedat dubtes, us fem una proposta per a resoldre&#8217;l:<\/p>\n<ul>\n<li>Si el dubte t\u00e9 a veure amb una q\u00fcesti\u00f3 particular del vostre fill o filla, podeu trucar a l&#8217;institut (938983360) i demanar per la Susana Campillo, la coordinadora pedag\u00f2gica, perqu\u00e8 en parleu. Si no la trobeu, deixeu el vostre tel\u00e8fon i us trucar\u00e0 quan pugui.<\/li>\n<\/ul>\n<p>&nbsp;<\/p>\n","protected":false},"excerpt":{"rendered":"<p>El nostre centre Sobre les ci\u00e8ncies amb Science Bits: Amb aquest v\u00eddeo podreu veure quin \u00e9s el m\u00e8tode de treball que seguim a l&#8217;Institut per treballar les ci\u00e8ncies naturals amb Science Bits. Sobre les lleng\u00fces estrangeres: \u00a0Teniu dubtes? Si despr\u00e9s de veure els v\u00eddeos encara t&#8217;han quedat dubtes, us fem una proposta per a resoldre&#8217;l: [&hellip;]<\/p>\n","protected":false},"author":4,"featured_media":0,"parent":0,"menu_order":77,"comment_status":"closed","ping_status":"closed","template":"page-templates\/side-menu.php","meta":{"_bbp_topic_count":0,"_bbp_reply_count":0,"_bbp_total_topic_count":0,"_bbp_total_reply_count":0,"_bbp_voice_count":0,"_bbp_anonymous_reply_count":0,"_bbp_topic_count_hidden":0,"_bbp_reply_count_hidden":0,"_bbp_forum_subforum_count":0,"site-sidebar-layout":"default","site-content-layout":"","ast-site-content-layout":"","site-content-style":"default","site-sidebar-style":"default","ast-global-header-display":"","ast-banner-title-visibility":"","ast-main-header-display":"","ast-hfb-above-header-display":"","ast-hfb-below-header-display":"","ast-hfb-mobile-header-display":"","site-post-title":"","ast-breadcrumbs-content":"","ast-featured-img":"","footer-sml-layout":"","theme-transparent-header-meta":"","adv-header-id-meta":"","stick-header-meta":"","header-above-stick-meta":"","header-main-stick-meta":"","header-below-stick-meta":"","astra-migrate-meta-layouts":"default","ast-page-background-enabled":"default","ast-page-background-meta":{"desktop":{"background-color":"var(--ast-global-color-4)","background-image":"","background-repeat":"repeat","background-position":"center center","background-size":"auto","background-attachment":"scroll","background-type":"","background-media":"","overlay-type":"","overlay-color":"","overlay-opacity":"","overlay-gradient":""},"tablet":{"background-color":"","background-image":"","background-repeat":"repeat","background-position":"center center","background-size":"auto","background-attachment":"scroll","background-type":"","background-media":"","overlay-type":"","overlay-color":"","overlay-opacity":"","overlay-gradient":""},"mobile":{"background-color":"","background-image":"","background-repeat":"repeat","background-position":"center center","background-size":"auto","background-attachment":"scroll","background-type":"","background-media":"","overlay-type":"","overlay-color":"","overlay-opacity":"","overlay-gradient":""}},"ast-content-background-meta":{"desktop":{"background-color":"var(--ast-global-color-5)","background-image":"","background-repeat":"repeat","background-position":"center center","background-size":"auto","background-attachment":"scroll","background-type":"","background-media":"","overlay-type":"","overlay-color":"","overlay-opacity":"","overlay-gradient":""},"tablet":{"background-color":"var(--ast-global-color-5)","background-image":"","background-repeat":"repeat","background-position":"center center","background-size":"auto","background-attachment":"scroll","background-type":"","background-media":"","overlay-type":"","overlay-color":"","overlay-opacity":"","overlay-gradient":""},"mobile":{"background-color":"var(--ast-global-color-5)","background-image":"","background-repeat":"repeat","background-position":"center center","background-size":"auto","background-attachment":"scroll","background-type":"","background-media":"","overlay-type":"","overlay-color":"","overlay-opacity":"","overlay-gradient":""}},"footnotes":""},"class_list":["post-1793","page","type-page","status-publish","hentry"],"post_mailing_queue_ids":[],"_links":{"self":[{"href":"https:\/\/agora.xtec.cat\/ieselfoix\/wp-json\/wp\/v2\/pages\/1793","targetHints":{"allow":["GET"]}}],"collection":[{"href":"https:\/\/agora.xtec.cat\/ieselfoix\/wp-json\/wp\/v2\/pages"}],"about":[{"href":"https:\/\/agora.xtec.cat\/ieselfoix\/wp-json\/wp\/v2\/types\/page"}],"author":[{"embeddable":true,"href":"https:\/\/agora.xtec.cat\/ieselfoix\/wp-json\/wp\/v2\/users\/4"}],"replies":[{"embeddable":true,"href":"https:\/\/agora.xtec.cat\/ieselfoix\/wp-json\/wp\/v2\/comments?post=1793"}],"version-history":[{"count":6,"href":"https:\/\/agora.xtec.cat\/ieselfoix\/wp-json\/wp\/v2\/pages\/1793\/revisions"}],"predecessor-version":[{"id":3262,"href":"https:\/\/agora.xtec.cat\/ieselfoix\/wp-json\/wp\/v2\/pages\/1793\/revisions\/3262"}],"wp:attachment":[{"href":"https:\/\/agora.xtec.cat\/ieselfoix\/wp-json\/wp\/v2\/media?parent=1793"}],"curies":[{"name":"wp","href":"https:\/\/api.w.org\/{rel}","templated":true}]}}