{"id":1439,"date":"2020-05-10T15:29:05","date_gmt":"2020-05-10T13:29:05","guid":{"rendered":"http:\/\/agora.xtec.cat\/ieselfoix\/?page_id=1439"},"modified":"2026-04-29T10:28:51","modified_gmt":"2026-04-29T08:28:51","slug":"eso-preinscripcio-i-matricula","status":"publish","type":"page","link":"https:\/\/agora.xtec.cat\/ieselfoix\/estudis\/eso-preinscripcio-i-matricula\/","title":{"rendered":"ESO: Preinscripci\u00f3 i matr\u00edcula"},"content":{"rendered":"\n<h2 class=\"wp-block-heading\"><strong>Curs 2026 &#8211; 2027<\/strong><\/h2>\n\n\n\n<p>Per una informaci\u00f3 m\u00e9s detallada us podeu adre\u00e7ar a la p\u00e0gina <a href=\"https:\/\/preinscripcio.gencat.cat\/ca\/estudis\/eso\/inici\/\" data-type=\"link\" data-id=\"https:\/\/preinscripcio.gencat.cat\/ca\/estudis\/eso\/inici\/\" target=\"_blank\" rel=\"noreferrer noopener\">PREINSCRIPCI\u00d3<\/a>.<\/p>\n\n\n\n<h4 class=\"wp-block-heading\">El proc\u00e9s de preinscripci\u00f3 i matr\u00edcula:<\/h4>\n\n\n\n<div class=\"wp-block-getwid-table\"><table><thead><tr><th style=\"text-align:center;vertical-align:middle;background-color:#ffe7d4\">Fases de preinscripci\u00f3<\/th><th style=\"text-align:center;vertical-align:middle;background-color:#ffe7d4;border-color:#000\">Dates<\/th><th style=\"text-align:center;vertical-align:middle;background-color:#ffe7d4\">Dades<\/th><\/tr><\/thead><tbody><tr><td>Oferta provisional de places<\/td><td>3 de mar\u00e7<\/td><td style=\"background-color:#d8deba;color:var(--ast-global-color-4);border-color:#000\"><strong>Places:<\/strong><br>1r ESO \u2013 Ordin\u00e0ries 90, NEE* 38<br>2n ESO \u2013 Ordin\u00e0ries 5, NEE* 2<\/td><\/tr><tr><td>Termini de preinscripci\u00f3 (telem\u00e0tica):<\/td><td>6 al 18 de mar\u00e7<\/td><td>1.-Obtenir l\u2019IDALU (codi identificador de l\u2019alumne\/a). T&#8217;ho podem donar al centre o clicant <a href=\"https:\/\/educacio.gencat.cat\/ca\/tramits\/tramits-temes\/identificador-alumne\" data-type=\"link\" data-id=\"https:\/\/educacio.gencat.cat\/ca\/tramits\/tramits-temes\/identificador-alumne\" target=\"_blank\">Aqu\u00ed<\/a>.<br>2.-Seguir els tr\u00e0mits que s&#8217;indiquen <a href=\"https:\/\/preinscripcio.gencat.cat\/ca\/estudis\/eso\/preinscriute\/sollicitud\/\" data-type=\"link\" data-id=\"https:\/\/preinscripcio.gencat.cat\/ca\/estudis\/eso\/preinscriute\/sollicitud\/\" target=\"_blank\">Aqu\u00ed<\/a>.<\/td><\/tr><\/tbody><\/table><\/div>\n\n\n\n<p class=\"has-small-font-size\">&nbsp;*NEE: Alumnes amb Necessitats Educatives Especials<\/p>\n\n\n\n<h4 class=\"wp-block-heading\">Document amb la informaci\u00f3 per la preinscripci\u00f3:<\/h4>\n\n\n\n<div data-wp-interactive=\"core\/file\" class=\"wp-block-file\"><object data-wp-bind--hidden=\"!state.hasPdfPreview\" hidden class=\"wp-block-file__embed\" data=\"https:\/\/agora.xtec.cat\/ieselfoix\/wp-content\/uploads\/usu1158\/2026\/03\/Informacio-preinscripcio-ESO-2026-27.pdf\" type=\"application\/pdf\" style=\"width:100%;height:600px\" aria-label=\"Incrustaci\u00f3 del fitxer Informaci\u00f3 preinscripci\u00f3 ESO 2026-27.\"><\/object><a id=\"wp-block-file--media-e402c14e-d7f9-4ac6-b89b-0534dafe1fb0\" href=\"https:\/\/agora.xtec.cat\/ieselfoix\/wp-content\/uploads\/usu1158\/2026\/03\/Informacio-preinscripcio-ESO-2026-27.pdf\">Informaci\u00f3 preinscripci\u00f3 ESO 2026-27<\/a><a href=\"https:\/\/agora.xtec.cat\/ieselfoix\/wp-content\/uploads\/usu1158\/2026\/03\/Informacio-preinscripcio-ESO-2026-27.pdf\" class=\"wp-block-file__button wp-element-button\" download aria-describedby=\"wp-block-file--media-e402c14e-d7f9-4ac6-b89b-0534dafe1fb0\">Baixa<\/a><\/div>\n\n\n\n<h4 class=\"wp-block-heading\">Barem de puntuaci\u00f3 un cop resoltes les reclamacions:<\/h4>\n\n\n\n<div data-wp-interactive=\"core\/file\" class=\"wp-block-file\"><object data-wp-bind--hidden=\"!state.hasPdfPreview\" hidden class=\"wp-block-file__embed\" data=\"https:\/\/agora.xtec.cat\/ieselfoix\/wp-content\/uploads\/usu1158\/2026\/04\/ESO_3_Barem-resoltes.pdf\" type=\"application\/pdf\" style=\"width:100%;height:600px\" aria-label=\"Incrustaci\u00f3 del fitxer ESO_3_Barem resoltes.\"><\/object><a id=\"wp-block-file--media-fa752b9b-868f-4ff7-b224-4ad87f3d1ca3\" href=\"https:\/\/agora.xtec.cat\/ieselfoix\/wp-content\/uploads\/usu1158\/2026\/04\/ESO_3_Barem-resoltes.pdf\">ESO_3_Barem resoltes<\/a><a href=\"https:\/\/agora.xtec.cat\/ieselfoix\/wp-content\/uploads\/usu1158\/2026\/04\/ESO_3_Barem-resoltes.pdf\" class=\"wp-block-file__button wp-element-button\" download aria-describedby=\"wp-block-file--media-fa752b9b-868f-4ff7-b224-4ad87f3d1ca3\">Baixa<\/a><\/div>\n\n\n\n<h4 class=\"wp-block-heading\">Llista ordenada:<\/h4>\n\n\n\n<div data-wp-interactive=\"core\/file\" class=\"wp-block-file\"><object data-wp-bind--hidden=\"!state.hasPdfPreview\" hidden class=\"wp-block-file__embed\" data=\"https:\/\/agora.xtec.cat\/ieselfoix\/wp-content\/uploads\/usu1158\/2026\/04\/ESO_4_Llista-ordenada.pdf\" type=\"application\/pdf\" style=\"width:100%;height:600px\" aria-label=\"Incrustaci\u00f3 del fitxer ESO_4_Llista ordenada.\"><\/object><a id=\"wp-block-file--media-fce68bcb-f085-4e45-ab0b-76858a8bd3ff\" href=\"https:\/\/agora.xtec.cat\/ieselfoix\/wp-content\/uploads\/usu1158\/2026\/04\/ESO_4_Llista-ordenada.pdf\">ESO_4_Llista ordenada<\/a><a href=\"https:\/\/agora.xtec.cat\/ieselfoix\/wp-content\/uploads\/usu1158\/2026\/04\/ESO_4_Llista-ordenada.pdf\" class=\"wp-block-file__button wp-element-button\" download aria-describedby=\"wp-block-file--media-fce68bcb-f085-4e45-ab0b-76858a8bd3ff\">Baixa<\/a><\/div>\n\n\n\n<h2 class=\"wp-block-heading\">Guia de Benvinguda curs 25\/26<\/h2>\n\n\n\n<p>Pendent d&#8217;actualitzaci\u00f3 per al curs 26\/27<\/p>\n\n\n\n<figure class=\"wp-block-image size-large\"><img loading=\"lazy\" decoding=\"async\" width=\"1024\" height=\"572\" src=\"https:\/\/agora.xtec.cat\/ieselfoix\/wp-content\/uploads\/usu1158\/2026\/03\/Infografia-esquema-1r-ESO-1024x572.jpg\" alt=\"\" class=\"wp-image-6252\" srcset=\"https:\/\/agora.xtec.cat\/ieselfoix\/wp-content\/uploads\/usu1158\/2026\/03\/Infografia-esquema-1r-ESO-1024x572.jpg 1024w, https:\/\/agora.xtec.cat\/ieselfoix\/wp-content\/uploads\/usu1158\/2026\/03\/Infografia-esquema-1r-ESO-300x167.jpg 300w, https:\/\/agora.xtec.cat\/ieselfoix\/wp-content\/uploads\/usu1158\/2026\/03\/Infografia-esquema-1r-ESO-768x429.jpg 768w, https:\/\/agora.xtec.cat\/ieselfoix\/wp-content\/uploads\/usu1158\/2026\/03\/Infografia-esquema-1r-ESO-1536x857.jpg 1536w, https:\/\/agora.xtec.cat\/ieselfoix\/wp-content\/uploads\/usu1158\/2026\/03\/Infografia-esquema-1r-ESO-2048x1143.jpg 2048w\" sizes=\"auto, (max-width: 1024px) 100vw, 1024px\" \/><\/figure>\n\n\n\n<p><\/p>\n","protected":false},"excerpt":{"rendered":"<p>Curs 2026 &#8211; 2027 Per una informaci\u00f3 m\u00e9s detallada us podeu adre\u00e7ar a la p\u00e0gina PREINSCRIPCI\u00d3. El proc\u00e9s de preinscripci\u00f3 i matr\u00edcula: &nbsp;*NEE: Alumnes amb Necessitats Educatives Especials Document amb la informaci\u00f3 per la preinscripci\u00f3: Barem de puntuaci\u00f3 un cop resoltes les reclamacions: Llista ordenada:<\/p>\n","protected":false},"author":5,"featured_media":0,"parent":195,"menu_order":0,"comment_status":"closed","ping_status":"closed","template":"","meta":{"_bbp_topic_count":0,"_bbp_reply_count":0,"_bbp_total_topic_count":0,"_bbp_total_reply_count":0,"_bbp_voice_count":0,"_bbp_anonymous_reply_count":0,"_bbp_topic_count_hidden":0,"_bbp_reply_count_hidden":0,"_bbp_forum_subforum_count":0,"site-sidebar-layout":"default","site-content-layout":"","ast-site-content-layout":"default","site-content-style":"default","site-sidebar-style":"default","ast-global-header-display":"","ast-banner-title-visibility":"","ast-main-header-display":"","ast-hfb-above-header-display":"","ast-hfb-below-header-display":"","ast-hfb-mobile-header-display":"","site-post-title":"","ast-breadcrumbs-content":"","ast-featured-img":"","footer-sml-layout":"","theme-transparent-header-meta":"","adv-header-id-meta":"","stick-header-meta":"","header-above-stick-meta":"","header-main-stick-meta":"","header-below-stick-meta":"","astra-migrate-meta-layouts":"set","ast-page-background-enabled":"default","ast-page-background-meta":{"desktop":{"background-color":"var(--ast-global-color-4)","background-image":"","background-repeat":"repeat","background-position":"center center","background-size":"auto","background-attachment":"scroll","background-type":"","background-media":"","overlay-type":"","overlay-color":"","overlay-opacity":"","overlay-gradient":""},"tablet":{"background-color":"","background-image":"","background-repeat":"repeat","background-position":"center center","background-size":"auto","background-attachment":"scroll","background-type":"","background-media":"","overlay-type":"","overlay-color":"","overlay-opacity":"","overlay-gradient":""},"mobile":{"background-color":"","background-image":"","background-repeat":"repeat","background-position":"center center","background-size":"auto","background-attachment":"scroll","background-type":"","background-media":"","overlay-type":"","overlay-color":"","overlay-opacity":"","overlay-gradient":""}},"ast-content-background-meta":{"desktop":{"background-color":"var(--ast-global-color-5)","background-image":"","background-repeat":"repeat","background-position":"center center","background-size":"auto","background-attachment":"scroll","background-type":"","background-media":"","overlay-type":"","overlay-color":"","overlay-opacity":"","overlay-gradient":""},"tablet":{"background-color":"var(--ast-global-color-5)","background-image":"","background-repeat":"repeat","background-position":"center center","background-size":"auto","background-attachment":"scroll","background-type":"","background-media":"","overlay-type":"","overlay-color":"","overlay-opacity":"","overlay-gradient":""},"mobile":{"background-color":"var(--ast-global-color-5)","background-image":"","background-repeat":"repeat","background-position":"center center","background-size":"auto","background-attachment":"scroll","background-type":"","background-media":"","overlay-type":"","overlay-color":"","overlay-opacity":"","overlay-gradient":""}},"footnotes":""},"class_list":["post-1439","page","type-page","status-publish","hentry"],"post_mailing_queue_ids":[],"_links":{"self":[{"href":"https:\/\/agora.xtec.cat\/ieselfoix\/wp-json\/wp\/v2\/pages\/1439","targetHints":{"allow":["GET"]}}],"collection":[{"href":"https:\/\/agora.xtec.cat\/ieselfoix\/wp-json\/wp\/v2\/pages"}],"about":[{"href":"https:\/\/agora.xtec.cat\/ieselfoix\/wp-json\/wp\/v2\/types\/page"}],"author":[{"embeddable":true,"href":"https:\/\/agora.xtec.cat\/ieselfoix\/wp-json\/wp\/v2\/users\/5"}],"replies":[{"embeddable":true,"href":"https:\/\/agora.xtec.cat\/ieselfoix\/wp-json\/wp\/v2\/comments?post=1439"}],"version-history":[{"count":7,"href":"https:\/\/agora.xtec.cat\/ieselfoix\/wp-json\/wp\/v2\/pages\/1439\/revisions"}],"predecessor-version":[{"id":6398,"href":"https:\/\/agora.xtec.cat\/ieselfoix\/wp-json\/wp\/v2\/pages\/1439\/revisions\/6398"}],"up":[{"embeddable":true,"href":"https:\/\/agora.xtec.cat\/ieselfoix\/wp-json\/wp\/v2\/pages\/195"}],"wp:attachment":[{"href":"https:\/\/agora.xtec.cat\/ieselfoix\/wp-json\/wp\/v2\/media?parent=1439"}],"curies":[{"name":"wp","href":"https:\/\/api.w.org\/{rel}","templated":true}]}}