{"id":7856,"date":"2026-02-20T10:02:36","date_gmt":"2026-02-20T09:02:36","guid":{"rendered":"https:\/\/agora.xtec.cat\/ieselcastell\/?page_id=7856"},"modified":"2026-03-06T12:58:06","modified_gmt":"2026-03-06T11:58:06","slug":"aula-mediateca","status":"publish","type":"page","link":"https:\/\/agora.xtec.cat\/ieselcastell\/linstitut\/espais\/aula-mediateca\/","title":{"rendered":"Aula Mediateca"},"content":{"rendered":"\n<p>L&#8217;aula Mediateca \u00e9s un espai dissenyat per crear i aprendre les disciplines de la imatge i el so, \u00e9s un lloc on els alumnes poden accedir per fer projectes de r\u00e0dio, p\u00f2dcast, v\u00eddeo o fotografia.<\/p>\n\n\n\n<p>La dotaci\u00f3 i distribuci\u00f3 d\u2019aquest espai estan orientades a la innovaci\u00f3, la resoluci\u00f3 de problemes i el treball cooperatiu.<\/p>\n\n\n\n<h3 class=\"wp-block-heading\"><\/h3>\n\n\n\n<ul class=\"wp-block-list\">\n<li><strong>Elements d\u2019il\u00b7luminaci\u00f3:<\/strong> L&#8217;espai inclou un kit complet de croma amb paraig\u00fces i difusors per a un control lum\u00ednic suau i professional. Compta amb un cercle de llum vers\u00e0til, ideal per optimitzar la visibilitat i potenciar la qualitat visual.<\/li>\n\n\n\n<li><strong>Elements d&#8217;\u00e0udio:<\/strong> L&#8217;espai disposa d&#8217;un equipament d&#8217;\u00e0udio professional que inclou microfonia especialitzada, sistemes de monitoratge i taules de mescles amb connexi\u00f3 USB. Els alumnes compten amb gravadores port\u00e0tils i amplificadors d&#8217;alta fidelitat per garantir enregistraments impecables i un postprocessament de so de qualitat.<\/li>\n\n\n\n<li><strong>Elements d\u2019imatge i v\u00eddeo:<\/strong> El kit inclou c\u00e0meres 4K d&#8217;acci\u00f3 oferint eines vers\u00e0tils per a gravacions i captures de producte. Els alumnes disposa de tot el necessari per produir continguts d&#8217;alta qualitat i aprendre el funcionament professional de cada dispositiu.<\/li>\n<\/ul>\n\n\n\n<figure class=\"wp-block-gallery has-nested-images columns-default is-cropped wp-block-gallery-1 is-layout-flex wp-block-gallery-is-layout-flex\">\n<figure class=\"wp-block-image size-large has-custom-border is-style-rounded\"><a href=\"https:\/\/agora.xtec.cat\/ieselcastell\/wp-content\/uploads\/usu221\/2026\/03\/mediateca01-1-scaled.jpg\"><img loading=\"lazy\" decoding=\"async\" width=\"1024\" height=\"683\" data-id=\"7999\" src=\"https:\/\/agora.xtec.cat\/ieselcastell\/wp-content\/uploads\/usu221\/2026\/03\/mediateca01-1-1024x683.jpg\" alt=\"\" class=\"wp-image-7999\" style=\"border-radius:7px\" srcset=\"https:\/\/agora.xtec.cat\/ieselcastell\/wp-content\/uploads\/usu221\/2026\/03\/mediateca01-1-1024x683.jpg 1024w, https:\/\/agora.xtec.cat\/ieselcastell\/wp-content\/uploads\/usu221\/2026\/03\/mediateca01-1-300x200.jpg 300w, https:\/\/agora.xtec.cat\/ieselcastell\/wp-content\/uploads\/usu221\/2026\/03\/mediateca01-1-768x512.jpg 768w, https:\/\/agora.xtec.cat\/ieselcastell\/wp-content\/uploads\/usu221\/2026\/03\/mediateca01-1-1536x1024.jpg 1536w, https:\/\/agora.xtec.cat\/ieselcastell\/wp-content\/uploads\/usu221\/2026\/03\/mediateca01-1-2048x1365.jpg 2048w\" sizes=\"auto, (max-width: 1024px) 100vw, 1024px\" \/><\/a><\/figure>\n\n\n\n<figure class=\"wp-block-image size-large has-custom-border\"><a href=\"https:\/\/agora.xtec.cat\/ieselcastell\/wp-content\/uploads\/usu221\/2026\/03\/mediateca02-1-scaled.jpg\"><img loading=\"lazy\" decoding=\"async\" width=\"1024\" height=\"683\" data-id=\"8000\" src=\"https:\/\/agora.xtec.cat\/ieselcastell\/wp-content\/uploads\/usu221\/2026\/03\/mediateca02-1-1024x683.jpg\" alt=\"\" class=\"wp-image-8000\" style=\"border-radius:7px\" srcset=\"https:\/\/agora.xtec.cat\/ieselcastell\/wp-content\/uploads\/usu221\/2026\/03\/mediateca02-1-1024x683.jpg 1024w, https:\/\/agora.xtec.cat\/ieselcastell\/wp-content\/uploads\/usu221\/2026\/03\/mediateca02-1-300x200.jpg 300w, https:\/\/agora.xtec.cat\/ieselcastell\/wp-content\/uploads\/usu221\/2026\/03\/mediateca02-1-768x512.jpg 768w, https:\/\/agora.xtec.cat\/ieselcastell\/wp-content\/uploads\/usu221\/2026\/03\/mediateca02-1-1536x1024.jpg 1536w, https:\/\/agora.xtec.cat\/ieselcastell\/wp-content\/uploads\/usu221\/2026\/03\/mediateca02-1-2048x1365.jpg 2048w\" sizes=\"auto, (max-width: 1024px) 100vw, 1024px\" \/><\/a><\/figure>\n<\/figure>\n","protected":false},"excerpt":{"rendered":"<p>L&#8217;aula Mediateca \u00e9s un espai dissenyat per crear i aprendre les disciplines de la imatge i el so, \u00e9s un lloc on els alumnes poden accedir per fer projectes de r\u00e0dio, p\u00f2dcast, v\u00eddeo o fotografia. La dotaci\u00f3 i distribuci\u00f3 d\u2019aquest espai estan orientades a la innovaci\u00f3, la resoluci\u00f3 de problemes i el treball cooperatiu.<\/p>\n","protected":false},"author":1,"featured_media":0,"parent":7848,"menu_order":0,"comment_status":"closed","ping_status":"close","template":"","meta":{"_bbp_topic_count":0,"_bbp_reply_count":0,"_bbp_total_topic_count":0,"_bbp_total_reply_count":0,"_bbp_voice_count":0,"_bbp_anonymous_reply_count":0,"_bbp_topic_count_hidden":0,"_bbp_reply_count_hidden":0,"_bbp_forum_subforum_count":0,"site-sidebar-layout":"default","site-content-layout":"","ast-site-content-layout":"default","site-content-style":"default","site-sidebar-style":"default","ast-global-header-display":"","ast-banner-title-visibility":"","ast-main-header-display":"","ast-hfb-above-header-display":"","ast-hfb-below-header-display":"","ast-hfb-mobile-header-display":"","site-post-title":"","ast-breadcrumbs-content":"","ast-featured-img":"","footer-sml-layout":"","theme-transparent-header-meta":"","adv-header-id-meta":"","stick-header-meta":"","header-above-stick-meta":"","header-main-stick-meta":"","header-below-stick-meta":"","astra-migrate-meta-layouts":"set","ast-page-background-enabled":"default","ast-page-background-meta":{"desktop":{"background-color":"var(--ast-global-color-4)","background-image":"","background-repeat":"repeat","background-position":"center center","background-size":"auto","background-attachment":"scroll","background-type":"","background-media":"","overlay-type":"","overlay-color":"","overlay-opacity":"","overlay-gradient":""},"tablet":{"background-color":"","background-image":"","background-repeat":"repeat","background-position":"center center","background-size":"auto","background-attachment":"scroll","background-type":"","background-media":"","overlay-type":"","overlay-color":"","overlay-opacity":"","overlay-gradient":""},"mobile":{"background-color":"","background-image":"","background-repeat":"repeat","background-position":"center center","background-size":"auto","background-attachment":"scroll","background-type":"","background-media":"","overlay-type":"","overlay-color":"","overlay-opacity":"","overlay-gradient":""}},"ast-content-background-meta":{"desktop":{"background-color":"var(--ast-global-color-5)","background-image":"","background-repeat":"repeat","background-position":"center center","background-size":"auto","background-attachment":"scroll","background-type":"","background-media":"","overlay-type":"","overlay-color":"","overlay-opacity":"","overlay-gradient":""},"tablet":{"background-color":"var(--ast-global-color-5)","background-image":"","background-repeat":"repeat","background-position":"center center","background-size":"auto","background-attachment":"scroll","background-type":"","background-media":"","overlay-type":"","overlay-color":"","overlay-opacity":"","overlay-gradient":""},"mobile":{"background-color":"var(--ast-global-color-5)","background-image":"","background-repeat":"repeat","background-position":"center center","background-size":"auto","background-attachment":"scroll","background-type":"","background-media":"","overlay-type":"","overlay-color":"","overlay-opacity":"","overlay-gradient":""}},"footnotes":""},"class_list":["post-7856","page","type-page","status-publish","hentry"],"post_mailing_queue_ids":[],"_links":{"self":[{"href":"https:\/\/agora.xtec.cat\/ieselcastell\/wp-json\/wp\/v2\/pages\/7856","targetHints":{"allow":["GET"]}}],"collection":[{"href":"https:\/\/agora.xtec.cat\/ieselcastell\/wp-json\/wp\/v2\/pages"}],"about":[{"href":"https:\/\/agora.xtec.cat\/ieselcastell\/wp-json\/wp\/v2\/types\/page"}],"author":[{"embeddable":true,"href":"https:\/\/agora.xtec.cat\/ieselcastell\/wp-json\/wp\/v2\/users\/1"}],"replies":[{"embeddable":true,"href":"https:\/\/agora.xtec.cat\/ieselcastell\/wp-json\/wp\/v2\/comments?post=7856"}],"version-history":[{"count":6,"href":"https:\/\/agora.xtec.cat\/ieselcastell\/wp-json\/wp\/v2\/pages\/7856\/revisions"}],"predecessor-version":[{"id":8013,"href":"https:\/\/agora.xtec.cat\/ieselcastell\/wp-json\/wp\/v2\/pages\/7856\/revisions\/8013"}],"up":[{"embeddable":true,"href":"https:\/\/agora.xtec.cat\/ieselcastell\/wp-json\/wp\/v2\/pages\/7848"}],"wp:attachment":[{"href":"https:\/\/agora.xtec.cat\/ieselcastell\/wp-json\/wp\/v2\/media?parent=7856"}],"curies":[{"name":"wp","href":"https:\/\/api.w.org\/{rel}","templated":true}]}}