{"id":7854,"date":"2026-02-20T10:02:04","date_gmt":"2026-02-20T09:02:04","guid":{"rendered":"https:\/\/agora.xtec.cat\/ieselcastell\/?page_id=7854"},"modified":"2026-02-20T13:21:50","modified_gmt":"2026-02-20T12:21:50","slug":"tallers","status":"publish","type":"page","link":"https:\/\/agora.xtec.cat\/ieselcastell\/linstitut\/espais\/tallers\/","title":{"rendered":"Tallers"},"content":{"rendered":"\n<p>El departament de tecnologia disposa de <strong>dos tallers<\/strong> dissenyats per cobrir el cicle \u00edntegre de desenvolupament de projectes tecnol\u00f2gics (disseny, mecanitzaci\u00f3, muntatge i programaci\u00f3). Aquests dos espais permeten flexibilitzar les din\u00e0miques docents i optimitzar l&#8217;\u00fas de l&#8217;equipament, el qual articula les seg\u00fcents \u00e0rees funcionals:<\/p>\n\n\n\n<h3 class=\"wp-block-heading\">Equipaments<\/h3>\n\n\n\n<ul class=\"wp-block-list\">\n<li><strong>Sistemes audiovisuals:<\/strong> Cadascun dels dos tallers compta amb el seu propi ordinador de control i projector, garantint el suport necessari per a les sessions te\u00f2riques, l&#8217;an\u00e0lisi de pl\u00e0nols i la demostraci\u00f3 de simulacions.<\/li>\n\n\n\n<li><strong>Aules din\u00e0miques de disseny:<\/strong> Un carro inform\u00e0tic amb ordinadors port\u00e0tils que dota de mobilitat l&#8217;equipament de maquinari, permetent integrar el disseny assistit per ordinador (CAD) i els entorns de desenvolupament (IDE) de programaci\u00f3 al banc de treball de qualsevol dels dos tallers, segons la necessitat de la sessi\u00f3.<\/li>\n<\/ul>\n\n\n\n<h3 class=\"wp-block-heading\">\u00c0rees de Mecanitzaci\u00f3 i Manufactura<\/h3>\n\n\n\n<ul class=\"wp-block-list\">\n<li><strong>Maquin\u00e0ria de tall i perforaci\u00f3:<\/strong> Ambd\u00f3s tallers disposen d&#8217;equipament electromec\u00e0nic que inclou per exemple trepants de columna, serres de cinta i de calar, etc. Aquestes m\u00e0quines permeten la manipulaci\u00f3 i construcci\u00f3 de materials com fusta o metall.<\/li>\n\n\n\n<li><strong>Bancs d&#8217;eines manuals:<\/strong> Ambd\u00f3s tallers disposen de dotacions completes d&#8217;eines manuals  (martells, tornavisos, serres manuals, elements de subjecci\u00f3, etc) per a desenvolupar el treball i projectes de l&#8217;alumnat.<\/li>\n<\/ul>\n\n\n\n<h3 class=\"wp-block-heading\">Entorns de Rob\u00f2tica, Control i Electr\u00f2nica<\/h3>\n\n\n\n<ul class=\"wp-block-list\">\n<li><strong>Plataformes de prototipatge:<\/strong> Un dels tallers disposa de material i de maquinari de robotica i prototipat, equipat amb microcontroladors Arduino, plaques de proves (protoboards), diversitat de components electr\u00f2nics d&#8217;estat s\u00f2lid i estacions de soldadura.<\/li>\n\n\n\n<li><strong>Aparellatge i instrumentaci\u00f3:<\/strong> Elements per al muntatge d&#8217;instal\u00b7lacions el\u00e8ctriques(interruptors, commutadors, etc.) i mult\u00edmetres digitals per a la caracteritzaci\u00f3 de components, verificaci\u00f3 de circuits i mesura de variables el\u00e8ctriques.<\/li>\n<\/ul>\n\n\n\n<h3 class=\"wp-block-heading\">Fabricaci\u00f3 Digital<\/h3>\n\n\n\n<ul class=\"wp-block-list\">\n<li><strong>Manufactura additiva:<\/strong> Impressores 3D dedicades a la materialitzaci\u00f3 r\u00e0pida de prototips. Aquests sistemes permeten traslladar la geometria digital al m\u00f3n f\u00edsic, creant peces estructurals a mida, carcasses i suports per a l&#8217;\u00e0rea de rob\u00f2tica.<\/li>\n<\/ul>\n\n\n\n<figure class=\"wp-block-gallery has-nested-images columns-default is-cropped wp-block-gallery-1 is-layout-flex wp-block-gallery-is-layout-flex\">\n<figure class=\"wp-block-image size-large has-custom-border is-style-default\"><a href=\"https:\/\/agora.xtec.cat\/ieselcastell\/wp-content\/uploads\/usu221\/2026\/02\/tallers1.jpg\"><img loading=\"lazy\" decoding=\"async\" width=\"1024\" height=\"683\" data-id=\"7909\" src=\"https:\/\/agora.xtec.cat\/ieselcastell\/wp-content\/uploads\/usu221\/2026\/02\/tallers1-1024x683.jpg\" alt=\"\" class=\"wp-image-7909\" style=\"border-radius:10px\" srcset=\"https:\/\/agora.xtec.cat\/ieselcastell\/wp-content\/uploads\/usu221\/2026\/02\/tallers1-1024x683.jpg 1024w, https:\/\/agora.xtec.cat\/ieselcastell\/wp-content\/uploads\/usu221\/2026\/02\/tallers1-300x200.jpg 300w, https:\/\/agora.xtec.cat\/ieselcastell\/wp-content\/uploads\/usu221\/2026\/02\/tallers1-768x512.jpg 768w, https:\/\/agora.xtec.cat\/ieselcastell\/wp-content\/uploads\/usu221\/2026\/02\/tallers1-1536x1024.jpg 1536w, https:\/\/agora.xtec.cat\/ieselcastell\/wp-content\/uploads\/usu221\/2026\/02\/tallers1-2048x1366.jpg 2048w\" sizes=\"auto, (max-width: 1024px) 100vw, 1024px\" \/><\/a><\/figure>\n\n\n\n<figure class=\"wp-block-image size-large has-custom-border\"><a href=\"https:\/\/agora.xtec.cat\/ieselcastell\/wp-content\/uploads\/usu221\/2026\/02\/tallers2.jpg\"><img loading=\"lazy\" decoding=\"async\" width=\"1024\" height=\"683\" data-id=\"7912\" src=\"https:\/\/agora.xtec.cat\/ieselcastell\/wp-content\/uploads\/usu221\/2026\/02\/tallers2-1024x683.jpg\" alt=\"\" class=\"wp-image-7912\" style=\"border-radius:10px\" srcset=\"https:\/\/agora.xtec.cat\/ieselcastell\/wp-content\/uploads\/usu221\/2026\/02\/tallers2-1024x683.jpg 1024w, https:\/\/agora.xtec.cat\/ieselcastell\/wp-content\/uploads\/usu221\/2026\/02\/tallers2-300x200.jpg 300w, https:\/\/agora.xtec.cat\/ieselcastell\/wp-content\/uploads\/usu221\/2026\/02\/tallers2-768x512.jpg 768w, https:\/\/agora.xtec.cat\/ieselcastell\/wp-content\/uploads\/usu221\/2026\/02\/tallers2-1536x1024.jpg 1536w, https:\/\/agora.xtec.cat\/ieselcastell\/wp-content\/uploads\/usu221\/2026\/02\/tallers2-2048x1366.jpg 2048w\" sizes=\"auto, (max-width: 1024px) 100vw, 1024px\" \/><\/a><\/figure>\n\n\n\n<figure class=\"wp-block-image size-large has-custom-border\"><a href=\"https:\/\/agora.xtec.cat\/ieselcastell\/wp-content\/uploads\/usu221\/2026\/02\/tallers3.jpg\"><img loading=\"lazy\" decoding=\"async\" width=\"1024\" height=\"683\" data-id=\"7917\" src=\"https:\/\/agora.xtec.cat\/ieselcastell\/wp-content\/uploads\/usu221\/2026\/02\/tallers3-1024x683.jpg\" alt=\"\" class=\"wp-image-7917\" style=\"border-radius:10px\" srcset=\"https:\/\/agora.xtec.cat\/ieselcastell\/wp-content\/uploads\/usu221\/2026\/02\/tallers3-1024x683.jpg 1024w, https:\/\/agora.xtec.cat\/ieselcastell\/wp-content\/uploads\/usu221\/2026\/02\/tallers3-300x200.jpg 300w, https:\/\/agora.xtec.cat\/ieselcastell\/wp-content\/uploads\/usu221\/2026\/02\/tallers3-768x512.jpg 768w, https:\/\/agora.xtec.cat\/ieselcastell\/wp-content\/uploads\/usu221\/2026\/02\/tallers3-1536x1024.jpg 1536w, https:\/\/agora.xtec.cat\/ieselcastell\/wp-content\/uploads\/usu221\/2026\/02\/tallers3-2048x1366.jpg 2048w\" sizes=\"auto, (max-width: 1024px) 100vw, 1024px\" \/><\/a><\/figure>\n<\/figure>\n\n\n\n<p><\/p>\n","protected":false},"excerpt":{"rendered":"<p>El departament de tecnologia disposa de dos tallers dissenyats per cobrir el cicle \u00edntegre de desenvolupament de projectes tecnol\u00f2gics (disseny, mecanitzaci\u00f3, muntatge i programaci\u00f3). Aquests dos espais permeten flexibilitzar les din\u00e0miques docents i optimitzar l&#8217;\u00fas de l&#8217;equipament, el qual articula les seg\u00fcents \u00e0rees funcionals: Equipaments \u00c0rees de Mecanitzaci\u00f3 i Manufactura Entorns de Rob\u00f2tica, Control i [&hellip;]<\/p>\n","protected":false},"author":1,"featured_media":0,"parent":7848,"menu_order":0,"comment_status":"closed","ping_status":"close","template":"","meta":{"_bbp_topic_count":0,"_bbp_reply_count":0,"_bbp_total_topic_count":0,"_bbp_total_reply_count":0,"_bbp_voice_count":0,"_bbp_anonymous_reply_count":0,"_bbp_topic_count_hidden":0,"_bbp_reply_count_hidden":0,"_bbp_forum_subforum_count":0,"site-sidebar-layout":"default","site-content-layout":"","ast-site-content-layout":"default","site-content-style":"default","site-sidebar-style":"default","ast-global-header-display":"","ast-banner-title-visibility":"","ast-main-header-display":"","ast-hfb-above-header-display":"","ast-hfb-below-header-display":"","ast-hfb-mobile-header-display":"","site-post-title":"","ast-breadcrumbs-content":"","ast-featured-img":"","footer-sml-layout":"","theme-transparent-header-meta":"","adv-header-id-meta":"","stick-header-meta":"","header-above-stick-meta":"","header-main-stick-meta":"","header-below-stick-meta":"","astra-migrate-meta-layouts":"set","ast-page-background-enabled":"default","ast-page-background-meta":{"desktop":{"background-color":"var(--ast-global-color-4)","background-image":"","background-repeat":"repeat","background-position":"center center","background-size":"auto","background-attachment":"scroll","background-type":"","background-media":"","overlay-type":"","overlay-color":"","overlay-opacity":"","overlay-gradient":""},"tablet":{"background-color":"","background-image":"","background-repeat":"repeat","background-position":"center center","background-size":"auto","background-attachment":"scroll","background-type":"","background-media":"","overlay-type":"","overlay-color":"","overlay-opacity":"","overlay-gradient":""},"mobile":{"background-color":"","background-image":"","background-repeat":"repeat","background-position":"center center","background-size":"auto","background-attachment":"scroll","background-type":"","background-media":"","overlay-type":"","overlay-color":"","overlay-opacity":"","overlay-gradient":""}},"ast-content-background-meta":{"desktop":{"background-color":"var(--ast-global-color-5)","background-image":"","background-repeat":"repeat","background-position":"center center","background-size":"auto","background-attachment":"scroll","background-type":"","background-media":"","overlay-type":"","overlay-color":"","overlay-opacity":"","overlay-gradient":""},"tablet":{"background-color":"var(--ast-global-color-5)","background-image":"","background-repeat":"repeat","background-position":"center center","background-size":"auto","background-attachment":"scroll","background-type":"","background-media":"","overlay-type":"","overlay-color":"","overlay-opacity":"","overlay-gradient":""},"mobile":{"background-color":"var(--ast-global-color-5)","background-image":"","background-repeat":"repeat","background-position":"center center","background-size":"auto","background-attachment":"scroll","background-type":"","background-media":"","overlay-type":"","overlay-color":"","overlay-opacity":"","overlay-gradient":""}},"footnotes":""},"class_list":["post-7854","page","type-page","status-publish","hentry"],"post_mailing_queue_ids":[],"_links":{"self":[{"href":"https:\/\/agora.xtec.cat\/ieselcastell\/wp-json\/wp\/v2\/pages\/7854","targetHints":{"allow":["GET"]}}],"collection":[{"href":"https:\/\/agora.xtec.cat\/ieselcastell\/wp-json\/wp\/v2\/pages"}],"about":[{"href":"https:\/\/agora.xtec.cat\/ieselcastell\/wp-json\/wp\/v2\/types\/page"}],"author":[{"embeddable":true,"href":"https:\/\/agora.xtec.cat\/ieselcastell\/wp-json\/wp\/v2\/users\/1"}],"replies":[{"embeddable":true,"href":"https:\/\/agora.xtec.cat\/ieselcastell\/wp-json\/wp\/v2\/comments?post=7854"}],"version-history":[{"count":5,"href":"https:\/\/agora.xtec.cat\/ieselcastell\/wp-json\/wp\/v2\/pages\/7854\/revisions"}],"predecessor-version":[{"id":7919,"href":"https:\/\/agora.xtec.cat\/ieselcastell\/wp-json\/wp\/v2\/pages\/7854\/revisions\/7919"}],"up":[{"embeddable":true,"href":"https:\/\/agora.xtec.cat\/ieselcastell\/wp-json\/wp\/v2\/pages\/7848"}],"wp:attachment":[{"href":"https:\/\/agora.xtec.cat\/ieselcastell\/wp-json\/wp\/v2\/media?parent=7854"}],"curies":[{"name":"wp","href":"https:\/\/api.w.org\/{rel}","templated":true}]}}