{"id":7834,"date":"2026-02-20T09:58:45","date_gmt":"2026-02-20T08:58:45","guid":{"rendered":"https:\/\/agora.xtec.cat\/ieselcastell\/?page_id=7834"},"modified":"2026-03-06T12:31:52","modified_gmt":"2026-03-06T11:31:52","slug":"departaments","status":"publish","type":"page","link":"https:\/\/agora.xtec.cat\/ieselcastell\/linstitut\/organigrama\/departaments\/","title":{"rendered":"DEPARTAMENTS"},"content":{"rendered":"\n<p class=\"has-black-color has-text-color has-link-color has-large-font-size wp-elements-a4d714097bf1cc1fa19e0af496084e93\"><strong>DEPARTAMENT DE LLENG\u00dcES<\/strong><\/p>\n\n\n\n<figure class=\"wp-block-image size-large\" style=\"margin-top:0;margin-bottom:0\"><a href=\"https:\/\/agora.xtec.cat\/ieselcastell\/wp-content\/uploads\/usu221\/2026\/02\/IMG-20260206-WA0008-1.jpg\"><img loading=\"lazy\" decoding=\"async\" width=\"1024\" height=\"362\" src=\"https:\/\/agora.xtec.cat\/ieselcastell\/wp-content\/uploads\/usu221\/2026\/02\/IMG-20260206-WA0008-1-1024x362.jpg\" alt=\"\" class=\"wp-image-7709\" style=\"object-fit:cover\" srcset=\"https:\/\/agora.xtec.cat\/ieselcastell\/wp-content\/uploads\/usu221\/2026\/02\/IMG-20260206-WA0008-1-1024x362.jpg 1024w, https:\/\/agora.xtec.cat\/ieselcastell\/wp-content\/uploads\/usu221\/2026\/02\/IMG-20260206-WA0008-1-300x106.jpg 300w, https:\/\/agora.xtec.cat\/ieselcastell\/wp-content\/uploads\/usu221\/2026\/02\/IMG-20260206-WA0008-1-768x271.jpg 768w, https:\/\/agora.xtec.cat\/ieselcastell\/wp-content\/uploads\/usu221\/2026\/02\/IMG-20260206-WA0008-1-1536x542.jpg 1536w, https:\/\/agora.xtec.cat\/ieselcastell\/wp-content\/uploads\/usu221\/2026\/02\/IMG-20260206-WA0008-1.jpg 1600w\" sizes=\"auto, (max-width: 1024px) 100vw, 1024px\" \/><\/a><\/figure>\n\n\n\n<p><\/p>\n\n\n\n<p class=\"has-medium-font-size\"><strong>CAP DE DEPARTAMENT<\/strong><\/p>\n\n\n\n<p class=\"has-medium-font-size\">Jos\u00e9 Mu\u00f1oz<\/p>\n\n\n\n<p class=\"has-medium-font-size\"><em>Professor de Llengua i Literatura Castellana <\/em>(2n de Batx. i 1r de Batx.)<\/p>\n\n\n\n<p class=\"has-medium-font-size\"><strong>PROFESSORS\/ES<\/strong><\/p>\n\n\n\n<p class=\"has-medium-font-size\">Luc\u00eda Rodr\u00edguez<\/p>\n\n\n\n<p class=\"has-medium-font-size\"><em>Professora de Llengua i Literatura Castellana i <em>&#8220;Building Strategies&#8221;<\/em><\/em> (4t d&#8217;ESO, 1r Batx.). Coordinadora ERASMUS+<\/p>\n\n\n\n<p class=\"has-medium-font-size\">Daniel Vega<\/p>\n\n\n\n<p class=\"has-medium-font-size\"><em>Professor de Llengua i Literatura Catalana<\/em> (2n de Batx., 1r de Batx. i Optativa 2n d&#8217;ESO)<\/p>\n\n\n\n<p class=\"has-medium-font-size\">Vanessa Coves<\/p>\n\n\n\n<p class=\"has-medium-font-size\"><em>Professora de Llengua i Literatura Catalana <\/em>(3r d&#8217;ESO, 2n de Batxillerat)<\/p>\n\n\n\n<p class=\"has-medium-font-size\">Sonia Garc\u00eda<\/p>\n\n\n\n<p class=\"has-medium-font-size\"><em>Professora de Llengua i Literatura Castellana<\/em> (2n d&#8217;ESO, 3r d&#8217;ESO)<\/p>\n\n\n\n<p class=\"has-medium-font-size\">Laia Moyes<\/p>\n\n\n\n<p class=\"has-medium-font-size\"><em>Professora de Llengua i Literatura Catalana<\/em> <\/p>\n\n\n\n<p class=\"has-medium-font-size\">Albert Garc\u00eda<\/p>\n\n\n\n<p class=\"has-medium-font-size\"><em>Professor de Llengua i Literatura Catalana, Expressi\u00f3 Escrita<\/em> i <em>Expressi\u00f3 Oral<\/em> (1r d&#8217;ESO, 2n d&#8217;ESO i 4t d&#8217;ESO)<\/p>\n\n\n\n<p class=\"has-medium-font-size\">Gloria Herreros<\/p>\n\n\n\n<p class=\"has-medium-font-size\"><em>Professora de Llengua i Literatura Catalana,  Expressi\u00f3 Oral<\/em> (2n i 4t d&#8217;ESO)<\/p>\n\n\n\n<p><\/p>\n\n\n\n<p class=\"has-large-font-size\"><strong>DEPARTAMENT DE LLENG\u00dcES ESTRANGERES<\/strong><\/p>\n\n\n\n<p class=\"has-medium-font-size\"><strong>CAP DE DEPARTAMENT<\/strong><\/p>\n\n\n\n<p>M\u00aa Dolores Gallardo<\/p>\n\n\n\n<p><em>Professora de Llengua anglesa <\/em>(1r i 2n de Batx.) <\/p>\n\n\n\n<p class=\"has-medium-font-size\"><strong>PROFESSORS\/ES<\/strong><\/p>\n\n\n\n<p>Estrella Cid<\/p>\n\n\n\n<p><em>Professora de Llengua anglesa <\/em>(1r i 2n d&#8217;ESO). TUTORA 2n D<\/p>\n\n\n\n<p>Oriol Esteve<\/p>\n\n\n\n<p><em>Professor de Llengua anglesa <\/em>(1r de Batx.). <strong>COORDINADOR PEDAG\u00d2GIC<\/strong><\/p>\n\n\n\n<p>Patr\u00edcia Monta\u00f1\u00e9s<\/p>\n\n\n\n<p><em>Professora de Llengua anglesa<\/em> (1r de Batx.). <strong>CAP D&#8217;ESTUDIS.<\/strong><\/p>\n\n\n\n<p>M\u00edriam Hermida <\/p>\n\n\n\n<p><em>Professora de Franc\u00e8s<\/em> (1r, 2n, 3r i 4t d&#8217;ESO, 1r i 2n de Batx.)<\/p>\n\n\n\n<p>Carla Moix<\/p>\n\n\n\n<p><em>Professora d&#8217;Alemany<\/em> (1r, 2n, 3r i 4t d&#8217;ESO, 1r i 2n de Batx.)<\/p>\n\n\n\n<p>N\u00faria Casas<\/p>\n\n\n\n<p><em>Professora d&#8217;Alemany<\/em> (1r, 2n, 3r i 4t d&#8217;ESO, 1r i 2n de Batx.)<\/p>\n\n\n\n<p><\/p>\n\n\n\n<p><\/p>\n\n\n\n<p class=\"has-large-font-size\"><strong>DEPARTAMENT D&#8217;HUMANITATS<\/strong><\/p>\n\n\n\n<p><strong>CAP DE DEPARTAMENT<\/strong><\/p>\n\n\n\n<p>L\u00eddia Vicente<\/p>\n\n\n\n<p><em>Professora de Ci\u00e8ncies Socials, Hist\u00f2ria de l&#8217;Art i Geografia<\/em> (2n i 3r d&#8217;ESO, 2n de Batx.)<\/p>\n\n\n\n<p><strong>PROFESSORS\/ES<\/strong><\/p>\n\n\n\n<p>Dominica Navarro<\/p>\n\n\n\n<p><em>Professora de Filologia Cl\u00e0ssica (Llat\u00ed, Grec i Cultura cl\u00e0ssia) <\/em>(4t d&#8217;ESO i 1r i 2n de Batx.)<\/p>\n\n\n\n<p>L\u00eddia Luna<\/p>\n\n\n\n<p><em>Professora de Ci\u00e8ncies Socials i Poblaci\u00f3 i Prosperitat<\/em> (4t d&#8217;ESO i 2n de Batx.). <strong>COORDINADORA 4t d&#8217;ESO.<\/strong><\/p>\n\n\n\n<p>Jorge Alejandro N\u00fa\u00f1ez<\/p>\n\n\n\n<p><em>Professor d&#8217;Hist\u00f2ria, Problem\u00e0tiques Socials i &#8220;Building Strategies&#8221;<\/em> (1r i 2n de Batx.). <strong>TUTOR 2n de Batx. <\/strong> <strong>B.<\/strong><\/p>\n\n\n\n<p>Ra\u00fal P\u00e1ez<\/p>\n\n\n\n<p><em>Professor de Filosofia<\/em> (1r i 2n de Batx.). <strong>COTUTOR 1r de Batx. C.<\/strong><\/p>\n\n\n\n<p>Marc Campmany<\/p>\n\n\n\n<p><em>Professor de Ci\u00e8ncies Socials<\/em>, <em>&#8220;Social Studies&#8221;, Aven\u00e7os i Retrocessos <\/em>(1r, 3r i 4t d&#8217;ESO). <strong>COTUTOR 3r d&#8217;ESO C.<\/strong><\/p>\n\n\n\n<p>Jorge Jesus Batalla <\/p>\n\n\n\n<p><em>Professor de Religi\u00f3 <\/em> (1r i 2n d&#8217;ESO, 1r de Batx.)<\/p>\n\n\n\n<p>Alejandro Castellanos<\/p>\n\n\n\n<p><em>Professor de Ci\u00e8ncies Socials, &#8220;La r\u00e0dio d&#8217;El Castell&#8221;, Cultura i Valors<\/em> (1r, 2n, 3r, 4t d&#8217;ESO). <strong>COTUTOR 2n ESO C<\/strong><\/p>\n\n\n\n<p>Marc S\u00e1nchez<\/p>\n\n\n\n<p><em>Professor de Ci\u00e8ncies Socials, Projectes, Aven\u00e7os i retrocessos,<\/em> (2n i 4t d&#8217;ESO, 1r de Batx.). <strong>TUTOR 2n ESO B<\/strong><\/p>\n\n\n\n<p><\/p>\n\n\n\n<p><\/p>\n\n\n\n<p class=\"has-large-font-size\"><strong>DEPARTAMENT DE L&#8217;\u00c0MBIT CIENTIFICOTECNOL\u00d2GIC<\/strong><\/p>\n\n\n\n<p><strong>CAP DE DEPARTAMENT<\/strong><\/p>\n\n\n\n<p>Montserrat Mu\u00f1oz <\/p>\n\n\n\n<p><em>Professora de F\u00edsica, Tecnologia<\/em> <em>i Reptes Cient\u00edfics<\/em>, (1r i 2n de Batx.)<\/p>\n\n\n\n<p><\/p>\n\n\n\n<ul class=\"wp-block-list\">\n<li><strong>\u00c0MBIT EXPERIMENTALS<\/strong><\/li>\n<\/ul>\n\n\n\n<p><strong>PROFESSORS\/ES<\/strong><\/p>\n\n\n\n<p>Judit Castellv\u00ed<\/p>\n\n\n\n<p><em>Professora de Biologia i Geologia, Ci\u00e8ncies Naturals i Projectes<\/em> (1r d&#8217;ESO, 1r i 2n de Batx.).<\/p>\n\n\n\n<p>Rosa Maria Cuadras <\/p>\n\n\n\n<p><em>Professora de F\u00edsica i Qu\u00edmica i Entorn Sostenible<\/em> (4t d&#8217;ESO, 1r i 2n de Batx.)<\/p>\n\n\n\n<p>Anna Fust\u00e9 <\/p>\n\n\n\n<p><em>Professora de F\u00edsica i Qu\u00edmica <\/em>(3r d&#8217;ESO, 1r de Batx.) <strong>DIRECTORA.<\/strong><\/p>\n\n\n\n<p>Anna Rosin\u00e9s <\/p>\n\n\n\n<p><em>Professora de F\u00edsica i Qu\u00edmica <\/em>(2n i 3r d&#8217;ESO)<strong>. COTUTORA 2n D.<\/strong><\/p>\n\n\n\n<p><\/p>\n\n\n\n<ul class=\"wp-block-list\">\n<li><strong>\u00c0MBIT TECNOL\u00d2GIC<\/strong><\/li>\n<\/ul>\n\n\n\n<p><strong>PROFESSORS\/ES<\/strong><\/p>\n\n\n\n<p>Elisabeth Gaya<\/p>\n\n\n\n<p><em>Professora de Dibuix T\u00e8cnic i mat\u00e8ries del PDC<\/em> (3r d&#8217;ESO)<\/p>\n\n\n\n<p>Pau S\u00e1nchez<\/p>\n\n\n\n<p><em>Professor de Tecnologia, Rob\u00f2tica i STEAM<\/em> (3r d&#8217;ESO i 2n de Batx.)<\/p>\n\n\n\n<p>V\u00edctor Torres<\/p>\n\n\n\n<p><em>Professor de Tecnologia i STEAM <\/em>(3r i 4t d&#8217;ESO). <strong>TUTOR 4t d&#8217;ESO<\/strong>.<\/p>\n\n\n\n<p><\/p>\n\n\n\n<p><\/p>\n\n\n\n<p class=\"has-large-font-size\"><strong>DEPARTAMENT MATEM\u00c0TIQUES<\/strong><\/p>\n\n\n\n<p class=\"has-medium-font-size\"><strong>CAP DE DEPARTAMENT<\/strong><\/p>\n\n\n\n<p>Xavier Mansa<\/p>\n\n\n\n<p><em>Professora de Matem\u00e0tiques<\/em>, (2n d&#8217;ESO i 1r de Batx.)<\/p>\n\n\n\n<p class=\"has-medium-font-size\"><strong>PROFESSORS\/ES<\/strong><\/p>\n\n\n\n<p>Gerard Garc\u00eda<\/p>\n\n\n\n<p><em>Professor de Matem\u00e0tiques  i Matem\u00e0tiques Aplicades a les Ci\u00e8ncies Socials <\/em>(4t d&#8217;ESO, 1r i 2n de Batx.)<\/p>\n\n\n\n<p>Cristina Delgado<\/p>\n\n\n\n<p><em>Professora de Matem\u00e0tiques i &#8220;Reptes matem\u00e0tics&#8221;<\/em> (2n i 3r d&#8217;ESO).<\/p>\n\n\n\n<p>Eva M\u00aa Lindo<\/p>\n\n\n\n<p><em>Professora de Matem\u00e0tiques <\/em>(2n de Batx.) <strong>COORDINADORA DE BATXILLERAT<\/strong><\/p>\n\n\n\n<p><\/p>\n\n\n\n<p class=\"has-large-font-size\"><strong>DEPARTAMENT D&#8217;EXPRESSI\u00d3 <\/strong><\/p>\n\n\n\n<p><strong>CAP DE DEPARTAMENT<\/strong><\/p>\n\n\n\n<p><strong>Alberto Balboa<\/strong><\/p>\n\n\n\n<p><em>Professor d&#8217;Educaci\u00f3 F\u00edsica<\/em> <em>i<\/em> <em>de Projectes <\/em>(2n i 3r d&#8217;ESO).<\/p>\n\n\n\n<p><strong>PROFESSORS\/ES<\/strong><\/p>\n\n\n\n<p>Marta Grau<\/p>\n\n\n\n<p><strong><em>Professora d&#8217;Educaci\u00f3 F\u00edsica<\/em><\/strong> (2, i 3r d&#8217;ESO)<\/p>\n\n\n\n<p>Josep Bay<\/p>\n\n\n\n<p><em>Professor de M\u00fasica <\/em>(2n i 4t d&#8217;ESO)<\/p>\n\n\n\n<p>El\u00edas Barbera<\/p>\n\n\n\n<p><em>Professor d&#8217;Arts Esc\u00e8niques, Literatura dram\u00e0tica i Taller de creaci\u00f3 esc\u00e8nica <\/em>(2n de Batx.)<\/p>\n\n\n\n<p>Tamara D\u00edaz<\/p>\n\n\n\n<p><em>Professora d&#8217;Arts Esc\u00e8niques, Cultura Audiovisual, Llenguatges d&#8217;Art Contemporani<\/em>, <em>Escenografia i Expressions art\u00edstiques i STEAM<\/em> (2n, 3r i 4t d&#8217;ESO, i 1r de Batx.).<\/p>\n","protected":false},"excerpt":{"rendered":"<p>DEPARTAMENT DE LLENG\u00dcES CAP DE DEPARTAMENT Jos\u00e9 Mu\u00f1oz Professor de Llengua i Literatura Castellana (2n de Batx. i 1r de Batx.) PROFESSORS\/ES Luc\u00eda Rodr\u00edguez Professora de Llengua i Literatura Castellana i &#8220;Building Strategies&#8221; (4t d&#8217;ESO, 1r Batx.). Coordinadora ERASMUS+ Daniel Vega Professor de Llengua i Literatura Catalana (2n de Batx., 1r de Batx. i Optativa [&hellip;]<\/p>\n","protected":false},"author":1,"featured_media":0,"parent":7830,"menu_order":0,"comment_status":"closed","ping_status":"close","template":"","meta":{"_bbp_topic_count":0,"_bbp_reply_count":0,"_bbp_total_topic_count":0,"_bbp_total_reply_count":0,"_bbp_voice_count":0,"_bbp_anonymous_reply_count":0,"_bbp_topic_count_hidden":0,"_bbp_reply_count_hidden":0,"_bbp_forum_subforum_count":0,"site-sidebar-layout":"default","site-content-layout":"","ast-site-content-layout":"default","site-content-style":"default","site-sidebar-style":"default","ast-global-header-display":"","ast-banner-title-visibility":"","ast-main-header-display":"","ast-hfb-above-header-display":"","ast-hfb-below-header-display":"","ast-hfb-mobile-header-display":"","site-post-title":"","ast-breadcrumbs-content":"","ast-featured-img":"","footer-sml-layout":"","theme-transparent-header-meta":"","adv-header-id-meta":"","stick-header-meta":"","header-above-stick-meta":"","header-main-stick-meta":"","header-below-stick-meta":"","astra-migrate-meta-layouts":"set","ast-page-background-enabled":"default","ast-page-background-meta":{"desktop":{"background-color":"var(--ast-global-color-4)","background-image":"","background-repeat":"repeat","background-position":"center center","background-size":"auto","background-attachment":"scroll","background-type":"","background-media":"","overlay-type":"","overlay-color":"","overlay-opacity":"","overlay-gradient":""},"tablet":{"background-color":"","background-image":"","background-repeat":"repeat","background-position":"center center","background-size":"auto","background-attachment":"scroll","background-type":"","background-media":"","overlay-type":"","overlay-color":"","overlay-opacity":"","overlay-gradient":""},"mobile":{"background-color":"","background-image":"","background-repeat":"repeat","background-position":"center center","background-size":"auto","background-attachment":"scroll","background-type":"","background-media":"","overlay-type":"","overlay-color":"","overlay-opacity":"","overlay-gradient":""}},"ast-content-background-meta":{"desktop":{"background-color":"var(--ast-global-color-5)","background-image":"","background-repeat":"repeat","background-position":"center center","background-size":"auto","background-attachment":"scroll","background-type":"","background-media":"","overlay-type":"","overlay-color":"","overlay-opacity":"","overlay-gradient":""},"tablet":{"background-color":"var(--ast-global-color-5)","background-image":"","background-repeat":"repeat","background-position":"center center","background-size":"auto","background-attachment":"scroll","background-type":"","background-media":"","overlay-type":"","overlay-color":"","overlay-opacity":"","overlay-gradient":""},"mobile":{"background-color":"var(--ast-global-color-5)","background-image":"","background-repeat":"repeat","background-position":"center center","background-size":"auto","background-attachment":"scroll","background-type":"","background-media":"","overlay-type":"","overlay-color":"","overlay-opacity":"","overlay-gradient":""}},"footnotes":""},"class_list":["post-7834","page","type-page","status-publish","hentry"],"post_mailing_queue_ids":[],"_links":{"self":[{"href":"https:\/\/agora.xtec.cat\/ieselcastell\/wp-json\/wp\/v2\/pages\/7834","targetHints":{"allow":["GET"]}}],"collection":[{"href":"https:\/\/agora.xtec.cat\/ieselcastell\/wp-json\/wp\/v2\/pages"}],"about":[{"href":"https:\/\/agora.xtec.cat\/ieselcastell\/wp-json\/wp\/v2\/types\/page"}],"author":[{"embeddable":true,"href":"https:\/\/agora.xtec.cat\/ieselcastell\/wp-json\/wp\/v2\/users\/1"}],"replies":[{"embeddable":true,"href":"https:\/\/agora.xtec.cat\/ieselcastell\/wp-json\/wp\/v2\/comments?post=7834"}],"version-history":[{"count":6,"href":"https:\/\/agora.xtec.cat\/ieselcastell\/wp-json\/wp\/v2\/pages\/7834\/revisions"}],"predecessor-version":[{"id":7994,"href":"https:\/\/agora.xtec.cat\/ieselcastell\/wp-json\/wp\/v2\/pages\/7834\/revisions\/7994"}],"up":[{"embeddable":true,"href":"https:\/\/agora.xtec.cat\/ieselcastell\/wp-json\/wp\/v2\/pages\/7830"}],"wp:attachment":[{"href":"https:\/\/agora.xtec.cat\/ieselcastell\/wp-json\/wp\/v2\/media?parent=7834"}],"curies":[{"name":"wp","href":"https:\/\/api.w.org\/{rel}","templated":true}]}}