{"id":6637,"date":"2023-11-20T11:49:48","date_gmt":"2023-11-20T10:49:48","guid":{"rendered":"https:\/\/agora.xtec.cat\/ieselcastell\/?page_id=6637"},"modified":"2025-10-02T12:39:06","modified_gmt":"2025-10-02T10:39:06","slug":"criteris-davaluacio-i-fulls-de-presentacio-de-les-materies","status":"publish","type":"page","link":"https:\/\/agora.xtec.cat\/ieselcastell\/criteris-davaluacio-i-fulls-de-presentacio-de-les-materies\/","title":{"rendered":"Criteris d&#8217;Avaluaci\u00f3 i Fulls de Presentaci\u00f3 de les Mat\u00e8ries"},"content":{"rendered":"<p>Els criteris d&#8217;avaluaci\u00f3 i els fulls de presentaci\u00f3 de les mat\u00e8ries que s&#8217;imparteixen en el nostre centre, els trobareu a la carpeta del nivell d&#8217;ensenyament corresponent<\/p>\n<p><a href=\"https:\/\/drive.google.com\/drive\/folders\/1nHLdNiG-YVp2uFq6QJ43N-KfOnEgmC2c?usp=sharing\" target=\"_blank\" rel=\"noopener\">1r d&#8217;ESO<\/a><\/p>\n<p><a href=\"https:\/\/drive.google.com\/drive\/folders\/1NH8-aNYK163T6MptyxonvzxEs8ovNnUo?usp=sharing\" target=\"_blank\" rel=\"noopener\">2n d&#8217;ESO<\/a><\/p>\n<p><a href=\"https:\/\/drive.google.com\/drive\/folders\/1YaINQbnqfWdJd12LBrc7UD9n-fYNCYnI?usp=sharing\" target=\"_blank\" rel=\"noopener\">3r d&#8217;ESO<\/a><\/p>\n<p><a href=\"https:\/\/drive.google.com\/drive\/folders\/1XXTwKkc5KrBLcdeZ8X3PIOC_2Q_cgHO3?usp=sharing\" target=\"_blank\" rel=\"noopener\">4t d&#8217;ESO<\/a><\/p>\n<p><a href=\"https:\/\/drive.google.com\/drive\/folders\/1oNiK94touax40Y18B4EQ9SopgZLG4fGL?usp=sharing\" target=\"_blank\" rel=\"noopener\">1r de Batxillerat<\/a><\/p>\n<p><a href=\"https:\/\/drive.google.com\/drive\/folders\/1kQ3xd1xkImMWyuqXYAjzPzYw1xY3u-UN?usp=sharing\" target=\"_blank\" rel=\"noopener\">2n de Batxillerat<\/a><\/p>\n","protected":false},"excerpt":{"rendered":"<p>Els criteris d&#8217;avaluaci\u00f3 i els fulls de presentaci\u00f3 de les mat\u00e8ries que s&#8217;imparteixen en el nostre centre, els trobareu a la carpeta del nivell d&#8217;ensenyament corresponent 1r d&#8217;ESO 2n d&#8217;ESO 3r d&#8217;ESO 4t d&#8217;ESO 1r de Batxillerat 2n de Batxillerat<\/p>\n","protected":false},"author":1,"featured_media":0,"parent":0,"menu_order":0,"comment_status":"closed","ping_status":"closed","template":"","meta":{"_bbp_topic_count":0,"_bbp_reply_count":0,"_bbp_total_topic_count":0,"_bbp_total_reply_count":0,"_bbp_voice_count":0,"_bbp_anonymous_reply_count":0,"_bbp_topic_count_hidden":0,"_bbp_reply_count_hidden":0,"_bbp_forum_subforum_count":0,"site-sidebar-layout":"default","site-content-layout":"","ast-site-content-layout":"","site-content-style":"default","site-sidebar-style":"default","ast-global-header-display":"","ast-banner-title-visibility":"","ast-main-header-display":"","ast-hfb-above-header-display":"","ast-hfb-below-header-display":"","ast-hfb-mobile-header-display":"","site-post-title":"","ast-breadcrumbs-content":"","ast-featured-img":"","footer-sml-layout":"","theme-transparent-header-meta":"","adv-header-id-meta":"","stick-header-meta":"","header-above-stick-meta":"","header-main-stick-meta":"","header-below-stick-meta":"","astra-migrate-meta-layouts":"default","ast-page-background-enabled":"default","ast-page-background-meta":{"desktop":{"background-color":"var(--ast-global-color-4)","background-image":"","background-repeat":"repeat","background-position":"center center","background-size":"auto","background-attachment":"scroll","background-type":"","background-media":"","overlay-type":"","overlay-color":"","overlay-opacity":"","overlay-gradient":""},"tablet":{"background-color":"","background-image":"","background-repeat":"repeat","background-position":"center center","background-size":"auto","background-attachment":"scroll","background-type":"","background-media":"","overlay-type":"","overlay-color":"","overlay-opacity":"","overlay-gradient":""},"mobile":{"background-color":"","background-image":"","background-repeat":"repeat","background-position":"center center","background-size":"auto","background-attachment":"scroll","background-type":"","background-media":"","overlay-type":"","overlay-color":"","overlay-opacity":"","overlay-gradient":""}},"ast-content-background-meta":{"desktop":{"background-color":"var(--ast-global-color-5)","background-image":"","background-repeat":"repeat","background-position":"center center","background-size":"auto","background-attachment":"scroll","background-type":"","background-media":"","overlay-type":"","overlay-color":"","overlay-opacity":"","overlay-gradient":""},"tablet":{"background-color":"var(--ast-global-color-5)","background-image":"","background-repeat":"repeat","background-position":"center center","background-size":"auto","background-attachment":"scroll","background-type":"","background-media":"","overlay-type":"","overlay-color":"","overlay-opacity":"","overlay-gradient":""},"mobile":{"background-color":"var(--ast-global-color-5)","background-image":"","background-repeat":"repeat","background-position":"center center","background-size":"auto","background-attachment":"scroll","background-type":"","background-media":"","overlay-type":"","overlay-color":"","overlay-opacity":"","overlay-gradient":""}},"footnotes":""},"class_list":["post-6637","page","type-page","status-publish","hentry"],"post_mailing_queue_ids":[],"_links":{"self":[{"href":"https:\/\/agora.xtec.cat\/ieselcastell\/wp-json\/wp\/v2\/pages\/6637","targetHints":{"allow":["GET"]}}],"collection":[{"href":"https:\/\/agora.xtec.cat\/ieselcastell\/wp-json\/wp\/v2\/pages"}],"about":[{"href":"https:\/\/agora.xtec.cat\/ieselcastell\/wp-json\/wp\/v2\/types\/page"}],"author":[{"embeddable":true,"href":"https:\/\/agora.xtec.cat\/ieselcastell\/wp-json\/wp\/v2\/users\/1"}],"replies":[{"embeddable":true,"href":"https:\/\/agora.xtec.cat\/ieselcastell\/wp-json\/wp\/v2\/comments?post=6637"}],"version-history":[{"count":6,"href":"https:\/\/agora.xtec.cat\/ieselcastell\/wp-json\/wp\/v2\/pages\/6637\/revisions"}],"predecessor-version":[{"id":7525,"href":"https:\/\/agora.xtec.cat\/ieselcastell\/wp-json\/wp\/v2\/pages\/6637\/revisions\/7525"}],"wp:attachment":[{"href":"https:\/\/agora.xtec.cat\/ieselcastell\/wp-json\/wp\/v2\/media?parent=6637"}],"curies":[{"name":"wp","href":"https:\/\/api.w.org\/{rel}","templated":true}]}}