{"id":510,"date":"2016-02-25T12:04:53","date_gmt":"2016-02-25T11:04:53","guid":{"rendered":"http:\/\/agora.xtec.cat\/ieselcastell\/?page_id=510"},"modified":"2016-02-25T12:04:53","modified_gmt":"2016-02-25T11:04:53","slug":"voluntariat-llengua","status":"publish","type":"page","link":"https:\/\/agora.xtec.cat\/ieselcastell\/projecte-educatiu\/la-llengua-es-viva\/voluntariat-llengua\/","title":{"rendered":"VOLUNTARIAT LLENGUA"},"content":{"rendered":"<p>Dilluns 11 de febrer va tenir lloc a l\u2019Institut El Castell l\u2019acte de presentaci\u00f3 dels voluntaris i aprenents participants en el projecte \u201cVoluntariat per la Llengua Jove d\u2019Esparreguera\u201d. Es tracta d\u2019una iniciativa de la Plataforma per la Llengua i est\u00e0 adre\u00e7at a persones entre 16 i 30 anys amb l\u2019objectiu d\u2019oferir un espai de relacions socials on practicar catal\u00e0 a l\u2019\u00e0mbit p\u00fablic entre joves d\u2019edats similars.<br \/>\n<img loading=\"lazy\" decoding=\"async\" class=\" aligncenter\" src=\"http:\/\/4.bp.blogspot.com\/-1yRifeGkqGs\/UZNJHYkPGdI\/AAAAAAAAAPg\/Prs2SNLpCvk\/s320\/voluntariat+llengua+1.JPG\" alt=\"\" width=\"320\" height=\"240\" border=\"0\" \/><br \/>\nAquest projecte compta amb l\u2019assessorament del Servei Local de Catal\u00e0, el Consorci de Normalitzaci\u00f3 Ling\u00fc\u00edstica i el suport de l\u2019Ajuntament d\u2019Esparreguera. L\u2019acte va aplegar un total de 7 aprenents i 10 voluntaris, que van fer una petita presentaci\u00f3 i van formar els grups de conversa per iniciar el projecte. La major part dels participants s\u00f3n alumnes de Batxillerat del nostre Institut, i \u00e9s una gran satisfacci\u00f3 per nosaltres constatar que alguns antics aprenents del nostre projecte \u201cCompartim Converses\u201d s\u00f3n actualment voluntaris per la llengua d\u2019altres persones que necessiten aprendre catal\u00e0.<br \/>\n<img loading=\"lazy\" decoding=\"async\" class=\" aligncenter\" src=\"http:\/\/1.bp.blogspot.com\/-O4-esoRcwSQ\/UZNJVbL_GZI\/AAAAAAAAAPo\/0hF7nyctQY8\/s320\/Voluntariat+llengua+2.JPG\" alt=\"\" width=\"320\" height=\"240\" border=\"0\" \/><\/p>\n","protected":false},"excerpt":{"rendered":"<p>Dilluns 11 de febrer va tenir lloc a l\u2019Institut El Castell l\u2019acte de presentaci\u00f3 dels voluntaris i aprenents participants en el projecte \u201cVoluntariat per la Llengua Jove d\u2019Esparreguera\u201d. Es tracta d\u2019una iniciativa de la Plataforma per la Llengua i est\u00e0 adre\u00e7at a persones entre 16 i 30 anys amb l\u2019objectiu d\u2019oferir un espai de relacions [&hellip;]<\/p>\n","protected":false},"author":1,"featured_media":0,"parent":310,"menu_order":0,"comment_status":"closed","ping_status":"closed","template":"page-templates\/side-menu.php","meta":{"_bbp_topic_count":0,"_bbp_reply_count":0,"_bbp_total_topic_count":0,"_bbp_total_reply_count":0,"_bbp_voice_count":0,"_bbp_anonymous_reply_count":0,"_bbp_topic_count_hidden":0,"_bbp_reply_count_hidden":0,"_bbp_forum_subforum_count":0,"site-sidebar-layout":"default","site-content-layout":"","ast-site-content-layout":"","site-content-style":"default","site-sidebar-style":"default","ast-global-header-display":"","ast-banner-title-visibility":"","ast-main-header-display":"","ast-hfb-above-header-display":"","ast-hfb-below-header-display":"","ast-hfb-mobile-header-display":"","site-post-title":"","ast-breadcrumbs-content":"","ast-featured-img":"","footer-sml-layout":"","theme-transparent-header-meta":"","adv-header-id-meta":"","stick-header-meta":"","header-above-stick-meta":"","header-main-stick-meta":"","header-below-stick-meta":"","astra-migrate-meta-layouts":"default","ast-page-background-enabled":"default","ast-page-background-meta":{"desktop":{"background-color":"var(--ast-global-color-4)","background-image":"","background-repeat":"repeat","background-position":"center center","background-size":"auto","background-attachment":"scroll","background-type":"","background-media":"","overlay-type":"","overlay-color":"","overlay-opacity":"","overlay-gradient":""},"tablet":{"background-color":"","background-image":"","background-repeat":"repeat","background-position":"center center","background-size":"auto","background-attachment":"scroll","background-type":"","background-media":"","overlay-type":"","overlay-color":"","overlay-opacity":"","overlay-gradient":""},"mobile":{"background-color":"","background-image":"","background-repeat":"repeat","background-position":"center center","background-size":"auto","background-attachment":"scroll","background-type":"","background-media":"","overlay-type":"","overlay-color":"","overlay-opacity":"","overlay-gradient":""}},"ast-content-background-meta":{"desktop":{"background-color":"var(--ast-global-color-5)","background-image":"","background-repeat":"repeat","background-position":"center center","background-size":"auto","background-attachment":"scroll","background-type":"","background-media":"","overlay-type":"","overlay-color":"","overlay-opacity":"","overlay-gradient":""},"tablet":{"background-color":"var(--ast-global-color-5)","background-image":"","background-repeat":"repeat","background-position":"center center","background-size":"auto","background-attachment":"scroll","background-type":"","background-media":"","overlay-type":"","overlay-color":"","overlay-opacity":"","overlay-gradient":""},"mobile":{"background-color":"var(--ast-global-color-5)","background-image":"","background-repeat":"repeat","background-position":"center center","background-size":"auto","background-attachment":"scroll","background-type":"","background-media":"","overlay-type":"","overlay-color":"","overlay-opacity":"","overlay-gradient":""}},"footnotes":""},"class_list":["post-510","page","type-page","status-publish","hentry"],"post_mailing_queue_ids":[],"_links":{"self":[{"href":"https:\/\/agora.xtec.cat\/ieselcastell\/wp-json\/wp\/v2\/pages\/510","targetHints":{"allow":["GET"]}}],"collection":[{"href":"https:\/\/agora.xtec.cat\/ieselcastell\/wp-json\/wp\/v2\/pages"}],"about":[{"href":"https:\/\/agora.xtec.cat\/ieselcastell\/wp-json\/wp\/v2\/types\/page"}],"author":[{"embeddable":true,"href":"https:\/\/agora.xtec.cat\/ieselcastell\/wp-json\/wp\/v2\/users\/1"}],"replies":[{"embeddable":true,"href":"https:\/\/agora.xtec.cat\/ieselcastell\/wp-json\/wp\/v2\/comments?post=510"}],"version-history":[{"count":1,"href":"https:\/\/agora.xtec.cat\/ieselcastell\/wp-json\/wp\/v2\/pages\/510\/revisions"}],"predecessor-version":[{"id":511,"href":"https:\/\/agora.xtec.cat\/ieselcastell\/wp-json\/wp\/v2\/pages\/510\/revisions\/511"}],"up":[{"embeddable":true,"href":"https:\/\/agora.xtec.cat\/ieselcastell\/wp-json\/wp\/v2\/pages\/310"}],"wp:attachment":[{"href":"https:\/\/agora.xtec.cat\/ieselcastell\/wp-json\/wp\/v2\/media?parent=510"}],"curies":[{"name":"wp","href":"https:\/\/api.w.org\/{rel}","templated":true}]}}