{"id":504,"date":"2016-02-25T11:59:46","date_gmt":"2016-02-25T10:59:46","guid":{"rendered":"http:\/\/agora.xtec.cat\/ieselcastell\/?page_id=504"},"modified":"2017-04-05T10:48:21","modified_gmt":"2017-04-05T08:48:21","slug":"vii-dictat-catala-desparreguera","status":"publish","type":"page","link":"https:\/\/agora.xtec.cat\/ieselcastell\/vii-dictat-catala-desparreguera\/","title":{"rendered":"VII DICTAT CATAL\u00c0 D\u2019ESPARREGUERA"},"content":{"rendered":"<h2 class=\"entry-title\" style=\"text-align: center;\"><a title=\"Els nostre alumnat a l\u201911\u00e8 dictat catal\u00e0!\" href=\"http:\/\/agora.xtec.cat\/ieselcastell\/batxillerat\/els-nostre-alumnat-a-l11e-dictat-catala\/\" rel=\"bookmark\">Els nostre alumnat a l\u201911\u00e8 dictat catal\u00e0!<\/a><\/h2>\n<p style=\"text-align: center;\">Alumnat de 2n de batxillerat de l\u2019<a class=\"profileLink\" href=\"https:\/\/www.facebook.com\/profile.php?id=100008781123310\" data-hovercard=\"\/ajax\/hovercard\/user.php?id=100008781123310\" data-hovercard-prefer-more-content-show=\"1\">El Castell Esparreguera<\/a> participant al 11\u00e8 dictat catal\u00e0 del SLC d\u2019Esparreguera. Molta sort!<\/p>\n<p style=\"text-align: center;\"><img decoding=\"async\" class=\"spotlight aligncenter\" src=\"https:\/\/scontent-mxp1-1.xx.fbcdn.net\/v\/t1.0-0\/p526x296\/17796566_1703896733246348_3370429083624118874_n.jpg?oh=2db7ec7851adf8837d31d7ce58d7fe99&amp;oe=594EE837\" alt=\"\" \/><\/p>\n<p style=\"text-align: center;\">El dilluns 22 d\u2019abril a les 7 de la tarda a Can Pasqual, el nostre alumnat de Batxillerat va participar al \u00a0VII Dictat Catal\u00e0 d\u2019Esparreguera, que enguany es va fer a partir d\u2019un text d\u2019Espriu i que t\u00e9 com a objectiu promocionar el bon \u00fas de la nostra llengua.<\/p>\n<p><img loading=\"lazy\" decoding=\"async\" class=\" aligncenter\" src=\"http:\/\/4.bp.blogspot.com\/-TgBHaGIZQHU\/UYQGyQgOcII\/AAAAAAAAABY\/zF1uUna4iXI\/s320\/P1010003.JPG\" alt=\"\" width=\"320\" height=\"240\" border=\"0\" \/><\/p>\n<p style=\"text-align: center;\">\u00a0Una de les nostres alumnes, la Yess\u00e8nia Mart\u00ednez va obtenir un premi. Cal remarcar tamb\u00e9 la participaci\u00f3 d&#8217;un bon grup d&#8217;alumnes de Batxillerat. Per molts anys a la guanyadora i als altres participants! L&#8217;any vinent, tormem-hi!<\/p>\n","protected":false},"excerpt":{"rendered":"<p>Els nostre alumnat a l\u201911\u00e8 dictat catal\u00e0! Alumnat de 2n de batxillerat de l\u2019El Castell Esparreguera participant al 11\u00e8 dictat catal\u00e0 del SLC d\u2019Esparreguera. Molta sort! El dilluns 22 d\u2019abril a les 7 de la tarda a Can Pasqual, el nostre alumnat de Batxillerat va participar al \u00a0VII Dictat Catal\u00e0 d\u2019Esparreguera, que enguany es va [&hellip;]<\/p>\n","protected":false},"author":1,"featured_media":0,"parent":0,"menu_order":0,"comment_status":"closed","ping_status":"closed","template":"page-templates\/side-menu.php","meta":{"_bbp_topic_count":0,"_bbp_reply_count":0,"_bbp_total_topic_count":0,"_bbp_total_reply_count":0,"_bbp_voice_count":0,"_bbp_anonymous_reply_count":0,"_bbp_topic_count_hidden":0,"_bbp_reply_count_hidden":0,"_bbp_forum_subforum_count":0,"site-sidebar-layout":"default","site-content-layout":"","ast-site-content-layout":"","site-content-style":"default","site-sidebar-style":"default","ast-global-header-display":"","ast-banner-title-visibility":"","ast-main-header-display":"","ast-hfb-above-header-display":"","ast-hfb-below-header-display":"","ast-hfb-mobile-header-display":"","site-post-title":"","ast-breadcrumbs-content":"","ast-featured-img":"","footer-sml-layout":"","theme-transparent-header-meta":"","adv-header-id-meta":"","stick-header-meta":"","header-above-stick-meta":"","header-main-stick-meta":"","header-below-stick-meta":"","astra-migrate-meta-layouts":"default","ast-page-background-enabled":"default","ast-page-background-meta":{"desktop":{"background-color":"var(--ast-global-color-4)","background-image":"","background-repeat":"repeat","background-position":"center center","background-size":"auto","background-attachment":"scroll","background-type":"","background-media":"","overlay-type":"","overlay-color":"","overlay-opacity":"","overlay-gradient":""},"tablet":{"background-color":"","background-image":"","background-repeat":"repeat","background-position":"center center","background-size":"auto","background-attachment":"scroll","background-type":"","background-media":"","overlay-type":"","overlay-color":"","overlay-opacity":"","overlay-gradient":""},"mobile":{"background-color":"","background-image":"","background-repeat":"repeat","background-position":"center center","background-size":"auto","background-attachment":"scroll","background-type":"","background-media":"","overlay-type":"","overlay-color":"","overlay-opacity":"","overlay-gradient":""}},"ast-content-background-meta":{"desktop":{"background-color":"var(--ast-global-color-5)","background-image":"","background-repeat":"repeat","background-position":"center center","background-size":"auto","background-attachment":"scroll","background-type":"","background-media":"","overlay-type":"","overlay-color":"","overlay-opacity":"","overlay-gradient":""},"tablet":{"background-color":"var(--ast-global-color-5)","background-image":"","background-repeat":"repeat","background-position":"center center","background-size":"auto","background-attachment":"scroll","background-type":"","background-media":"","overlay-type":"","overlay-color":"","overlay-opacity":"","overlay-gradient":""},"mobile":{"background-color":"var(--ast-global-color-5)","background-image":"","background-repeat":"repeat","background-position":"center center","background-size":"auto","background-attachment":"scroll","background-type":"","background-media":"","overlay-type":"","overlay-color":"","overlay-opacity":"","overlay-gradient":""}},"footnotes":""},"class_list":["post-504","page","type-page","status-publish","hentry"],"post_mailing_queue_ids":[],"_links":{"self":[{"href":"https:\/\/agora.xtec.cat\/ieselcastell\/wp-json\/wp\/v2\/pages\/504","targetHints":{"allow":["GET"]}}],"collection":[{"href":"https:\/\/agora.xtec.cat\/ieselcastell\/wp-json\/wp\/v2\/pages"}],"about":[{"href":"https:\/\/agora.xtec.cat\/ieselcastell\/wp-json\/wp\/v2\/types\/page"}],"author":[{"embeddable":true,"href":"https:\/\/agora.xtec.cat\/ieselcastell\/wp-json\/wp\/v2\/users\/1"}],"replies":[{"embeddable":true,"href":"https:\/\/agora.xtec.cat\/ieselcastell\/wp-json\/wp\/v2\/comments?post=504"}],"version-history":[{"count":4,"href":"https:\/\/agora.xtec.cat\/ieselcastell\/wp-json\/wp\/v2\/pages\/504\/revisions"}],"predecessor-version":[{"id":1412,"href":"https:\/\/agora.xtec.cat\/ieselcastell\/wp-json\/wp\/v2\/pages\/504\/revisions\/1412"}],"wp:attachment":[{"href":"https:\/\/agora.xtec.cat\/ieselcastell\/wp-json\/wp\/v2\/media?parent=504"}],"curies":[{"name":"wp","href":"https:\/\/api.w.org\/{rel}","templated":true}]}}