{"id":501,"date":"2016-02-25T11:58:19","date_gmt":"2016-02-25T10:58:19","guid":{"rendered":"http:\/\/agora.xtec.cat\/ieselcastell\/?page_id=501"},"modified":"2016-02-25T11:58:19","modified_gmt":"2016-02-25T10:58:19","slug":"xerrada-dia-de-les-llengues","status":"publish","type":"page","link":"https:\/\/agora.xtec.cat\/ieselcastell\/projecte-educatiu\/la-llengua-es-viva\/xerrada-dia-de-les-llengues\/","title":{"rendered":"XERRADA DIA DE LES LLENG\u00dcES"},"content":{"rendered":"<p style=\"text-align: center;\">Dins els actes de la III Setmana de la Llengua Catalana a Esparreguera, \u00a0el dimecres 24 d\u2019abril a Can Pasqual, un nombr\u00f3s grup d&#8217;alumnat i diversos professors van assistir a la xerrada <i>Les Lleng\u00fces d\u2019Europa<\/i>, organitzada per la Plataforma per la Llengua i amb la participaci\u00f3 de diferents convilatans d\u2019origen europeu.<\/p>\n<p><img decoding=\"async\" class=\" aligncenter\" src=\"http:\/\/1.bp.blogspot.com\/-hHOKxYL_hhc\/UZNGnW0hWbI\/AAAAAAAAAOQ\/GXbSJCDOJKc\/s1600\/Institut+El+Castell+(2)+(1).JPG\" alt=\"\" border=\"0\" \/><\/p>\n<p style=\"text-align: center;\">Hi vam poder constatar les semblances que algunes lleng\u00fces del continent mantenen entre elles i alhora vam poder escoltar lleng\u00fces poc conegudes en el nostre entorn gr\u00e0cies a les lectures que van fer alguns esparreguerins d&#8217;adopci\u00f3, originaris de diferents pa\u00efsos, \u00a0com ara el rus, el polon\u00e8s o el serbocroat. I \u00e9s que aprendre lleng\u00fces \u00e9s molt positiu!<\/p>\n","protected":false},"excerpt":{"rendered":"<p>Dins els actes de la III Setmana de la Llengua Catalana a Esparreguera, \u00a0el dimecres 24 d\u2019abril a Can Pasqual, un nombr\u00f3s grup d&#8217;alumnat i diversos professors van assistir a la xerrada Les Lleng\u00fces d\u2019Europa, organitzada per la Plataforma per la Llengua i amb la participaci\u00f3 de diferents convilatans d\u2019origen europeu. Hi vam poder constatar [&hellip;]<\/p>\n","protected":false},"author":1,"featured_media":0,"parent":310,"menu_order":0,"comment_status":"closed","ping_status":"closed","template":"page-templates\/side-menu.php","meta":{"_bbp_topic_count":0,"_bbp_reply_count":0,"_bbp_total_topic_count":0,"_bbp_total_reply_count":0,"_bbp_voice_count":0,"_bbp_anonymous_reply_count":0,"_bbp_topic_count_hidden":0,"_bbp_reply_count_hidden":0,"_bbp_forum_subforum_count":0,"site-sidebar-layout":"default","site-content-layout":"","ast-site-content-layout":"","site-content-style":"default","site-sidebar-style":"default","ast-global-header-display":"","ast-banner-title-visibility":"","ast-main-header-display":"","ast-hfb-above-header-display":"","ast-hfb-below-header-display":"","ast-hfb-mobile-header-display":"","site-post-title":"","ast-breadcrumbs-content":"","ast-featured-img":"","footer-sml-layout":"","theme-transparent-header-meta":"","adv-header-id-meta":"","stick-header-meta":"","header-above-stick-meta":"","header-main-stick-meta":"","header-below-stick-meta":"","astra-migrate-meta-layouts":"default","ast-page-background-enabled":"default","ast-page-background-meta":{"desktop":{"background-color":"var(--ast-global-color-4)","background-image":"","background-repeat":"repeat","background-position":"center center","background-size":"auto","background-attachment":"scroll","background-type":"","background-media":"","overlay-type":"","overlay-color":"","overlay-opacity":"","overlay-gradient":""},"tablet":{"background-color":"","background-image":"","background-repeat":"repeat","background-position":"center center","background-size":"auto","background-attachment":"scroll","background-type":"","background-media":"","overlay-type":"","overlay-color":"","overlay-opacity":"","overlay-gradient":""},"mobile":{"background-color":"","background-image":"","background-repeat":"repeat","background-position":"center center","background-size":"auto","background-attachment":"scroll","background-type":"","background-media":"","overlay-type":"","overlay-color":"","overlay-opacity":"","overlay-gradient":""}},"ast-content-background-meta":{"desktop":{"background-color":"var(--ast-global-color-5)","background-image":"","background-repeat":"repeat","background-position":"center center","background-size":"auto","background-attachment":"scroll","background-type":"","background-media":"","overlay-type":"","overlay-color":"","overlay-opacity":"","overlay-gradient":""},"tablet":{"background-color":"var(--ast-global-color-5)","background-image":"","background-repeat":"repeat","background-position":"center center","background-size":"auto","background-attachment":"scroll","background-type":"","background-media":"","overlay-type":"","overlay-color":"","overlay-opacity":"","overlay-gradient":""},"mobile":{"background-color":"var(--ast-global-color-5)","background-image":"","background-repeat":"repeat","background-position":"center center","background-size":"auto","background-attachment":"scroll","background-type":"","background-media":"","overlay-type":"","overlay-color":"","overlay-opacity":"","overlay-gradient":""}},"footnotes":""},"class_list":["post-501","page","type-page","status-publish","hentry"],"post_mailing_queue_ids":[],"_links":{"self":[{"href":"https:\/\/agora.xtec.cat\/ieselcastell\/wp-json\/wp\/v2\/pages\/501","targetHints":{"allow":["GET"]}}],"collection":[{"href":"https:\/\/agora.xtec.cat\/ieselcastell\/wp-json\/wp\/v2\/pages"}],"about":[{"href":"https:\/\/agora.xtec.cat\/ieselcastell\/wp-json\/wp\/v2\/types\/page"}],"author":[{"embeddable":true,"href":"https:\/\/agora.xtec.cat\/ieselcastell\/wp-json\/wp\/v2\/users\/1"}],"replies":[{"embeddable":true,"href":"https:\/\/agora.xtec.cat\/ieselcastell\/wp-json\/wp\/v2\/comments?post=501"}],"version-history":[{"count":2,"href":"https:\/\/agora.xtec.cat\/ieselcastell\/wp-json\/wp\/v2\/pages\/501\/revisions"}],"predecessor-version":[{"id":503,"href":"https:\/\/agora.xtec.cat\/ieselcastell\/wp-json\/wp\/v2\/pages\/501\/revisions\/503"}],"up":[{"embeddable":true,"href":"https:\/\/agora.xtec.cat\/ieselcastell\/wp-json\/wp\/v2\/pages\/310"}],"wp:attachment":[{"href":"https:\/\/agora.xtec.cat\/ieselcastell\/wp-json\/wp\/v2\/media?parent=501"}],"curies":[{"name":"wp","href":"https:\/\/api.w.org\/{rel}","templated":true}]}}