{"id":4794,"date":"2026-01-16T08:15:38","date_gmt":"2026-01-16T07:15:38","guid":{"rendered":"http:\/\/agora.xtec.cat\/ieselcastell\/?page_id=4794"},"modified":"2026-03-24T11:01:22","modified_gmt":"2026-03-24T10:01:22","slug":"proves-per-obtenir-el-graduat-en-eso","status":"publish","type":"page","link":"https:\/\/agora.xtec.cat\/ieselcastell\/proves-per-obtenir-el-graduat-en-eso\/","title":{"rendered":"Prova GESO 2026 per als alumnes que no han obtingut el t\u00edtol d&#8217;ESO en finalitzar l&#8217;etapa"},"content":{"rendered":"<h1><span style=\"color: #ff6600;\"><a style=\"color: #ff6600;\" href=\"https:\/\/educacio.gencat.cat\/ca\/serveis-tramits\/proves\/proves-lliures-obtencio-titols\/obtencio-titol-eso\/index.html\" target=\"_blank\" rel=\"noopener\"><strong>INFORMACI\u00d3 I NORMATIVA<\/strong><\/a><\/span><\/h1>\n<h1><span style=\"color: #ff6600;\"><a style=\"color: #ff6600;\" href=\"https:\/\/agora.xtec.cat\/ieselcastell\/wp-content\/uploads\/usu221\/2026\/02\/full-inscripcio-geso-1.pdf\" target=\"_blank\" rel=\"noopener\"><strong>SOL\u00b7LICITUD<\/strong><\/a><\/span><\/h1>\n<h1><span style=\"color: #ff6600;\"><a style=\"color: #ff6600;\" href=\"https:\/\/drive.google.com\/file\/d\/1zlgmb7CHcfWhDDh8QHGoIsqa9bGSrZnG\/view?usp=sharing\" target=\"_blank\" rel=\"noopener\"><strong>CONTINGUTS I CRITERIS<\/strong><\/a><\/span><\/h1>\n<h1><span style=\"color: #3366ff;\"><a style=\"color: #3366ff;\" href=\"https:\/\/drive.google.com\/file\/d\/1tg-1nMruLoV6Rs3dkvEkxHDrJ8JHJzjX\/view?usp=sharing\" target=\"_blank\" rel=\"noopener\"><strong><span style=\"color: #ff6600;\">LLISTAT D&#8217;ADMESOS<\/span><\/strong><\/a><\/span><\/h1>\n<h1><span style=\"color: #000000;\"><strong>LLISTAT D&#8217;EXC<\/strong><strong>LOSOS<\/strong><\/span><\/h1>\n<h1><a href=\"https:\/\/drive.google.com\/file\/d\/1W2Z17MD_3UBWkW0jgSQ6RU7CxnxgGN_5\/view?usp=sharing\" target=\"_blank\" rel=\"noopener\"><span style=\"color: #000000;\"><strong><span style=\"color: #ff6600;\">CALENDARI DE LES PROVES<\/span><\/strong><\/span><\/a><\/h1>\n<h1><span style=\"color: #000000;\"><strong><a href=\"https:\/\/drive.google.com\/file\/d\/1l3TyiHtncaG1xjV07EhdyViSGwS9Z9Aa\/view?usp=sharing\" target=\"_blank\" rel=\"noopener\"><span style=\"color: #ff6600;\">RESULTATS DE LES PROVES<\/span><\/a><\/strong><\/span><\/h1>\n<h5><strong>Dates clau del procediment:<\/strong><\/h5>\n<table style=\"width: 100%; height: 79px;\" width=\"100%\">\n<tbody>\n<tr style=\"height: 10px;\">\n<td style=\"width: 69.0476%; height: 10px;\">Termini de presentaci\u00f3 de sol\u00b7licituds d&#8217;inscripci\u00f3<\/td>\n<td style=\"width: 30%; height: 10px;\">\n<p style=\"text-align: left;\"><strong>Del 2 al 16 de febrer de 2026<\/strong><\/p>\n<\/td>\n<\/tr>\n<tr style=\"height: 23px;\">\n<td style=\"width: 69.0476%; height: 23px;\">Publicaci\u00f3 del calendari de les proves i de les llistes d&#8217;admesos i exclosos<\/td>\n<td style=\"width: 30%; height: 23px;\"><strong>Fins el 2 de mar\u00e7 de 2026<\/strong><\/td>\n<\/tr>\n<tr style=\"height: 23px;\">\n<td style=\"width: 69.0476%; height: 23px;\"><span style=\"color: #000000;\">Termini de presentaci\u00f3 de reclamacions a les llistes d&#8217;admesos i exclosos<\/span><\/td>\n<td style=\"width: 30%; height: 23px;\"><strong><span style=\"color: #000000;\">Del 3 al 5 de mar\u00e7 de 2026<\/span><\/strong><\/td>\n<\/tr>\n<tr style=\"height: 23px;\">\n<td style=\"width: 69.0476%; height: 23px;\"><span style=\"color: #000000;\">Realitzaci\u00f3 de les proves<\/span><\/td>\n<td style=\"width: 30%; height: 23px;\"><a href=\"https:\/\/drive.google.com\/file\/d\/1W2Z17MD_3UBWkW0jgSQ6RU7CxnxgGN_5\/view?usp=sharing\" target=\"_blank\" rel=\"noopener\"><strong>CALENDARI<\/strong><\/a><\/td>\n<\/tr>\n<\/tbody>\n<\/table>\n<h4><span style=\"color: #000000;\"><span style=\"color: #000000;\">L&#8217;horari d&#8217;atenci\u00f3 a les fam\u00edlies a la secretaria del centre \u00e9s de les <\/span>10:30 a les 13:30 hores.<\/span><\/h4>\n\n\n<p><\/p>\n","protected":false},"excerpt":{"rendered":"<p>INFORMACI\u00d3 I NORMATIVA SOL\u00b7LICITUD CONTINGUTS I CRITERIS LLISTAT D&#8217;ADMESOS LLISTAT D&#8217;EXCLOSOS CALENDARI DE LES PROVES RESULTATS DE LES PROVES Dates clau del procediment: Termini de presentaci\u00f3 de sol\u00b7licituds d&#8217;inscripci\u00f3 Del 2 al 16 de febrer de 2026 Publicaci\u00f3 del calendari de les proves i de les llistes d&#8217;admesos i exclosos Fins el 2 de mar\u00e7 [&hellip;]<\/p>\n","protected":false},"author":1,"featured_media":0,"parent":0,"menu_order":0,"comment_status":"closed","ping_status":"closed","template":"","meta":{"_bbp_topic_count":0,"_bbp_reply_count":0,"_bbp_total_topic_count":0,"_bbp_total_reply_count":0,"_bbp_voice_count":0,"_bbp_anonymous_reply_count":0,"_bbp_topic_count_hidden":0,"_bbp_reply_count_hidden":0,"_bbp_forum_subforum_count":0,"site-sidebar-layout":"default","site-content-layout":"","ast-site-content-layout":"default","site-content-style":"default","site-sidebar-style":"default","ast-global-header-display":"","ast-banner-title-visibility":"","ast-main-header-display":"","ast-hfb-above-header-display":"","ast-hfb-below-header-display":"","ast-hfb-mobile-header-display":"","site-post-title":"","ast-breadcrumbs-content":"","ast-featured-img":"","footer-sml-layout":"","theme-transparent-header-meta":"","adv-header-id-meta":"","stick-header-meta":"","header-above-stick-meta":"","header-main-stick-meta":"","header-below-stick-meta":"","astra-migrate-meta-layouts":"set","ast-page-background-enabled":"default","ast-page-background-meta":{"desktop":{"background-color":"var(--ast-global-color-4)","background-image":"","background-repeat":"repeat","background-position":"center center","background-size":"auto","background-attachment":"scroll","background-type":"","background-media":"","overlay-type":"","overlay-color":"","overlay-opacity":"","overlay-gradient":""},"tablet":{"background-color":"","background-image":"","background-repeat":"repeat","background-position":"center center","background-size":"auto","background-attachment":"scroll","background-type":"","background-media":"","overlay-type":"","overlay-color":"","overlay-opacity":"","overlay-gradient":""},"mobile":{"background-color":"","background-image":"","background-repeat":"repeat","background-position":"center center","background-size":"auto","background-attachment":"scroll","background-type":"","background-media":"","overlay-type":"","overlay-color":"","overlay-opacity":"","overlay-gradient":""}},"ast-content-background-meta":{"desktop":{"background-color":"var(--ast-global-color-5)","background-image":"","background-repeat":"repeat","background-position":"center center","background-size":"auto","background-attachment":"scroll","background-type":"","background-media":"","overlay-type":"","overlay-color":"","overlay-opacity":"","overlay-gradient":""},"tablet":{"background-color":"var(--ast-global-color-5)","background-image":"","background-repeat":"repeat","background-position":"center center","background-size":"auto","background-attachment":"scroll","background-type":"","background-media":"","overlay-type":"","overlay-color":"","overlay-opacity":"","overlay-gradient":""},"mobile":{"background-color":"var(--ast-global-color-5)","background-image":"","background-repeat":"repeat","background-position":"center center","background-size":"auto","background-attachment":"scroll","background-type":"","background-media":"","overlay-type":"","overlay-color":"","overlay-opacity":"","overlay-gradient":""}},"footnotes":""},"class_list":["post-4794","page","type-page","status-publish","hentry"],"post_mailing_queue_ids":[],"_links":{"self":[{"href":"https:\/\/agora.xtec.cat\/ieselcastell\/wp-json\/wp\/v2\/pages\/4794","targetHints":{"allow":["GET"]}}],"collection":[{"href":"https:\/\/agora.xtec.cat\/ieselcastell\/wp-json\/wp\/v2\/pages"}],"about":[{"href":"https:\/\/agora.xtec.cat\/ieselcastell\/wp-json\/wp\/v2\/types\/page"}],"author":[{"embeddable":true,"href":"https:\/\/agora.xtec.cat\/ieselcastell\/wp-json\/wp\/v2\/users\/1"}],"replies":[{"embeddable":true,"href":"https:\/\/agora.xtec.cat\/ieselcastell\/wp-json\/wp\/v2\/comments?post=4794"}],"version-history":[{"count":6,"href":"https:\/\/agora.xtec.cat\/ieselcastell\/wp-json\/wp\/v2\/pages\/4794\/revisions"}],"predecessor-version":[{"id":8039,"href":"https:\/\/agora.xtec.cat\/ieselcastell\/wp-json\/wp\/v2\/pages\/4794\/revisions\/8039"}],"wp:attachment":[{"href":"https:\/\/agora.xtec.cat\/ieselcastell\/wp-json\/wp\/v2\/media?parent=4794"}],"curies":[{"name":"wp","href":"https:\/\/api.w.org\/{rel}","templated":true}]}}