{"id":451,"date":"2016-02-23T09:38:47","date_gmt":"2016-02-23T08:38:47","guid":{"rendered":"http:\/\/agora.xtec.cat\/ieselcastell\/?page_id=451"},"modified":"2026-03-02T13:29:13","modified_gmt":"2026-03-02T12:29:13","slug":"https-preinscripcio-gencat-cat-ca-inici","status":"publish","type":"page","link":"https:\/\/agora.xtec.cat\/ieselcastell\/https-preinscripcio-gencat-cat-ca-inici\/","title":{"rendered":"Preinscripci\u00f3 i Matr\u00edcula"},"content":{"rendered":"<p>Per informaci\u00f3 dels processos de &#8220;<strong>Preinscripci\u00f3 i Matr\u00edcula&#8221; <\/strong>de diversos estudis, les fam\u00edlies s&#8217;han d&#8217;adre\u00e7ar al web:\u00a0 <a href=\"https:\/\/preinscripcio.gencat.cat\" target=\"_blank\" rel=\"noopener\">www.gencat.cat<\/a><\/p>\n<p>Per a les<strong> &#8220;Matr\u00edcules Vives<\/strong>&#8220;,\u00a0 \u00e9s a dir fora del termini de &#8220;preinscripci\u00f3 i matr\u00edcula&#8221;, les fam\u00edlies s&#8217;han d&#8217;adre\u00e7ar al servei d&#8217;educaci\u00f3 de l&#8217;Ajuntament d&#8217;Esparreguera.<\/p>\n\n\n<p><\/p>\n","protected":false},"excerpt":{"rendered":"<p>Per informaci\u00f3 dels processos de &#8220;Preinscripci\u00f3 i Matr\u00edcula&#8221; de diversos estudis, les fam\u00edlies s&#8217;han d&#8217;adre\u00e7ar al web:\u00a0 www.gencat.cat Per a les &#8220;Matr\u00edcules Vives&#8220;,\u00a0 \u00e9s a dir fora del termini de &#8220;preinscripci\u00f3 i matr\u00edcula&#8221;, les fam\u00edlies s&#8217;han d&#8217;adre\u00e7ar al servei d&#8217;educaci\u00f3 de l&#8217;Ajuntament d&#8217;Esparreguera.<\/p>\n","protected":false},"author":1,"featured_media":0,"parent":0,"menu_order":0,"comment_status":"closed","ping_status":"closed","template":"","meta":{"_bbp_topic_count":0,"_bbp_reply_count":0,"_bbp_total_topic_count":0,"_bbp_total_reply_count":0,"_bbp_voice_count":0,"_bbp_anonymous_reply_count":0,"_bbp_topic_count_hidden":0,"_bbp_reply_count_hidden":0,"_bbp_forum_subforum_count":0,"site-sidebar-layout":"default","site-content-layout":"","ast-site-content-layout":"default","site-content-style":"default","site-sidebar-style":"default","ast-global-header-display":"","ast-banner-title-visibility":"","ast-main-header-display":"","ast-hfb-above-header-display":"","ast-hfb-below-header-display":"","ast-hfb-mobile-header-display":"","site-post-title":"","ast-breadcrumbs-content":"","ast-featured-img":"","footer-sml-layout":"","theme-transparent-header-meta":"","adv-header-id-meta":"","stick-header-meta":"","header-above-stick-meta":"","header-main-stick-meta":"","header-below-stick-meta":"","astra-migrate-meta-layouts":"set","ast-page-background-enabled":"default","ast-page-background-meta":{"desktop":{"background-color":"var(--ast-global-color-4)","background-image":"","background-repeat":"repeat","background-position":"center center","background-size":"auto","background-attachment":"scroll","background-type":"","background-media":"","overlay-type":"","overlay-color":"","overlay-opacity":"","overlay-gradient":""},"tablet":{"background-color":"","background-image":"","background-repeat":"repeat","background-position":"center center","background-size":"auto","background-attachment":"scroll","background-type":"","background-media":"","overlay-type":"","overlay-color":"","overlay-opacity":"","overlay-gradient":""},"mobile":{"background-color":"","background-image":"","background-repeat":"repeat","background-position":"center center","background-size":"auto","background-attachment":"scroll","background-type":"","background-media":"","overlay-type":"","overlay-color":"","overlay-opacity":"","overlay-gradient":""}},"ast-content-background-meta":{"desktop":{"background-color":"var(--ast-global-color-5)","background-image":"","background-repeat":"repeat","background-position":"center center","background-size":"auto","background-attachment":"scroll","background-type":"","background-media":"","overlay-type":"","overlay-color":"","overlay-opacity":"","overlay-gradient":""},"tablet":{"background-color":"var(--ast-global-color-5)","background-image":"","background-repeat":"repeat","background-position":"center center","background-size":"auto","background-attachment":"scroll","background-type":"","background-media":"","overlay-type":"","overlay-color":"","overlay-opacity":"","overlay-gradient":""},"mobile":{"background-color":"var(--ast-global-color-5)","background-image":"","background-repeat":"repeat","background-position":"center center","background-size":"auto","background-attachment":"scroll","background-type":"","background-media":"","overlay-type":"","overlay-color":"","overlay-opacity":"","overlay-gradient":""}},"footnotes":""},"class_list":["post-451","page","type-page","status-publish","hentry"],"post_mailing_queue_ids":[],"_links":{"self":[{"href":"https:\/\/agora.xtec.cat\/ieselcastell\/wp-json\/wp\/v2\/pages\/451","targetHints":{"allow":["GET"]}}],"collection":[{"href":"https:\/\/agora.xtec.cat\/ieselcastell\/wp-json\/wp\/v2\/pages"}],"about":[{"href":"https:\/\/agora.xtec.cat\/ieselcastell\/wp-json\/wp\/v2\/types\/page"}],"author":[{"embeddable":true,"href":"https:\/\/agora.xtec.cat\/ieselcastell\/wp-json\/wp\/v2\/users\/1"}],"replies":[{"embeddable":true,"href":"https:\/\/agora.xtec.cat\/ieselcastell\/wp-json\/wp\/v2\/comments?post=451"}],"version-history":[{"count":6,"href":"https:\/\/agora.xtec.cat\/ieselcastell\/wp-json\/wp\/v2\/pages\/451\/revisions"}],"predecessor-version":[{"id":7975,"href":"https:\/\/agora.xtec.cat\/ieselcastell\/wp-json\/wp\/v2\/pages\/451\/revisions\/7975"}],"wp:attachment":[{"href":"https:\/\/agora.xtec.cat\/ieselcastell\/wp-json\/wp\/v2\/media?parent=451"}],"curies":[{"name":"wp","href":"https:\/\/api.w.org\/{rel}","templated":true}]}}