{"id":404,"date":"2016-01-11T12:18:21","date_gmt":"2016-01-11T11:18:21","guid":{"rendered":"http:\/\/agora.xtec.cat\/ieselcastell\/?page_id=404"},"modified":"2026-04-10T12:30:25","modified_gmt":"2026-04-10T10:30:25","slug":"ampa","status":"publish","type":"page","link":"https:\/\/agora.xtec.cat\/ieselcastell\/ampa\/","title":{"rendered":"AFA"},"content":{"rendered":"<p><strong>INTRODUCCI\u00d3<\/strong><\/p>\n<p>L\u2019associaci\u00f3 de pares i mares del Institut el Castell est\u00e0 formada per el 91% de les fam\u00edlies del centre. Com associaci\u00f3 de pares i mares implicats a l\u2019educaci\u00f3, equitat, igualtat d\u2019oportunitats i molts m\u00e9s valors que volem fomentar, ens vam implicar en diferents projectes i actuacions a favor dels nostres fills i filles que detallem a continuaci\u00f3.<\/p>\n<p>\u00a0<\/p>\n<p><strong>PROGRAMA DE REUTILITZACI\u00d3\u00a0 DE LLIBRES<\/strong><\/p>\n<p><strong>PROGRAMA DE SANT JORDI<\/strong><\/p>\n<p><strong>PROGRAMA DE FORMACI\u00d3 PER A FAM\u00cdLIES<\/strong><strong>\u00a0<\/strong><\/p>\n<p><strong>PROGRAMA D\u2019AJUDA DE MILLORES DEL CENTRE<\/strong><\/p>\n<p>\u00a0<\/p>\n<p>Contacte: <strong>ampa.inscastell@gmail.com<\/strong><\/p>\n<p style=\"text-align: center;\"><strong>PRESENTACI\u00d3 AFA<\/strong><\/p>\n\n\n<iframe loading=\"lazy\" src=\"https:\/\/docs.google.com\/document\/d\/e\/2PACX-1vRYF3X_ighYTx0JG0W8zYVtRg9488s9YOQC73XEBiE6MfZw7XoeFSBQ6-frpVxRjoRm1C4Du1d4fK2B\/pub?embedded=true\" width=\"100%\" height=\"600\"><\/iframe>\n\n\n\n<p><\/p>\n","protected":false},"excerpt":{"rendered":"<p>INTRODUCCI\u00d3 L\u2019associaci\u00f3 de pares i mares del Institut el Castell est\u00e0 formada per el 91% de les fam\u00edlies del centre. Com associaci\u00f3 de pares i mares implicats a l\u2019educaci\u00f3, equitat, igualtat d\u2019oportunitats i molts m\u00e9s valors que volem fomentar, ens vam implicar en diferents projectes i actuacions a favor dels nostres fills i filles que [&hellip;]<\/p>\n","protected":false},"author":1,"featured_media":0,"parent":0,"menu_order":0,"comment_status":"closed","ping_status":"closed","template":"","meta":{"_bbp_topic_count":0,"_bbp_reply_count":0,"_bbp_total_topic_count":0,"_bbp_total_reply_count":0,"_bbp_voice_count":0,"_bbp_anonymous_reply_count":0,"_bbp_topic_count_hidden":0,"_bbp_reply_count_hidden":0,"_bbp_forum_subforum_count":0,"site-sidebar-layout":"default","site-content-layout":"","ast-site-content-layout":"default","site-content-style":"default","site-sidebar-style":"default","ast-global-header-display":"","ast-banner-title-visibility":"","ast-main-header-display":"","ast-hfb-above-header-display":"","ast-hfb-below-header-display":"","ast-hfb-mobile-header-display":"","site-post-title":"","ast-breadcrumbs-content":"","ast-featured-img":"","footer-sml-layout":"","theme-transparent-header-meta":"","adv-header-id-meta":"","stick-header-meta":"","header-above-stick-meta":"","header-main-stick-meta":"","header-below-stick-meta":"","astra-migrate-meta-layouts":"set","ast-page-background-enabled":"default","ast-page-background-meta":{"desktop":{"background-color":"var(--ast-global-color-4)","background-image":"","background-repeat":"repeat","background-position":"center center","background-size":"auto","background-attachment":"scroll","background-type":"","background-media":"","overlay-type":"","overlay-color":"","overlay-opacity":"","overlay-gradient":""},"tablet":{"background-color":"","background-image":"","background-repeat":"repeat","background-position":"center center","background-size":"auto","background-attachment":"scroll","background-type":"","background-media":"","overlay-type":"","overlay-color":"","overlay-opacity":"","overlay-gradient":""},"mobile":{"background-color":"","background-image":"","background-repeat":"repeat","background-position":"center center","background-size":"auto","background-attachment":"scroll","background-type":"","background-media":"","overlay-type":"","overlay-color":"","overlay-opacity":"","overlay-gradient":""}},"ast-content-background-meta":{"desktop":{"background-color":"var(--ast-global-color-5)","background-image":"","background-repeat":"repeat","background-position":"center center","background-size":"auto","background-attachment":"scroll","background-type":"","background-media":"","overlay-type":"","overlay-color":"","overlay-opacity":"","overlay-gradient":""},"tablet":{"background-color":"var(--ast-global-color-5)","background-image":"","background-repeat":"repeat","background-position":"center center","background-size":"auto","background-attachment":"scroll","background-type":"","background-media":"","overlay-type":"","overlay-color":"","overlay-opacity":"","overlay-gradient":""},"mobile":{"background-color":"var(--ast-global-color-5)","background-image":"","background-repeat":"repeat","background-position":"center center","background-size":"auto","background-attachment":"scroll","background-type":"","background-media":"","overlay-type":"","overlay-color":"","overlay-opacity":"","overlay-gradient":""}},"footnotes":""},"class_list":["post-404","page","type-page","status-publish","hentry"],"post_mailing_queue_ids":[],"_links":{"self":[{"href":"https:\/\/agora.xtec.cat\/ieselcastell\/wp-json\/wp\/v2\/pages\/404","targetHints":{"allow":["GET"]}}],"collection":[{"href":"https:\/\/agora.xtec.cat\/ieselcastell\/wp-json\/wp\/v2\/pages"}],"about":[{"href":"https:\/\/agora.xtec.cat\/ieselcastell\/wp-json\/wp\/v2\/types\/page"}],"author":[{"embeddable":true,"href":"https:\/\/agora.xtec.cat\/ieselcastell\/wp-json\/wp\/v2\/users\/1"}],"replies":[{"embeddable":true,"href":"https:\/\/agora.xtec.cat\/ieselcastell\/wp-json\/wp\/v2\/comments?post=404"}],"version-history":[{"count":5,"href":"https:\/\/agora.xtec.cat\/ieselcastell\/wp-json\/wp\/v2\/pages\/404\/revisions"}],"predecessor-version":[{"id":8075,"href":"https:\/\/agora.xtec.cat\/ieselcastell\/wp-json\/wp\/v2\/pages\/404\/revisions\/8075"}],"wp:attachment":[{"href":"https:\/\/agora.xtec.cat\/ieselcastell\/wp-json\/wp\/v2\/media?parent=404"}],"curies":[{"name":"wp","href":"https:\/\/api.w.org\/{rel}","templated":true}]}}