{"id":1997,"date":"2018-01-24T12:09:50","date_gmt":"2018-01-24T11:09:50","guid":{"rendered":"http:\/\/agora.xtec.cat\/ieselcastell\/?page_id=1997"},"modified":"2026-01-13T12:40:55","modified_gmt":"2026-01-13T11:40:55","slug":"altres-tramits","status":"publish","type":"page","link":"https:\/\/agora.xtec.cat\/ieselcastell\/altres-tramits\/","title":{"rendered":"Altres tr\u00e0mits"},"content":{"rendered":"<p>Documents per a diferents tr\u00e0mits a la Secretaria del centre:<\/p>\n<p>&#8211; Sol.licitud gen\u00e8rica: <a href=\"https:\/\/drive.google.com\/file\/d\/1x_wLhZq5G2ggLQzOLzPJ7U_UAbb3Jw14\/view?usp=sharing\" target=\"_blank\" rel=\"noopener\">DOCUMENT<\/a><\/p>\n<p>&#8211; Sol.licitud\u00a0 i informaci\u00f3 equival\u00e8ncia nivell de catal\u00e0: <a href=\"https:\/\/drive.google.com\/file\/d\/1UT2YmSrCLe9m9uFv4_o7mfTKr4aiiEbu\/view?usp=sharing\" target=\"_blank\" rel=\"noopener\">SOL\u00b7LICITUD<\/a> &#8211; <a href=\"https:\/\/drive.google.com\/file\/d\/1R6eKKa-dDV3aW3z8jtGnh1OgRQkHSqiA\/view?usp=sharing\" target=\"_blank\" rel=\"noopener\">INFORMACI\u00d3<\/a><\/p>\n<p>&#8211; Sol\u00b7licitud i informaci\u00f3 de transport escolar per alumnes d&#8217;ESO: <a href=\"https:\/\/drive.google.com\/file\/d\/16-5nYm6dIKrtYYvgLDGQigYP2RO_cZlq\/view?usp=sharing\" target=\"_blank\" rel=\"noopener\">SOL\u00b7LICITUD\/AUTORITZACIONS <\/a>\u00a0&#8211;\u00a0 <a href=\"https:\/\/agora.xtec.cat\/ieselcastell\/transport-escolar\/\" target=\"_blank\" rel=\"noopener\">INFORMACI\u00d3<\/a>\u00a0 &#8211;\u00a0 <a href=\"https:\/\/www.elbaixllobregat.cat\/sites\/default\/files\/arxius\/Publicacio%20aprovacio%20definitiva%20modificacio%20Reglament%20transportescolar.pdf\" target=\"_blank\" rel=\"noopener\">REGLAMENT CONSELL COMARCAL<\/a><\/p>\n<p>&#8211; Consulta IDALU <a href=\"https:\/\/web.gencat.cat\/ca\/tramits\/tramits-temes\/identificador-alumne\" target=\"_blank\" rel=\"noopener\">aqu\u00ed<\/a><\/p>\n","protected":false},"excerpt":{"rendered":"<p>Documents per a diferents tr\u00e0mits a la Secretaria del centre: &#8211; Sol.licitud gen\u00e8rica: DOCUMENT &#8211; Sol.licitud\u00a0 i informaci\u00f3 equival\u00e8ncia nivell de catal\u00e0: SOL\u00b7LICITUD &#8211; INFORMACI\u00d3 &#8211; Sol\u00b7licitud i informaci\u00f3 de transport escolar per alumnes d&#8217;ESO: SOL\u00b7LICITUD\/AUTORITZACIONS \u00a0&#8211;\u00a0 INFORMACI\u00d3\u00a0 &#8211;\u00a0 REGLAMENT CONSELL COMARCAL &#8211; Consulta IDALU aqu\u00ed<\/p>\n","protected":false},"author":1,"featured_media":0,"parent":0,"menu_order":0,"comment_status":"closed","ping_status":"closed","template":"","meta":{"_bbp_topic_count":0,"_bbp_reply_count":0,"_bbp_total_topic_count":0,"_bbp_total_reply_count":0,"_bbp_voice_count":0,"_bbp_anonymous_reply_count":0,"_bbp_topic_count_hidden":0,"_bbp_reply_count_hidden":0,"_bbp_forum_subforum_count":0,"site-sidebar-layout":"default","site-content-layout":"","ast-site-content-layout":"","site-content-style":"default","site-sidebar-style":"default","ast-global-header-display":"","ast-banner-title-visibility":"","ast-main-header-display":"","ast-hfb-above-header-display":"","ast-hfb-below-header-display":"","ast-hfb-mobile-header-display":"","site-post-title":"","ast-breadcrumbs-content":"","ast-featured-img":"","footer-sml-layout":"","theme-transparent-header-meta":"","adv-header-id-meta":"","stick-header-meta":"","header-above-stick-meta":"","header-main-stick-meta":"","header-below-stick-meta":"","astra-migrate-meta-layouts":"default","ast-page-background-enabled":"default","ast-page-background-meta":{"desktop":{"background-color":"var(--ast-global-color-4)","background-image":"","background-repeat":"repeat","background-position":"center center","background-size":"auto","background-attachment":"scroll","background-type":"","background-media":"","overlay-type":"","overlay-color":"","overlay-opacity":"","overlay-gradient":""},"tablet":{"background-color":"","background-image":"","background-repeat":"repeat","background-position":"center center","background-size":"auto","background-attachment":"scroll","background-type":"","background-media":"","overlay-type":"","overlay-color":"","overlay-opacity":"","overlay-gradient":""},"mobile":{"background-color":"","background-image":"","background-repeat":"repeat","background-position":"center center","background-size":"auto","background-attachment":"scroll","background-type":"","background-media":"","overlay-type":"","overlay-color":"","overlay-opacity":"","overlay-gradient":""}},"ast-content-background-meta":{"desktop":{"background-color":"var(--ast-global-color-5)","background-image":"","background-repeat":"repeat","background-position":"center center","background-size":"auto","background-attachment":"scroll","background-type":"","background-media":"","overlay-type":"","overlay-color":"","overlay-opacity":"","overlay-gradient":""},"tablet":{"background-color":"var(--ast-global-color-5)","background-image":"","background-repeat":"repeat","background-position":"center center","background-size":"auto","background-attachment":"scroll","background-type":"","background-media":"","overlay-type":"","overlay-color":"","overlay-opacity":"","overlay-gradient":""},"mobile":{"background-color":"var(--ast-global-color-5)","background-image":"","background-repeat":"repeat","background-position":"center center","background-size":"auto","background-attachment":"scroll","background-type":"","background-media":"","overlay-type":"","overlay-color":"","overlay-opacity":"","overlay-gradient":""}},"footnotes":""},"class_list":["post-1997","page","type-page","status-publish","hentry"],"post_mailing_queue_ids":[],"_links":{"self":[{"href":"https:\/\/agora.xtec.cat\/ieselcastell\/wp-json\/wp\/v2\/pages\/1997","targetHints":{"allow":["GET"]}}],"collection":[{"href":"https:\/\/agora.xtec.cat\/ieselcastell\/wp-json\/wp\/v2\/pages"}],"about":[{"href":"https:\/\/agora.xtec.cat\/ieselcastell\/wp-json\/wp\/v2\/types\/page"}],"author":[{"embeddable":true,"href":"https:\/\/agora.xtec.cat\/ieselcastell\/wp-json\/wp\/v2\/users\/1"}],"replies":[{"embeddable":true,"href":"https:\/\/agora.xtec.cat\/ieselcastell\/wp-json\/wp\/v2\/comments?post=1997"}],"version-history":[{"count":5,"href":"https:\/\/agora.xtec.cat\/ieselcastell\/wp-json\/wp\/v2\/pages\/1997\/revisions"}],"predecessor-version":[{"id":7608,"href":"https:\/\/agora.xtec.cat\/ieselcastell\/wp-json\/wp\/v2\/pages\/1997\/revisions\/7608"}],"wp:attachment":[{"href":"https:\/\/agora.xtec.cat\/ieselcastell\/wp-json\/wp\/v2\/media?parent=1997"}],"curies":[{"name":"wp","href":"https:\/\/api.w.org\/{rel}","templated":true}]}}