{"id":1555,"date":"2017-05-11T10:39:15","date_gmt":"2017-05-11T08:39:15","guid":{"rendered":"http:\/\/agora.xtec.cat\/ieselcastell\/?page_id=1555"},"modified":"2017-05-11T10:39:15","modified_gmt":"2017-05-11T08:39:15","slug":"projecte-l","status":"publish","type":"page","link":"https:\/\/agora.xtec.cat\/ieselcastell\/projecte-educatiu\/gep\/projecte-l\/","title":{"rendered":"PROJECTE L"},"content":{"rendered":"<p style=\"text-align: left;\">Las Naciones Unidas ha designado el a\u00f1o 2015 como el a\u00f1o Internacional de la luz y las tecnolog\u00edas basadas en la luz. Es por eso que iniciamos nuestro proyecto L Y os preguntar\u00e9is, \u00bfPor qu\u00e9 L? Este proyecto forma parte del conjunto de actividades enmarcadas en el Proyecto Pluril\u00edng\u00fce de nuestro centro. \u00bfOs hab\u00e9is fijado en cu\u00e1l es la inicial de la palabra LUZ en las cuatro lenguas de nuestro Instituto?<\/p>\n<div class=\"separator\" style=\"text-align: center;\">\u00a0<img decoding=\"async\" src=\"http:\/\/2.bp.blogspot.com\/-gKFtp_20zFs\/VMpHmN1p1NI\/AAAAAAAAAUk\/2aJLLkb_RJk\/s320\/lum.png\" \/><\/div>\n","protected":false},"excerpt":{"rendered":"<p>Las Naciones Unidas ha designado el a\u00f1o 2015 como el a\u00f1o Internacional de la luz y las tecnolog\u00edas basadas en la luz. Es por eso que iniciamos nuestro proyecto L Y os preguntar\u00e9is, \u00bfPor qu\u00e9 L? Este proyecto forma parte del conjunto de actividades enmarcadas en el Proyecto Pluril\u00edng\u00fce de nuestro centro. \u00bfOs hab\u00e9is fijado [&hellip;]<\/p>\n","protected":false},"author":1,"featured_media":0,"parent":1574,"menu_order":0,"comment_status":"closed","ping_status":"closed","template":"","meta":{"_bbp_topic_count":0,"_bbp_reply_count":0,"_bbp_total_topic_count":0,"_bbp_total_reply_count":0,"_bbp_voice_count":0,"_bbp_anonymous_reply_count":0,"_bbp_topic_count_hidden":0,"_bbp_reply_count_hidden":0,"_bbp_forum_subforum_count":0,"site-sidebar-layout":"default","site-content-layout":"","ast-site-content-layout":"","site-content-style":"default","site-sidebar-style":"default","ast-global-header-display":"","ast-banner-title-visibility":"","ast-main-header-display":"","ast-hfb-above-header-display":"","ast-hfb-below-header-display":"","ast-hfb-mobile-header-display":"","site-post-title":"","ast-breadcrumbs-content":"","ast-featured-img":"","footer-sml-layout":"","theme-transparent-header-meta":"","adv-header-id-meta":"","stick-header-meta":"","header-above-stick-meta":"","header-main-stick-meta":"","header-below-stick-meta":"","astra-migrate-meta-layouts":"default","ast-page-background-enabled":"default","ast-page-background-meta":{"desktop":{"background-color":"var(--ast-global-color-4)","background-image":"","background-repeat":"repeat","background-position":"center center","background-size":"auto","background-attachment":"scroll","background-type":"","background-media":"","overlay-type":"","overlay-color":"","overlay-opacity":"","overlay-gradient":""},"tablet":{"background-color":"","background-image":"","background-repeat":"repeat","background-position":"center center","background-size":"auto","background-attachment":"scroll","background-type":"","background-media":"","overlay-type":"","overlay-color":"","overlay-opacity":"","overlay-gradient":""},"mobile":{"background-color":"","background-image":"","background-repeat":"repeat","background-position":"center center","background-size":"auto","background-attachment":"scroll","background-type":"","background-media":"","overlay-type":"","overlay-color":"","overlay-opacity":"","overlay-gradient":""}},"ast-content-background-meta":{"desktop":{"background-color":"var(--ast-global-color-5)","background-image":"","background-repeat":"repeat","background-position":"center center","background-size":"auto","background-attachment":"scroll","background-type":"","background-media":"","overlay-type":"","overlay-color":"","overlay-opacity":"","overlay-gradient":""},"tablet":{"background-color":"var(--ast-global-color-5)","background-image":"","background-repeat":"repeat","background-position":"center center","background-size":"auto","background-attachment":"scroll","background-type":"","background-media":"","overlay-type":"","overlay-color":"","overlay-opacity":"","overlay-gradient":""},"mobile":{"background-color":"var(--ast-global-color-5)","background-image":"","background-repeat":"repeat","background-position":"center center","background-size":"auto","background-attachment":"scroll","background-type":"","background-media":"","overlay-type":"","overlay-color":"","overlay-opacity":"","overlay-gradient":""}},"footnotes":""},"class_list":["post-1555","page","type-page","status-publish","hentry"],"post_mailing_queue_ids":[],"_links":{"self":[{"href":"https:\/\/agora.xtec.cat\/ieselcastell\/wp-json\/wp\/v2\/pages\/1555","targetHints":{"allow":["GET"]}}],"collection":[{"href":"https:\/\/agora.xtec.cat\/ieselcastell\/wp-json\/wp\/v2\/pages"}],"about":[{"href":"https:\/\/agora.xtec.cat\/ieselcastell\/wp-json\/wp\/v2\/types\/page"}],"author":[{"embeddable":true,"href":"https:\/\/agora.xtec.cat\/ieselcastell\/wp-json\/wp\/v2\/users\/1"}],"replies":[{"embeddable":true,"href":"https:\/\/agora.xtec.cat\/ieselcastell\/wp-json\/wp\/v2\/comments?post=1555"}],"version-history":[{"count":1,"href":"https:\/\/agora.xtec.cat\/ieselcastell\/wp-json\/wp\/v2\/pages\/1555\/revisions"}],"predecessor-version":[{"id":1556,"href":"https:\/\/agora.xtec.cat\/ieselcastell\/wp-json\/wp\/v2\/pages\/1555\/revisions\/1556"}],"up":[{"embeddable":true,"href":"https:\/\/agora.xtec.cat\/ieselcastell\/wp-json\/wp\/v2\/pages\/1574"}],"wp:attachment":[{"href":"https:\/\/agora.xtec.cat\/ieselcastell\/wp-json\/wp\/v2\/media?parent=1555"}],"curies":[{"name":"wp","href":"https:\/\/api.w.org\/{rel}","templated":true}]}}