{"id":1553,"date":"2017-05-11T10:35:59","date_gmt":"2017-05-11T08:35:59","guid":{"rendered":"http:\/\/agora.xtec.cat\/ieselcastell\/?page_id=1553"},"modified":"2017-05-11T10:35:59","modified_gmt":"2017-05-11T08:35:59","slug":"le-francais-ca-bouge","status":"publish","type":"page","link":"https:\/\/agora.xtec.cat\/ieselcastell\/projecte-educatiu\/gep\/le-francais-ca-bouge\/","title":{"rendered":"LE FRAN\u00c7AIS, \u00c7A BOUGE!!"},"content":{"rendered":"<div>\n<div>\n<div>\n<div>\n<div>\n<div>\n<div>\n<div>11-2-2016<\/div>\n<div><\/div>\n<div>\n<p>Comment vous le savez d\u00e9j\u00e0 il fait des ann\u00e9es que\u00a0 notre centre pr\u00e9pare des \u00e9l\u00e8ves aux \u00e9preuves\u00a0DELF\u00a0B1&#8230;<\/p>\n<p>D\u00e8s le mois de septembre, 6 \u00e9l\u00e8ves de 2e BAC\u00a0 pr\u00e9parent cette\u00a0 \u00e9preuve au niveau de l&#8217;oral et au niveau des \u00e9crit<\/p>\n<p>et finalement\u00a0 le jour c&#8217;est arriv\u00e9!<\/p>\n<\/div>\n<p>Le samedi 6 f\u00e9vrier nous sommes all\u00e9es au Lyc\u00e9e fran\u00e7ais de\u00a0Barcelone\u00a0passer la compr\u00e9hension orale\u00a0 et cela des \u00e9crits.<\/p>\n<\/div>\n<p>Nous avons pass\u00e9 une tr\u00e8s bonne journ\u00e9e,\u00a0 on a eu du temps pour\u00a0 se relaxer mais aussi pour\u00a0 se concentrer et r\u00e9viser un peu !<\/p>\n<\/div>\n<p>Maintenant il faut atteindre au mois de mars pour avoir les r\u00e9sultats &#8230;&#8230;&#8230;. BONNE CHANCE ET BON COURAGE \u00c0<\/p>\n<p>TOUS ET TOUTES<\/p>\n<\/div>\n<p>Com tots sabeu l&#8217; IES El Castell prepara les proves de DELF B1&#8230;..<\/p>\n<\/div>\n<p>Des del mes de setembre, 6 alumnes de 2n batxillerat preparen aquesta prova a nivell oral i escrit.<\/p>\n<\/div>\n<div>Finalment ha arribat el dia &#8230;!<\/div>\n<p>Dissabte 6 de febrer vam anar al Lyc\u00e9e fran\u00e7ais a fer la primera part de les proves ( comprensi\u00f3 oral i escrita ) .<\/p>\n<\/div>\n<p>Hem tingut temps per relaxar-nos i tamb\u00e9\u00a0 per revisar dubtes.\u00a0Hem passat un dia genial!<\/p>\n<\/div>\n<p>Ara haurem d&#8217;esperar fins el mes de mar\u00e7 per con\u00e8ixer els resultats de les proves &#8230;.. BONA SORT I \u00c0NIMS !!!<\/p>\n<p>&nbsp;<\/p>\n<p><img decoding=\"async\" class=\"aligncenter\" src=\"https:\/\/1.bp.blogspot.com\/-_IPTnkmi3d4\/Vr9vlgpZSNI\/AAAAAAAAAxg\/MBe1QZ3ntMc\/s320\/photo%2B2.JPG\" \/><\/p>\n<p>&nbsp;<\/p>\n<p><img decoding=\"async\" class=\"aligncenter\" src=\"https:\/\/1.bp.blogspot.com\/-Qhu6K71jDf8\/Vr9vlpyX74I\/AAAAAAAAAxk\/DtM-AUtGLgY\/s320\/photo%2B3.JPG\" \/><\/p>\n<p>&nbsp;<\/p>\n<p><img decoding=\"async\" class=\"aligncenter\" src=\"https:\/\/2.bp.blogspot.com\/-5DeDMIxGkDo\/Vr9vljVUaeI\/AAAAAAAAAxo\/2DoX5BPrYIM\/s320\/photo%2B5.JPG\" \/><\/p>\n","protected":false},"excerpt":{"rendered":"<p>11-2-2016 Comment vous le savez d\u00e9j\u00e0 il fait des ann\u00e9es que\u00a0 notre centre pr\u00e9pare des \u00e9l\u00e8ves aux \u00e9preuves\u00a0DELF\u00a0B1&#8230; D\u00e8s le mois de septembre, 6 \u00e9l\u00e8ves de 2e BAC\u00a0 pr\u00e9parent cette\u00a0 \u00e9preuve au niveau de l&#8217;oral et au niveau des \u00e9crit et finalement\u00a0 le jour c&#8217;est arriv\u00e9! Le samedi 6 f\u00e9vrier nous sommes all\u00e9es au Lyc\u00e9e [&hellip;]<\/p>\n","protected":false},"author":1,"featured_media":0,"parent":1574,"menu_order":0,"comment_status":"closed","ping_status":"closed","template":"","meta":{"_bbp_topic_count":0,"_bbp_reply_count":0,"_bbp_total_topic_count":0,"_bbp_total_reply_count":0,"_bbp_voice_count":0,"_bbp_anonymous_reply_count":0,"_bbp_topic_count_hidden":0,"_bbp_reply_count_hidden":0,"_bbp_forum_subforum_count":0,"site-sidebar-layout":"default","site-content-layout":"","ast-site-content-layout":"","site-content-style":"default","site-sidebar-style":"default","ast-global-header-display":"","ast-banner-title-visibility":"","ast-main-header-display":"","ast-hfb-above-header-display":"","ast-hfb-below-header-display":"","ast-hfb-mobile-header-display":"","site-post-title":"","ast-breadcrumbs-content":"","ast-featured-img":"","footer-sml-layout":"","theme-transparent-header-meta":"","adv-header-id-meta":"","stick-header-meta":"","header-above-stick-meta":"","header-main-stick-meta":"","header-below-stick-meta":"","astra-migrate-meta-layouts":"default","ast-page-background-enabled":"default","ast-page-background-meta":{"desktop":{"background-color":"var(--ast-global-color-4)","background-image":"","background-repeat":"repeat","background-position":"center center","background-size":"auto","background-attachment":"scroll","background-type":"","background-media":"","overlay-type":"","overlay-color":"","overlay-opacity":"","overlay-gradient":""},"tablet":{"background-color":"","background-image":"","background-repeat":"repeat","background-position":"center center","background-size":"auto","background-attachment":"scroll","background-type":"","background-media":"","overlay-type":"","overlay-color":"","overlay-opacity":"","overlay-gradient":""},"mobile":{"background-color":"","background-image":"","background-repeat":"repeat","background-position":"center center","background-size":"auto","background-attachment":"scroll","background-type":"","background-media":"","overlay-type":"","overlay-color":"","overlay-opacity":"","overlay-gradient":""}},"ast-content-background-meta":{"desktop":{"background-color":"var(--ast-global-color-5)","background-image":"","background-repeat":"repeat","background-position":"center center","background-size":"auto","background-attachment":"scroll","background-type":"","background-media":"","overlay-type":"","overlay-color":"","overlay-opacity":"","overlay-gradient":""},"tablet":{"background-color":"var(--ast-global-color-5)","background-image":"","background-repeat":"repeat","background-position":"center center","background-size":"auto","background-attachment":"scroll","background-type":"","background-media":"","overlay-type":"","overlay-color":"","overlay-opacity":"","overlay-gradient":""},"mobile":{"background-color":"var(--ast-global-color-5)","background-image":"","background-repeat":"repeat","background-position":"center center","background-size":"auto","background-attachment":"scroll","background-type":"","background-media":"","overlay-type":"","overlay-color":"","overlay-opacity":"","overlay-gradient":""}},"footnotes":""},"class_list":["post-1553","page","type-page","status-publish","hentry"],"post_mailing_queue_ids":[],"_links":{"self":[{"href":"https:\/\/agora.xtec.cat\/ieselcastell\/wp-json\/wp\/v2\/pages\/1553","targetHints":{"allow":["GET"]}}],"collection":[{"href":"https:\/\/agora.xtec.cat\/ieselcastell\/wp-json\/wp\/v2\/pages"}],"about":[{"href":"https:\/\/agora.xtec.cat\/ieselcastell\/wp-json\/wp\/v2\/types\/page"}],"author":[{"embeddable":true,"href":"https:\/\/agora.xtec.cat\/ieselcastell\/wp-json\/wp\/v2\/users\/1"}],"replies":[{"embeddable":true,"href":"https:\/\/agora.xtec.cat\/ieselcastell\/wp-json\/wp\/v2\/comments?post=1553"}],"version-history":[{"count":2,"href":"https:\/\/agora.xtec.cat\/ieselcastell\/wp-json\/wp\/v2\/pages\/1553\/revisions"}],"predecessor-version":[{"id":1576,"href":"https:\/\/agora.xtec.cat\/ieselcastell\/wp-json\/wp\/v2\/pages\/1553\/revisions\/1576"}],"up":[{"embeddable":true,"href":"https:\/\/agora.xtec.cat\/ieselcastell\/wp-json\/wp\/v2\/pages\/1574"}],"wp:attachment":[{"href":"https:\/\/agora.xtec.cat\/ieselcastell\/wp-json\/wp\/v2\/media?parent=1553"}],"curies":[{"name":"wp","href":"https:\/\/api.w.org\/{rel}","templated":true}]}}