{"id":8666,"date":"2023-03-29T14:31:37","date_gmt":"2023-03-29T12:31:37","guid":{"rendered":"https:\/\/agora.xtec.cat\/iesehtb\/?page_id=8666"},"modified":"2025-04-02T20:41:58","modified_gmt":"2025-04-02T18:41:58","slug":"aportacions-material-especific-alumnat-repetidor-cfgs","status":"publish","type":"page","link":"https:\/\/agora.xtec.cat\/iesehtb\/secretaria\/preinscripcio-cfgs\/aportacions-material-especific-alumnat-repetidor-cfgs\/","title":{"rendered":"Aportacions material espec\u00edfic alumnat repetidor CFGS"},"content":{"rendered":"<table style=\"width: 57.3886%;\">\n<tbody>\n<tr>\n<td style=\"width: 100%; background-color: #ffa500;\" width=\"543\">\n<h3><strong>HOTELERIA<\/strong><\/h3>\n<\/td>\n<\/tr>\n<tr>\n<td style=\"width: 100%; background-color: #800040;\" width=\"543\"><span style=\"color: #ffffff;\"><strong>CFGS DIRECCI\u00d3 DE CUINA \u2013 1r<\/strong><\/span><\/td>\n<\/tr>\n<tr>\n<td style=\"width: 100%;\" width=\"543\">\n<ul>\n<li>MP0496 Control de prove\u00efment de mat\u00e8ries primeres<\/li>\n<li>MP0497 Processos de preelaboraci\u00f3 i conservaci\u00f3 en cuina<\/li>\n<li>MP0498 Elaboracions de pastisseria i rebosteria en cuina<\/li>\n<li>MP01 Optatiu: Elaboracions adaptades per a persones amb necessitats aliment\u00e0ries<\/li>\n<\/ul>\n<\/td>\n<\/tr>\n<tr>\n<td style=\"width: 100%; background-color: #800040;\" width=\"543\"><span style=\"color: #ffffff;\"><strong>CFGS DIRECCI\u00d3 DE CUINA \u2013 2n<\/strong><\/span><\/td>\n<\/tr>\n<tr>\n<td style=\"width: 100%;\" width=\"543\">\n<ul>\n<li>MP0499 Processos d\u2019elaboraci\u00f3 culin\u00e0ria<\/li>\n<li>MP0505 Projecte Intermodular de Direcci\u00f3<\/li>\n<\/ul>\n<\/td>\n<\/tr>\n<tr>\n<td style=\"width: 100%; background-color: #800040;\" width=\"543\"><span style=\"color: #ffffff;\"><strong>CFGS DIRECCI\u00d3 DE SERVEIS EN RESTAURACI\u00d3 \u2013 1r<\/strong><\/span><\/td>\n<\/tr>\n<tr>\n<td style=\"width: 100%;\" width=\"543\">\n<ul>\n<li>MP0496 Control de prove\u00efment de mat\u00e8ries primeres<\/li>\n<li>MP0510 Processos de servei en restaurant<\/li>\n<li>MP0511 Sumilleria<\/li>\n<li>MP01 Optatiu: Food and beverage management<\/li>\n<\/ul>\n<\/td>\n<\/tr>\n<tr>\n<td style=\"width: 100%; background-color: #800040;\" width=\"543\"><span style=\"color: #ffffff;\"><strong>CFGS DIRECCI\u00d3 DE SERVEIS EN RESTAURACI\u00d3 \u2013 2n<\/strong><\/span><\/td>\n<\/tr>\n<tr>\n<td style=\"width: 100%;\" width=\"543\">\n<ul>\n<li>MP0509 Processos de servei en bar-cafeteria<\/li>\n<li>MP0513 Projecte Intermodular de Direcci\u00f3<\/li>\n<\/ul>\n<\/td>\n<\/tr>\n<tr>\n<td style=\"width: 100%;\" width=\"543\">\n<p style=\"text-align: center;\"><strong><span style=\"color: #ff0000;\">(Dos o m\u00e9s m\u00f2duls pr\u00e0ctics \u2013 550 \u20ac\u00a0\u00a0 \/\u00a0\u00a0 Un MP \u2013 325 \u20ac\u00a0\u00a0 \/\u00a0\u00a0 Cap MP \u2013 100 \u20ac)<\/span><\/strong><\/p>\n<p style=\"text-align: center;\"><strong><span style=\"color: #ff0000;\">(2n de Direcci\u00f3 de Cuina i Direcci\u00f3 de Serveis en Restauraci\u00f3: Un MP &#8211; 550\u20ac<\/span><\/strong><\/p>\n<\/td>\n<\/tr>\n<\/tbody>\n<\/table>\n","protected":false},"excerpt":{"rendered":"<p>HOTELERIA CFGS DIRECCI\u00d3 DE CUINA \u2013 1r MP0496 Control de prove\u00efment de mat\u00e8ries primeres MP0497 Processos de preelaboraci\u00f3 i conservaci\u00f3 en cuina MP0498 Elaboracions de pastisseria i rebosteria en cuina MP01 Optatiu: Elaboracions adaptades per a persones amb necessitats aliment\u00e0ries CFGS DIRECCI\u00d3 DE CUINA \u2013 2n MP0499 Processos d\u2019elaboraci\u00f3 culin\u00e0ria MP0505 Projecte Intermodular de Direcci\u00f3 [&hellip;]<\/p>\n","protected":false},"author":1,"featured_media":0,"parent":799,"menu_order":140,"comment_status":"closed","ping_status":"closed","template":"page-templates\/side-menu.php","meta":{"_bbp_topic_count":0,"_bbp_reply_count":0,"_bbp_total_topic_count":0,"_bbp_total_reply_count":0,"_bbp_voice_count":0,"_bbp_anonymous_reply_count":0,"_bbp_topic_count_hidden":0,"_bbp_reply_count_hidden":0,"_bbp_forum_subforum_count":0,"site-sidebar-layout":"default","site-content-layout":"","ast-site-content-layout":"","site-content-style":"default","site-sidebar-style":"default","ast-global-header-display":"","ast-banner-title-visibility":"","ast-main-header-display":"","ast-hfb-above-header-display":"","ast-hfb-below-header-display":"","ast-hfb-mobile-header-display":"","site-post-title":"","ast-breadcrumbs-content":"","ast-featured-img":"","footer-sml-layout":"","theme-transparent-header-meta":"","adv-header-id-meta":"","stick-header-meta":"","header-above-stick-meta":"","header-main-stick-meta":"","header-below-stick-meta":"","astra-migrate-meta-layouts":"default","ast-page-background-enabled":"default","ast-page-background-meta":{"desktop":{"background-color":"var(--ast-global-color-4)","background-image":"","background-repeat":"repeat","background-position":"center center","background-size":"auto","background-attachment":"scroll","background-type":"","background-media":"","overlay-type":"","overlay-color":"","overlay-opacity":"","overlay-gradient":""},"tablet":{"background-color":"","background-image":"","background-repeat":"repeat","background-position":"center center","background-size":"auto","background-attachment":"scroll","background-type":"","background-media":"","overlay-type":"","overlay-color":"","overlay-opacity":"","overlay-gradient":""},"mobile":{"background-color":"","background-image":"","background-repeat":"repeat","background-position":"center center","background-size":"auto","background-attachment":"scroll","background-type":"","background-media":"","overlay-type":"","overlay-color":"","overlay-opacity":"","overlay-gradient":""}},"ast-content-background-meta":{"desktop":{"background-color":"var(--ast-global-color-5)","background-image":"","background-repeat":"repeat","background-position":"center center","background-size":"auto","background-attachment":"scroll","background-type":"","background-media":"","overlay-type":"","overlay-color":"","overlay-opacity":"","overlay-gradient":""},"tablet":{"background-color":"var(--ast-global-color-5)","background-image":"","background-repeat":"repeat","background-position":"center center","background-size":"auto","background-attachment":"scroll","background-type":"","background-media":"","overlay-type":"","overlay-color":"","overlay-opacity":"","overlay-gradient":""},"mobile":{"background-color":"var(--ast-global-color-5)","background-image":"","background-repeat":"repeat","background-position":"center center","background-size":"auto","background-attachment":"scroll","background-type":"","background-media":"","overlay-type":"","overlay-color":"","overlay-opacity":"","overlay-gradient":""}},"footnotes":""},"class_list":["post-8666","page","type-page","status-publish","hentry"],"post_mailing_queue_ids":[],"_links":{"self":[{"href":"https:\/\/agora.xtec.cat\/iesehtb\/wp-json\/wp\/v2\/pages\/8666","targetHints":{"allow":["GET"]}}],"collection":[{"href":"https:\/\/agora.xtec.cat\/iesehtb\/wp-json\/wp\/v2\/pages"}],"about":[{"href":"https:\/\/agora.xtec.cat\/iesehtb\/wp-json\/wp\/v2\/types\/page"}],"author":[{"embeddable":true,"href":"https:\/\/agora.xtec.cat\/iesehtb\/wp-json\/wp\/v2\/users\/1"}],"replies":[{"embeddable":true,"href":"https:\/\/agora.xtec.cat\/iesehtb\/wp-json\/wp\/v2\/comments?post=8666"}],"version-history":[{"count":5,"href":"https:\/\/agora.xtec.cat\/iesehtb\/wp-json\/wp\/v2\/pages\/8666\/revisions"}],"predecessor-version":[{"id":10200,"href":"https:\/\/agora.xtec.cat\/iesehtb\/wp-json\/wp\/v2\/pages\/8666\/revisions\/10200"}],"up":[{"embeddable":true,"href":"https:\/\/agora.xtec.cat\/iesehtb\/wp-json\/wp\/v2\/pages\/799"}],"wp:attachment":[{"href":"https:\/\/agora.xtec.cat\/iesehtb\/wp-json\/wp\/v2\/media?parent=8666"}],"curies":[{"name":"wp","href":"https:\/\/api.w.org\/{rel}","templated":true}]}}