{"id":8308,"date":"2023-01-18T13:48:11","date_gmt":"2023-01-18T12:48:11","guid":{"rendered":"https:\/\/agora.xtec.cat\/iesehtb\/?page_id=8308"},"modified":"2024-09-11T12:50:18","modified_gmt":"2024-09-11T10:50:18","slug":"instancies","status":"publish","type":"page","link":"https:\/\/agora.xtec.cat\/iesehtb\/secretaria\/instancies\/","title":{"rendered":"Inst\u00e0ncies"},"content":{"rendered":"<p style=\"text-align: justify;\">Una Inst\u00e0ncia et permet sol\u00b7licitar a l&#8217;EHTB un tr\u00e0mit o una gesti\u00f3.<\/p>\n<p style=\"text-align: justify;\">Per presentar-la, cal que emplenis la teva <a href=\"https:\/\/agora.xtec.cat\/iesehtb\/wp-content\/uploads\/usu88\/2024\/09\/Instancia_alumnat.pdf\" target=\"_blank\" rel=\"noopener\"><span style=\"text-decoration: underline;\"><span style=\"color: #ff0000; text-decoration: underline;\"><strong>sol<\/strong><\/span><\/span><span style=\"text-decoration: underline;\"><span style=\"color: #ff0000; text-decoration: underline;\"><strong>\u00b7<\/strong><\/span><\/span><span style=\"text-decoration: underline;\"><span style=\"color: #ff0000; text-decoration: underline;\"><strong>licitud<\/strong><\/span><\/span><\/a> i l\u2019envi\u00efs acompanyada de tota la documentaci\u00f3 necess\u00e0ria per fonamentar la teva petici\u00f3 a trav\u00e9s del correu electr\u00f2nic a a8044934@xtec.cat amb els seg\u00fcents documents:<\/p>\n<ul style=\"text-align: justify;\">\n<li>La sol\u00b7licitud correctament signada<\/li>\n<li>Una c\u00f2pia del document identificatiu (DNI. NIE o passaport) vigent que s\u2019indica a la sol\u00b7licitud<\/li>\n<li>Un document que justifiqui la petici\u00f3 (en cas que calgui)<\/li>\n<\/ul>\n<p style=\"text-align: justify;\">Poseu en assumpte del correu electr\u00f2nic:<span style=\"color: #ff0000;\"><strong> Inst\u00e0ncia i el vostre nom i cognoms<br \/>\n<\/strong><\/span><\/p>\n<p style=\"text-align: justify;\">Tamb\u00e9 pots presentar la sol\u00b7licitud presencialment a la secretaria del centre. Per realitzar tr\u00e0mits presencialment el nostre horari es de dilluns a divendres de 10 a 13h i de 16:30 a 18h de dimarts a dijous.<\/p>\n","protected":false},"excerpt":{"rendered":"<p>Una Inst\u00e0ncia et permet sol\u00b7licitar a l&#8217;EHTB un tr\u00e0mit o una gesti\u00f3. Per presentar-la, cal que emplenis la teva sol\u00b7licitud i l\u2019envi\u00efs acompanyada de tota la documentaci\u00f3 necess\u00e0ria per fonamentar la teva petici\u00f3 a trav\u00e9s del correu electr\u00f2nic a a8044934@xtec.cat amb els seg\u00fcents documents: La sol\u00b7licitud correctament signada Una c\u00f2pia del document identificatiu (DNI. NIE [&hellip;]<\/p>\n","protected":false},"author":1,"featured_media":0,"parent":81,"menu_order":160,"comment_status":"closed","ping_status":"closed","template":"page-templates\/side-menu.php","meta":{"_bbp_topic_count":0,"_bbp_reply_count":0,"_bbp_total_topic_count":0,"_bbp_total_reply_count":0,"_bbp_voice_count":0,"_bbp_anonymous_reply_count":0,"_bbp_topic_count_hidden":0,"_bbp_reply_count_hidden":0,"_bbp_forum_subforum_count":0,"site-sidebar-layout":"default","site-content-layout":"","ast-site-content-layout":"","site-content-style":"default","site-sidebar-style":"default","ast-global-header-display":"","ast-banner-title-visibility":"","ast-main-header-display":"","ast-hfb-above-header-display":"","ast-hfb-below-header-display":"","ast-hfb-mobile-header-display":"","site-post-title":"","ast-breadcrumbs-content":"","ast-featured-img":"","footer-sml-layout":"","theme-transparent-header-meta":"","adv-header-id-meta":"","stick-header-meta":"","header-above-stick-meta":"","header-main-stick-meta":"","header-below-stick-meta":"","astra-migrate-meta-layouts":"default","ast-page-background-enabled":"default","ast-page-background-meta":{"desktop":{"background-color":"var(--ast-global-color-4)","background-image":"","background-repeat":"repeat","background-position":"center center","background-size":"auto","background-attachment":"scroll","background-type":"","background-media":"","overlay-type":"","overlay-color":"","overlay-opacity":"","overlay-gradient":""},"tablet":{"background-color":"","background-image":"","background-repeat":"repeat","background-position":"center center","background-size":"auto","background-attachment":"scroll","background-type":"","background-media":"","overlay-type":"","overlay-color":"","overlay-opacity":"","overlay-gradient":""},"mobile":{"background-color":"","background-image":"","background-repeat":"repeat","background-position":"center center","background-size":"auto","background-attachment":"scroll","background-type":"","background-media":"","overlay-type":"","overlay-color":"","overlay-opacity":"","overlay-gradient":""}},"ast-content-background-meta":{"desktop":{"background-color":"var(--ast-global-color-5)","background-image":"","background-repeat":"repeat","background-position":"center center","background-size":"auto","background-attachment":"scroll","background-type":"","background-media":"","overlay-type":"","overlay-color":"","overlay-opacity":"","overlay-gradient":""},"tablet":{"background-color":"var(--ast-global-color-5)","background-image":"","background-repeat":"repeat","background-position":"center center","background-size":"auto","background-attachment":"scroll","background-type":"","background-media":"","overlay-type":"","overlay-color":"","overlay-opacity":"","overlay-gradient":""},"mobile":{"background-color":"var(--ast-global-color-5)","background-image":"","background-repeat":"repeat","background-position":"center center","background-size":"auto","background-attachment":"scroll","background-type":"","background-media":"","overlay-type":"","overlay-color":"","overlay-opacity":"","overlay-gradient":""}},"footnotes":""},"class_list":["post-8308","page","type-page","status-publish","hentry"],"post_mailing_queue_ids":[],"_links":{"self":[{"href":"https:\/\/agora.xtec.cat\/iesehtb\/wp-json\/wp\/v2\/pages\/8308","targetHints":{"allow":["GET"]}}],"collection":[{"href":"https:\/\/agora.xtec.cat\/iesehtb\/wp-json\/wp\/v2\/pages"}],"about":[{"href":"https:\/\/agora.xtec.cat\/iesehtb\/wp-json\/wp\/v2\/types\/page"}],"author":[{"embeddable":true,"href":"https:\/\/agora.xtec.cat\/iesehtb\/wp-json\/wp\/v2\/users\/1"}],"replies":[{"embeddable":true,"href":"https:\/\/agora.xtec.cat\/iesehtb\/wp-json\/wp\/v2\/comments?post=8308"}],"version-history":[{"count":5,"href":"https:\/\/agora.xtec.cat\/iesehtb\/wp-json\/wp\/v2\/pages\/8308\/revisions"}],"predecessor-version":[{"id":9836,"href":"https:\/\/agora.xtec.cat\/iesehtb\/wp-json\/wp\/v2\/pages\/8308\/revisions\/9836"}],"up":[{"embeddable":true,"href":"https:\/\/agora.xtec.cat\/iesehtb\/wp-json\/wp\/v2\/pages\/81"}],"wp:attachment":[{"href":"https:\/\/agora.xtec.cat\/iesehtb\/wp-json\/wp\/v2\/media?parent=8308"}],"curies":[{"name":"wp","href":"https:\/\/api.w.org\/{rel}","templated":true}]}}