{"id":816,"date":"2015-02-19T14:54:50","date_gmt":"2015-02-19T13:54:50","guid":{"rendered":"http:\/\/agora.xtec.cat\/iesehtb\/?page_id=816"},"modified":"2025-03-19T19:48:12","modified_gmt":"2025-03-19T18:48:12","slug":"vies-i-reserves-de-places-cfgs","status":"publish","type":"page","link":"https:\/\/agora.xtec.cat\/iesehtb\/secretaria\/preinscripcio-cfgs\/vies-i-reserves-de-places-cfgs\/","title":{"rendered":"Vies i reserves de places &#8211; CFGS"},"content":{"rendered":"<table style=\"width: 87.40226403061224%; height: 616px;\">\n<tbody>\n<tr style=\"height: 96px;\">\n<td style=\"height: 96px; width: 97.80775716694772%;\" colspan=\"4\" width=\"576\">Cicles Formatius de Grau Superior<\/p>\n<p>&nbsp;<\/td>\n<\/tr>\n<tr style=\"height: 32px;\">\n<td style=\"height: 139px; width: 24.45193929173693%;\" rowspan=\"2\" width=\"144\">Qui accedeix<\/p>\n<p>per aquesta<\/p>\n<p>via?<\/td>\n<td style=\"height: 32px; width: 24.45193929173693%;\" width=\"144\">Via 1<\/td>\n<td style=\"height: 32px; width: 24.45193929173693%;\" width=\"144\">Via 2<\/td>\n<td style=\"height: 32px; width: 24.45193929173693%;\" width=\"144\">Via 3<\/td>\n<\/tr>\n<tr style=\"height: 107px;\">\n<td style=\"text-align: center; height: 107px; width: 24.45193929173693%;\" width=\"144\">Persones que al\u00b7leguen el t\u00edtol de <strong>batxillerat o t\u00edtol de t\u00e8cnic\/a de formaci\u00f3 professiona<\/strong>l.<\/td>\n<td style=\"text-align: center; height: 107px; width: 24.45193929173693%;\" width=\"144\">Persones que al\u00b7leguen la superaci\u00f3 d\u2019una <strong>prova d\u2019acc\u00e9s o altres titulacions<\/strong>.<sup>1<\/sup><\/td>\n<td style=\"height: 107px; text-align: center; width: 24.45193929173693%;\" width=\"144\">Persones que al\u00b7leguen t\u00edtol de <strong>t\u00e8cnic\/a superior de formaci\u00f3 professional<\/strong>.<\/td>\n<\/tr>\n<tr style=\"height: 96px;\">\n<td style=\"height: 96px; width: 24.45193929173693%;\" width=\"144\">Places de<\/p>\n<p>reserva<\/td>\n<td style=\"text-align: center; height: 96px; width: 24.45193929173693%;\" width=\"144\">80%<\/td>\n<td style=\"text-align: center; height: 96px; width: 24.45193929173693%;\" width=\"144\">15%<\/td>\n<td style=\"text-align: center; height: 96px; width: 24.45193929173693%;\" width=\"144\">5%<\/td>\n<\/tr>\n<tr style=\"height: 285px;\">\n<td style=\"height: 285px; width: 24.45193929173693%;\" width=\"144\">Assignaci\u00f3<\/td>\n<td style=\"height: 285px; width: 24.45193929173693%;\" width=\"144\">Places:<\/p>\n<ul>\n<li>50% Batxillerat<\/li>\n<li>50% T\u00e8cnic\/a FP<\/li>\n<\/ul>\n<p>D\u2019acord amb l\u2019ordre de les peticions indicades a la sol\u00b7licitud:<\/p>\n<p>\u00b7\u00a0\u00a0\u00a0 1r Prioritat modalitat batxillerat o afinitat de les fam\u00edlies FP.<strong><span style=\"color: #ff0000;\"> <sup>*2<\/sup><\/span><\/strong><\/p>\n<p>\u00b7\u00a0\u00a0\u00a0 2n Nota<\/p>\n<p>\u00b7\u00a0\u00a0\u00a0 3r N\u00famero desempat<\/td>\n<td style=\"height: 285px; width: 24.45193929173693%;\" width=\"144\">D\u2019acord amb l\u2019ordre de les peticions indicades a la sol\u00b7licitud:<\/p>\n<p>\u00b7\u00a0\u00a0\u00a0 Nota<\/p>\n<p>\u00b7\u00a0\u00a0\u00a0 N\u00famero de desempat<\/td>\n<td style=\"height: 285px; width: 24.45193929173693%;\" width=\"144\">D\u2019acord amb l\u2019ordre de les peticions indicades a la sol\u00b7licitud:<\/p>\n<p>\u00b7\u00a0\u00a0\u00a0 1r Nota<\/p>\n<p>\u00b7\u00a0\u00a0\u00a0 2n N\u00famero desempat<\/td>\n<\/tr>\n<\/tbody>\n<\/table>\n<p><sup><span style=\"font-size: 11pt; font-family: 'Arial','sans-serif'; color: black;\">1<\/span><\/sup><sup><span style=\"font-size: 11pt; font-family: 'Arial','sans-serif'; color: black;\">\u00a0 <\/span><\/sup><span style=\"font-size: 9pt; font-family: 'Arial','sans-serif'; color: black;\">Altres titulacions que donen l\u2019acc\u00e9s:\u00a0<\/span><sub><span style=\"font-family: inherit;\">te\u0300cnic\/a d&#8217;arts pla\u0300stiques i disseny, els que han aprovat les prove\u0301s d&#8217;acce\u0301s a la universitat, aixi\u0301 com els graduats universitaris i la resta que han obtingut titulacions i cerficats declarats equivalents a l&#8217;efecte d&#8217;accedir a un cicle de formacio\u0301 professional de grau superior.<\/span><\/sub><\/p>\n<p><strong><sup><span style=\"color: #ff0000;\">2<\/span><\/sup><\/strong> <sub>la <strong>nota d&#8217;acc\u00e9s<\/strong> \u00e9s el resultat de multiplicar la qualificaci\u00f3 mitjana obtinguda en els estudis previs per un par\u00e0metre (1,7). Aix\u00ed la <strong>nota d&#8217;acc\u00e9s<\/strong> pot ser diferent per a cada petici\u00f3 de la sol\u00b7licitud, en funci\u00f3 de si es t\u00e9 acc\u00e9s prioritari per modalitat de batxillerat o per fam\u00edlia af\u00ed.<\/sub><\/p>\n<p style=\"text-align: justify;\"><span style=\"font-size: 9pt; font-family: 'Arial','sans-serif'; color: black;\">A l\u2019adre\u00e7a <\/span><a href=\"http:\/\/queestudiar.gencat.cat\/ca\/preinscripcio\/\"><span style=\"font-size: 9pt; font-family: 'Arial','sans-serif'; color: blue;\">http:\/\/queestudiar.gencat.cat\/ca\/preinscripcio\/ <\/span><\/a><span style=\"font-size: 9pt; font-family: 'Arial','sans-serif'; color: black;\">hi ha informaci\u00f3 sobre les diferents prioritats<\/span><span style=\"font-size: 9pt; font-family: 'Arial','sans-serif'; color: black;\">\u00a0<\/span><\/p>\n","protected":false},"excerpt":{"rendered":"<p>Cicles Formatius de Grau Superior &nbsp; Qui accedeix per aquesta via? Via 1 Via 2 Via 3 Persones que al\u00b7leguen el t\u00edtol de batxillerat o t\u00edtol de t\u00e8cnic\/a de formaci\u00f3 professional. Persones que al\u00b7leguen la superaci\u00f3 d\u2019una prova d\u2019acc\u00e9s o altres titulacions.1 Persones que al\u00b7leguen t\u00edtol de t\u00e8cnic\/a superior de formaci\u00f3 professional. Places de reserva [&hellip;]<\/p>\n","protected":false},"author":1,"featured_media":0,"parent":799,"menu_order":30,"comment_status":"closed","ping_status":"closed","template":"page-templates\/side-menu.php","meta":{"_bbp_topic_count":0,"_bbp_reply_count":0,"_bbp_total_topic_count":0,"_bbp_total_reply_count":0,"_bbp_voice_count":0,"_bbp_anonymous_reply_count":0,"_bbp_topic_count_hidden":0,"_bbp_reply_count_hidden":0,"_bbp_forum_subforum_count":0,"site-sidebar-layout":"default","site-content-layout":"","ast-site-content-layout":"","site-content-style":"default","site-sidebar-style":"default","ast-global-header-display":"","ast-banner-title-visibility":"","ast-main-header-display":"","ast-hfb-above-header-display":"","ast-hfb-below-header-display":"","ast-hfb-mobile-header-display":"","site-post-title":"","ast-breadcrumbs-content":"","ast-featured-img":"","footer-sml-layout":"","theme-transparent-header-meta":"","adv-header-id-meta":"","stick-header-meta":"","header-above-stick-meta":"","header-main-stick-meta":"","header-below-stick-meta":"","astra-migrate-meta-layouts":"default","ast-page-background-enabled":"default","ast-page-background-meta":{"desktop":{"background-color":"var(--ast-global-color-4)","background-image":"","background-repeat":"repeat","background-position":"center center","background-size":"auto","background-attachment":"scroll","background-type":"","background-media":"","overlay-type":"","overlay-color":"","overlay-opacity":"","overlay-gradient":""},"tablet":{"background-color":"","background-image":"","background-repeat":"repeat","background-position":"center center","background-size":"auto","background-attachment":"scroll","background-type":"","background-media":"","overlay-type":"","overlay-color":"","overlay-opacity":"","overlay-gradient":""},"mobile":{"background-color":"","background-image":"","background-repeat":"repeat","background-position":"center center","background-size":"auto","background-attachment":"scroll","background-type":"","background-media":"","overlay-type":"","overlay-color":"","overlay-opacity":"","overlay-gradient":""}},"ast-content-background-meta":{"desktop":{"background-color":"var(--ast-global-color-5)","background-image":"","background-repeat":"repeat","background-position":"center center","background-size":"auto","background-attachment":"scroll","background-type":"","background-media":"","overlay-type":"","overlay-color":"","overlay-opacity":"","overlay-gradient":""},"tablet":{"background-color":"var(--ast-global-color-5)","background-image":"","background-repeat":"repeat","background-position":"center center","background-size":"auto","background-attachment":"scroll","background-type":"","background-media":"","overlay-type":"","overlay-color":"","overlay-opacity":"","overlay-gradient":""},"mobile":{"background-color":"var(--ast-global-color-5)","background-image":"","background-repeat":"repeat","background-position":"center center","background-size":"auto","background-attachment":"scroll","background-type":"","background-media":"","overlay-type":"","overlay-color":"","overlay-opacity":"","overlay-gradient":""}},"footnotes":""},"class_list":["post-816","page","type-page","status-publish","hentry"],"post_mailing_queue_ids":[],"_links":{"self":[{"href":"https:\/\/agora.xtec.cat\/iesehtb\/wp-json\/wp\/v2\/pages\/816","targetHints":{"allow":["GET"]}}],"collection":[{"href":"https:\/\/agora.xtec.cat\/iesehtb\/wp-json\/wp\/v2\/pages"}],"about":[{"href":"https:\/\/agora.xtec.cat\/iesehtb\/wp-json\/wp\/v2\/types\/page"}],"author":[{"embeddable":true,"href":"https:\/\/agora.xtec.cat\/iesehtb\/wp-json\/wp\/v2\/users\/1"}],"replies":[{"embeddable":true,"href":"https:\/\/agora.xtec.cat\/iesehtb\/wp-json\/wp\/v2\/comments?post=816"}],"version-history":[{"count":6,"href":"https:\/\/agora.xtec.cat\/iesehtb\/wp-json\/wp\/v2\/pages\/816\/revisions"}],"predecessor-version":[{"id":10144,"href":"https:\/\/agora.xtec.cat\/iesehtb\/wp-json\/wp\/v2\/pages\/816\/revisions\/10144"}],"up":[{"embeddable":true,"href":"https:\/\/agora.xtec.cat\/iesehtb\/wp-json\/wp\/v2\/pages\/799"}],"wp:attachment":[{"href":"https:\/\/agora.xtec.cat\/iesehtb\/wp-json\/wp\/v2\/media?parent=816"}],"curies":[{"name":"wp","href":"https:\/\/api.w.org\/{rel}","templated":true}]}}