{"id":8140,"date":"2022-12-01T11:14:20","date_gmt":"2022-12-01T10:14:20","guid":{"rendered":"https:\/\/agora.xtec.cat\/iesehtb\/?page_id=8140"},"modified":"2022-12-16T09:09:42","modified_gmt":"2022-12-16T08:09:42","slug":"maquinari","status":"publish","type":"page","link":"https:\/\/agora.xtec.cat\/iesehtb\/linstitut\/estrategia-digital-de-centre\/cultura-digital\/maquinari\/","title":{"rendered":"Maquinari"},"content":{"rendered":"<div class=\"entry-content\">\n<table style=\"border-collapse: collapse; width: 100%;\">\n<tbody>\n<tr>\n<td style=\"width: 100%; background-color: #800040;\">\n<h3><strong><span style=\"color: #ffffff;\">ORDINADORS PORT\u00c0TILS<\/span><\/strong><\/h3>\n<\/td>\n<\/tr>\n<\/tbody>\n<\/table>\n<p>A l\u2019INS Escola d&#8217;Hoteleria i Turisme de Barcelona l&#8217;alumnat ha de disposar d\u2019un ordinador port\u00e0til o tauleta. \u00c9s responsabilitat de l\u2019alumnat adquirir aquest ordinador o tauleta.<\/p>\n<p><img loading=\"lazy\" decoding=\"async\" class=\"alignright\" src=\"https:\/\/projectes.xtec.cat\/edc-suport\/wp-content\/uploads\/usu2435\/2021\/12\/laptop.png\" alt=\"\" width=\"304\" height=\"229\" \/><\/p>\n<p>&nbsp;<\/p>\n<p>Tot el professorat disposa d&#8217;ordinador port\u00e0til subministrat pel centre.<\/p>\n<\/div>\n<p>&nbsp;<\/p>\n<p>&nbsp;<\/p>\n<p>&nbsp;<\/p>\n<p>&nbsp;<\/p>\n<table style=\"border-collapse: collapse; width: 100%;\">\n<tbody>\n<tr>\n<td style=\"width: 100%; background-color: #800040;\">\n<h3><span style=\"color: #ffffff;\"><strong>MAQUINARI ALUMNAT (PEDC)<\/strong><\/span><\/h3>\n<\/td>\n<\/tr>\n<\/tbody>\n<\/table>\n<ul>\n<li>207 port\u00e0tils amb sistema operatiu Windows 10 (alumnat de batxillerat i cicles formatius de grau mitj\u00e0.<\/li>\n<li>5 MIFIs<\/li>\n<\/ul>\n<p>&nbsp;<\/p>\n<table style=\"border-collapse: collapse; width: 100%;\">\n<tbody>\n<tr>\n<td style=\"width: 100%; background-color: #800040;\">\n<h3><span style=\"color: #ffffff;\"><strong>MAQUINARI D&#8217;AULES ORDIN\u00c0RIES<\/strong><\/span><\/h3>\n<\/td>\n<\/tr>\n<\/tbody>\n<\/table>\n<ul>\n<li>Totes les aules disposen de projector, videoc\u00e0mera i equip de so.<\/li>\n<li>Ordinador de sobretaula pel docent<\/li>\n<li>Dos carros amb 16 port\u00e0tils i Windows 10 pels IFE&#8217;s<\/li>\n<li>Un carro amb 20 port\u00e0tils pel CFGM d&#8217;Ag\u00e8ncies de Viatges i Gesti\u00f3 d&#8217;Esdeveniments (Beroni)<\/li>\n<\/ul>\n<table style=\"border-collapse: collapse; width: 100%;\">\n<tbody>\n<tr>\n<td style=\"width: 100%; background-color: #800040;\">\n<h3><span style=\"color: #ffffff;\"><strong>MAQUINARI DE L&#8217;AULA TECNOL\u00d2GICA<\/strong><\/span><\/h3>\n<\/td>\n<\/tr>\n<\/tbody>\n<\/table>\n<ul>\n<li>4 panells t\u00e0ctils<\/li>\n<li>2 impressores 3D<\/li>\n<li>ulleres de realitat virtual<\/li>\n<li>5 videoc\u00e0meres per videoconfer\u00e8ncia d&#8217;alta resoluci\u00f3<\/li>\n<li>1 videoc\u00e0mera 360\u00ba<\/li>\n<\/ul>\n<table style=\"border-collapse: collapse; width: 100%;\">\n<tbody>\n<tr>\n<td style=\"width: 100%; background-color: #800040;\">\n<h3><strong><span style=\"color: #ffffff;\">MAQUINARI PROFESSORAT (PEDC)<\/span><\/strong><\/h3>\n<\/td>\n<\/tr>\n<\/tbody>\n<\/table>\n<ul>\n<li>95 port\u00e0tils amb sistema operatiu Windows 10<\/li>\n<\/ul>\n<table style=\"border-collapse: collapse; width: 100%;\">\n<tbody>\n<tr>\n<td style=\"width: 100%; background-color: #800040;\">\n<h3><strong><span style=\"color: #ffffff;\">INFRAESTRUCTURA<\/span><\/strong><\/h3>\n<\/td>\n<\/tr>\n<\/tbody>\n<\/table>\n<p>S\u00f3n tots aquells recursos tecnol\u00f2gics i digitals que capaciten l&#8217;estructura necess\u00e0ria per fer funcionar tecnol\u00f2gicament el nostre centre.<\/p>\n<ul>\n<li>L\u00ednia de fibra \u00f2ptica del Departament d&#8217;Educaci<\/li>\n<li>Xarxa sense fils d&#8217;alta velocitat transformada: gencat_ENS_EDU_portal i Eduroam<\/li>\n<li>2 servidors: NAS, tallafocs, servidors de m\u00e0quines virtuals, etc<\/li>\n<li>El centre disposa de 5 impressores departamentals KONICA d&#8217;\u00fas per al professorat.<\/li>\n<li>Per imprimir, l\u2019administrador ha de<a href=\"https:\/\/agora.xtec.cat\/iesehtb\/wp-content\/uploads\/usu88\/2022\/12\/papercut17.pdf\" target=\"_blank\" rel=\"noopener\"> c<span class=\" aw5Odc\">rear l\u2019usuari a la fotocopiadora i assignar-li el nombre m\u00e0xim de c\u00f2pies<\/span><\/a> que pot realitzar.<\/li>\n<\/ul>\n","protected":false},"excerpt":{"rendered":"<p>ORDINADORS PORT\u00c0TILS A l\u2019INS Escola d&#8217;Hoteleria i Turisme de Barcelona l&#8217;alumnat ha de disposar d\u2019un ordinador port\u00e0til o tauleta. \u00c9s responsabilitat de l\u2019alumnat adquirir aquest ordinador o tauleta. &nbsp; Tot el professorat disposa d&#8217;ordinador port\u00e0til subministrat pel centre. &nbsp; &nbsp; &nbsp; &nbsp; MAQUINARI ALUMNAT (PEDC) 207 port\u00e0tils amb sistema operatiu Windows 10 (alumnat de batxillerat [&hellip;]<\/p>\n","protected":false},"author":1,"featured_media":0,"parent":8121,"menu_order":80,"comment_status":"closed","ping_status":"closed","template":"page-templates\/side-menu.php","meta":{"_bbp_topic_count":0,"_bbp_reply_count":0,"_bbp_total_topic_count":0,"_bbp_total_reply_count":0,"_bbp_voice_count":0,"_bbp_anonymous_reply_count":0,"_bbp_topic_count_hidden":0,"_bbp_reply_count_hidden":0,"_bbp_forum_subforum_count":0,"site-sidebar-layout":"default","site-content-layout":"","ast-site-content-layout":"","site-content-style":"default","site-sidebar-style":"default","ast-global-header-display":"","ast-banner-title-visibility":"","ast-main-header-display":"","ast-hfb-above-header-display":"","ast-hfb-below-header-display":"","ast-hfb-mobile-header-display":"","site-post-title":"","ast-breadcrumbs-content":"","ast-featured-img":"","footer-sml-layout":"","theme-transparent-header-meta":"","adv-header-id-meta":"","stick-header-meta":"","header-above-stick-meta":"","header-main-stick-meta":"","header-below-stick-meta":"","astra-migrate-meta-layouts":"default","ast-page-background-enabled":"default","ast-page-background-meta":{"desktop":{"background-color":"var(--ast-global-color-4)","background-image":"","background-repeat":"repeat","background-position":"center center","background-size":"auto","background-attachment":"scroll","background-type":"","background-media":"","overlay-type":"","overlay-color":"","overlay-opacity":"","overlay-gradient":""},"tablet":{"background-color":"","background-image":"","background-repeat":"repeat","background-position":"center center","background-size":"auto","background-attachment":"scroll","background-type":"","background-media":"","overlay-type":"","overlay-color":"","overlay-opacity":"","overlay-gradient":""},"mobile":{"background-color":"","background-image":"","background-repeat":"repeat","background-position":"center center","background-size":"auto","background-attachment":"scroll","background-type":"","background-media":"","overlay-type":"","overlay-color":"","overlay-opacity":"","overlay-gradient":""}},"ast-content-background-meta":{"desktop":{"background-color":"var(--ast-global-color-5)","background-image":"","background-repeat":"repeat","background-position":"center center","background-size":"auto","background-attachment":"scroll","background-type":"","background-media":"","overlay-type":"","overlay-color":"","overlay-opacity":"","overlay-gradient":""},"tablet":{"background-color":"var(--ast-global-color-5)","background-image":"","background-repeat":"repeat","background-position":"center center","background-size":"auto","background-attachment":"scroll","background-type":"","background-media":"","overlay-type":"","overlay-color":"","overlay-opacity":"","overlay-gradient":""},"mobile":{"background-color":"var(--ast-global-color-5)","background-image":"","background-repeat":"repeat","background-position":"center center","background-size":"auto","background-attachment":"scroll","background-type":"","background-media":"","overlay-type":"","overlay-color":"","overlay-opacity":"","overlay-gradient":""}},"footnotes":""},"class_list":["post-8140","page","type-page","status-publish","hentry"],"post_mailing_queue_ids":[],"_links":{"self":[{"href":"https:\/\/agora.xtec.cat\/iesehtb\/wp-json\/wp\/v2\/pages\/8140","targetHints":{"allow":["GET"]}}],"collection":[{"href":"https:\/\/agora.xtec.cat\/iesehtb\/wp-json\/wp\/v2\/pages"}],"about":[{"href":"https:\/\/agora.xtec.cat\/iesehtb\/wp-json\/wp\/v2\/types\/page"}],"author":[{"embeddable":true,"href":"https:\/\/agora.xtec.cat\/iesehtb\/wp-json\/wp\/v2\/users\/1"}],"replies":[{"embeddable":true,"href":"https:\/\/agora.xtec.cat\/iesehtb\/wp-json\/wp\/v2\/comments?post=8140"}],"version-history":[{"count":3,"href":"https:\/\/agora.xtec.cat\/iesehtb\/wp-json\/wp\/v2\/pages\/8140\/revisions"}],"predecessor-version":[{"id":8240,"href":"https:\/\/agora.xtec.cat\/iesehtb\/wp-json\/wp\/v2\/pages\/8140\/revisions\/8240"}],"up":[{"embeddable":true,"href":"https:\/\/agora.xtec.cat\/iesehtb\/wp-json\/wp\/v2\/pages\/8121"}],"wp:attachment":[{"href":"https:\/\/agora.xtec.cat\/iesehtb\/wp-json\/wp\/v2\/media?parent=8140"}],"curies":[{"name":"wp","href":"https:\/\/api.w.org\/{rel}","templated":true}]}}