{"id":8130,"date":"2022-12-01T11:04:42","date_gmt":"2022-12-01T10:04:42","guid":{"rendered":"https:\/\/agora.xtec.cat\/iesehtb\/?page_id=8130"},"modified":"2023-02-01T13:06:51","modified_gmt":"2023-02-01T12:06:51","slug":"comunicacio","status":"publish","type":"page","link":"https:\/\/agora.xtec.cat\/iesehtb\/linstitut\/estrategia-digital-de-centre\/cultura-digital\/comunicacio\/","title":{"rendered":"Comunicaci\u00f3"},"content":{"rendered":"<div>\n<p>&nbsp;<\/p>\n<\/div>\n<table style=\"border-collapse: collapse; width: 100%;\">\n<tbody>\n<tr>\n<td style=\"width: 100%; background-color: #800040;\">\n<h3><span style=\"color: #ffffff;\"><strong>PORTAL WEB<\/strong><\/span><\/h3>\n<\/td>\n<\/tr>\n<\/tbody>\n<\/table>\n<p>El centre disposa d\u2019un web amb la informaci\u00f3 p\u00fablica. S\u2019hi poden trobar informacions est\u00e0tiques,<img loading=\"lazy\" decoding=\"async\" class=\"alignright size-medium wp-image-9488\" src=\"https:\/\/projectes.xtec.cat\/edc-suport\/wp-content\/uploads\/usu2435\/2021\/12\/nodes-300x173.png\" sizes=\"auto, (max-width: 300px) 100vw, 300px\" srcset=\"https:\/\/projectes.xtec.cat\/edc-suport\/wp-content\/uploads\/usu2435\/2021\/12\/nodes-300x173.png 300w, https:\/\/projectes.xtec.cat\/edc-suport\/wp-content\/uploads\/usu2435\/2021\/12\/nodes.png 580w\" alt=\"\" width=\"300\" height=\"173\" \/> que es revisen peri\u00f2dicament i articles din\u00e0mics sobre el que va succeint al centre dia a dia.<\/p>\n<p>Aquest web est\u00e0 realitzat aprofitant el servei nodes que ofereix el Departament d\u2019Educaci\u00f3.<\/p>\n<p>Per fer-ne l\u2019actualitzaci\u00f3 se segueix el seg\u00fcent procediment:<\/p>\n<p><a href=\"https:\/\/agora.xtec.cat\/iesehtb\/wp-content\/uploads\/usu88\/2022\/12\/TIC-Actualitzacio-del-web-del-centre.pdf\" target=\"_blank\" rel=\"noopener\">Actualitzaci\u00f3 del web del centre<\/a><\/p>\n<div>\n<p>&nbsp;<\/p>\n<\/div>\n<table style=\"border-collapse: collapse; width: 100%;\">\n<tbody>\n<tr>\n<td style=\"width: 100%; background-color: #800040;\">\n<h3><strong><span style=\"color: #ffffff;\">INTRANET<\/span><\/strong><\/h3>\n<\/td>\n<\/tr>\n<\/tbody>\n<\/table>\n<p class=\"CDt4Ke zfr3Q\" dir=\"ltr\">El centre disposa d&#8217;una intranet, anomenada iEduca que permet com a funcionalitats principals:<\/p>\n<ul class=\"n8H08c UVNKR\">\n<li class=\"TYR86d zfr3Q\" dir=\"ltr\">\n<p class=\"CDt4Ke zfr3Q\" dir=\"ltr\">Seguiment d&#8217;assist\u00e8ncia de l&#8217;alumnat.<\/p>\n<\/li>\n<li class=\"TYR86d zfr3Q\" dir=\"ltr\">\n<p class=\"CDt4Ke zfr3Q\" dir=\"ltr\">Registres d&#8217;entrevistes amb alumnes i fam\u00edlies.<\/p>\n<\/li>\n<li class=\"TYR86d zfr3Q\" dir=\"ltr\">\n<p class=\"CDt4Ke zfr3Q\" dir=\"ltr\">Petici\u00f3 d&#8217;informaci\u00f3 de l&#8217;alumnat a l&#8217;equip docent per preprar reunions amb fam\u00edlies.<\/p>\n<\/li>\n<li class=\"TYR86d zfr3Q\" dir=\"ltr\">\n<p class=\"CDt4Ke zfr3Q\" dir=\"ltr\">Enviament de comunicats a fam\u00edlies, alumnes i personal del centre a trav\u00e9s de correu electr\u00f2nic.<\/p>\n<\/li>\n<li class=\"TYR86d zfr3Q\" dir=\"ltr\">\n<p class=\"CDt4Ke zfr3Q\" dir=\"ltr\">Gesti\u00f3 de les auditories internes i externes.<\/p>\n<\/li>\n<li class=\"TYR86d zfr3Q\" dir=\"ltr\">\n<p class=\"CDt4Ke zfr3Q\" dir=\"ltr\">Consulta d&#8217;horaris.<a href=\"https:\/\/agora.xtec.cat\/iesehtb\/wp-content\/uploads\/usu88\/2022\/12\/logo-ieduca.jpg\"><img loading=\"lazy\" decoding=\"async\" class=\"alignright size-full wp-image-8210\" src=\"https:\/\/agora.xtec.cat\/iesehtb\/wp-content\/uploads\/usu88\/2022\/12\/logo-ieduca.jpg\" alt=\"\" width=\"407\" height=\"232\" srcset=\"https:\/\/agora.xtec.cat\/iesehtb\/wp-content\/uploads\/usu88\/2022\/12\/logo-ieduca.jpg 407w, https:\/\/agora.xtec.cat\/iesehtb\/wp-content\/uploads\/usu88\/2022\/12\/logo-ieduca-300x171.jpg 300w\" sizes=\"auto, (max-width: 407px) 100vw, 407px\" \/><\/a><\/p>\n<\/li>\n<li class=\"TYR86d zfr3Q\" dir=\"ltr\">\n<p class=\"CDt4Ke zfr3Q\" dir=\"ltr\">Reserva d&#8217;espais i equipaments.<\/p>\n<\/li>\n<li dir=\"ltr\">Gesti\u00f3 d&#8217;incid\u00e8ncies inform\u00e0tiques i aulari.<\/li>\n<\/ul>\n<p>L&#8217;acc\u00e9s a aquesta intranet per part dels docents es realitza amb el seu compte corporatiu. Per accedir-hi, s\u2019ha d\u2019utilitzar l\u2019usuari de centre.<\/p>\n<div class=\"entry-content\">\n<p>&nbsp;<\/p>\n<div><\/div>\n<\/div>\n<div><\/div>\n<div>\n<table style=\"border-collapse: collapse; width: 100%;\">\n<tbody>\n<tr>\n<td style=\"width: 100%; background-color: #800040;\">\n<h3><strong><span style=\"color: #ffffff;\">COMUNICACIONS AMB LES FAM\u00cdLIES<\/span><\/strong><\/h3>\n<\/td>\n<\/tr>\n<\/tbody>\n<\/table>\n<\/div>\n<div class=\"entry-content\">\n<p class=\"CDt4Ke zfr3Q\" dir=\"ltr\">Per les comunicacions amb les fam\u00edlies, cal distingir entre els contactes que estableix el tutor o la tutora amb la fam\u00edlia i els comunicats que es fan des de centre.<\/p>\n<h3 class=\"CjVfdc\">Comunicaci\u00f3 tutor\/a i fam\u00edlia<\/h3>\n<p class=\"CDt4Ke zfr3Q\" dir=\"ltr\">En el cas de tutores i tutors, les comunicacions es faran utilitzant algun dels seg\u00fcents canals:<\/p>\n<ul>\n<li class=\"CDt4Ke zfr3Q\" dir=\"ltr\">per correu electr\u00f2nic, preferentment per iEduca<\/li>\n<li class=\"CDt4Ke zfr3Q\" dir=\"ltr\">per tel\u00e8fon, als n\u00fameros indicats per la fam\u00edlia en els fulls de matr\u00edcula i preinscripci\u00f3.<\/li>\n<li class=\"CDt4Ke zfr3Q\" dir=\"ltr\">per v\u00eddeo trucada.<\/li>\n<li class=\"CDt4Ke zfr3Q\" dir=\"ltr\">presencialment, amb cita pr\u00e8via.<\/li>\n<\/ul>\n<h3 class=\"CjVfdc\">Comunicats des de centre<\/h3>\n<p class=\"CDt4Ke zfr3Q\" dir=\"ltr\">Pel que fa als comunicats del centre, es far\u00e0 seguint sempre el seg\u00fcent procediment:<\/p>\n<ul style=\"list-style-type: disc;\">\n<li class=\"CDt4Ke zfr3Q\" dir=\"ltr\">S&#8217;enviar\u00e0, preferentment,\u00a0 fent \u00fas de l&#8217;eina de Notificacions \/ Comunicats de qu\u00e8 disposa iEduca, i en cas de no ser possible per correu electr\u00f2nic.<\/li>\n<li class=\"CDt4Ke zfr3Q\" dir=\"ltr\">En el cas d&#8217;Ieduca s&#8217;enviar\u00e0 sempre fent \u00fas de l&#8217;opci\u00f3 m\u00faltiple i escollint els canals correu electr\u00f2nic i iEduca. D&#8217;aquesta manera, si alg\u00fa no disposa de iEduca, li arribar\u00e0 el comunicat per correu electr\u00f2nic.<\/li>\n<li class=\"CDt4Ke zfr3Q\" dir=\"ltr\">Perqu\u00e8 estigui al cas el tutor\/a del grup, tamb\u00e9 s&#8217;afegir\u00e0 sempre els tutors en els comunicats.<\/li>\n<\/ul>\n<table style=\"width: 99.6354%;\">\n<tbody>\n<tr>\n<td style=\"width: 100%; background-color: #800040;\">\n<h3><span style=\"color: #ffffff;\"><strong>XARXES SOCIALS\u00a0 <\/strong><\/span><\/h3>\n<\/td>\n<\/tr>\n<\/tbody>\n<\/table>\n<\/div>\n<p>El centres utilitza habitualment les xarxes socials per explicar experi\u00e8ncies que han realitzat: participaci\u00f3 d\u2019alumnes en projectes, activitats rellevants, informacions p\u00fabliques que poden ser d\u2019inter\u00e8s per la comunitat educativa, novetats de sortides que estan fent els alumnes, etc.<\/p>\n<p>Aquestes s\u00f3n les xarxes socials utilitzades pel centre:<\/p>\n<p><strong><img loading=\"lazy\" decoding=\"async\" class=\" wp-image-9066 alignleft\" src=\"https:\/\/projectes.xtec.cat\/coordinaciodigital\/wp-content\/uploads\/usu2494\/2021\/04\/logo_twitter-150x150.png\" sizes=\"auto, (max-width: 50px) 100vw, 50px\" srcset=\"https:\/\/projectes.xtec.cat\/coordinaciodigital\/wp-content\/uploads\/usu2494\/2021\/04\/logo_twitter-150x150.png 150w, https:\/\/projectes.xtec.cat\/coordinaciodigital\/wp-content\/uploads\/usu2494\/2021\/04\/logo_twitter.png 200w\" alt=\"\" width=\"50\" height=\"50\" \/>Twitter:<\/strong> \u00e9s una plataforma de <em>microblogging<\/em> que permet als usuaris escriure missatges d\u2019un m\u00e0xim de 280 car\u00e0cters, adjuntant enlla\u00e7os, fotografies o gif animats.<\/p>\n<p>&nbsp;<\/p>\n<p><a href=\"https:\/\/twitter.com\/INS_EHTB?ref_src=twsrc%5Etfw%7Ctwcamp%5Eembeddedtimeline%7Ctwterm%5Escreen-name%3AINS_EHTB%7Ctwcon%5Es1_c11\" target=\"_blank\" rel=\"noopener\"><strong><span class=\"css-901oao css-16my406 r-poiln3 r-bcqeeo r-qvutc0\">@INS_EHTB<\/span><\/strong><\/a><\/p>\n<p>&nbsp;<\/p>\n<p><img loading=\"lazy\" decoding=\"async\" class=\"wp-image-9067 alignleft\" src=\"https:\/\/projectes.xtec.cat\/coordinaciodigital\/wp-content\/uploads\/usu2494\/2021\/04\/logo_instagram.png\" alt=\"\" width=\"50\" height=\"50\" \/><\/p>\n<p><strong>Instagram:<\/strong> \u00e9s una xarxa social que permet compartir imatges i v\u00eddeos, acompanyats d\u2019un petit comentari.<\/p>\n<div class=\"x2lah0s x78zum5 xdt5ytf xl56j7k x1n2onr6 x16fuon9 x5bv2cf x9ozhqo xbn8dsz x184cenk\">\n<div class=\"_aarf _aarg\" tabindex=\"0\" role=\"button\" aria-disabled=\"false\"><\/div>\n<\/div>\n<section class=\"x1qjc9v5 x6umtig x1b1mbwd xaqea5y xav7gou x9f619 x5n08af x78zum5 xdt5ytf xs83m0k xeuugli xdj266r x11i5rnm xat24cr x1mh8g0r xexx8yu x4uap5 x18d9i69 xkhd6sd x1n2onr6 xk390pu x11njtxf x139hhg0 x1qgnrqa xg1prrt x1quol0o\">\n<div class=\"x6s0dn4 x78zum5 x1q0g3np xs83m0k xeuugli x1n2onr6\">\n<p class=\"x1lliihq x1plvlek xryxfnj x1n2onr6 x193iq5w xeuugli x1fj9vlw x13faqbe x1vvkbs x1s928wv xhkezso x1gmr53x x1cpjm7i x1fgarty x1943h6x x1i0vuye x1ms8i2q xo1l8bm x5n08af x10wh9bi x1wdrske x8viiok x18hxmgj\"><a href=\"https:\/\/www.instagram.com\/ehtbarcelona\/\" target=\"_blank\" rel=\"noopener\"><strong>ehtbarcelona<\/strong><\/a><\/p>\n<\/div>\n<\/section>\n<p>&nbsp;<\/p>\n<p><strong><img loading=\"lazy\" decoding=\"async\" class=\"wp-image-9070 alignleft\" src=\"https:\/\/projectes.xtec.cat\/coordinaciodigital\/wp-content\/uploads\/usu2494\/2021\/04\/logo_youtube.png\" alt=\"\" width=\"54\" height=\"38\" \/>Youtube:\u00a0<\/strong>\u00e9s una plataforma de compartici\u00f3 de v\u00eddeos, que tamb\u00e9 permet emetre v\u00eddeos en directe, ja sigui capturant la c\u00e0mera de l\u2019ordinador amb qu\u00e8 s\u2019emet, com connectant amb algun programa d\u2019<em>streaming<\/em> (com ara <a href=\"https:\/\/obsproject.com\/\" target=\"_blank\" rel=\"noopener noreferrer\">OBS<\/a>) i configurar el qu\u00e8 s\u2019emet (pantalla, c\u00e0mera, anuncis sobre impresos, etc.).<\/p>\n<div id=\"text-container\" class=\"style-scope ytd-channel-name\">\u00a0\u00a0\u00a0\u00a0\u00a0\u00a0\u00a0\u00a0\u00a0\u00a0\u00a0\u00a0\u00a0\u00a0 <a href=\"https:\/\/www.youtube.com\/watch?v=iDRH_cQd8tw\" target=\"_blank\" rel=\"noopener\"><strong>@Insehtbbcn\u00a0\u00a0<\/strong><\/a><\/div>\n<p>&nbsp;<\/p>\n","protected":false},"excerpt":{"rendered":"<p>&nbsp; PORTAL WEB El centre disposa d\u2019un web amb la informaci\u00f3 p\u00fablica. S\u2019hi poden trobar informacions est\u00e0tiques, que es revisen peri\u00f2dicament i articles din\u00e0mics sobre el que va succeint al centre dia a dia. Aquest web est\u00e0 realitzat aprofitant el servei nodes que ofereix el Departament d\u2019Educaci\u00f3. Per fer-ne l\u2019actualitzaci\u00f3 se segueix el seg\u00fcent procediment: [&hellip;]<\/p>\n","protected":false},"author":1,"featured_media":0,"parent":8121,"menu_order":30,"comment_status":"closed","ping_status":"closed","template":"page-templates\/side-menu.php","meta":{"_bbp_topic_count":0,"_bbp_reply_count":0,"_bbp_total_topic_count":0,"_bbp_total_reply_count":0,"_bbp_voice_count":0,"_bbp_anonymous_reply_count":0,"_bbp_topic_count_hidden":0,"_bbp_reply_count_hidden":0,"_bbp_forum_subforum_count":0,"site-sidebar-layout":"default","site-content-layout":"","ast-site-content-layout":"","site-content-style":"default","site-sidebar-style":"default","ast-global-header-display":"","ast-banner-title-visibility":"","ast-main-header-display":"","ast-hfb-above-header-display":"","ast-hfb-below-header-display":"","ast-hfb-mobile-header-display":"","site-post-title":"","ast-breadcrumbs-content":"","ast-featured-img":"","footer-sml-layout":"","theme-transparent-header-meta":"","adv-header-id-meta":"","stick-header-meta":"","header-above-stick-meta":"","header-main-stick-meta":"","header-below-stick-meta":"","astra-migrate-meta-layouts":"default","ast-page-background-enabled":"default","ast-page-background-meta":{"desktop":{"background-color":"var(--ast-global-color-4)","background-image":"","background-repeat":"repeat","background-position":"center center","background-size":"auto","background-attachment":"scroll","background-type":"","background-media":"","overlay-type":"","overlay-color":"","overlay-opacity":"","overlay-gradient":""},"tablet":{"background-color":"","background-image":"","background-repeat":"repeat","background-position":"center center","background-size":"auto","background-attachment":"scroll","background-type":"","background-media":"","overlay-type":"","overlay-color":"","overlay-opacity":"","overlay-gradient":""},"mobile":{"background-color":"","background-image":"","background-repeat":"repeat","background-position":"center center","background-size":"auto","background-attachment":"scroll","background-type":"","background-media":"","overlay-type":"","overlay-color":"","overlay-opacity":"","overlay-gradient":""}},"ast-content-background-meta":{"desktop":{"background-color":"var(--ast-global-color-5)","background-image":"","background-repeat":"repeat","background-position":"center center","background-size":"auto","background-attachment":"scroll","background-type":"","background-media":"","overlay-type":"","overlay-color":"","overlay-opacity":"","overlay-gradient":""},"tablet":{"background-color":"var(--ast-global-color-5)","background-image":"","background-repeat":"repeat","background-position":"center center","background-size":"auto","background-attachment":"scroll","background-type":"","background-media":"","overlay-type":"","overlay-color":"","overlay-opacity":"","overlay-gradient":""},"mobile":{"background-color":"var(--ast-global-color-5)","background-image":"","background-repeat":"repeat","background-position":"center center","background-size":"auto","background-attachment":"scroll","background-type":"","background-media":"","overlay-type":"","overlay-color":"","overlay-opacity":"","overlay-gradient":""}},"footnotes":""},"class_list":["post-8130","page","type-page","status-publish","hentry"],"post_mailing_queue_ids":[],"_links":{"self":[{"href":"https:\/\/agora.xtec.cat\/iesehtb\/wp-json\/wp\/v2\/pages\/8130","targetHints":{"allow":["GET"]}}],"collection":[{"href":"https:\/\/agora.xtec.cat\/iesehtb\/wp-json\/wp\/v2\/pages"}],"about":[{"href":"https:\/\/agora.xtec.cat\/iesehtb\/wp-json\/wp\/v2\/types\/page"}],"author":[{"embeddable":true,"href":"https:\/\/agora.xtec.cat\/iesehtb\/wp-json\/wp\/v2\/users\/1"}],"replies":[{"embeddable":true,"href":"https:\/\/agora.xtec.cat\/iesehtb\/wp-json\/wp\/v2\/comments?post=8130"}],"version-history":[{"count":4,"href":"https:\/\/agora.xtec.cat\/iesehtb\/wp-json\/wp\/v2\/pages\/8130\/revisions"}],"predecessor-version":[{"id":8364,"href":"https:\/\/agora.xtec.cat\/iesehtb\/wp-json\/wp\/v2\/pages\/8130\/revisions\/8364"}],"up":[{"embeddable":true,"href":"https:\/\/agora.xtec.cat\/iesehtb\/wp-json\/wp\/v2\/pages\/8121"}],"wp:attachment":[{"href":"https:\/\/agora.xtec.cat\/iesehtb\/wp-json\/wp\/v2\/media?parent=8130"}],"curies":[{"name":"wp","href":"https:\/\/api.w.org\/{rel}","templated":true}]}}