{"id":8121,"date":"2022-12-01T10:49:26","date_gmt":"2022-12-01T09:49:26","guid":{"rendered":"https:\/\/agora.xtec.cat\/iesehtb\/?page_id=8121"},"modified":"2022-12-12T09:22:55","modified_gmt":"2022-12-12T08:22:55","slug":"cultura-digital","status":"publish","type":"page","link":"https:\/\/agora.xtec.cat\/iesehtb\/linstitut\/estrategia-digital-de-centre\/cultura-digital\/","title":{"rendered":"Cultura Digital"},"content":{"rendered":"<div class=\"entry-content\">\n<p>En aquest apartat es recullen tots els documents del centre que fan refer\u00e8ncia a aspectes de la cultura digital. D\u2019aquesta manera, es pot tenir una visi\u00f3 completa de l\u2019assoliment d\u2019aquesta cultura pel que fa a centre.<\/p>\n<table style=\"border-collapse: collapse; width: 100%;\">\n<tbody>\n<tr>\n<td style=\"width: 100%; background-color: #800040;\">\n<h3><strong><span style=\"color: #ffffff;\">Plataforma digital<\/span><\/strong><\/h3>\n<\/td>\n<\/tr>\n<\/tbody>\n<\/table>\n<p>El centre disposa d\u2019un domini G Suite for Education propi. Quan s&#8217;incorpora professorat o alumnat al centre, se&#8217;l dona d&#8217;alta com a usuari del domini @insehtb.cat.<\/p>\n<\/div>\n<div class=\"entry-content\">\n<h3><img loading=\"lazy\" decoding=\"async\" class=\"size-medium wp-image-9410 aligncenter\" src=\"https:\/\/projectes.xtec.cat\/edc-suport\/wp-content\/uploads\/usu2435\/2021\/12\/workspace-300x123.png\" sizes=\"auto, (max-width: 300px) 100vw, 300px\" srcset=\"https:\/\/projectes.xtec.cat\/edc-suport\/wp-content\/uploads\/usu2435\/2021\/12\/workspace-300x123.png 300w, https:\/\/projectes.xtec.cat\/edc-suport\/wp-content\/uploads\/usu2435\/2021\/12\/workspace-1024x421.png 1024w, https:\/\/projectes.xtec.cat\/edc-suport\/wp-content\/uploads\/usu2435\/2021\/12\/workspace-768x316.png 768w, https:\/\/projectes.xtec.cat\/edc-suport\/wp-content\/uploads\/usu2435\/2021\/12\/workspace.png 1280w\" alt=\"\" width=\"300\" height=\"123\" \/><\/h3>\n<table style=\"border-collapse: collapse; width: 100%;\">\n<tbody>\n<tr>\n<td style=\"width: 100%; background-color: #800040;\">\n<h3><strong><span style=\"color: #ffffff;\">Intranet<\/span><\/strong><\/h3>\n<\/td>\n<\/tr>\n<\/tbody>\n<\/table>\n<p>Tot el seguiment dels alumnes, acad\u00e8mic i personal, es fa a trav\u00e9s de SAGA i iEduca.<\/p>\n<p class=\"CDt4Ke zfr3Q\" dir=\"ltr\">El centre disposa d&#8217;una intranet, anomenada iEduca que permet com a funcionalitats principals:<\/p>\n<ul>\n<li class=\"CDt4Ke zfr3Q\" dir=\"ltr\">Seguiment d&#8217;assist\u00e8ncia de l&#8217;alumnat.<\/li>\n<li class=\"CDt4Ke zfr3Q\" dir=\"ltr\">Registres d&#8217;entrevistes amb alumnes i fam\u00edlies.<\/li>\n<li>Enviament de comunicats a fam\u00edlies, alumnes i personal del centre a trav\u00e9s de correu electr\u00f2nic i de l&#8217;aplicaci\u00f3 de missatgeria instant\u00e0nia iEduca TokApp.<\/li>\n<li class=\"CDt4Ke zfr3Q\" dir=\"ltr\">Gesti\u00f3 de les auditories internes i externes.<\/li>\n<li class=\"CDt4Ke zfr3Q\" dir=\"ltr\">Consulta d&#8217;horaris.<\/li>\n<li class=\"CDt4Ke zfr3Q\" dir=\"ltr\">Reserva d&#8217;espais i equipaments.<\/li>\n<li class=\"CDt4Ke zfr3Q\" dir=\"ltr\">Incid\u00e8ncies inform\u00e0tiques i de centre.<a href=\"https:\/\/agora.xtec.cat\/iesehtb\/wp-content\/uploads\/usu88\/2022\/12\/logo-ieduca.jpg\"><img loading=\"lazy\" decoding=\"async\" class=\"aligncenter size-full wp-image-8210\" src=\"https:\/\/agora.xtec.cat\/iesehtb\/wp-content\/uploads\/usu88\/2022\/12\/logo-ieduca.jpg\" alt=\"\" width=\"407\" height=\"232\" srcset=\"https:\/\/agora.xtec.cat\/iesehtb\/wp-content\/uploads\/usu88\/2022\/12\/logo-ieduca.jpg 407w, https:\/\/agora.xtec.cat\/iesehtb\/wp-content\/uploads\/usu88\/2022\/12\/logo-ieduca-300x171.jpg 300w\" sizes=\"auto, (max-width: 407px) 100vw, 407px\" \/><\/a><\/li>\n<\/ul>\n<table style=\"border-collapse: collapse; width: 100%;\">\n<tbody>\n<tr>\n<td style=\"width: 100%; background-color: #800040;\">\n<h3><strong><span style=\"color: #ffffff;\">Documentaci\u00f3<\/span><\/strong><\/h3>\n<\/td>\n<\/tr>\n<\/tbody>\n<\/table>\n<p>El centre organitza tota la documentaci\u00f3 a la plataforma Ieduca de tal manera que en tot moment es controla qui t\u00e9 acc\u00e9s a la informaci\u00f3.<\/p>\n<p>En aquesta app hi ha tota la informaci\u00f3 que necessita el centre: des de la documentaci\u00f3 oficial (PEC, NOFC, projecte de direcci\u00f3, etc), passant per llistes d\u2019alumnes, el PAT, fins als informes d&#8217;assist\u00e8ncia de l&#8217;alumnat..<\/p>\n<\/div>\n","protected":false},"excerpt":{"rendered":"<p>En aquest apartat es recullen tots els documents del centre que fan refer\u00e8ncia a aspectes de la cultura digital. D\u2019aquesta manera, es pot tenir una visi\u00f3 completa de l\u2019assoliment d\u2019aquesta cultura pel que fa a centre. Plataforma digital El centre disposa d\u2019un domini G Suite for Education propi. Quan s&#8217;incorpora professorat o alumnat al centre, [&hellip;]<\/p>\n","protected":false},"author":1,"featured_media":0,"parent":8096,"menu_order":20,"comment_status":"closed","ping_status":"closed","template":"page-templates\/side-menu.php","meta":{"_bbp_topic_count":0,"_bbp_reply_count":0,"_bbp_total_topic_count":0,"_bbp_total_reply_count":0,"_bbp_voice_count":0,"_bbp_anonymous_reply_count":0,"_bbp_topic_count_hidden":0,"_bbp_reply_count_hidden":0,"_bbp_forum_subforum_count":0,"site-sidebar-layout":"default","site-content-layout":"","ast-site-content-layout":"","site-content-style":"default","site-sidebar-style":"default","ast-global-header-display":"","ast-banner-title-visibility":"","ast-main-header-display":"","ast-hfb-above-header-display":"","ast-hfb-below-header-display":"","ast-hfb-mobile-header-display":"","site-post-title":"","ast-breadcrumbs-content":"","ast-featured-img":"","footer-sml-layout":"","theme-transparent-header-meta":"","adv-header-id-meta":"","stick-header-meta":"","header-above-stick-meta":"","header-main-stick-meta":"","header-below-stick-meta":"","astra-migrate-meta-layouts":"default","ast-page-background-enabled":"default","ast-page-background-meta":{"desktop":{"background-color":"var(--ast-global-color-4)","background-image":"","background-repeat":"repeat","background-position":"center center","background-size":"auto","background-attachment":"scroll","background-type":"","background-media":"","overlay-type":"","overlay-color":"","overlay-opacity":"","overlay-gradient":""},"tablet":{"background-color":"","background-image":"","background-repeat":"repeat","background-position":"center center","background-size":"auto","background-attachment":"scroll","background-type":"","background-media":"","overlay-type":"","overlay-color":"","overlay-opacity":"","overlay-gradient":""},"mobile":{"background-color":"","background-image":"","background-repeat":"repeat","background-position":"center center","background-size":"auto","background-attachment":"scroll","background-type":"","background-media":"","overlay-type":"","overlay-color":"","overlay-opacity":"","overlay-gradient":""}},"ast-content-background-meta":{"desktop":{"background-color":"var(--ast-global-color-5)","background-image":"","background-repeat":"repeat","background-position":"center center","background-size":"auto","background-attachment":"scroll","background-type":"","background-media":"","overlay-type":"","overlay-color":"","overlay-opacity":"","overlay-gradient":""},"tablet":{"background-color":"var(--ast-global-color-5)","background-image":"","background-repeat":"repeat","background-position":"center center","background-size":"auto","background-attachment":"scroll","background-type":"","background-media":"","overlay-type":"","overlay-color":"","overlay-opacity":"","overlay-gradient":""},"mobile":{"background-color":"var(--ast-global-color-5)","background-image":"","background-repeat":"repeat","background-position":"center center","background-size":"auto","background-attachment":"scroll","background-type":"","background-media":"","overlay-type":"","overlay-color":"","overlay-opacity":"","overlay-gradient":""}},"footnotes":""},"class_list":["post-8121","page","type-page","status-publish","hentry"],"post_mailing_queue_ids":[],"_links":{"self":[{"href":"https:\/\/agora.xtec.cat\/iesehtb\/wp-json\/wp\/v2\/pages\/8121","targetHints":{"allow":["GET"]}}],"collection":[{"href":"https:\/\/agora.xtec.cat\/iesehtb\/wp-json\/wp\/v2\/pages"}],"about":[{"href":"https:\/\/agora.xtec.cat\/iesehtb\/wp-json\/wp\/v2\/types\/page"}],"author":[{"embeddable":true,"href":"https:\/\/agora.xtec.cat\/iesehtb\/wp-json\/wp\/v2\/users\/1"}],"replies":[{"embeddable":true,"href":"https:\/\/agora.xtec.cat\/iesehtb\/wp-json\/wp\/v2\/comments?post=8121"}],"version-history":[{"count":4,"href":"https:\/\/agora.xtec.cat\/iesehtb\/wp-json\/wp\/v2\/pages\/8121\/revisions"}],"predecessor-version":[{"id":8211,"href":"https:\/\/agora.xtec.cat\/iesehtb\/wp-json\/wp\/v2\/pages\/8121\/revisions\/8211"}],"up":[{"embeddable":true,"href":"https:\/\/agora.xtec.cat\/iesehtb\/wp-json\/wp\/v2\/pages\/8096"}],"wp:attachment":[{"href":"https:\/\/agora.xtec.cat\/iesehtb\/wp-json\/wp\/v2\/media?parent=8121"}],"curies":[{"name":"wp","href":"https:\/\/api.w.org\/{rel}","templated":true}]}}