{"id":8113,"date":"2022-11-29T20:00:21","date_gmt":"2022-11-29T19:00:21","guid":{"rendered":"https:\/\/agora.xtec.cat\/iesehtb\/?page_id=8113"},"modified":"2023-01-09T12:28:40","modified_gmt":"2023-01-09T11:28:40","slug":"objectius","status":"publish","type":"page","link":"https:\/\/agora.xtec.cat\/iesehtb\/linstitut\/estrategia-digital-de-centre\/part-estrategica\/objectius\/","title":{"rendered":"Objectius"},"content":{"rendered":"<div class=\"entry-content\">\n<p>En la visi\u00f3 del centre, tal com es defineix en el projecte educatiu de centre (PEC), queda molt clar que l\u2019\u00fas habitual de les tecnologies ha de ser un dels pilars del centre:<\/p>\n<p><em>\u201cVolem ser un centre actiu, emprenedor, amb visi\u00f3 de futur que aconsegueix una millora constant del rendiment acad\u00e8mic dels alumnes. Volem fer \u00fas habitual de les TIC, impulsar les lleng\u00fces estrangeres i promocionar les habilitats socials i el treball cooperatiu. D\u2019aquesta forma volem donar resposta a les diferents necessitats de tots els agents implicats: alumnat, fam\u00edlies i organitzacions de l\u2019entorn.\u201d<\/em><\/p>\n<p>A partir d\u2019aquesta visi\u00f3, dels objectius del PEC i de la diagnosi que s\u2019ha realitzat, s\u2019han establert diferents objectius.<\/p>\n<div><a href=\"https:\/\/agora.xtec.cat\/iesehtb\/estrategia-digital-de-centre\/part-estrategica\/objectius\/objectius-a-partir-de-la-diagnosi\/\" target=\"_blank\" rel=\"noopener\">Objectius a partir de la diagnosi<\/a><\/div>\n<p>&nbsp;<\/p>\n<p>Un cop definits els objectius, s\u2019han definits indicadors i s\u2019han temporitzat per assolir-los en tres cursos.<\/p>\n<div><a href=\"https:\/\/agora.xtec.cat\/iesehtb\/estrategia-digital-de-centre\/part-estrategica\/objectius\/temporitzacio-i-indicadors\/\" target=\"_blank\" rel=\"noopener\">Temporitzaci\u00f3 i indicadors<\/a><\/div>\n<\/div>\n","protected":false},"excerpt":{"rendered":"<p>En la visi\u00f3 del centre, tal com es defineix en el projecte educatiu de centre (PEC), queda molt clar que l\u2019\u00fas habitual de les tecnologies ha de ser un dels pilars del centre: \u201cVolem ser un centre actiu, emprenedor, amb visi\u00f3 de futur que aconsegueix una millora constant del rendiment acad\u00e8mic dels alumnes. Volem fer [&hellip;]<\/p>\n","protected":false},"author":1,"featured_media":0,"parent":8108,"menu_order":20,"comment_status":"closed","ping_status":"closed","template":"page-templates\/side-menu.php","meta":{"_bbp_topic_count":0,"_bbp_reply_count":0,"_bbp_total_topic_count":0,"_bbp_total_reply_count":0,"_bbp_voice_count":0,"_bbp_anonymous_reply_count":0,"_bbp_topic_count_hidden":0,"_bbp_reply_count_hidden":0,"_bbp_forum_subforum_count":0,"site-sidebar-layout":"default","site-content-layout":"","ast-site-content-layout":"","site-content-style":"default","site-sidebar-style":"default","ast-global-header-display":"","ast-banner-title-visibility":"","ast-main-header-display":"","ast-hfb-above-header-display":"","ast-hfb-below-header-display":"","ast-hfb-mobile-header-display":"","site-post-title":"","ast-breadcrumbs-content":"","ast-featured-img":"","footer-sml-layout":"","theme-transparent-header-meta":"","adv-header-id-meta":"","stick-header-meta":"","header-above-stick-meta":"","header-main-stick-meta":"","header-below-stick-meta":"","astra-migrate-meta-layouts":"default","ast-page-background-enabled":"default","ast-page-background-meta":{"desktop":{"background-color":"var(--ast-global-color-4)","background-image":"","background-repeat":"repeat","background-position":"center center","background-size":"auto","background-attachment":"scroll","background-type":"","background-media":"","overlay-type":"","overlay-color":"","overlay-opacity":"","overlay-gradient":""},"tablet":{"background-color":"","background-image":"","background-repeat":"repeat","background-position":"center center","background-size":"auto","background-attachment":"scroll","background-type":"","background-media":"","overlay-type":"","overlay-color":"","overlay-opacity":"","overlay-gradient":""},"mobile":{"background-color":"","background-image":"","background-repeat":"repeat","background-position":"center center","background-size":"auto","background-attachment":"scroll","background-type":"","background-media":"","overlay-type":"","overlay-color":"","overlay-opacity":"","overlay-gradient":""}},"ast-content-background-meta":{"desktop":{"background-color":"var(--ast-global-color-5)","background-image":"","background-repeat":"repeat","background-position":"center center","background-size":"auto","background-attachment":"scroll","background-type":"","background-media":"","overlay-type":"","overlay-color":"","overlay-opacity":"","overlay-gradient":""},"tablet":{"background-color":"var(--ast-global-color-5)","background-image":"","background-repeat":"repeat","background-position":"center center","background-size":"auto","background-attachment":"scroll","background-type":"","background-media":"","overlay-type":"","overlay-color":"","overlay-opacity":"","overlay-gradient":""},"mobile":{"background-color":"var(--ast-global-color-5)","background-image":"","background-repeat":"repeat","background-position":"center center","background-size":"auto","background-attachment":"scroll","background-type":"","background-media":"","overlay-type":"","overlay-color":"","overlay-opacity":"","overlay-gradient":""}},"footnotes":""},"class_list":["post-8113","page","type-page","status-publish","hentry"],"post_mailing_queue_ids":[],"_links":{"self":[{"href":"https:\/\/agora.xtec.cat\/iesehtb\/wp-json\/wp\/v2\/pages\/8113","targetHints":{"allow":["GET"]}}],"collection":[{"href":"https:\/\/agora.xtec.cat\/iesehtb\/wp-json\/wp\/v2\/pages"}],"about":[{"href":"https:\/\/agora.xtec.cat\/iesehtb\/wp-json\/wp\/v2\/types\/page"}],"author":[{"embeddable":true,"href":"https:\/\/agora.xtec.cat\/iesehtb\/wp-json\/wp\/v2\/users\/1"}],"replies":[{"embeddable":true,"href":"https:\/\/agora.xtec.cat\/iesehtb\/wp-json\/wp\/v2\/comments?post=8113"}],"version-history":[{"count":3,"href":"https:\/\/agora.xtec.cat\/iesehtb\/wp-json\/wp\/v2\/pages\/8113\/revisions"}],"predecessor-version":[{"id":8258,"href":"https:\/\/agora.xtec.cat\/iesehtb\/wp-json\/wp\/v2\/pages\/8113\/revisions\/8258"}],"up":[{"embeddable":true,"href":"https:\/\/agora.xtec.cat\/iesehtb\/wp-json\/wp\/v2\/pages\/8108"}],"wp:attachment":[{"href":"https:\/\/agora.xtec.cat\/iesehtb\/wp-json\/wp\/v2\/media?parent=8113"}],"curies":[{"name":"wp","href":"https:\/\/api.w.org\/{rel}","templated":true}]}}