{"id":799,"date":"2015-02-19T13:34:33","date_gmt":"2015-02-19T12:34:33","guid":{"rendered":"http:\/\/agora.xtec.cat\/iesehtb\/?page_id=799"},"modified":"2023-03-28T18:02:26","modified_gmt":"2023-03-28T16:02:26","slug":"preinscripcio-cfgs","status":"publish","type":"page","link":"https:\/\/agora.xtec.cat\/iesehtb\/secretaria\/preinscripcio-cfgs\/","title":{"rendered":"Preinscripci\u00f3 CFGS"},"content":{"rendered":"<p>La preinscripci\u00f3 \u00e9s el tr\u00e0mit que cal fer per ser adm\u00e8s per primera vegada en un centre sostingut amb fons p\u00fablics, i tamb\u00e9 quan es vol canviar de centre.<\/p>\n<p>Per fer la preinscripci\u00f3 cal:<\/p>\n<ul>\n<li>con\u00e8ixer el calendari de tot el proc\u00e9s,<\/li>\n<li>consultar els centres i l&#8217;oferta de places escolars,<\/li>\n<li>con\u00e8ixer els criteris de prioritat amb qu\u00e8 s&#8217;ordenen les sol\u00b7licituds i tamb\u00e9 la documentaci\u00f3 necess\u00e0ria per justificar-los,<\/li>\n<li>presentar la sol\u00b7licitud i la documentaci\u00f3 en el termini que s&#8217;estableixi.<\/li>\n<\/ul>\n<p>Les sol\u00b7licituds s&#8217;ordenen d&#8217;acord amb l&#8217;aplicaci\u00f3 dels criteris de prioritat<\/p>\n<p>Cada any el Departament publica la resoluci\u00f3 que regula el proc\u00e9s de preinscripci\u00f3, on s&#8217;estableixen les dates i els terminis que s\u00f3n espec\u00edfics per a cada ensenyament.<\/p>\n<p>Per m\u00e9s informaci\u00f3 podeu clicar als seg\u00fcents enlla\u00e7os o accedir-hi per la barra lateral del men\u00fa:<\/p>\n<ul>\n<li><a href=\"https:\/\/agora.xtec.cat\/iesehtb\/secretaria\/preinscripcio-cfgs\/calendari-cfgs-2\/\">Calendari<\/a><\/li>\n<li><a title=\"Proc\u00e9s i Documentaci\u00f3 \u2013 CFGS\" href=\"http:\/\/agora.xtec.cat\/iesehtb\/secretaria\/preinscripcio-cfgs\/proces-i-documentacio-cfgs\/\">Proc\u00e9s i documentaci\u00f3<\/a><\/li>\n<li><a title=\"Criteris de Prioritat \u2013 CFGS\" href=\"http:\/\/agora.xtec.cat\/iesehtb\/secretaria\/preinscripcio-cfgs\/criteris-de-prioritat\/\">Criteris de prioritat<\/a><\/li>\n<li><a title=\"Vies i reserves de places \u2013 CFGS\" href=\"http:\/\/agora.xtec.cat\/iesehtb\/secretaria\/preinscripcio-cfgs\/vies-i-reserves-de-places-cfgs\/\">Vies i reserva de pla\u00e7a<\/a><\/li>\n<li><a title=\"Horari Marc \u2013 CFGS\" href=\"http:\/\/agora.xtec.cat\/iesehtb\/secretaria\/preinscripcio-cfgs\/horari-marc-cfgs\/\">Horari marc<\/a><\/li>\n<li><a title=\"Horari de secretaria \u2013 CFGS\" href=\"http:\/\/agora.xtec.cat\/iesehtb\/secretaria\/preinscripcio-cfgs\/horari-de-secretaria-cfgs\/\">Horari de secretaria<\/a><\/li>\n<li><a title=\"Notels de tall -CFGS- 2014\/15\" href=\"http:\/\/agora.xtec.cat\/iesehtb\/secretaria\/preinscripcio-cfgs\/notels-de-tall-cfgs-201415\/\">Notes de tall del proc\u00e9s de preinscripci\u00f3 i matr\u00edcula<\/a><\/li>\n<li><a href=\"http:\/\/agora.xtec.cat\/iesehtb\/secretaria\/preinscripcio-cfgs\/preus-aportacions-i-taxes\/\">Preus, aportacions i taxes<\/a><\/li>\n<\/ul>\n<p>&nbsp;<\/p>\n","protected":false},"excerpt":{"rendered":"<p>La preinscripci\u00f3 \u00e9s el tr\u00e0mit que cal fer per ser adm\u00e8s per primera vegada en un centre sostingut amb fons p\u00fablics, i tamb\u00e9 quan es vol canviar de centre. Per fer la preinscripci\u00f3 cal: con\u00e8ixer el calendari de tot el proc\u00e9s, consultar els centres i l&#8217;oferta de places escolars, con\u00e8ixer els criteris de prioritat amb [&hellip;]<\/p>\n","protected":false},"author":1,"featured_media":0,"parent":81,"menu_order":10,"comment_status":"closed","ping_status":"closed","template":"page-templates\/side-menu.php","meta":{"_bbp_topic_count":0,"_bbp_reply_count":0,"_bbp_total_topic_count":0,"_bbp_total_reply_count":0,"_bbp_voice_count":0,"_bbp_anonymous_reply_count":0,"_bbp_topic_count_hidden":0,"_bbp_reply_count_hidden":0,"_bbp_forum_subforum_count":0,"site-sidebar-layout":"default","site-content-layout":"","ast-site-content-layout":"","site-content-style":"default","site-sidebar-style":"default","ast-global-header-display":"","ast-banner-title-visibility":"","ast-main-header-display":"","ast-hfb-above-header-display":"","ast-hfb-below-header-display":"","ast-hfb-mobile-header-display":"","site-post-title":"","ast-breadcrumbs-content":"","ast-featured-img":"","footer-sml-layout":"","theme-transparent-header-meta":"","adv-header-id-meta":"","stick-header-meta":"","header-above-stick-meta":"","header-main-stick-meta":"","header-below-stick-meta":"","astra-migrate-meta-layouts":"default","ast-page-background-enabled":"default","ast-page-background-meta":{"desktop":{"background-color":"var(--ast-global-color-4)","background-image":"","background-repeat":"repeat","background-position":"center center","background-size":"auto","background-attachment":"scroll","background-type":"","background-media":"","overlay-type":"","overlay-color":"","overlay-opacity":"","overlay-gradient":""},"tablet":{"background-color":"","background-image":"","background-repeat":"repeat","background-position":"center center","background-size":"auto","background-attachment":"scroll","background-type":"","background-media":"","overlay-type":"","overlay-color":"","overlay-opacity":"","overlay-gradient":""},"mobile":{"background-color":"","background-image":"","background-repeat":"repeat","background-position":"center center","background-size":"auto","background-attachment":"scroll","background-type":"","background-media":"","overlay-type":"","overlay-color":"","overlay-opacity":"","overlay-gradient":""}},"ast-content-background-meta":{"desktop":{"background-color":"var(--ast-global-color-5)","background-image":"","background-repeat":"repeat","background-position":"center center","background-size":"auto","background-attachment":"scroll","background-type":"","background-media":"","overlay-type":"","overlay-color":"","overlay-opacity":"","overlay-gradient":""},"tablet":{"background-color":"var(--ast-global-color-5)","background-image":"","background-repeat":"repeat","background-position":"center center","background-size":"auto","background-attachment":"scroll","background-type":"","background-media":"","overlay-type":"","overlay-color":"","overlay-opacity":"","overlay-gradient":""},"mobile":{"background-color":"var(--ast-global-color-5)","background-image":"","background-repeat":"repeat","background-position":"center center","background-size":"auto","background-attachment":"scroll","background-type":"","background-media":"","overlay-type":"","overlay-color":"","overlay-opacity":"","overlay-gradient":""}},"footnotes":""},"class_list":["post-799","page","type-page","status-publish","hentry"],"post_mailing_queue_ids":[],"_links":{"self":[{"href":"https:\/\/agora.xtec.cat\/iesehtb\/wp-json\/wp\/v2\/pages\/799","targetHints":{"allow":["GET"]}}],"collection":[{"href":"https:\/\/agora.xtec.cat\/iesehtb\/wp-json\/wp\/v2\/pages"}],"about":[{"href":"https:\/\/agora.xtec.cat\/iesehtb\/wp-json\/wp\/v2\/types\/page"}],"author":[{"embeddable":true,"href":"https:\/\/agora.xtec.cat\/iesehtb\/wp-json\/wp\/v2\/users\/1"}],"replies":[{"embeddable":true,"href":"https:\/\/agora.xtec.cat\/iesehtb\/wp-json\/wp\/v2\/comments?post=799"}],"version-history":[{"count":4,"href":"https:\/\/agora.xtec.cat\/iesehtb\/wp-json\/wp\/v2\/pages\/799\/revisions"}],"predecessor-version":[{"id":8647,"href":"https:\/\/agora.xtec.cat\/iesehtb\/wp-json\/wp\/v2\/pages\/799\/revisions\/8647"}],"up":[{"embeddable":true,"href":"https:\/\/agora.xtec.cat\/iesehtb\/wp-json\/wp\/v2\/pages\/81"}],"wp:attachment":[{"href":"https:\/\/agora.xtec.cat\/iesehtb\/wp-json\/wp\/v2\/media?parent=799"}],"curies":[{"name":"wp","href":"https:\/\/api.w.org\/{rel}","templated":true}]}}