{"id":797,"date":"2015-02-18T19:56:33","date_gmt":"2015-02-18T18:56:33","guid":{"rendered":"http:\/\/agora.xtec.cat\/iesehtb\/?page_id=797"},"modified":"2026-01-28T19:25:42","modified_gmt":"2026-01-28T18:25:42","slug":"normes-dus-dels-espais","status":"publish","type":"page","link":"https:\/\/agora.xtec.cat\/iesehtb\/linstitut\/normes-dus-dels-espais\/","title":{"rendered":"Normes d\u2019\u00fas dels espais"},"content":{"rendered":"<p>&nbsp;<\/p>\n<p>L\u2019alumnat haur\u00e0 de tenir en compte els seg\u00fcents aspectes a l\u2019hora d\u2019utilitzar les aules:<\/p>\n<ul>\n<li>No es pot menjar ni beure a l\u2019aula.<\/li>\n<li>Els tel\u00e8fons m\u00f2bils no es poden utilitzar excepte autoritzaci\u00f3 expressa del professorat, ni poden sonar a l\u2019aula.<\/li>\n<li>No es pot escoltar m\u00fasica a les classes ni portar auriculars.<\/li>\n<li>No \u00e9s perm\u00e8s entrar a classe amb barrets, gorres i caputxes.<\/li>\n<li>No \u00e9s perm\u00e8s l\u2019\u00fas de cap mena de dispositiu d\u2019enregistrament d\u2019\u00e0udio o imatge, excepte amb autoritzaci\u00f3 expressa \u2013 amb finalitats pedag\u00f2giques \u2013 del professorat.<\/li>\n<li>S\u2019ha de respectar estrictament la normativa higi\u00e8nica.<\/li>\n<\/ul>\n<p><strong><span style=\"color: #ff9900;\">Utilitzaci\u00f3 de les aules amb equipament inform\u00e0tic<\/span><\/strong><\/p>\n<p>S\u2019haur\u00e0 de tenir en compte els seg\u00fcents aspectes a l\u2019hora d\u2019utilitzar aquest espai:<\/p>\n<ul>\n<li>L\u2019alumnat no pot estar mai sol a les aules espec\u00edfiques.<\/li>\n<li>En el canvi de classe, l&#8217;alumnat sortir\u00e0 i es tancar\u00e0 l&#8217;aula amb clau.<\/li>\n<li>L&#8217;\u00fas d&#8217;Internet ha de tenir, exclusivament, finalitats acad\u00e8miques i educatives.<\/li>\n<li>L&#8217;alumnat ha d&#8217;apagar correctament l&#8217;ordinador i el monitor.<\/li>\n<li>L&#8217;alumnat \u00e9s responsable de l&#8217;ordinador assignat.<\/li>\n<li>Si un ordinador presenta problemes, l&#8217;alumnat ho ha de comunicar al professor. Cal que no intenti resoldre el problema ell mateix.<\/li>\n<\/ul>\n<p><strong><span style=\"color: #ff9900;\">Utilitzaci\u00f3 de l\u2019aula d\u2019estudi (aula 204)<\/span><\/strong><\/p>\n<p>L\u2019aula d\u2019estudi, situada a la segona planta, t\u00e9 com a finalitat oferir a l\u2019alumnat un espai adequat per treballar i estudiar en silenci. <strong>Horari d\u2019obertura: dilluns i divendres:<\/strong><strong> de 8:00 a 14:30 h i de dimarts a dijous: de 8:00 a 20:45 h<\/strong><\/p>\n<p>Per tal de garantir el bon funcionament de l\u2019espai i mantenir un ambient net i propici per a l\u2019estudi, cal complir les normes seg\u00fcents:<\/p>\n<ul>\n<li>No est\u00e0 perm\u00e8s menjar ni beure a l\u2019interior de l\u2019aula.<\/li>\n<li>No es pot escoltar m\u00fasica ni visualitzar v\u00eddeos sense l\u2019\u00fas d\u2019auriculars.<\/li>\n<li>Les converses han de mantenir-se en veu baixa i amb el m\u00ednim volum possible.<\/li>\n<li>Cal deixar l\u2019espai ordenat i les cadires col\u00b7locades correctament abans de sortir.<\/li>\n<li>En cas que no quedi ning\u00fa a l\u2019aula en el moment de sortir, s\u2019ha d\u2019apagar la llum.<\/li>\n<\/ul>\n<p><strong><span style=\"color: #ff9900;\">\u00a0Utilitzaci\u00f3 de tauletes o ordinadors propis de l\u2019alumnat<\/span><\/strong><\/p>\n<ul>\n<li>Ser\u00e0 necessari que l\u2019alumnat disposi del seu ordinador o tauleta per fer-ne \u00fas a classe.<\/li>\n<li>Per tal d\u2019optimitzar la utilitzaci\u00f3 de l\u2019ordinador\/tauleta t\u00e0ctil com a eina d\u2019estudi, cal observar en tot moment les instruccions b\u00e0siques que d\u00f3na la Direcci\u00f3 i el professorat a l\u2019aula.<\/li>\n<li>\u00c9s responsabilitat de l\u2019alumnat la cust\u00f2dia i control del seu ordinador\/tauleta. El Centre no es far\u00e0 c\u00e0rrec del deteriorament, sostracci\u00f3 o robatori d\u2019aquestes pertinences.<\/li>\n<li>L\u2019alumnat ser\u00e0 responsable de les avaries que pugui causar en els ordinadors\/tauletes t\u00e0ctils d\u2019altres persones.<\/li>\n<li>Les bateries han d\u2019estar carregades a l\u2019inici de les classes.<\/li>\n<\/ul>\n<p><strong><span style=\"color: #ff9900;\">Utilitzaci\u00f3 d\u2019espais espec\u00edfics pr\u00e0ctics<\/span><\/strong><\/p>\n<p>No es permet l\u2019entrada a les sessions pr\u00e0ctiques i, per tant, ser\u00e0 avaluat negativament l\u2019alumnat que:<\/p>\n<ul>\n<li>No porti l\u2019uniforme complet, net i planxat, aix\u00ed com els estris necessaris i el malet\u00ed d\u2019eines complet.<\/li>\n<li>No tingui cura de les seg\u00fcents indicacions higi\u00e8nic-sanit\u00e0ries.<\/li>\n<\/ul>\n<p><strong><span style=\"color: #ff9900;\">Utilitzaci\u00f3 dels armariets<\/span><\/strong><\/p>\n<p>L\u2019alumnat disposa d\u2019armariets d\u2019\u00fas individual i diari per guardar les seves pertinences en cas de servei. \u00c9s obligatori per a l\u2019alumnat que realitzi activitats als espais pr\u00e0ctics de botiga, gastrolab, restaurants, cafeteria, cuines i obradors.<\/p>\n<h4>El Centre no es responsabilitza dels objectes personals i de valor que amb motiu de robatoris es puguin produir durant la utilitzaci\u00f3 d\u2019aquests armariets.<\/h4>\n<p><strong>\u00a0<\/strong>L\u2019alumnat nom\u00e9s pot fer \u00fas dels armariets durant el dia de servei o pr\u00e0ctiques i t\u00e9 l\u2019obligaci\u00f3 de buidar-lo en acabar aquest. Aquells armariets que estiguin tancats al final de la jornada lectiva seran oberts per la Direcci\u00f3 del centre, qui deixar\u00e0 les pertinences trobades a consergeria. L\u2019alumnat reincident podr\u00e0 ser sancionat.<\/p>\n","protected":false},"excerpt":{"rendered":"<p>&nbsp; L\u2019alumnat haur\u00e0 de tenir en compte els seg\u00fcents aspectes a l\u2019hora d\u2019utilitzar les aules: No es pot menjar ni beure a l\u2019aula. Els tel\u00e8fons m\u00f2bils no es poden utilitzar excepte autoritzaci\u00f3 expressa del professorat, ni poden sonar a l\u2019aula. No es pot escoltar m\u00fasica a les classes ni portar auriculars. No \u00e9s perm\u00e8s entrar [&hellip;]<\/p>\n","protected":false},"author":1,"featured_media":0,"parent":19,"menu_order":80,"comment_status":"closed","ping_status":"closed","template":"page-templates\/side-menu.php","meta":{"_bbp_topic_count":0,"_bbp_reply_count":0,"_bbp_total_topic_count":0,"_bbp_total_reply_count":0,"_bbp_voice_count":0,"_bbp_anonymous_reply_count":0,"_bbp_topic_count_hidden":0,"_bbp_reply_count_hidden":0,"_bbp_forum_subforum_count":0,"site-sidebar-layout":"default","site-content-layout":"","ast-site-content-layout":"","site-content-style":"default","site-sidebar-style":"default","ast-global-header-display":"","ast-banner-title-visibility":"","ast-main-header-display":"","ast-hfb-above-header-display":"","ast-hfb-below-header-display":"","ast-hfb-mobile-header-display":"","site-post-title":"","ast-breadcrumbs-content":"","ast-featured-img":"","footer-sml-layout":"","theme-transparent-header-meta":"","adv-header-id-meta":"","stick-header-meta":"","header-above-stick-meta":"","header-main-stick-meta":"","header-below-stick-meta":"","astra-migrate-meta-layouts":"default","ast-page-background-enabled":"default","ast-page-background-meta":{"desktop":{"background-color":"var(--ast-global-color-4)","background-image":"","background-repeat":"repeat","background-position":"center center","background-size":"auto","background-attachment":"scroll","background-type":"","background-media":"","overlay-type":"","overlay-color":"","overlay-opacity":"","overlay-gradient":""},"tablet":{"background-color":"","background-image":"","background-repeat":"repeat","background-position":"center center","background-size":"auto","background-attachment":"scroll","background-type":"","background-media":"","overlay-type":"","overlay-color":"","overlay-opacity":"","overlay-gradient":""},"mobile":{"background-color":"","background-image":"","background-repeat":"repeat","background-position":"center center","background-size":"auto","background-attachment":"scroll","background-type":"","background-media":"","overlay-type":"","overlay-color":"","overlay-opacity":"","overlay-gradient":""}},"ast-content-background-meta":{"desktop":{"background-color":"var(--ast-global-color-5)","background-image":"","background-repeat":"repeat","background-position":"center center","background-size":"auto","background-attachment":"scroll","background-type":"","background-media":"","overlay-type":"","overlay-color":"","overlay-opacity":"","overlay-gradient":""},"tablet":{"background-color":"var(--ast-global-color-5)","background-image":"","background-repeat":"repeat","background-position":"center center","background-size":"auto","background-attachment":"scroll","background-type":"","background-media":"","overlay-type":"","overlay-color":"","overlay-opacity":"","overlay-gradient":""},"mobile":{"background-color":"var(--ast-global-color-5)","background-image":"","background-repeat":"repeat","background-position":"center center","background-size":"auto","background-attachment":"scroll","background-type":"","background-media":"","overlay-type":"","overlay-color":"","overlay-opacity":"","overlay-gradient":""}},"footnotes":""},"class_list":["post-797","page","type-page","status-publish","hentry"],"post_mailing_queue_ids":[],"_links":{"self":[{"href":"https:\/\/agora.xtec.cat\/iesehtb\/wp-json\/wp\/v2\/pages\/797","targetHints":{"allow":["GET"]}}],"collection":[{"href":"https:\/\/agora.xtec.cat\/iesehtb\/wp-json\/wp\/v2\/pages"}],"about":[{"href":"https:\/\/agora.xtec.cat\/iesehtb\/wp-json\/wp\/v2\/types\/page"}],"author":[{"embeddable":true,"href":"https:\/\/agora.xtec.cat\/iesehtb\/wp-json\/wp\/v2\/users\/1"}],"replies":[{"embeddable":true,"href":"https:\/\/agora.xtec.cat\/iesehtb\/wp-json\/wp\/v2\/comments?post=797"}],"version-history":[{"count":6,"href":"https:\/\/agora.xtec.cat\/iesehtb\/wp-json\/wp\/v2\/pages\/797\/revisions"}],"predecessor-version":[{"id":10594,"href":"https:\/\/agora.xtec.cat\/iesehtb\/wp-json\/wp\/v2\/pages\/797\/revisions\/10594"}],"up":[{"embeddable":true,"href":"https:\/\/agora.xtec.cat\/iesehtb\/wp-json\/wp\/v2\/pages\/19"}],"wp:attachment":[{"href":"https:\/\/agora.xtec.cat\/iesehtb\/wp-json\/wp\/v2\/media?parent=797"}],"curies":[{"name":"wp","href":"https:\/\/api.w.org\/{rel}","templated":true}]}}