{"id":775,"date":"2015-02-18T19:16:22","date_gmt":"2015-02-18T18:16:22","guid":{"rendered":"http:\/\/agora.xtec.cat\/iesehtb\/?page_id=775"},"modified":"2024-01-30T19:03:33","modified_gmt":"2024-01-30T18:03:33","slug":"horari-entrada-i-sortida-del-centre","status":"publish","type":"page","link":"https:\/\/agora.xtec.cat\/iesehtb\/linstitut\/horari-entrada-i-sortida-del-centre\/","title":{"rendered":"Horari entrada i sortida del Centre"},"content":{"rendered":"<p>&nbsp;<\/p>\n<ul style=\"list-style-type: circle;\">\n<li style=\"text-align: justify;\">El Centre \u00e9s obert de 7:45 a 21:00, comen\u00e7ant l\u2019activitat acad\u00e8mica a les 08:00 i finalitzant la mateixa a les 21:00 hores, de dilluns a divendres. En general, els grups de mat\u00ed comencen a les 8 hores i finalitzen a les 14:30 hores. Els grups de tarda comencen a les 14:30 hores i finalitzen a les 21:00 hores. Tant a l\u2019horari de mati com de tarda hi ha un per\u00edode d\u2019esbarjo de 30 minuts de durada. Durant aquest per\u00edode, les aules resten tancades.<\/li>\n<li>En el cas dels cicles formatius d\u2019Hoteleria aquest horari pot canviar segons els criteris del Departament i de la Direcci\u00f3 del centre.\n<ul style=\"list-style-type: square;\">\n<li style=\"text-align: justify;\">Totes les classes tenen una durada de 60 minuts, en els quals s\u2019inclou el canvi de classe.<\/li>\n<li style=\"text-align: justify;\">Els alumnes majors d\u2019edat podran entrar i sortir del Centre sota la seva responsabilitat.<\/li>\n<li style=\"text-align: justify;\">Els alumnes menors d\u2019edat, hauran de portar una autoritzaci\u00f3 dels seus pares o tutors legals en la que expressament donin perm\u00eds per sortir del Centre a l\u2019hora de l\u2019esbarjo i\/o entrar m\u00e9s tard o sortir abans en el cas d\u2019abs\u00e8ncia del professorat. En qualsevol altra circumst\u00e0ncia, l\u2019alumne menor d\u2019edat haur\u00e0 de dirigir-se al seu tutor o a la Direcci\u00f3 del Centre, qui es posar\u00e0 en contacte amb els pares o tutors legals per confirmar l\u2019autoritzaci\u00f3 de sortida del Centre.<\/li>\n<li style=\"text-align: justify;\">L\u2019alumnat \u00e9s responsable de portar la documentaci\u00f3 que l\u2019acrediti com a membre d\u2019aquest col\u00b7lectiu.<\/li>\n<\/ul>\n<\/li>\n<\/ul>\n","protected":false},"excerpt":{"rendered":"<p>&nbsp; El Centre \u00e9s obert de 7:45 a 21:00, comen\u00e7ant l\u2019activitat acad\u00e8mica a les 08:00 i finalitzant la mateixa a les 21:00 hores, de dilluns a divendres. En general, els grups de mat\u00ed comencen a les 8 hores i finalitzen a les 14:30 hores. Els grups de tarda comencen a les 14:30 hores i finalitzen [&hellip;]<\/p>\n","protected":false},"author":1,"featured_media":0,"parent":19,"menu_order":20,"comment_status":"closed","ping_status":"closed","template":"page-templates\/side-menu.php","meta":{"_bbp_topic_count":0,"_bbp_reply_count":0,"_bbp_total_topic_count":0,"_bbp_total_reply_count":0,"_bbp_voice_count":0,"_bbp_anonymous_reply_count":0,"_bbp_topic_count_hidden":0,"_bbp_reply_count_hidden":0,"_bbp_forum_subforum_count":0,"site-sidebar-layout":"default","site-content-layout":"","ast-site-content-layout":"","site-content-style":"default","site-sidebar-style":"default","ast-global-header-display":"","ast-banner-title-visibility":"","ast-main-header-display":"","ast-hfb-above-header-display":"","ast-hfb-below-header-display":"","ast-hfb-mobile-header-display":"","site-post-title":"","ast-breadcrumbs-content":"","ast-featured-img":"","footer-sml-layout":"","theme-transparent-header-meta":"","adv-header-id-meta":"","stick-header-meta":"","header-above-stick-meta":"","header-main-stick-meta":"","header-below-stick-meta":"","astra-migrate-meta-layouts":"default","ast-page-background-enabled":"default","ast-page-background-meta":{"desktop":{"background-color":"var(--ast-global-color-4)","background-image":"","background-repeat":"repeat","background-position":"center center","background-size":"auto","background-attachment":"scroll","background-type":"","background-media":"","overlay-type":"","overlay-color":"","overlay-opacity":"","overlay-gradient":""},"tablet":{"background-color":"","background-image":"","background-repeat":"repeat","background-position":"center center","background-size":"auto","background-attachment":"scroll","background-type":"","background-media":"","overlay-type":"","overlay-color":"","overlay-opacity":"","overlay-gradient":""},"mobile":{"background-color":"","background-image":"","background-repeat":"repeat","background-position":"center center","background-size":"auto","background-attachment":"scroll","background-type":"","background-media":"","overlay-type":"","overlay-color":"","overlay-opacity":"","overlay-gradient":""}},"ast-content-background-meta":{"desktop":{"background-color":"var(--ast-global-color-5)","background-image":"","background-repeat":"repeat","background-position":"center center","background-size":"auto","background-attachment":"scroll","background-type":"","background-media":"","overlay-type":"","overlay-color":"","overlay-opacity":"","overlay-gradient":""},"tablet":{"background-color":"var(--ast-global-color-5)","background-image":"","background-repeat":"repeat","background-position":"center center","background-size":"auto","background-attachment":"scroll","background-type":"","background-media":"","overlay-type":"","overlay-color":"","overlay-opacity":"","overlay-gradient":""},"mobile":{"background-color":"var(--ast-global-color-5)","background-image":"","background-repeat":"repeat","background-position":"center center","background-size":"auto","background-attachment":"scroll","background-type":"","background-media":"","overlay-type":"","overlay-color":"","overlay-opacity":"","overlay-gradient":""}},"footnotes":""},"class_list":["post-775","page","type-page","status-publish","hentry"],"post_mailing_queue_ids":[],"_links":{"self":[{"href":"https:\/\/agora.xtec.cat\/iesehtb\/wp-json\/wp\/v2\/pages\/775","targetHints":{"allow":["GET"]}}],"collection":[{"href":"https:\/\/agora.xtec.cat\/iesehtb\/wp-json\/wp\/v2\/pages"}],"about":[{"href":"https:\/\/agora.xtec.cat\/iesehtb\/wp-json\/wp\/v2\/types\/page"}],"author":[{"embeddable":true,"href":"https:\/\/agora.xtec.cat\/iesehtb\/wp-json\/wp\/v2\/users\/1"}],"replies":[{"embeddable":true,"href":"https:\/\/agora.xtec.cat\/iesehtb\/wp-json\/wp\/v2\/comments?post=775"}],"version-history":[{"count":4,"href":"https:\/\/agora.xtec.cat\/iesehtb\/wp-json\/wp\/v2\/pages\/775\/revisions"}],"predecessor-version":[{"id":9289,"href":"https:\/\/agora.xtec.cat\/iesehtb\/wp-json\/wp\/v2\/pages\/775\/revisions\/9289"}],"up":[{"embeddable":true,"href":"https:\/\/agora.xtec.cat\/iesehtb\/wp-json\/wp\/v2\/pages\/19"}],"wp:attachment":[{"href":"https:\/\/agora.xtec.cat\/iesehtb\/wp-json\/wp\/v2\/media?parent=775"}],"curies":[{"name":"wp","href":"https:\/\/api.w.org\/{rel}","templated":true}]}}