{"id":7667,"date":"2022-05-18T12:24:03","date_gmt":"2022-05-18T10:24:03","guid":{"rendered":"https:\/\/agora.xtec.cat\/iesehtb\/?page_id=7667"},"modified":"2025-10-28T11:48:56","modified_gmt":"2025-10-28T10:48:56","slug":"convalidacions","status":"publish","type":"page","link":"https:\/\/agora.xtec.cat\/iesehtb\/secretaria\/convalidacions\/","title":{"rendered":"Convalidacions"},"content":{"rendered":"<p><!--more--><\/p>\n<p style=\"text-align: justify;\">Un cop matriculat\/da en un cicle formatiu de formaci\u00f3 professional inicial, podries tenir dret a algunes convalidacions si tens altres estudis oficials.<\/p>\n<p style=\"text-align: justify;\">Has de lliurar la sol\u00b7licitud de convalidaci\u00f3 a la secretaria del centre aportant original i fotoc\u00f2pia de la documentaci\u00f3 seg\u00fcent:<\/p>\n<ul style=\"text-align: justify;\">\n<li>Si has passat de pla d\u2019estudis LOGSE a pla d\u2019estudis LOE del t\u00edtol equivalent, cal presentar certificat acad\u00e8mic dels m\u00f2duls o cr\u00e8dits superats.<\/li>\n<li>Si tens uns altres estudis de formaci\u00f3 professional acabats, cal presentar el t\u00edtol o resguard de t\u00edtol corresponent (t\u00edtols de t\u00e8cnic\/a, t\u00e8cnic\/a superior o t\u00e8cnic\/a especialista).<\/li>\n<li>Si tens un altre cicle formatiu superat parcialment, cal presentar un certificat acad\u00e8mic amb els m\u00f2duls i cr\u00e8dits o m\u00f2duls professionals i unitats formatives superats.<\/li>\n<li>Si tens estudis universitaris i demanes altres cr\u00e8dits o unitats formatives diferents dels anteriors, cal presentar t\u00edtol o resguard de t\u00edtol (o certificat acad\u00e8mic cas de no estar acabats), pla d\u2019estudis cursat i programes de les mat\u00e8ries cursades a la Universitat que es corresponen amb els cr\u00e8dits o unitats formatives demanades.<\/li>\n<li>Si tens estudis oficials d\u2019idiomes, cal presentar el t\u00edtol corresponent.<\/li>\n<li>Si tens estudis cursats a l\u2019estranger, cal presentar la homologaci\u00f3 dels estudis a m\u00e9s de la documentaci\u00f3 que correspongui segons els apartats anteriors en qu\u00e8 es trobi.<\/li>\n<li>Si has participat en els programes \u201cQualifica\u2019t\u201d, \u201cAcredita\u2019t\u201d o \u201cReconeixement d\u2019FP\u201d, cal presentar el certificat corresponent.<\/li>\n<li>Si tens un Certificat de professionalitat, amb indicaci\u00f3 expl\u00edcita de les unitats de compet\u00e8ncia acreditades, cal presentar aquest certificat.<\/li>\n<\/ul>\n<p style=\"text-align: justify;\">La direcci\u00f3 del centre resoldr\u00e0 la sol\u00b7licitud en aquells casos que li correspongui o la trametr\u00e0 a la Direcci\u00f3 General de Formaci\u00f3 Professional en els casos de convalidaci\u00f3 singular.<\/p>\n<p style=\"text-align: justify;\">Has d\u2019assistir a classe per tots els ensenyaments en qu\u00e8 est\u00e0s matriculat\/da mentre no tinguis la resoluci\u00f3 positiva de les convalidacions sol\u00b7licitades.<\/p>\n<p style=\"text-align: justify;\">La sol\u00b7licitud de convalidaci\u00f3 ha de presentar-se a partir del moment en qu\u00e8 es formalitza la matr\u00edcula. En cas de no sol\u00b7licitar-la durant aquest proc\u00e9s \u00a0l\u2019alumne\/a podr\u00e0 presentar-la a secretaria fins al 31 d\u2019octubre de l&#8217;any en curs, dia en el que es donar\u00e0 per finalitzat el termini.<\/p>\n<h3><strong>PROCEDIMENT<\/strong><\/h3>\n<ul>\n<li>Descarregar la sol\u00b7licitud de convalidaci\u00f3. <a href=\"https:\/\/agora.xtec.cat\/iesehtb\/wp-content\/uploads\/usu88\/2024\/09\/Solicitud-de-convalidacio.pdf\" target=\"_blank\" rel=\"noopener\"><strong>Descarrega-la <\/strong><\/a><\/li>\n<li>Omplir el formulari amb les dades sol\u00b7licitades.<\/li>\n<li>Presentar la sol\u00b7licitud a la secretaria del centre juntament amb l&#8217;original i fotoc\u00f2pia de la documentaci\u00f3 seg\u00fcent:\n<ul>\n<li><b>CICLES FORMATIUS:<\/b>\n<ul>\n<li><strong>Certificat de notes<\/strong> del cicle realitzat desglossat per Unitats Formatives \/ M\u00f2duls i <strong>T\u00edtol o resguard<\/strong> de t\u00edtol del cicle que aporten si aquest ha estat finalitzat.<\/li>\n<li style=\"text-align: justify;\"><strong><span style=\"color: #ff0000;\">Els informes de qualificacions o butlletins de notes no s\u00f3n v\u00e0lids<\/span><\/strong>. Per demanar la convalidaci\u00f3 nom\u00e9s s\u2019admeten certificats de notes. Els <strong>certificats de notes<\/strong> es demanen a la secretaria del centre on heu cursat els estudis que aporteu.<\/li>\n<\/ul>\n<\/li>\n<li><strong>ESTUDIS UNIVERSITARIS<\/strong>\n<ul>\n<li><strong>Certificat de notes<\/strong> de la carrera.<\/li>\n<li><strong>Pla d\u2019estudis<\/strong> cursat a la universitat.<\/li>\n<li><strong>Programa<\/strong> de les mat\u00e8ries cursades en qu\u00e8 basa la petici\u00f3.<\/li>\n<\/ul>\n<\/li>\n<\/ul>\n<\/li>\n<\/ul>\n<p>La comunicaci\u00f3 de la <strong>resoluci\u00f3<\/strong> es fa mitjan\u00e7ant un escrit per <strong>via tutor\/a.<\/strong><\/p>\n<p>&nbsp;<\/p>\n<table style=\"border-collapse: collapse; width: 97.9515%;\">\n<tbody>\n<tr>\n<td style=\"width: 100%; background-color: #800040;\"><strong><span style=\"color: #ffffff;\">FORMULARIS DE SOL\u00b7LICITUD<\/span><\/strong><\/p>\n<p>&nbsp;<\/td>\n<\/tr>\n<tr>\n<td style=\"width: 100%;\">\n<ul>\n<li><a href=\"https:\/\/agora.xtec.cat\/iesehtb\/wp-content\/uploads\/usu88\/2024\/09\/Solicitud-de-convalidacio.pdf\" target=\"_blank\" rel=\"noopener\">Convalidaci\u00f3<\/a><\/li>\n<\/ul>\n<\/td>\n<\/tr>\n<\/tbody>\n<\/table>\n<p>&nbsp;<\/p>\n<table style=\"width: 98.1647%;\">\n<tbody>\n<tr>\n<td style=\"width: 100%; background-color: #ffa500;\"><span style=\"color: #ffffff;\"><strong>CONVALIDACIONS M\u00d2DULS TRANSVERSALS<\/strong><\/span><\/td>\n<\/tr>\n<tr>\n<td style=\"width: 100%;\">\n<ul>\n<li><a href=\"https:\/\/agora.xtec.cat\/iesehtb\/convalidacions-llengues-estrangeres\/\" target=\"_blank\" rel=\"noopener\">Convalidaci\u00f3 de m\u00f2duls de Lleng\u00fces estrangeres<\/a><\/li>\n<\/ul>\n<\/td>\n<\/tr>\n<tr>\n<td style=\"width: 100%;\">\n<ul>\n<li><a href=\"https:\/\/agora.xtec.cat\/iesehtb\/convalidacions-fol-i-eie\/\" target=\"_blank\" rel=\"noopener\">Convalidaci\u00f3 del m\u00f2dul de Formaci\u00f3 i Orientaci\u00f3 Laboral (<strong>FOL<\/strong>) i\/o Empresa Iniciativa Emprenedora (<strong>EIE<\/strong>)<\/a><\/li>\n<\/ul>\n<\/td>\n<\/tr>\n<tr>\n<td style=\"width: 100%;\">\n<ul>\n<li><a href=\"https:\/\/agora.xtec.cat\/iesehtb\/convalidacio-modul-catala-aranes-professional\/\" target=\"_blank\" rel=\"noopener\">Convalidaci\u00f3 del m\u00f2dul catal\u00e0 \/ aran\u00e8s\u00a0 professional<\/a><\/li>\n<\/ul>\n<\/td>\n<\/tr>\n<tr>\n<td style=\"width: 100%;\">\n<ul>\n<li><a href=\"https:\/\/agora.xtec.cat\/iesehtb\/convalidacions-digitalitzacio-i-sostenibilitat\/\" target=\"_blank\" rel=\"noopener\">Convalidaci\u00f3 dels m\u00f2duls de Digitalitzaci\u00f3 i Sostenibilitat<\/a><\/li>\n<\/ul>\n<\/td>\n<\/tr>\n<\/tbody>\n<\/table>\n<p>&nbsp;<\/p>\n<table style=\"width: 98.239%;\">\n<tbody>\n<tr>\n<td style=\"width: 100%; background-color: #ffa500;\"><span style=\"color: #ffffff;\"><strong>CONVALIDACIONS CFGM<\/strong><\/span><\/td>\n<\/tr>\n<tr>\n<td style=\"width: 100%;\">\n<ul>\n<li><a href=\"https:\/\/agora.xtec.cat\/iesehtb\/convalidacions-cfgm-cuina-i-gastronomia\/\" target=\"_blank\" rel=\"noopener\">Convalidaci\u00f3 de m\u00f2duls del CFGM de Cuina i Gastronomia<\/a><\/li>\n<\/ul>\n<\/td>\n<\/tr>\n<tr>\n<td style=\"width: 100%;\">\n<ul>\n<li><a href=\"https:\/\/agora.xtec.cat\/iesehtb\/convalidacions-cfgm-serveis-en-restauacio\/\" target=\"_blank\" rel=\"noopener\">Convalidaci\u00f3 del m\u00f2duls del CFGM de Serveis en Restauraci\u00f3<\/a><\/li>\n<\/ul>\n<\/td>\n<\/tr>\n<tr>\n<td style=\"width: 100%;\">\n<ul>\n<li><a href=\"https:\/\/agora.xtec.cat\/iesehtb\/convalidacions-forneria-pastisseria-i-confiteria\/\" target=\"_blank\" rel=\"noopener\">Convalidaci\u00f3 de m\u00f2duls del CFGM de Forneria, Pastisseria i Confiteria<\/a><\/li>\n<\/ul>\n<\/td>\n<\/tr>\n<\/tbody>\n<\/table>\n<p>&nbsp;<\/p>\n<table style=\"width: 97.4512%; height: 204px;\">\n<tbody>\n<tr style=\"height: 33px;\">\n<td style=\"width: 100%; background-color: #ffa500; height: 33px;\"><span style=\"color: #ffffff;\"><strong>CONVALIDACIONS CFGS<\/strong><\/span><\/td>\n<\/tr>\n<tr style=\"height: 57px;\">\n<td style=\"width: 100%; height: 57px;\">\n<ul>\n<li><a href=\"https:\/\/agora.xtec.cat\/iesehtb\/convalidacions-cfgs-agencies-de-viatges-i-gestio-desdeveniments-2\/\" target=\"_blank\" rel=\"noopener\">Convalidaci\u00f3 de m\u00f2duls del CFGS d&#8217;Ag\u00e8ncies de Viatges i Gesti\u00f3 d&#8217;Esdeveniments<\/a><\/li>\n<\/ul>\n<\/td>\n<\/tr>\n<tr style=\"height: 57px;\">\n<td style=\"width: 100%; height: 57px;\">\n<ul>\n<li><a href=\"https:\/\/agora.xtec.cat\/iesehtb\/convalidacions-cfgs-de-gestio-dallotjaments-turistics\/\" target=\"_blank\" rel=\"noopener\">Convalidaci\u00f3 de m\u00f2duls del CFGS de Gesti\u00f3 d&#8217;Allotjaments Tur\u00edstics<\/a><\/li>\n<\/ul>\n<\/td>\n<\/tr>\n<tr style=\"height: 57px;\">\n<td style=\"width: 100%; height: 57px;\">\n<ul>\n<li><a href=\"https:\/\/agora.xtec.cat\/iesehtb\/convalidacions-cfgs-guia-informacio-i-assistencies-turistiques\/\" target=\"_blank\" rel=\"noopener\">Convalidaci\u00f3 de m\u00f2duls del CFGS de Guia, Informaci\u00f3 i Assist\u00e8ncies Tur\u00edstiques<\/a><\/li>\n<\/ul>\n<\/td>\n<\/tr>\n<tr>\n<td style=\"width: 100%;\">\n<ul>\n<li><a href=\"https:\/\/agora.xtec.cat\/iesehtb\/convalidacions-cfgs-de-direccio-de-cuina\/\" target=\"_blank\" rel=\"noopener\">Convalidaci\u00f3 de m\u00f2duls del CFGS de Direcci\u00f3 de Cuina<\/a><\/li>\n<\/ul>\n<\/td>\n<\/tr>\n<tr>\n<td style=\"width: 100%;\">\n<ul>\n<li><a href=\"https:\/\/agora.xtec.cat\/iesehtb\/convalidacions-cfgs-direccio-en-serveis-de-restauracio\/\" target=\"_blank\" rel=\"noopener\">Convalidaci\u00f3 de m\u00f2duls del CFGS de Direcci\u00f3 en Serveis de Restauraci\u00f3<\/a><\/li>\n<\/ul>\n<\/td>\n<\/tr>\n<\/tbody>\n<\/table>\n","protected":false},"excerpt":{"rendered":"","protected":false},"author":1,"featured_media":0,"parent":81,"menu_order":200,"comment_status":"closed","ping_status":"closed","template":"page-templates\/side-menu.php","meta":{"_bbp_topic_count":0,"_bbp_reply_count":0,"_bbp_total_topic_count":0,"_bbp_total_reply_count":0,"_bbp_voice_count":0,"_bbp_anonymous_reply_count":0,"_bbp_topic_count_hidden":0,"_bbp_reply_count_hidden":0,"_bbp_forum_subforum_count":0,"site-sidebar-layout":"default","site-content-layout":"","ast-site-content-layout":"","site-content-style":"default","site-sidebar-style":"default","ast-global-header-display":"","ast-banner-title-visibility":"","ast-main-header-display":"","ast-hfb-above-header-display":"","ast-hfb-below-header-display":"","ast-hfb-mobile-header-display":"","site-post-title":"","ast-breadcrumbs-content":"","ast-featured-img":"","footer-sml-layout":"","theme-transparent-header-meta":"","adv-header-id-meta":"","stick-header-meta":"","header-above-stick-meta":"","header-main-stick-meta":"","header-below-stick-meta":"","astra-migrate-meta-layouts":"default","ast-page-background-enabled":"default","ast-page-background-meta":{"desktop":{"background-color":"var(--ast-global-color-4)","background-image":"","background-repeat":"repeat","background-position":"center center","background-size":"auto","background-attachment":"scroll","background-type":"","background-media":"","overlay-type":"","overlay-color":"","overlay-opacity":"","overlay-gradient":""},"tablet":{"background-color":"","background-image":"","background-repeat":"repeat","background-position":"center center","background-size":"auto","background-attachment":"scroll","background-type":"","background-media":"","overlay-type":"","overlay-color":"","overlay-opacity":"","overlay-gradient":""},"mobile":{"background-color":"","background-image":"","background-repeat":"repeat","background-position":"center center","background-size":"auto","background-attachment":"scroll","background-type":"","background-media":"","overlay-type":"","overlay-color":"","overlay-opacity":"","overlay-gradient":""}},"ast-content-background-meta":{"desktop":{"background-color":"var(--ast-global-color-5)","background-image":"","background-repeat":"repeat","background-position":"center center","background-size":"auto","background-attachment":"scroll","background-type":"","background-media":"","overlay-type":"","overlay-color":"","overlay-opacity":"","overlay-gradient":""},"tablet":{"background-color":"var(--ast-global-color-5)","background-image":"","background-repeat":"repeat","background-position":"center center","background-size":"auto","background-attachment":"scroll","background-type":"","background-media":"","overlay-type":"","overlay-color":"","overlay-opacity":"","overlay-gradient":""},"mobile":{"background-color":"var(--ast-global-color-5)","background-image":"","background-repeat":"repeat","background-position":"center center","background-size":"auto","background-attachment":"scroll","background-type":"","background-media":"","overlay-type":"","overlay-color":"","overlay-opacity":"","overlay-gradient":""}},"footnotes":""},"class_list":["post-7667","page","type-page","status-publish","hentry"],"post_mailing_queue_ids":[],"_links":{"self":[{"href":"https:\/\/agora.xtec.cat\/iesehtb\/wp-json\/wp\/v2\/pages\/7667","targetHints":{"allow":["GET"]}}],"collection":[{"href":"https:\/\/agora.xtec.cat\/iesehtb\/wp-json\/wp\/v2\/pages"}],"about":[{"href":"https:\/\/agora.xtec.cat\/iesehtb\/wp-json\/wp\/v2\/types\/page"}],"author":[{"embeddable":true,"href":"https:\/\/agora.xtec.cat\/iesehtb\/wp-json\/wp\/v2\/users\/1"}],"replies":[{"embeddable":true,"href":"https:\/\/agora.xtec.cat\/iesehtb\/wp-json\/wp\/v2\/comments?post=7667"}],"version-history":[{"count":7,"href":"https:\/\/agora.xtec.cat\/iesehtb\/wp-json\/wp\/v2\/pages\/7667\/revisions"}],"predecessor-version":[{"id":10480,"href":"https:\/\/agora.xtec.cat\/iesehtb\/wp-json\/wp\/v2\/pages\/7667\/revisions\/10480"}],"up":[{"embeddable":true,"href":"https:\/\/agora.xtec.cat\/iesehtb\/wp-json\/wp\/v2\/pages\/81"}],"wp:attachment":[{"href":"https:\/\/agora.xtec.cat\/iesehtb\/wp-json\/wp\/v2\/media?parent=7667"}],"curies":[{"name":"wp","href":"https:\/\/api.w.org\/{rel}","templated":true}]}}