{"id":765,"date":"2015-02-12T14:37:08","date_gmt":"2015-02-12T13:37:08","guid":{"rendered":"http:\/\/agora.xtec.cat\/iesehtb\/?page_id=765"},"modified":"2026-03-26T11:01:25","modified_gmt":"2026-03-26T10:01:25","slug":"proces-i-documentacio-cfgm","status":"publish","type":"page","link":"https:\/\/agora.xtec.cat\/iesehtb\/secretaria\/preinscripcio-cfgm\/proces-i-documentacio-cfgm\/","title":{"rendered":"Proc\u00e9s i documentaci\u00f3 &#8211; CFGM"},"content":{"rendered":"<h4 class=\"FW_sEditPro\" style=\"text-align: justify;\"><span style=\"text-decoration: underline;\"><strong>Participants en el proc\u00e9s i requisits<\/strong><\/span><\/h4>\n<ul style=\"text-align: justify;\">\n<li>Cal que presentin la sol\u00b7licitud de preinscripci\u00f3 les persones que volen cursar un cicle formatiu de formaci\u00f3 professional de grau mitj\u00e0, encara que cursin altres ensenyaments al mateix centre.<\/li>\n<li>Per poder cursar cicles formatius de formaci\u00f3 professional de grau mitj\u00e0 cal complir els requisits acad\u00e8mics que estableix la normativa corresponent.<\/li>\n<\/ul>\n<h4 style=\"text-align: justify;\"><span style=\"text-decoration: underline;\"><strong>Presentaci\u00f3 de sol\u00b7licituds<\/strong><\/span><\/h4>\n<ul style=\"text-align: justify;\">\n<li><a href=\"http:\/\/agora.xtec.cat\/iesehtb\/wp-content\/uploads\/usu88\/2015\/02\/aspectes-a-tenir-en-compte.pdf\" target=\"_blank\" rel=\"noopener\">Aspectes importants a tenir en compte en emplenar la sol\u00b7licitud de preinscripci\u00f3<\/a><\/li>\n<li><a href=\"https:\/\/agora.xtec.cat\/iesehtb\/wp-content\/uploads\/usu88\/2022\/03\/Centres-de-CFGM.pdf\" target=\"_blank\" rel=\"noopener\">Relaci\u00f3 de Centre de les especialitats d&#8217;Hoteleria i Turisme<\/a><\/li>\n<li><a href=\"https:\/\/agora.xtec.cat\/iesehtb\/wp-content\/uploads\/usu88\/2021\/03\/codis-centre.pdf\" target=\"_blank\" rel=\"noopener\">Codis de Cicles per especialitats impartides a l&#8217;EHTB<\/a><\/li>\n<li>Nom\u00e9s es pot presentar <strong>una sol\u00b7licitud de preinscripci\u00f3 per persona<\/strong> per a cicles formatius de grau mitj\u00e0, on es poden indicar peticions d&#8217;admissi\u00f3 en diversos centres, cicles i torns, sempre ordenades per ordre de prefer\u00e8ncia. La presentaci\u00f3 de m\u00e9s d&#8217;una sol\u00b7licitud per tipus d&#8217;ensenyament comporta la invalidaci\u00f3 dels drets de prioritat que puguin correspondre.<\/li>\n<li>Nom\u00e9s es poden presentar sol\u00b7licituds per a cursos complets, llevat els alumnes que accedeixen per la via del certificat professional, que sol\u00b7liciten les places per a ells reservades.<\/li>\n<li>Si un cop finalitzat el proc\u00e9s d&#8217;assignaci\u00f3 encara resten vacants en un cr\u00e8dit o m\u00f2dul d&#8217;un cicle, el centre admetr\u00e0 la matr\u00edcula parcial en aquest cr\u00e8dit o m\u00f2dul, de les persones que compleixen les condicions d&#8217;acc\u00e9s al cicle corresponent.<\/li>\n<li>Si hi ha m\u00e9s sol\u00b7licitants de matr\u00edcula parcial que vacants, s&#8217;apliquen els criteris de prioritat.<\/li>\n<li><strong>La sol\u00b7licitud s&#8217;ha de presentar al registre electr\u00f2nic de la Generalitat mitjan\u00e7ant el formulari electr\u00f2nic<\/strong> disponible al <a href=\"https:\/\/preinscripcio.gencat.cat\/ca\/inici\/\">web de preinscripci\u00f3<\/a>, en el termini de presentaci\u00f3 de sol\u00b7licituds.<\/li>\n<li>Per poder utilitzar el formulari, el tutor\/a legal (si l&#8217;alumne\/a \u00e9s menor d&#8217;edat o no compleix els 18 anys durant l&#8217;any en qu\u00e8 es presenta la sol\u00b7licitud) o l&#8217;alumne\/a (major d&#8217;edat o que compleix els 18 anys durant aquest any) <strong>s&#8217;ha d&#8217;identificar mitjan\u00e7ant un certificat digital<\/strong>, com ara el DNI electr\u00f2nic o el sistema alternatiu d&#8217;identificaci\u00f3 IdCAT M\u00f2bil.<\/li>\n<li>Les persones que no puguin utilitzar la sol\u00b7licitud electr\u00f2nica esmentada, poden utilitzar el formulari en <strong>suport inform\u00e0tic<\/strong> disponible al <a href=\"https:\/\/preinscripcio.gencat.cat\/ca\/inici\/\">web de preinscripci\u00f3<\/a>. En aquest cas, cal adjuntar al formulari el document identificatiu escanejat o fotografiat de la persona que presenta la sol\u00b7licitud per acreditar la seva identitat.<\/li>\n<li>El tr\u00e0mit de presentaci\u00f3 de la sol\u00b7licitud s&#8217;acaba, en ambd\u00f3s casos, amb l&#8217;enviament del formulari on s&#8217;adjunta la documentaci\u00f3 acreditativa necess\u00e0ria i no se n&#8217;ha de presentar cap c\u00f2pia al centre. La presentaci\u00f3 de la sol\u00b7licitud es pot acreditar amb el resguard corresponent que es rep a l&#8217;adre\u00e7a electr\u00f2nica indicada a la sol\u00b7licitud, on consta la data i n\u00famero de registre d&#8217;entrada.<\/li>\n<li>Una vegada enviada la sol\u00b7licitud, en qualsevol dels dos formats, i durant el termini de presentaci\u00f3 de sol\u00b7licituds, es poden modificar les dades dels criteris de prioritat al\u00b7legats, aix\u00ed com els ensenyaments i centres sol\u00b7licitats, si cal. En aquest cas, les dades que es validen s\u00f3n les de la darrera modificaci\u00f3. Igualment, durant el per\u00edode de presentaci\u00f3 de documentaci\u00f3, es pot adjuntar la documentaci\u00f3 acreditativa que es consideri.<\/li>\n<li>En tot cas, per a la preinscripci\u00f3 a aquests ensenyaments, <strong>no s&#8217;accepten les sol\u00b7licituds que es presentin en paper<\/strong>.<\/li>\n<\/ul>\n<h4 style=\"text-align: justify;\"><span style=\"text-decoration: underline;\"><strong>Documentaci\u00f3 acreditativa, criteris de prioritat i barem que s&#8217;aplica<\/strong><\/span><\/h4>\n<p style=\"text-align: justify;\">La documentaci\u00f3 que calgui presentar <strong>s&#8217;ha d&#8217;adjuntar, escanejada o fotografiada, a la sol\u00b7licitud de preinscripci\u00f3<\/strong>, que ser\u00e0 accessible mitjan\u00e7ant un enlla\u00e7 al <a href=\"https:\/\/preinscripcio.gencat.cat\/ca\/inici\/\">web de preinscripci\u00f3<\/a>, durant el termini establer.<\/p>\n<h4 style=\"text-align: justify;\"><strong>a. \u00a0Documentaci\u00f3 identificativa<\/strong><\/h4>\n<p style=\"text-align: justify;\"><strong>Si s&#8217;ha presentat la sol\u00b7licitud mitjan\u00e7ant el formulari electr\u00f2nic i s&#8217;ha indicat el n\u00famero identificador de RALC de l&#8217;alumne\/a, no cal presentar cap documentaci\u00f3 identificativa<\/strong><\/p>\n<ul style=\"text-align: justify;\">\n<li>Si l&#8217;alumne\/a no t\u00e9 n\u00famero identificador del RALC, perqu\u00e8 no ha estat escolaritzat a Catalunya a partir del curs 2015-2016, cal adjuntar, en el cas que l&#8217;alumne sigui menor d&#8217;edat el <strong>certificat electr\u00f2nic de la inscripci\u00f3 de naixement o el llibre de fam\u00edlia o altres documents relatius a la filiaci\u00f3<\/strong> o, si est\u00e0 en situaci\u00f3 d&#8217;acolliment en fam\u00edlia o instituci\u00f3, la resoluci\u00f3 d&#8217;acolliment del Departament de Drets Socials i Inclusi\u00f3.<\/li>\n<li>Tamb\u00e9 cal adjuntar el <strong>document d&#8217;identitat de l&#8217;alumne\/a i\/o dels progenitors o tutor<\/strong>, si s&#8217;han identificat amb el passaport o el document d&#8217;identitat d&#8217;un pa\u00eds membre de la Uni\u00f3 Europea. Si s&#8217;han identificat amb el DNI o el NIE nom\u00e9s cal adjuntar-lo si no s&#8217;han pogut validar les dades per consulta interadministrativa i aix\u00ed ho indica el resguard de presentaci\u00f3 de la sol\u00b7licitud.<\/li>\n<li>Si l&#8217;alumne \u00e9s major d&#8217;edat nom\u00e9s cal aportar la documentaci\u00f3 acreditativa de la identitat de l&#8217;alumne\/a en els mateixos casos establerts en el par\u00e0graf anterior.<\/li>\n<\/ul>\n<p style=\"text-align: justify;\"><strong>Si s&#8217;ha presentat la sol\u00b7licitud mitjan\u00e7ant el formulari en suport inform\u00e0tic, cal adjuntar-hi la documentaci\u00f3 seg\u00fcent:<\/strong><\/p>\n<p style=\"text-align: justify;\"><span style=\"text-decoration: underline;\">Si l&#8217;alumne\/a \u00e9s major d&#8217;edat o compleix els 18 anys durant l&#8217;any en qu\u00e8 es presenta la sol\u00b7licitud:<\/span><\/p>\n<ul style=\"text-align: justify;\">\n<li><strong>El DNI, el NIE, el passaport o el document d&#8217;identitat d&#8217;un pa\u00eds membre de la Uni\u00f3 Europea<\/strong> de l&#8217;alumne\/a, a l&#8217;efecte de validar-ne la identitat.<\/li>\n<\/ul>\n<p style=\"text-align: justify;\"><span style=\"text-decoration: underline;\">Si l&#8217;alumne\/a \u00e9s menor d&#8217;edat i no fa els 18 anys durant l&#8217;any en qu\u00e8 es presenta la sol\u00b7licitud:<\/span><\/p>\n<ul style=\"text-align: justify;\">\n<li style=\"text-align: justify;\"><strong>El DNI, el NIE, el passaport o el document d&#8217;identitat d&#8217;un pa\u00eds membre de la Uni\u00f3 Europea<\/strong> de la persona sol\u00b7licitant (pare, mare o tutor\/a legal), a l&#8217;efecte de validar-ne la identitat.<\/li>\n<li style=\"text-align: justify;\"><strong>El document d&#8217;identitat de l&#8217;alumne\/a<\/strong> si s&#8217;ha identificat amb el passaport o el document d&#8217;identitat d&#8217;un pa\u00eds membre de la Uni\u00f3 Europea. Si s&#8217;ha identificat amb el DNI o el NIE nom\u00e9s cal adjuntar-lo si no s&#8217;han pogut validar les dades per consulta interadministrativa i aix\u00ed ho indica el resguard de presentaci\u00f3 de la sol\u00b7licitud.<\/li>\n<li style=\"text-align: justify;\">El certificat electr\u00f2nic de la inscripci\u00f3 de naixement o el llibre de fam\u00edlia o altres documents relatius a la filiaci\u00f3. Si est\u00e0 en situaci\u00f3 d&#8217;acolliment en fam\u00edlia o instituci\u00f3, la resoluci\u00f3 d&#8217;acolliment del Departament de Drets Socials i Inclusi\u00f3.<\/li>\n<\/ul>\n<h4 style=\"text-align: justify;\">b. Criteris espec\u00edfics de prioritat<\/h4>\n<ol style=\"list-style-type: lower-alpha; text-align: justify;\">\n<li><strong>Qualificaci\u00f3 mitjana dels estudis, del curs o del certificat professional<\/strong> que permeten l&#8217;acc\u00e9s a aquests cicles o qualificaci\u00f3 de la prova d&#8217;acc\u00e9s, tenint en compte el seg\u00fcent:<\/li>\n<li>Alumnes que <strong>han cursat l&#8217;ESO<\/strong> en un centre ordinari, es t\u00e9 en compte la qualificaci\u00f3 mitjana de tercer i quart d&#8217;ESO.<\/li>\n<li>Alumnes que <strong>han cursat l&#8217;ESO en un centre d&#8217;adults<\/strong>, es t\u00e9 en compte la qualificaci\u00f3 mitjana final de l&#8217;etapa.<\/li>\n<li>Alumnes que han obtingut el <strong>t\u00edtol de l&#8217;ESO mitjan\u00e7ant proves lliures<\/strong>, es t\u00e9 en compte la qualificaci\u00f3 de la<\/li>\n<li>Alumnes que han superat un <strong>Programa de Formaci\u00f3 i Inserci\u00f3<\/strong>, es t\u00e9 en compte la qualificaci\u00f3 mitjana del programa cursat, d&#8217;acord amb els requisits establerts.<\/li>\n<li>Alumnes que han finalitzat un <strong>cicle de formaci\u00f3 professional de grau b\u00e0sic<\/strong>, \u00e9s t\u00e9 en compte la qualificaci\u00f3 mitjana calculada com la mitjana aritm\u00e8tica dels \u00e0mbits, els m\u00f2duls professionals i el projecte.<\/li>\n<li>Alumnes que han aprovat la <strong>prova d&#8217;acc\u00e9s a cicles de formaci\u00f3 professional de grau mitj\u00e0<\/strong>, es t\u00e9 en compte la qualificaci\u00f3 de la prova.<\/li>\n<li>Alumnes que han superat el <strong>curs de formaci\u00f3 preparatori per a l&#8217;acc\u00e9s a cicles formatius de grau mitj\u00e0<\/strong> <strong>o el curs de formaci\u00f3 espec\u00edfic per a l&#8217;acc\u00e9s als cicles de grau mitj\u00e0<\/strong>,\u00a0 en ambd\u00f3s casos, la qualificaci\u00f3 final del Si l&#8217;alumne\/a encara cursa el curs de formaci\u00f3 espec\u00edfic per a l&#8217;acc\u00e9s als cicles de grau mitj\u00e0, la qualificaci\u00f3 mitjana l&#8217;ha de calcular el centre on l&#8217;est\u00e0 cursant.<\/li>\n<li>Alumnes que han obtingut el <strong>t\u00edtol de t\u00e8cnic o t\u00e8cnic superior de formaci\u00f3 profession<\/strong>al, es t\u00e9 en compte la qualificaci\u00f3 final del cicle mitj\u00e0 o cicle superior de formaci\u00f3 professional.<\/li>\n<li>Alumnes que aporten el <strong>certificat professional<\/strong>, es t\u00e9 en compte la qualificaci\u00f3 del certificat professional que aportin.<\/li>\n<\/ol>\n<p style=\"text-align: justify;\">Documentacio\u0301 acreditativa:<\/p>\n<ul style=\"text-align: justify;\">\n<li><strong>Certificat de la qualificaci\u00f3 mitjana al\u00b7legada dels estudis<\/strong>, el curs o el certificat professional que permeten l&#8217;acc\u00e9s a aquests cicles o de la qualificaci\u00f3 de la prova d&#8217;acc\u00e9s. En el cas d&#8217;al\u00b7legar com a requisit d&#8217;acc\u00e9s el certificat professional, caldr\u00e0 sempre acreditar-lo.<\/li>\n<li><strong>Si no s&#8217;acredita la qualificaci\u00f3 dins els terminis previstos, la sol\u00b7licitud no s&#8217;assigna<\/strong>.<\/li>\n<\/ul>\n<p style=\"text-align: justify;\">Especificacions que cal tenir en compte:<\/p>\n<ul style=\"text-align: justify;\">\n<li>Per al c\u00e0lcul de la qualificaci\u00f3 mitjana de tercer i quart d&#8217;ESO es t\u00e9 en compte la mitjana aritm\u00e8tica de les mat\u00e8ries\/assignatures d&#8217;ambd\u00f3s cursos de l&#8217;expedient acad\u00e8mic.<\/li>\n<li>Els alumnes que han <strong>finalitzat l&#8217;ESO a Catalunya en un centre ordinari de titularitat p\u00fablica a partir del curs 2017-2018,<\/strong> o que finalitzen l&#8217;ESO en aquests centres el curs 2025-2026, no han d&#8217;adjuntar cap certificat de la qualificaci\u00f3 mitjana de 3r i 4t d&#8217;ESO, ja que aquesta s&#8217;obt\u00e9 de les bases de dades del Departament d&#8217;Educaci\u00f3 i Formaci\u00f3 Professional i es mostra en la llista de sol\u00b7licituds de preinscripci\u00f3 al centre amb la puntuaci\u00f3 provisional. Si no s&#8217;ha pogut obtenir, cal adjuntar el certificat d&#8217;aquesta qualificaci\u00f3 mitjana abans de finalitzar el per\u00edode per presentar una reclamaci\u00f3 a la llista de sol\u00b7licituds de preinscripci\u00f3 al centre amb la puntuaci\u00f3 provisional.<\/li>\n<li>Els alumnes que <strong>han finalitzat l&#8217;ESO en centres de titularitat privada, a partir del curs 2021-2022<\/strong>, o que finalitzen l&#8217;ESO en aquests centres el curs 2025-2026, no han d&#8217;adjuntar cap certificat de la qualificaci\u00f3 mitjana de tercer i quart d&#8217;ESO, ja que aquesta s&#8217;obt\u00e9 de les bases de dades del Departament d&#8217;Educaci\u00f3 i Formaci\u00f3 Professional i es mostra en la llista de sol\u00b7licituds de preinscripci\u00f3 al centre amb la puntuaci\u00f3 provisional. Si no s&#8217;ha pogut obtenir, cal adjuntar el certificat d&#8217;aquesta qualificaci\u00f3 mitjana abans de finalitzar el per\u00edode per presentar una reclamaci\u00f3 a la llista de sol\u00b7licituds de preinscripci\u00f3 al centre amb la puntuaci\u00f3 provisional.<\/li>\n<li>En els <strong>casos diferents dels establerts en els dos par\u00e0grafs anteriors<\/strong>, cal adjuntar a la sol\u00b7licitud de preinscripci\u00f3 el certificat acad\u00e8mic de la qualificaci\u00f3 mitjana de tercer i quart d&#8217;ESO de l&#8217;expedient acad\u00e8mic calculada tal com s&#8217;indica a l&#8217;apartat sobre c\u00e0lcul de qualificacions del Document per a la gesti\u00f3 dels centres, i els documents per a l&#8217;organitzaci\u00f3 i la gesti\u00f3 dels centres publicats al web i intranet del Departament d&#8217;Educaci\u00f3 i Formaci\u00f3 Professional.<\/li>\n<li>En el cas que la <strong>prova d&#8217;acc\u00e9s<\/strong> s&#8217;hagi superat en convocat\u00f2ries d&#8217;aquestes proves de la Generalitat de Catalunya a partir de l&#8217;any 2011, no cal adjuntar el certificat de superaci\u00f3 de la prova. La qualificaci\u00f3 de la prova d&#8217;acc\u00e9s s&#8217;obt\u00e9 de l&#8217;aplicaci\u00f3 inform\u00e0tica de gesti\u00f3 de proves del Departament d&#8217;Educaci\u00f3 i Formaci\u00f3 Professional i es mostra en la llista de sol\u00b7licituds de preinscripci\u00f3 al centre amb la puntuaci\u00f3 provisional. Si no s&#8217;ha pogut obtenir, es pot adjuntar el certificat de la superaci\u00f3 de la prova fins al final del per\u00edode de reclamaci\u00f3 a la llista de sol\u00b7licituds de preinscripci\u00f3 al centre amb la puntuaci\u00f3 provisional.<\/li>\n<li>Els alumnes que han superat la <strong>prova d&#8217;acc\u00e9s a la universitat per a m\u00e9s grans de 25 anys<\/strong> en l&#8217;any actual han d&#8217;adjuntar la c\u00f2pia de la consulta dels resultats a trav\u00e9s del web corresponent. En el moment de la matr\u00edcula cal presentar al centre el certificat de superaci\u00f3 de la prova.<\/li>\n<li>Les persones exemptes de fer la prova d&#8217;acc\u00e9s perqu\u00e8 han superat les <strong>proves d&#8217;acc\u00e9s a la universitat per a m\u00e9s grans de 40 o 45 anys<\/strong>, han d&#8217;adjuntar el certificat de superaci\u00f3 d&#8217;aquesta prova.<\/li>\n<li>Si s&#8217;al\u00b7lega el <strong>curs d&#8217;orientaci\u00f3 universit\u00e0ria (COU) o el batxillerat unificat polivalent (BUP)<\/strong>: el centre on es van acabar els estudis ha de calcular la qualificaci\u00f3 mitjana.<\/li>\n<li>Si s&#8217;al\u00b7lega un t<strong>\u00edtol de t\u00e8cnic\/a auxiliar (FP1) o un t\u00edtol de t\u00e8cnic\/a especialista (FP2)<\/strong>: la qualificaci\u00f3 mitjana l&#8217;ha de calcular el centre on s&#8217;han acabat els estudis.<\/li>\n<li>En el cas dels alumnes que al\u00b7leguen un<strong> estudi estranger<\/strong>, no cal presentar cap certificat en el cas d&#8217;homologacions que s&#8217;hagin tramitat a Catalunya entre el 2016 i febrer del 2025, perqu\u00e8 la qualificaci\u00f3 s&#8217;obt\u00e9 de les bases de dades del Departament d&#8217;Educaci\u00f3 i Formaci\u00f3 Professional i es mostra en la llista de sol\u00b7licituds de preinscripci\u00f3 al centre amb la puntuaci\u00f3 provisional. Si no s&#8217;ha pogut obtenir, cal adjuntar la credencial o el certificat de la qualificaci\u00f3 abans de finalitzar el per\u00edode de reclamaci\u00f3 a la llista de sol\u00b7licituds de preinscripci\u00f3 al centre amb la puntuaci\u00f3 provisional.<\/li>\n<\/ul>\n<h4 style=\"text-align: justify;\"><span style=\"text-decoration: underline;\">Condici\u00f3 d&#8217;esportista d&#8217;alt rendiment o alt nivell<\/span><\/h4>\n<p style=\"text-align: justify;\">Documentacio\u0301 acreditativa:<\/p>\n<ul style=\"text-align: justify;\">\n<li><strong>C\u00f2pia del BOE<\/strong> on es publica aquesta condici\u00f3 de l&#8217;alumne\/a, i que en tot cas ha de tenir una antiguitat inferior als 5 anys (o 7 anys en el cas de medallistes ol\u00edmpics o paral\u00edmpics) o <strong>certificat del Consell Catal\u00e0 de l&#8217;Esport<\/strong> que acredita la condici\u00f3 d&#8217;esportista d&#8217;alt rendiment de l&#8217;alumne\/a, o altra documentaci\u00f3 acreditativa que la normativa en la mat\u00e8ria estableix.<\/li>\n<\/ul>\n<h4 style=\"text-align: justify;\"><span style=\"text-decoration: underline;\"><span style=\"font-family: inherit; font-size: 1em;\">Alumnat que opta a les places reservades per a alumnat amb discapacitat<\/span><\/span><\/h4>\n<p style=\"text-align: justify;\">Per poder optar a aquestes places, s&#8217;ha d&#8217;acreditar una discapacitat de grau igual o superior al 33 %.<\/p>\n<p style=\"text-align: justify;\">Documentacio\u0301 acreditativa:<\/p>\n<ul style=\"text-align: justify;\">\n<li>\n<p style=\"text-align: justify;\">Documentaci\u00f3 acreditativa: es consulten electr\u00f2nicament les dades del Departament de Drets Socials i Inclusi\u00f3. En el resguard de la sol\u00b7licitud s&#8217;informa si no s&#8217;han pogut obtenir. En aquest cas i quan l&#8217;organisme emissor \u00e9s d&#8217;una altra comunitat aut\u00f2noma, cal adjuntar la targeta acreditativa vigent de la discapacitat durant el per\u00edode de presentaci\u00f3 de documentaci\u00f3. En el cas que la tramitaci\u00f3 del reconeixement d&#8217;aquesta situaci\u00f3 no hagi finalitzat, es pot annexar un certificat de discapacitat, un informe m\u00e8dic espec\u00edfic de lesi\u00f3 o malaltia permanent, o un informe de l&#8217;EAP, que ser\u00e0 valorat per la direcci\u00f3 del centre i la comissi\u00f3 de garanties d&#8217;admissi\u00f3.<\/p>\n<\/li>\n<\/ul>\n<p style=\"text-align: justify;\"><a href=\"http:\/\/agora.xtec.cat\/iesehtb\/wp-content\/uploads\/usu88\/2015\/02\/equivalencies_eso.pdf\" target=\"_blank\" rel=\"noopener\">Equival\u00e8ncia d&#8217;estudis<\/a><\/p>\n","protected":false},"excerpt":{"rendered":"<p>Participants en el proc\u00e9s i requisits Cal que presentin la sol\u00b7licitud de preinscripci\u00f3 les persones que volen cursar un cicle formatiu de formaci\u00f3 professional de grau mitj\u00e0, encara que cursin altres ensenyaments al mateix centre. Per poder cursar cicles formatius de formaci\u00f3 professional de grau mitj\u00e0 cal complir els requisits acad\u00e8mics que estableix la normativa [&hellip;]<\/p>\n","protected":false},"author":1,"featured_media":0,"parent":735,"menu_order":10,"comment_status":"closed","ping_status":"closed","template":"","meta":{"_bbp_topic_count":0,"_bbp_reply_count":0,"_bbp_total_topic_count":0,"_bbp_total_reply_count":0,"_bbp_voice_count":0,"_bbp_anonymous_reply_count":0,"_bbp_topic_count_hidden":0,"_bbp_reply_count_hidden":0,"_bbp_forum_subforum_count":0,"site-sidebar-layout":"default","site-content-layout":"","ast-site-content-layout":"default","site-content-style":"default","site-sidebar-style":"default","ast-global-header-display":"","ast-banner-title-visibility":"","ast-main-header-display":"","ast-hfb-above-header-display":"","ast-hfb-below-header-display":"","ast-hfb-mobile-header-display":"","site-post-title":"","ast-breadcrumbs-content":"","ast-featured-img":"","footer-sml-layout":"","theme-transparent-header-meta":"default","adv-header-id-meta":"","stick-header-meta":"","header-above-stick-meta":"","header-main-stick-meta":"","header-below-stick-meta":"","astra-migrate-meta-layouts":"set","ast-page-background-enabled":"default","ast-page-background-meta":{"desktop":{"background-color":"var(--ast-global-color-4)","background-image":"","background-repeat":"repeat","background-position":"center center","background-size":"auto","background-attachment":"scroll","background-type":"","background-media":"","overlay-type":"","overlay-color":"","overlay-opacity":"","overlay-gradient":""},"tablet":{"background-color":"","background-image":"","background-repeat":"repeat","background-position":"center center","background-size":"auto","background-attachment":"scroll","background-type":"","background-media":"","overlay-type":"","overlay-color":"","overlay-opacity":"","overlay-gradient":""},"mobile":{"background-color":"","background-image":"","background-repeat":"repeat","background-position":"center center","background-size":"auto","background-attachment":"scroll","background-type":"","background-media":"","overlay-type":"","overlay-color":"","overlay-opacity":"","overlay-gradient":""}},"ast-content-background-meta":{"desktop":{"background-color":"var(--ast-global-color-5)","background-image":"","background-repeat":"repeat","background-position":"center center","background-size":"auto","background-attachment":"scroll","background-type":"","background-media":"","overlay-type":"","overlay-color":"","overlay-opacity":"","overlay-gradient":""},"tablet":{"background-color":"var(--ast-global-color-5)","background-image":"","background-repeat":"repeat","background-position":"center center","background-size":"auto","background-attachment":"scroll","background-type":"","background-media":"","overlay-type":"","overlay-color":"","overlay-opacity":"","overlay-gradient":""},"mobile":{"background-color":"var(--ast-global-color-5)","background-image":"","background-repeat":"repeat","background-position":"center center","background-size":"auto","background-attachment":"scroll","background-type":"","background-media":"","overlay-type":"","overlay-color":"","overlay-opacity":"","overlay-gradient":""}},"footnotes":""},"class_list":["post-765","page","type-page","status-publish","hentry"],"post_mailing_queue_ids":[],"_links":{"self":[{"href":"https:\/\/agora.xtec.cat\/iesehtb\/wp-json\/wp\/v2\/pages\/765","targetHints":{"allow":["GET"]}}],"collection":[{"href":"https:\/\/agora.xtec.cat\/iesehtb\/wp-json\/wp\/v2\/pages"}],"about":[{"href":"https:\/\/agora.xtec.cat\/iesehtb\/wp-json\/wp\/v2\/types\/page"}],"author":[{"embeddable":true,"href":"https:\/\/agora.xtec.cat\/iesehtb\/wp-json\/wp\/v2\/users\/1"}],"replies":[{"embeddable":true,"href":"https:\/\/agora.xtec.cat\/iesehtb\/wp-json\/wp\/v2\/comments?post=765"}],"version-history":[{"count":6,"href":"https:\/\/agora.xtec.cat\/iesehtb\/wp-json\/wp\/v2\/pages\/765\/revisions"}],"predecessor-version":[{"id":10829,"href":"https:\/\/agora.xtec.cat\/iesehtb\/wp-json\/wp\/v2\/pages\/765\/revisions\/10829"}],"up":[{"embeddable":true,"href":"https:\/\/agora.xtec.cat\/iesehtb\/wp-json\/wp\/v2\/pages\/735"}],"wp:attachment":[{"href":"https:\/\/agora.xtec.cat\/iesehtb\/wp-json\/wp\/v2\/media?parent=765"}],"curies":[{"name":"wp","href":"https:\/\/api.w.org\/{rel}","templated":true}]}}