{"id":7548,"date":"2022-04-26T10:25:32","date_gmt":"2022-04-26T08:25:32","guid":{"rendered":"https:\/\/agora.xtec.cat\/iesehtb\/?page_id=7548"},"modified":"2022-04-26T12:05:55","modified_gmt":"2022-04-26T10:05:55","slug":"requisits-i-quadre-dequivalencies-als-certificats-dacreditacio-de-catala","status":"publish","type":"page","link":"https:\/\/agora.xtec.cat\/iesehtb\/requisits-i-quadre-dequivalencies-als-certificats-dacreditacio-de-catala\/","title":{"rendered":"Requisits i quadre d&#8217;equival\u00e8ncies als certificats d&#8217;acreditaci\u00f3 de Catal\u00e0"},"content":{"rendered":"<h3>Requisits i quadre d&#8217;equival\u00e8ncies als certificats d&#8217;acreditaci\u00f3 de Catal\u00e0 B2 i C1<\/h3>\n<h4><strong>Requisits<\/strong><\/h4>\n<p style=\"text-align: justify;\">Acompleixen aquest requisit les persones nascudes a partir de l\u2019any 1972. Cal aportar en tots els casos:<\/p>\n<ul>\n<li style=\"text-align: justify;\">T\u00edtols (EGB, ESO, BATXILLERAT, BUP, FP-1, FP-2)<\/li>\n<li style=\"text-align: justify;\">Llibre d&#8217;escolaritat o certificat de no exempci\u00f3<\/li>\n<li style=\"text-align: justify;\">Certificat acreditatiu, expedit pel centre on va cursar els estudis, on consti que s\u2019hagi cursat i aprovat la mat\u00e8ria de la llengua catalana en la totalitat dels estudis esmentats<\/li>\n<li style=\"text-align: justify;\">Documents escanejats o fotografiats que s&#8217;hagin de presentar<\/li>\n<\/ul>\n<h4><strong>Quadre d\u2019equival\u00e8ncies<\/strong><\/h4>\n<table style=\"width: 87.9125%;\">\n<tbody>\n<tr>\n<td style=\"width: 185.889%; text-align: center;\" colspan=\"3\" width=\"570\"><strong>Nivell B2 (intermedi)<\/strong><strong>\u00a0<\/strong><\/td>\n<\/tr>\n<tr>\n<td style=\"width: 31.1847%; text-align: center;\" width=\"180\"><strong>T\u00edtol presentat<\/strong><\/td>\n<td style=\"width: 34.4948%; text-align: center;\" width=\"199\"><strong>Haver estudiat a Catalunya<\/strong><\/td>\n<td style=\"width: 120.209%; text-align: center;\" width=\"187\"><strong>Documents escanejats o fotografiats que cal aportar<\/strong><\/td>\n<\/tr>\n<tr>\n<td style=\"width: 31.1847%;\" width=\"180\">T\u00edtol de graduat escolar (EGB)<\/td>\n<td style=\"width: 34.4948%; text-align: justify;\" width=\"199\">Tota l\u2019EGB a Catalunya i cursat la mat\u00e8ria de la llengua catalana en la <strong>totalitat <\/strong>dels estudis esmentats a partir del curs 1978\/1979<\/td>\n<td style=\"width: 120.209%;\" width=\"187\">\n<ul>\n<li>DNI<\/li>\n<li>Llibre d&#8217;escolaritat o certificat de no exempci\u00f3<\/li>\n<li>T\u00edtol d&#8217;EGB<\/li>\n<\/ul>\n<\/td>\n<\/tr>\n<tr>\n<td style=\"width: 31.1847%;\" width=\"180\">T\u00edtol FP1<\/td>\n<td style=\"width: 34.4948%; text-align: justify;\" width=\"199\">Tota l\u2019EGB i l\u2019FP1 a Catalunya i cursat la mat\u00e8ria de la llengua catalana en la <strong>totalitat<\/strong> dels estudis esmentats a partir del curs 1978\/1979 (curs d\u2019inici d\u2019EGB)<\/td>\n<td style=\"width: 120.209%;\" width=\"187\">\n<ul>\n<li>DNI<\/li>\n<li>Llibre d&#8217;escolaritat d&#8217;EGB o certificat de no exempci\u00f3<\/li>\n<li>Certificat acad\u00e8mic d\u2019FP1 o certificat de no exempci\u00f3<\/li>\n<li>T\u00edtol d&#8217;EGB i FP1<\/li>\n<\/ul>\n<\/td>\n<\/tr>\n<\/tbody>\n<\/table>\n<p>&nbsp;<\/p>\n<table style=\"width: 88.0781%;\">\n<tbody>\n<tr>\n<td style=\"width: 185.673%; text-align: center;\" colspan=\"3\" width=\"570\"><strong>Nivell C1 (sufici\u00e8ncia)<\/strong><strong>\u00a0<\/strong><\/td>\n<\/tr>\n<tr>\n<td style=\"width: 31.7073%; text-align: center;\" width=\"183\"><strong>T\u00edtol presentat<\/strong><\/td>\n<td style=\"width: 34.3206%; text-align: center;\" width=\"198\"><strong>Haver estudiat a Catalunya<\/strong><\/td>\n<td style=\"width: 119.645%; text-align: center;\" width=\"185\"><strong>Documents escanejats o fotografiats que cal aportar<\/strong><\/td>\n<\/tr>\n<tr>\n<td style=\"width: 31.7073%;\" width=\"183\">T\u00edtol BUP<\/td>\n<td style=\"width: 34.3206%; text-align: justify;\" width=\"198\">Sempre que s&#8217;hagi cursat tota l&#8217;EGB i el BUP a Catalunya i s&#8217;hagi cursat de manera oficial la mat\u00e8ria de llengua catalana <strong>en la totalitat dels estudis<\/strong> esmentats a partir del curs 1978-1979.<\/td>\n<td style=\"width: 119.645%;\" width=\"185\">\n<ul>\n<li>DNI<\/li>\n<li>Llibre d&#8217;EGB o certificat de no exempci\u00f3<\/li>\n<li>Llibre de BUP o certificat de de no exempci\u00f3<\/li>\n<li>T\u00edtol EGB i BUP<\/li>\n<\/ul>\n<\/td>\n<\/tr>\n<tr>\n<td style=\"width: 31.7073%;\" width=\"183\">T\u00edtol FP2<\/td>\n<td style=\"width: 34.3206%; text-align: justify;\" width=\"198\">Sempre que s&#8217;hagi cursat tota l&#8217;EGB, l&#8217;FP1 i l&#8217;FP2 a Catalunya i s&#8217;hagi cursat de manera oficial la mat\u00e8ria de llengua catalana <strong>en la totalitat dels estudis<\/strong> esmentats a partir del curs 1978-1979.<\/td>\n<td style=\"width: 119.645%;\" width=\"185\">\n<ul>\n<li>DNI<\/li>\n<li>Llibre d&#8217;EGB o certificat de no exempci\u00f3<\/li>\n<li>Certificat acad\u00e8mic oficial d\u2019FP1 i FP2 o certificat de no exempci\u00f3<\/li>\n<li>T\u00edtol EGB, FP1 i FP2<\/li>\n<\/ul>\n<\/td>\n<\/tr>\n<tr>\n<td style=\"width: 31.7073%;\" width=\"183\">T\u00edtol BATXILLERAT (LOGSE)<\/td>\n<td style=\"width: 34.3206%; text-align: justify;\" width=\"198\">Sempre que s&#8217;hagin cursat a Catalunya tres cursos qualsevol de prim\u00e0ria i cinc cursos qualsevol entre l&#8217;ESO i el batxillerat i s&#8217;hagi cursat la mat\u00e8ria de llengua catalana en <strong>la totalitat dels estudis<\/strong> m\u00ednims esmentats.<\/td>\n<td style=\"width: 119.645%;\" width=\"185\">\n<ul>\n<li>DNI<\/li>\n<li>Llibre de prim\u00e0ria o cettificat de no exempci\u00f3<\/li>\n<li>Llibre d&#8217;ESO i de Batxillerat o certificat de no exempci\u00f3<\/li>\n<li>T\u00edtol ESO i Batxillerat<\/li>\n<\/ul>\n<\/td>\n<\/tr>\n<tr>\n<td style=\"width: 31.7073%;\" width=\"183\">T\u00edtol ESO<\/td>\n<td style=\"width: 34.3206%; text-align: justify;\" width=\"198\">Sempre que s&#8217;hagin cursat a Catalunya almenys tres cursos qualsevol de prim\u00e0ria i tota l&#8217;ESO, i s&#8217;hagi cursat i aprovat la mat\u00e8ria de llengua catalana en <strong>la <\/strong><strong>totalitat<\/strong> <strong>dels estudis<\/strong> m\u00ednims esmentats. El requisit d&#8217;acreditaci\u00f3 d&#8217;haver aprovat la mat\u00e8ria de llengua catalana \u00e9s d&#8217;aplicaci\u00f3 als t\u00edtols de graduaci\u00f3 en educaci\u00f3 secund\u00e0ria obtinguts a partir del curs 2007-2008.<\/td>\n<td style=\"width: 119.645%;\" width=\"185\">\n<ul>\n<li>DNI<\/li>\n<li>Llibre de prim\u00e0ria i d&#8217;ESO o certificat de no exempci\u00f3<\/li>\n<li>T\u00edtol ESO<\/li>\n<\/ul>\n<\/td>\n<\/tr>\n<\/tbody>\n<\/table>\n<p style=\"text-align: justify;\">En el cas que no disposeu dels llibres d\u2019escolaritat, la persona interessada haur\u00e0 d\u2019adre\u00e7ar-se a la secretaria del centre on va cursar els seus estudis per demanar el llibre o el certificat equivalent.<\/p>\n<p style=\"text-align: justify;\">Per m\u00e9s informaci\u00f3 consulteu l\u2019<a href=\"http:\/\/tinyurl.com\/ordre-vcp-491-2009\">Ordre VCP\/491\/2009<\/a> modificada per l&#8217;<a href=\"https:\/\/dogc.gencat.cat\/ca\/pdogc_canals_interns\/pdogc_resultats_fitxa\/?documentId=519344&amp;language=ca_ES&amp;action=fitxa\">Ordre VCP\/233\/2010<\/a>, de 12 d&#8217;abril de 2010 (DOGC n\u00fam. 5610, de 19\/04\/2010.<\/p>\n<p style=\"text-align: justify;\">Aquelles persones que no acompleixin els requisits detallats a la graella segons la seva petici\u00f3 s\u2019han d\u2019adre\u00e7ar a:<\/p>\n<p style=\"text-align: justify;\"><em>Departament d\u2019Ensenyament<br \/>\nVia Augusta, 202-226 | Barcelona<br \/>\nTel\u00e8fon: 934 006 900 <\/em><\/p>\n<h5 style=\"text-align: justify;\"><span style=\"color: #ff0000;\"><strong>Durant els mesos de maig, juny, juliol i setembre el temps de resoluci\u00f3 de la sol\u00b7licitud pot ser m\u00e9s llarg degut al proc\u00e9s de preinscripci\u00f3 i matr\u00edcula del proper curs.<\/strong><\/span><\/h5>\n<p>&nbsp;<\/p>\n","protected":false},"excerpt":{"rendered":"<p>Requisits i quadre d&#8217;equival\u00e8ncies als certificats d&#8217;acreditaci\u00f3 de Catal\u00e0 B2 i C1 Requisits Acompleixen aquest requisit les persones nascudes a partir de l\u2019any 1972. Cal aportar en tots els casos: T\u00edtols (EGB, ESO, BATXILLERAT, BUP, FP-1, FP-2) Llibre d&#8217;escolaritat o certificat de no exempci\u00f3 Certificat acreditatiu, expedit pel centre on va cursar els estudis, on [&hellip;]<\/p>\n","protected":false},"author":1,"featured_media":0,"parent":0,"menu_order":0,"comment_status":"closed","ping_status":"closed","template":"","meta":{"_bbp_topic_count":0,"_bbp_reply_count":0,"_bbp_total_topic_count":0,"_bbp_total_reply_count":0,"_bbp_voice_count":0,"_bbp_anonymous_reply_count":0,"_bbp_topic_count_hidden":0,"_bbp_reply_count_hidden":0,"_bbp_forum_subforum_count":0,"site-sidebar-layout":"default","site-content-layout":"","ast-site-content-layout":"","site-content-style":"default","site-sidebar-style":"default","ast-global-header-display":"","ast-banner-title-visibility":"","ast-main-header-display":"","ast-hfb-above-header-display":"","ast-hfb-below-header-display":"","ast-hfb-mobile-header-display":"","site-post-title":"","ast-breadcrumbs-content":"","ast-featured-img":"","footer-sml-layout":"","theme-transparent-header-meta":"","adv-header-id-meta":"","stick-header-meta":"","header-above-stick-meta":"","header-main-stick-meta":"","header-below-stick-meta":"","astra-migrate-meta-layouts":"default","ast-page-background-enabled":"default","ast-page-background-meta":{"desktop":{"background-color":"var(--ast-global-color-4)","background-image":"","background-repeat":"repeat","background-position":"center center","background-size":"auto","background-attachment":"scroll","background-type":"","background-media":"","overlay-type":"","overlay-color":"","overlay-opacity":"","overlay-gradient":""},"tablet":{"background-color":"","background-image":"","background-repeat":"repeat","background-position":"center center","background-size":"auto","background-attachment":"scroll","background-type":"","background-media":"","overlay-type":"","overlay-color":"","overlay-opacity":"","overlay-gradient":""},"mobile":{"background-color":"","background-image":"","background-repeat":"repeat","background-position":"center center","background-size":"auto","background-attachment":"scroll","background-type":"","background-media":"","overlay-type":"","overlay-color":"","overlay-opacity":"","overlay-gradient":""}},"ast-content-background-meta":{"desktop":{"background-color":"var(--ast-global-color-5)","background-image":"","background-repeat":"repeat","background-position":"center center","background-size":"auto","background-attachment":"scroll","background-type":"","background-media":"","overlay-type":"","overlay-color":"","overlay-opacity":"","overlay-gradient":""},"tablet":{"background-color":"var(--ast-global-color-5)","background-image":"","background-repeat":"repeat","background-position":"center center","background-size":"auto","background-attachment":"scroll","background-type":"","background-media":"","overlay-type":"","overlay-color":"","overlay-opacity":"","overlay-gradient":""},"mobile":{"background-color":"var(--ast-global-color-5)","background-image":"","background-repeat":"repeat","background-position":"center center","background-size":"auto","background-attachment":"scroll","background-type":"","background-media":"","overlay-type":"","overlay-color":"","overlay-opacity":"","overlay-gradient":""}},"footnotes":""},"class_list":["post-7548","page","type-page","status-publish","hentry"],"post_mailing_queue_ids":[],"_links":{"self":[{"href":"https:\/\/agora.xtec.cat\/iesehtb\/wp-json\/wp\/v2\/pages\/7548","targetHints":{"allow":["GET"]}}],"collection":[{"href":"https:\/\/agora.xtec.cat\/iesehtb\/wp-json\/wp\/v2\/pages"}],"about":[{"href":"https:\/\/agora.xtec.cat\/iesehtb\/wp-json\/wp\/v2\/types\/page"}],"author":[{"embeddable":true,"href":"https:\/\/agora.xtec.cat\/iesehtb\/wp-json\/wp\/v2\/users\/1"}],"replies":[{"embeddable":true,"href":"https:\/\/agora.xtec.cat\/iesehtb\/wp-json\/wp\/v2\/comments?post=7548"}],"version-history":[{"count":3,"href":"https:\/\/agora.xtec.cat\/iesehtb\/wp-json\/wp\/v2\/pages\/7548\/revisions"}],"predecessor-version":[{"id":7561,"href":"https:\/\/agora.xtec.cat\/iesehtb\/wp-json\/wp\/v2\/pages\/7548\/revisions\/7561"}],"wp:attachment":[{"href":"https:\/\/agora.xtec.cat\/iesehtb\/wp-json\/wp\/v2\/media?parent=7548"}],"curies":[{"name":"wp","href":"https:\/\/api.w.org\/{rel}","templated":true}]}}