{"id":7517,"date":"2022-04-08T10:07:16","date_gmt":"2022-04-08T08:07:16","guid":{"rendered":"https:\/\/agora.xtec.cat\/iesehtb\/?page_id=7517"},"modified":"2026-02-03T11:07:12","modified_gmt":"2026-02-03T10:07:12","slug":"certificats-i-titols","status":"publish","type":"page","link":"https:\/\/agora.xtec.cat\/iesehtb\/secretaria\/certificats-i-titols\/","title":{"rendered":"Certificats i T\u00edtols"},"content":{"rendered":"<table style=\"width: 84.3117%; height: 798px;\">\n<tbody>\n<tr style=\"height: 206px;\">\n<td style=\"width: 173.72%; height: 206px; background-color: #952f57;\" colspan=\"2\" width=\"576\">\n<h1 style=\"text-align: center;\"><span style=\"color: #ffffff;\">Tramitaci\u00f3 per sol\u00b7licitar t\u00edtols i certificats d&#8217;estudis realitzats en l&#8217;INS Escola d&#8217;Hoteleria i Turisme de Barcelona o en les seves escoles adscrites<\/span><\/h1>\n<\/td>\n<\/tr>\n<tr style=\"height: 112px;\">\n<td style=\"height: 112px; width: 173.72%;\" colspan=\"2\" width=\"576\">\n<ul>\n<li>\n<h5>NO es tramitar\u00e0 certificats durant els per\u00edodes vacacionals del <a href=\"https:\/\/agora.xtec.cat\/iesehtb\/linstitut\/calendari-del-curs\/\" target=\"_blank\" rel=\"noopener\">calendari escolar<\/a>.<\/h5>\n<\/li>\n<li>\n<h5>La Secretaria no tramita t\u00edtols i certificats d&#8217;altres escoles que no siguin de INS Escola d&#8217;Hoteleria i Turisme de Barcelona, l&#8217;IES Meridiana o les seves escoles adscrites.<\/h5>\n<\/li>\n<\/ul>\n<\/td>\n<\/tr>\n<tr>\n<td style=\"width: 173.72%; background-color: #952f57;\" colspan=\"2\">\n<h2><span style=\"color: #ffffff;\">Informaci\u00f3<\/span><\/h2>\n<\/td>\n<\/tr>\n<tr>\n<td style=\"width: 173.72%;\" colspan=\"2\">\n<ul>\n<li>Els t\u00edtols tenen\u00a0 associades taxes<\/li>\n<li><span class=\"link-external\"><a class=\"external-link\" title=\"\" href=\"http:\/\/ensenyament.gencat.cat\/ca\/departament\/normativa\/taxes-preus-publics\/taxes\/\" target=\"_self\" rel=\"noopener\">Taxes per l&#8217;expedici\u00f3 de t\u00edtols acad\u00e8mics (Cicles i Batxillerat LOGSE\/LOE)<\/a><\/span>\n<ul>\n<li><span class=\"link-external\"><a class=\"external-link\" title=\"\" href=\"http:\/\/ensenyament.gencat.cat\/ca\/departament\/normativa\/taxes-preus-publics\/exempcions-bonificacions\/\" target=\"_self\" rel=\"noopener\">Exempcions i bonificacions generals<\/a><\/span><\/li>\n<li>Taxes per FPI, FPII, Mestratge i Oficialia: determinades pel MEC<\/li>\n<\/ul>\n<\/li>\n<li>Els certificats no tenen cost.<\/li>\n<\/ul>\n<\/td>\n<\/tr>\n<tr style=\"height: 259px;\">\n<td style=\"width: 20.6913%; height: 259px; text-align: center;\" width=\"111\"><strong>PAS 1<\/strong><\/p>\n<p>Sol\u00b7licitar<\/td>\n<td style=\"width: 153.029%; height: 259px;\" width=\"465\">\n<ul>\n<li><span class=\"external-link\"><span class=\"link-external\"><a href=\"https:\/\/docs.google.com\/forms\/d\/1QOBS3_d2H_-F_VNfJWpWQj506N-4ZJ2qCcCqobovhDI\/preview\" target=\"_blank\" rel=\"noopener\"><strong>Presentaci\u00f3 del formulari de sol\u00b7licitud de certificats d&#8217;estudis<\/strong>\u00a0<\/a><\/span><\/span>\n<ul>\n<li>Presteu atenci\u00f3 abans d&#8217;enviar el formulari i verifiqueu que les dades siguin correctes i que h\u00e0giu annexat la documentaci\u00f3 requerida.<\/li>\n<li>Eviteu les duplicitats. Presenteu la vostra petici\u00f3 en una \u00fanica sol\u00b7licitud.<\/li>\n<li>Envieu un correu electr\u00f2nic a l&#8217;adre\u00e7a <a href=\"mailto:a8044934@xtec.cat\">a8044934@xtec.cat<\/a> notificant la vostra sol\u00b7licitud<\/li>\n<li>Aquesta queda registrada, pendent de la seva tramitaci\u00f3.<\/li>\n<\/ul>\n<\/li>\n<li><span class=\"external-link\"><span class=\"link-external\"><strong><strong>Presentaci\u00f3 de<\/strong><\/strong><strong><strong> sol\u00b7licitud de t\u00edtol: <\/strong><\/strong>S<\/span><\/span>eran els propis alumnes qui sol\u00b7licitaran el seu t\u00edtol a trav\u00e9s del tr\u00e0mit espec\u00edfic:<br \/>\n<a href=\"https:\/\/web.gencat.cat\/ca\/tramits\/tramits-temes\/titols-academics-no-universitaris?category=742b7874-a82c-11e3-a972-000c29052e2c\" target=\"_blank\" rel=\"noopener\">https:\/\/web.gencat.cat\/ca\/tramits\/tramits-temes\/titols-academics-no-universitaris?category=742b7874-a82c-11e3-a972-000c29052e2c<\/a><\/p>\n<ul>\n<li>Un cop sol\u00b7licitat el t\u00edtol, envieu un correu electr\u00f2nic a l&#8217;adre\u00e7a <a href=\"mailto:a8044934@xtec.cat\">a8044934@xtec.cat<\/a> notificant la vostra sol\u00b7licitud<\/li>\n<\/ul>\n<\/li>\n<\/ul>\n<\/td>\n<\/tr>\n<tr style=\"height: 97px;\">\n<td style=\"width: 20.6913%; height: 97px; text-align: center;\" width=\"111\"><strong>PAS 2<br \/>\n<\/strong>Rebre resposta<\/td>\n<td style=\"width: 153.029%; height: 97px;\" width=\"465\">\n<ul>\n<li>En el cas de certificats rebreu la resposta per correu electr\u00f2nic.<\/li>\n<li>En relaci\u00f3 al t\u00edtols el personal de Secretaria us contactar\u00e0 per informar-vos dels passos a seguir.<\/li>\n<\/ul>\n<\/td>\n<\/tr>\n<\/tbody>\n<\/table>\n","protected":false},"excerpt":{"rendered":"<p>Tramitaci\u00f3 per sol\u00b7licitar t\u00edtols i certificats d&#8217;estudis realitzats en l&#8217;INS Escola d&#8217;Hoteleria i Turisme de Barcelona o en les seves escoles adscrites NO es tramitar\u00e0 certificats durant els per\u00edodes vacacionals del calendari escolar. La Secretaria no tramita t\u00edtols i certificats d&#8217;altres escoles que no siguin de INS Escola d&#8217;Hoteleria i Turisme de Barcelona, l&#8217;IES Meridiana [&hellip;]<\/p>\n","protected":false},"author":1,"featured_media":0,"parent":81,"menu_order":100,"comment_status":"closed","ping_status":"closed","template":"page-templates\/side-menu.php","meta":{"_bbp_topic_count":0,"_bbp_reply_count":0,"_bbp_total_topic_count":0,"_bbp_total_reply_count":0,"_bbp_voice_count":0,"_bbp_anonymous_reply_count":0,"_bbp_topic_count_hidden":0,"_bbp_reply_count_hidden":0,"_bbp_forum_subforum_count":0,"site-sidebar-layout":"default","site-content-layout":"","ast-site-content-layout":"","site-content-style":"default","site-sidebar-style":"default","ast-global-header-display":"","ast-banner-title-visibility":"","ast-main-header-display":"","ast-hfb-above-header-display":"","ast-hfb-below-header-display":"","ast-hfb-mobile-header-display":"","site-post-title":"","ast-breadcrumbs-content":"","ast-featured-img":"","footer-sml-layout":"","theme-transparent-header-meta":"","adv-header-id-meta":"","stick-header-meta":"","header-above-stick-meta":"","header-main-stick-meta":"","header-below-stick-meta":"","astra-migrate-meta-layouts":"default","ast-page-background-enabled":"default","ast-page-background-meta":{"desktop":{"background-color":"var(--ast-global-color-4)","background-image":"","background-repeat":"repeat","background-position":"center center","background-size":"auto","background-attachment":"scroll","background-type":"","background-media":"","overlay-type":"","overlay-color":"","overlay-opacity":"","overlay-gradient":""},"tablet":{"background-color":"","background-image":"","background-repeat":"repeat","background-position":"center center","background-size":"auto","background-attachment":"scroll","background-type":"","background-media":"","overlay-type":"","overlay-color":"","overlay-opacity":"","overlay-gradient":""},"mobile":{"background-color":"","background-image":"","background-repeat":"repeat","background-position":"center center","background-size":"auto","background-attachment":"scroll","background-type":"","background-media":"","overlay-type":"","overlay-color":"","overlay-opacity":"","overlay-gradient":""}},"ast-content-background-meta":{"desktop":{"background-color":"var(--ast-global-color-5)","background-image":"","background-repeat":"repeat","background-position":"center center","background-size":"auto","background-attachment":"scroll","background-type":"","background-media":"","overlay-type":"","overlay-color":"","overlay-opacity":"","overlay-gradient":""},"tablet":{"background-color":"var(--ast-global-color-5)","background-image":"","background-repeat":"repeat","background-position":"center center","background-size":"auto","background-attachment":"scroll","background-type":"","background-media":"","overlay-type":"","overlay-color":"","overlay-opacity":"","overlay-gradient":""},"mobile":{"background-color":"var(--ast-global-color-5)","background-image":"","background-repeat":"repeat","background-position":"center center","background-size":"auto","background-attachment":"scroll","background-type":"","background-media":"","overlay-type":"","overlay-color":"","overlay-opacity":"","overlay-gradient":""}},"footnotes":""},"class_list":["post-7517","page","type-page","status-publish","hentry"],"post_mailing_queue_ids":[],"_links":{"self":[{"href":"https:\/\/agora.xtec.cat\/iesehtb\/wp-json\/wp\/v2\/pages\/7517","targetHints":{"allow":["GET"]}}],"collection":[{"href":"https:\/\/agora.xtec.cat\/iesehtb\/wp-json\/wp\/v2\/pages"}],"about":[{"href":"https:\/\/agora.xtec.cat\/iesehtb\/wp-json\/wp\/v2\/types\/page"}],"author":[{"embeddable":true,"href":"https:\/\/agora.xtec.cat\/iesehtb\/wp-json\/wp\/v2\/users\/1"}],"replies":[{"embeddable":true,"href":"https:\/\/agora.xtec.cat\/iesehtb\/wp-json\/wp\/v2\/comments?post=7517"}],"version-history":[{"count":6,"href":"https:\/\/agora.xtec.cat\/iesehtb\/wp-json\/wp\/v2\/pages\/7517\/revisions"}],"predecessor-version":[{"id":10603,"href":"https:\/\/agora.xtec.cat\/iesehtb\/wp-json\/wp\/v2\/pages\/7517\/revisions\/10603"}],"up":[{"embeddable":true,"href":"https:\/\/agora.xtec.cat\/iesehtb\/wp-json\/wp\/v2\/pages\/81"}],"wp:attachment":[{"href":"https:\/\/agora.xtec.cat\/iesehtb\/wp-json\/wp\/v2\/media?parent=7517"}],"curies":[{"name":"wp","href":"https:\/\/api.w.org\/{rel}","templated":true}]}}