{"id":7510,"date":"2022-04-07T12:11:58","date_gmt":"2022-04-07T10:11:58","guid":{"rendered":"https:\/\/agora.xtec.cat\/iesehtb\/?page_id=7510"},"modified":"2023-12-04T09:08:57","modified_gmt":"2023-12-04T08:08:57","slug":"formulari","status":"publish","type":"page","link":"https:\/\/agora.xtec.cat\/iesehtb\/secretaria\/formulari\/","title":{"rendered":"Reconeixement dels nivells B2 i C1 de catal\u00e0"},"content":{"rendered":"<table style=\"width: 80.3668%; height: 912px;\">\n<tbody>\n<tr style=\"height: 152px;\">\n<td style=\"width: 165.529%; background-color: #952f57; height: 152px;\" colspan=\"2\" width=\"576\">\n<h1 style=\"text-align: center;\"><span style=\"color: #ffffff;\">Reconeixement dels nivells B2 i C1 de catal\u00e0 per escolaritat reglada no universit\u00e0ria<\/span><\/h1>\n<\/td>\n<\/tr>\n<tr style=\"height: 150px;\">\n<td style=\"width: 165.529%; height: 150px;\" colspan=\"2\" width=\"576\">\n<ul>\n<li>\n<h3 style=\"text-align: justify;\"><strong>Podeu realitzar aquest tr\u00e0mit <u>a qualsevol centre p\u00fablic de secund\u00e0ria de Catalunya<\/u><\/strong><\/h3>\n<\/li>\n<li>\n<h3 style=\"text-align: justify;\"><span style=\"text-decoration: underline;\"><strong><em><a style=\"color: #ff9900; text-decoration: underline;\" href=\"http:\/\/mapaescolar.gencat.cat\/\" target=\"_blank\" rel=\"noopener\">Mapa escolar de Catalunya<\/a><\/em><\/strong><\/span> per cercar l&#8217;institut o institut escola m\u00e9s a prop de la vostra ubicaci\u00f3.<\/h3>\n<\/li>\n<\/ul>\n<\/td>\n<\/tr>\n<tr style=\"height: 102px;\">\n<td style=\"width: 165.529%; height: 102px;\" colspan=\"2\" width=\"576\">\n<ul>\n<li style=\"text-align: justify;\">NO es tramitar\u00e0 certificats durant els per\u00edodes vacacionals del <a href=\"https:\/\/agora.xtec.cat\/iesehtb\/linstitut\/calendari-del-curs\/\" target=\"_blank\" rel=\"noopener\">calendari escolar<\/a>.<\/li>\n<li style=\"text-align: justify;\">Les persones que hagin obtingut la seva titulaci\u00f3 en un institut (o institut escola) podran presentar, en qualsevol centre p\u00fablic de secund\u00e0ria de Catalunya, la seva sol\u00b7licitud aportant la documentaci\u00f3 requerida.<\/li>\n<\/ul>\n<\/td>\n<\/tr>\n<tr style=\"height: 259px;\">\n<td style=\"width: 18.942%; text-align: center; height: 259px;\" width=\"111\"><strong>PAS 1<\/strong><\/p>\n<p>Sol\u00b7licitar<\/td>\n<td style=\"width: 146.587%; text-align: justify; height: 259px;\" width=\"465\">\n<ul>\n<li><a href=\"https:\/\/documents.espai.educacio.gencat.cat\/FormularisModels\/CentresGestioAdministrativa\/A816.pdf\"><strong>Sol\u00b7licitud de reconeixement de l\u2019equival\u00e8ncia del nivell B2\/C1 de llengua catalana per l\u2019escolaritat reglada no universit\u00e0ria<\/strong><\/a><\/li>\n<li>Les persones que hagin obtingut la seva titulaci\u00f3 en un institut (o institut escola) podran presentar la seva sol\u00b7licitud en qualsevol centre aportant la documentaci\u00f3 requerida.<\/li>\n<li>Les persones que hagin obtingut la seva titulaci\u00f3 en un centre de formaci\u00f3 d&#8217;adults, hauran de presentar la seva sol\u00b7licitud al centre de formaci\u00f3 d&#8217;adults que correspongui aportant la documentaci\u00f3 requerida.<\/li>\n<li>Les persones que hagin obtingut la seva titulaci\u00f3 a l&#8217;Institut Obert de Catalunya (IOC) hauran de tramitar la seva sol\u00b7licitud a l&#8217;IOC aportant la documentaci\u00f3 requerida.<\/li>\n<li>Per als casos que no es corresponguin amb els sup\u00f2sits esmentats, les persones interessades es podran dirigir al <a href=\"http:\/\/sac.gencat.cat\/sacgencat\/AppJava\/organisme_fitxa.jsp?codi=1599\"><strong>Departament d&#8217;Educaci\u00f3<\/strong><\/a> per tramitar la seva sol\u00b7licitud.<\/li>\n<\/ul>\n<\/td>\n<\/tr>\n<tr style=\"height: 147px;\">\n<td style=\"width: 18.942%; text-align: center; height: 147px;\" width=\"111\"><strong>PAS 2<\/strong><\/p>\n<p>Presentar la documentaci\u00f3<\/td>\n<td style=\"width: 146.587%; text-align: justify; height: 147px;\" width=\"465\">\n<ul>\n<li><strong>Presentaci\u00f3 del formulari de sol\u00b7licitud certificat de <\/strong><strong>catal\u00e0 en persona. <span style=\"color: #ff0000;\">NO S&#8217;admetr\u00e0 cap sol\u00b7licitud telem\u00e0tica<\/span>.<\/strong><\/li>\n<li>Recordeu que heu d&#8217;aportar original i fotoc\u00f2pies de la documentaci\u00f3 justificativa requerida.<\/li>\n<li>La tramitaci\u00f3 del certificat no t\u00e9 cap cost econ\u00f2mic.<\/li>\n<\/ul>\n<\/td>\n<\/tr>\n<tr style=\"height: 102px;\">\n<td style=\"width: 18.942%; text-align: center; height: 102px;\" width=\"111\"><strong>PAS 3<\/strong><\/p>\n<p>Rebre resposta<\/td>\n<td style=\"width: 146.587%; text-align: justify; height: 102px;\" width=\"465\">\n<ul>\n<li>Secretaria contactar\u00e0 amb tu quan estigui tramitada la sol\u00b7licitud i preparat el certificat.<\/li>\n<li>Un cop realitzat, i en el moment de la recollida, la persona sol\u00b7licitant s&#8217;haur\u00e0 d&#8217;identificar amb el DNI o NIE.<\/li>\n<\/ul>\n<\/td>\n<\/tr>\n<\/tbody>\n<\/table>\n","protected":false},"excerpt":{"rendered":"<p>Reconeixement dels nivells B2 i C1 de catal\u00e0 per escolaritat reglada no universit\u00e0ria Podeu realitzar aquest tr\u00e0mit a qualsevol centre p\u00fablic de secund\u00e0ria de Catalunya Mapa escolar de Catalunya per cercar l&#8217;institut o institut escola m\u00e9s a prop de la vostra ubicaci\u00f3. NO es tramitar\u00e0 certificats durant els per\u00edodes vacacionals del calendari escolar. Les persones [&hellip;]<\/p>\n","protected":false},"author":1,"featured_media":0,"parent":81,"menu_order":110,"comment_status":"closed","ping_status":"closed","template":"page-templates\/side-menu.php","meta":{"_bbp_topic_count":0,"_bbp_reply_count":0,"_bbp_total_topic_count":0,"_bbp_total_reply_count":0,"_bbp_voice_count":0,"_bbp_anonymous_reply_count":0,"_bbp_topic_count_hidden":0,"_bbp_reply_count_hidden":0,"_bbp_forum_subforum_count":0,"site-sidebar-layout":"default","site-content-layout":"","ast-site-content-layout":"","site-content-style":"default","site-sidebar-style":"default","ast-global-header-display":"","ast-banner-title-visibility":"","ast-main-header-display":"","ast-hfb-above-header-display":"","ast-hfb-below-header-display":"","ast-hfb-mobile-header-display":"","site-post-title":"","ast-breadcrumbs-content":"","ast-featured-img":"","footer-sml-layout":"","theme-transparent-header-meta":"","adv-header-id-meta":"","stick-header-meta":"","header-above-stick-meta":"","header-main-stick-meta":"","header-below-stick-meta":"","astra-migrate-meta-layouts":"default","ast-page-background-enabled":"default","ast-page-background-meta":{"desktop":{"background-color":"var(--ast-global-color-4)","background-image":"","background-repeat":"repeat","background-position":"center center","background-size":"auto","background-attachment":"scroll","background-type":"","background-media":"","overlay-type":"","overlay-color":"","overlay-opacity":"","overlay-gradient":""},"tablet":{"background-color":"","background-image":"","background-repeat":"repeat","background-position":"center center","background-size":"auto","background-attachment":"scroll","background-type":"","background-media":"","overlay-type":"","overlay-color":"","overlay-opacity":"","overlay-gradient":""},"mobile":{"background-color":"","background-image":"","background-repeat":"repeat","background-position":"center center","background-size":"auto","background-attachment":"scroll","background-type":"","background-media":"","overlay-type":"","overlay-color":"","overlay-opacity":"","overlay-gradient":""}},"ast-content-background-meta":{"desktop":{"background-color":"var(--ast-global-color-5)","background-image":"","background-repeat":"repeat","background-position":"center center","background-size":"auto","background-attachment":"scroll","background-type":"","background-media":"","overlay-type":"","overlay-color":"","overlay-opacity":"","overlay-gradient":""},"tablet":{"background-color":"var(--ast-global-color-5)","background-image":"","background-repeat":"repeat","background-position":"center center","background-size":"auto","background-attachment":"scroll","background-type":"","background-media":"","overlay-type":"","overlay-color":"","overlay-opacity":"","overlay-gradient":""},"mobile":{"background-color":"var(--ast-global-color-5)","background-image":"","background-repeat":"repeat","background-position":"center center","background-size":"auto","background-attachment":"scroll","background-type":"","background-media":"","overlay-type":"","overlay-color":"","overlay-opacity":"","overlay-gradient":""}},"footnotes":""},"class_list":["post-7510","page","type-page","status-publish","hentry"],"post_mailing_queue_ids":[],"_links":{"self":[{"href":"https:\/\/agora.xtec.cat\/iesehtb\/wp-json\/wp\/v2\/pages\/7510","targetHints":{"allow":["GET"]}}],"collection":[{"href":"https:\/\/agora.xtec.cat\/iesehtb\/wp-json\/wp\/v2\/pages"}],"about":[{"href":"https:\/\/agora.xtec.cat\/iesehtb\/wp-json\/wp\/v2\/types\/page"}],"author":[{"embeddable":true,"href":"https:\/\/agora.xtec.cat\/iesehtb\/wp-json\/wp\/v2\/users\/1"}],"replies":[{"embeddable":true,"href":"https:\/\/agora.xtec.cat\/iesehtb\/wp-json\/wp\/v2\/comments?post=7510"}],"version-history":[{"count":6,"href":"https:\/\/agora.xtec.cat\/iesehtb\/wp-json\/wp\/v2\/pages\/7510\/revisions"}],"predecessor-version":[{"id":9211,"href":"https:\/\/agora.xtec.cat\/iesehtb\/wp-json\/wp\/v2\/pages\/7510\/revisions\/9211"}],"up":[{"embeddable":true,"href":"https:\/\/agora.xtec.cat\/iesehtb\/wp-json\/wp\/v2\/pages\/81"}],"wp:attachment":[{"href":"https:\/\/agora.xtec.cat\/iesehtb\/wp-json\/wp\/v2\/media?parent=7510"}],"curies":[{"name":"wp","href":"https:\/\/api.w.org\/{rel}","templated":true}]}}